{"id":16359,"date":"2016-02-19T14:14:44","date_gmt":"2016-02-19T13:14:44","guid":{"rendered":"https:\/\/www.harzer-wandernadel.de\/stamp-point-150-grosser-knollen\/"},"modified":"2025-11-07T14:54:42","modified_gmt":"2025-11-07T13:54:42","slug":"stamp-point-150-grosser-knollen","status":"publish","type":"page","link":"https:\/\/www.harzer-wandernadel.de\/en\/stamping-points\/overview-map\/stamp-point-150-grosser-knollen\/","title":{"rendered":"Stamp point 150 \/ Gro\u00dfer Knollen"},"content":{"rendered":"\n<h2 class=\"wp-block-heading\">At 687&nbsp;m&nbsp;above sea level, the former volcano \u201cGro\u00dfer Knollen\u201d is one of the highest elevations in the southern Harz.&nbsp;<\/h2>\n\n<div class=\"wp-block-stackable-image alignwide stk-block-image stk-block stk-89e1006\" data-block-id=\"89e1006\"><style>.stk-89e1006 {margin-top:3% !important;margin-bottom:3% !important;}<\/style><figure><span class=\"stk-img-wrapper stk-image--shape-stretch stk--has-lightbox\"><img decoding=\"async\" width=\"960\" height=\"528\" src=\"https:\/\/www.harzer-wandernadel.de\/wp-content\/uploads\/2016\/02\/HWN-Gro\u00dfer-Knollen-Grabau.jpg\" class=\"attachment-full size-full wp-post-image\" alt=\"Stone observation tower next to hiking hut in the countryside\" srcset=\"https:\/\/www.harzer-wandernadel.de\/wp-content\/uploads\/2016\/02\/HWN-Gro\u00dfer-Knollen-Grabau.jpg 960w, https:\/\/www.harzer-wandernadel.de\/wp-content\/uploads\/2016\/02\/HWN-Gro\u00dfer-Knollen-Grabau-300x165.jpg 300w, https:\/\/www.harzer-wandernadel.de\/wp-content\/uploads\/2016\/02\/HWN-Gro\u00dfer-Knollen-Grabau-768x422.jpg 768w, https:\/\/www.harzer-wandernadel.de\/wp-content\/uploads\/2016\/02\/HWN-Gro\u00dfer-Knollen-Grabau-250x138.jpg 250w, https:\/\/www.harzer-wandernadel.de\/wp-content\/uploads\/2016\/02\/HWN-Gro\u00dfer-Knollen-Grabau-624x343.jpg 624w\" sizes=\"(max-width: 960px) 100vw, 960px\"><\/span><\/figure><\/div>\n\n<p>As ear\u00adly as 1890, an approx. 8&nbsp;m high wood\u00aden obser\u00adva\u00adtion tow\u00ader was built on the sum\u00admit. After sev\u00ader\u00adal acci\u00addents and dam\u00adage caused by light\u00adning, the mem\u00adbers of the Bad Lauter\u00adberg branch of the Harzk\u00adlub decid\u00aded to build a&nbsp;new stone look\u00adout tow\u00ader, which was inau\u00adgu\u00adrat\u00aded in August 1904.<br>Even before the Sec\u00adond World War, there is said to have been a&nbsp;restau\u00adrant at the look\u00adout tow\u00ader. From 1949, the \u201cKnol\u00adlerich\u201d \u2014 as the first Bau\u00adden land\u00adlord Fritz Goer\u00adicke was known for his jokes \u2014 took over the man\u00adage\u00adment and rebuilt the Baude. In 1961, the tow\u00ader was raised to 20&nbsp;meters. In good weath\u00ader, hik\u00aders can enjoy a&nbsp;mag\u00adnif\u00adi\u00adcent view as far as the Weser Uplands and the Thuringian Forest.&nbsp;<\/p>\n\n<div class=\"wp-block-buttons is-layout-flex wp-block-buttons-is-layout-flex\">\n<div class=\"wp-block-button\"><a class=\"wp-block-button__link wp-element-button\" href=\"http:\/\/www.grosserknollen.de\/\">Large tuber  <\/a><\/div>\n<\/div>\n\n<p>Ein guter Aus\u00adgangspunkt von&nbsp;ist der Wan\u00adder\u00adpark\u00adplatz in der Lut\u00adter\u00adstra\u00dfe am Ort\u00adsrand von Bad Lauter\u00adberg. Vom Lut\u00adter\u00adtal aus wan\u00addert man \u00fcber beschilderte Wege zum Gro\u00dfen Knollen und gelangt auf dem R\u00fcck\u00adweg \u00fcber das <a href=\"https:\/\/www.harzer-wandernadel.de\/stempelstellen\/uebersichtskarte\/stempelstelle-152-knollenkreuz\/\" data-type=\"page\" data-id=\"1181\">Knol\u00adlenkreuz HWN 152<\/a> zum Aus\u00adgangspunkt zur\u00fcck.<\/p>\n\n<div class=\"wp-block-buttons is-layout-flex wp-block-buttons-is-layout-flex\">\n<div class=\"wp-block-button\"><a class=\"wp-block-button__link wp-element-button\" href=\"http:\/\/harzer-bergwald.de\/index.php\/wandertouren\/abenteuertouren\/37-steigungen-im-westharz\">Tour tip Harz moun\u00adtain forest<\/a><\/div>\n<\/div>\n","protected":false},"excerpt":{"rendered":"<p>At 687&nbsp;m&nbsp;above sea lev\u00adel, the for\u00admer vol\u00adcano \u201cGro\u00dfer Knollen\u201d is one of the high\u00adest ele\u00adva\u00adtions in the south\u00adern Harz.&nbsp; As ear\u00adly as 1890, an approx. 8&nbsp;m&nbsp;high wood\u00aden obser\u00adva\u00adtion tow\u00ader was built on the sum\u00admit. After sev\u00ader\u00adal acci\u00addents and dam\u00adage caused by light\u00adning, the mem\u00adbers of the Bad Lauter\u00adberg branch of the Harzk\u00adlub decid\u00aded&nbsp;to&nbsp;[\u2026]<\/p>\n","protected":false},"author":11,"featured_media":12657,"parent":16744,"menu_order":10150,"comment_status":"closed","ping_status":"closed","template":"","meta":{"_seopress_robots_primary_cat":"","_seopress_titles_title":"","_seopress_titles_desc":"","_seopress_robots_index":"","wp_typography_post_enhancements_disabled":false,"iawp_total_views":2,"footnotes":""},"hf_cat_page":[120],"class_list":["post-16359","page","type-page","status-publish","has-post-thumbnail"],"blocksy_meta":[],"_links":{"self":[{"href":"https:\/\/www.harzer-wandernadel.de\/en\/wp-json\/wp\/v2\/pages\/16359","targetHints":{"allow":["GET"]}}],"collection":[{"href":"https:\/\/www.harzer-wandernadel.de\/en\/wp-json\/wp\/v2\/pages"}],"about":[{"href":"https:\/\/www.harzer-wandernadel.de\/en\/wp-json\/wp\/v2\/types\/page"}],"author":[{"embeddable":true,"href":"https:\/\/www.harzer-wandernadel.de\/en\/wp-json\/wp\/v2\/users\/11"}],"replies":[{"embeddable":true,"href":"https:\/\/www.harzer-wandernadel.de\/en\/wp-json\/wp\/v2\/comments?post=16359"}],"version-history":[{"count":3,"href":"https:\/\/www.harzer-wandernadel.de\/en\/wp-json\/wp\/v2\/pages\/16359\/revisions"}],"predecessor-version":[{"id":17522,"href":"https:\/\/www.harzer-wandernadel.de\/en\/wp-json\/wp\/v2\/pages\/16359\/revisions\/17522"}],"up":[{"embeddable":true,"href":"https:\/\/www.harzer-wandernadel.de\/en\/wp-json\/wp\/v2\/pages\/16744"}],"wp:featuredmedia":[{"embeddable":true,"href":"https:\/\/www.harzer-wandernadel.de\/en\/wp-json\/wp\/v2\/media\/12657"}],"wp:attachment":[{"href":"https:\/\/www.harzer-wandernadel.de\/en\/wp-json\/wp\/v2\/media?parent=16359"}],"wp:term":[{"taxonomy":"hf_cat_page","embeddable":true,"href":"https:\/\/www.harzer-wandernadel.de\/en\/wp-json\/wp\/v2\/hf_cat_page?post=16359"}],"curies":[{"name":"wp","href":"https:\/\/api.w.org\/{rel}","templated":true}]}}