{"id":20204,"date":"2016-02-19T15:12:41","date_gmt":"2016-02-19T14:12:41","guid":{"rendered":"https:\/\/www.harzer-wandernadel.de\/stempelcentre\/oversigtskort\/stempelpunkt-174-hohnehof\/"},"modified":"2026-01-29T15:01:29","modified_gmt":"2026-01-29T14:01:29","slug":"stempelpunkt-174-hohnehof","status":"publish","type":"page","link":"https:\/\/www.harzer-wandernadel.de\/da\/stempelcentre\/oversigtskort\/stempelpunkt-174-hohnehof\/","title":{"rendered":"Stempelpunkt 174 \/ Hohnehof"},"content":{"rendered":"\n<h2 class=\"wp-block-heading\">Naturoplevelsescentret \u201eHohneHof\u201c ligger ca. 1&nbsp;km fra jernbanestationen Drei Annen Hohne over de store skovenge i&nbsp;udkanten af nationalparken.<\/h2>\n\n<div class=\"wp-block-stackable-image alignwide stk-block-image stk-block stk-89e1006\" data-block-id=\"89e1006\"><style>.stk-89e1006 {margin-top:3% !important;margin-bottom:3% !important;}<\/style><figure><span class=\"stk-img-wrapper stk-image--shape-stretch stk--has-lightbox\"><img decoding=\"async\" width=\"3456\" height=\"2304\" src=\"https:\/\/www.harzer-wandernadel.de\/wp-content\/uploads\/2016\/02\/HWN-Hohnehof-Langlott.jpg\" class=\"attachment-full size-full wp-post-image\" alt=\"Tr\u00e6hus med r\u00f8dt tag og g\u00e5rdsplads\" srcset=\"https:\/\/www.harzer-wandernadel.de\/wp-content\/uploads\/2016\/02\/HWN-Hohnehof-Langlott.jpg 3456w, https:\/\/www.harzer-wandernadel.de\/wp-content\/uploads\/2016\/02\/HWN-Hohnehof-Langlott-300x200.jpg 300w, https:\/\/www.harzer-wandernadel.de\/wp-content\/uploads\/2016\/02\/HWN-Hohnehof-Langlott-768x512.jpg 768w, https:\/\/www.harzer-wandernadel.de\/wp-content\/uploads\/2016\/02\/HWN-Hohnehof-Langlott-1024x683.jpg 1024w, https:\/\/www.harzer-wandernadel.de\/wp-content\/uploads\/2016\/02\/HWN-Hohnehof-Langlott-250x167.jpg 250w, https:\/\/www.harzer-wandernadel.de\/wp-content\/uploads\/2016\/02\/HWN-Hohnehof-Langlott-624x416.jpg 624w\" sizes=\"(max-width: 3456px) 100vw, 3456px\"><\/span><\/figure><\/div>\n\n<p>Alle\u00adre\u00adde i&nbsp;det 17. \u00e5rhund\u00adre\u00adde blev de man\u00adge lys\u00adnin\u00adger og sko\u00adven\u00adge i&nbsp;Hoh\u00adne-omr\u00e5\u00addet brugt som gr\u00e6s\u00adnings\u00ada\u00adre\u00ada\u00adler, og grev Hein\u00adrich Ernst zu Stol\u00adberg lod i&nbsp;1668 byg\u00adge et sim\u00adpelt l\u00e6s\u00adkur til sine hyrder.<\/p>\n\n<p>I sep\u00adtem\u00adber 1805 bes\u00f8g\u00adte baron Joseph von Eichen\u00addor\u00adff p\u00e5 en van\u00addre\u00adtur \u201eGre\u00adven af Stol\u00adbergs Mey\u00ader\u00adhof\u201c, som den\u00adgang blev betrag\u00adtet som et hvi\u00adle\u00adsted for Bloksbjerg-pilgrimme.<\/p>\n\n<p>Det f\u00f8r\u00adste sko\u00adv\u00adbrugs\u00adkon\u00adtor blev opret\u00adtet i&nbsp;mid\u00adten af det 19. \u00e5rhund\u00adre\u00adde og for\u00adblev hoved\u00adkvar\u00adter for Hoh\u00adne distrikts sko\u00adv\u00adbrugs\u00adkon\u00adtor ind\u00adtil 2004. Efter over\u00addra\u00adgel\u00adsen til Natio\u00adnal\u00adpark Harz kun\u00adne man begyn\u00adde ombyg\u00adnin\u00adgen til natu\u00adro\u00adp\u00adle\u00advel\u00adses\u00adcen\u00adtret Hoh\u00adne\u00adHof, som blev offi\u00adci\u00adelt \u00e5bnet i&nbsp;2011.&nbsp;<\/p>\n\n<p>Hoh\u00adne\u00adHof ser sig selv som et bin\u00adde\u00adled og en for\u00admid\u00adler mel\u00adlem kul\u00adtur\u00adland\u00adskab og vild\u00admark. Her byg\u00adges bro\u00ader mel\u00adlem mod\u00ads\u00e6t\u00adnin\u00adger \u2013 mel\u00adlem sagn, myter, histo\u00adri\u00adske livs\u00adfor\u00admer og brug p\u00e5 den ene side og natur\u00adlig dyna\u00admik, bio\u00addi\u00adver\u00adsi\u00adtet og vild\u00admark p\u00e5 den anden&nbsp;side.&nbsp;<\/p>\n\n<p>Natio\u00adnal\u00adpark\u00adbe\u00adtjen\u00adte\u00adne infor\u00adme\u00adrer om natio\u00adnal\u00adpar\u00adkens s\u00e6r\u00adli\u00adge ken\u00adde\u00adtegn og til\u00adby\u00adder ogs\u00e5 even\u00adtyr\u00adli\u00adge van\u00addre\u00adtu\u00adre gen\u00adnem den \u201elegen\u00adda\u00adri\u00adske bjerg\u00advild\u00admark\u201c. <a href=\"http:\/\/www.nationalpark-harz.de\/de\/natur-erleben\/natur-erlebnispfade\/loewenzahn-entdeckerpfad\/\" target=\"_blank\" rel=\"noopener\">M\u00e6l\u00adkeb\u00f8t\u00adte\u00ado\u00adp\u00adda\u00adgel\u00adses\u00adstien<\/a> er s\u00e6r\u00adlig popu\u00adl\u00e6r blandt de yng\u00adste bes\u00f8\u00adgen\u00adde. <span class=\"Apple-converted-space\"> <\/span>i&nbsp;umid\u00addel\u00adbar n\u00e6r\u00adhed af Hoh\u00adne\u00adHof. P\u00e5 den\u00adne hands-on-sti kan du udfor\u00adske natu\u00adren ale\u00adne eller sam\u00admen med vores ran\u00adge\u00adre p\u00e5 otte stationer.&nbsp;<\/p>\n\n<p>Vores bes\u00f8gscaf\u00e9 byder p\u00e5 et lil\u00adle udvalg af mad og drik\u00adke og ind\u00adby\u00adder til afslap\u00adning og for\u00adfrisk\u00adnin\u00adger i&nbsp;en hyg\u00adge\u00adlig atmos\u00adf\u00e6\u00adre, mens b\u00f8r\u00adne\u00adne tager p\u00e5 even\u00adtyr i&nbsp;den sto\u00adre&nbsp;park.<\/p>\n\n<div class=\"wp-block-buttons is-layout-flex wp-block-buttons-is-layout-flex\">\n<div class=\"wp-block-button\"><a class=\"wp-block-button__link wp-element-button\" href=\"https:\/\/www.nationalpark-harz.de\/\" target=\"_blank\" rel=\"noreferrer noopener\">Natio\u00adnal\u00adpark<\/a><\/div>\n<\/div>\n\n<p>Der er man\u00adge popu\u00adl\u00e6\u00adre van\u00addre\u00addesti\u00adna\u00adtio\u00adner omkring Hoh\u00adne\u00adHof. Afh\u00e6n\u00adgigt af din kon\u00addi\u00adtion kan du v\u00e6l\u00adge l\u00e6n\u00adge\u00adre eller kor\u00adte\u00adre cir\u00adku\u00adl\u00e6\u00adre ruter, f.eks. <a href=\"https:\/\/www.harzer-wandernadel.de\/da\/stempelcentre\/oversigtskort\/frimaerkepunkt-15-leistenklippe\/\" data-type=\"page\" data-id=\"523\">Lei\u00adstenklip\u00adpe HWN 15<\/a> eller <a href=\"https:\/\/www.harzer-wandernadel.de\/da\/stempelcentre\/oversigtskort\/frimaerkepunkt-27-ottofelsen\/\" data-type=\"page\" data-id=\"591\">Otto\u00adfel\u00adsen HWN 27<\/a>. <\/p>\n\n<p>Fra van\u00addrer\u00adpar\u00adke\u00adrin\u00adgen i&nbsp;Drei Anne Hoh\u00adne f\u00f8l\u00adger du Kasta\u00adni\u00ade\u00adnal\u00adlee p\u00e5 den mod\u00adsat\u00adte side af vej\u00aden til HohneHof.<\/p>\n","protected":false},"excerpt":{"rendered":"<p>Natu\u00adro\u00adp\u00adle\u00advel\u00adses\u00adcen\u00adtret \u201eHoh\u00adne\u00adHof\u201c lig\u00adger ca. 1&nbsp;km fra jer\u00adn\u00adba\u00adne\u00adsta\u00adtio\u00adnen Drei Annen Hoh\u00adne over de sto\u00adre sko\u00adven\u00adge i&nbsp;udkan\u00adten af natio\u00adnal\u00adpar\u00adken. Alle\u00adre\u00adde i&nbsp;det 17. \u00e5rhund\u00adre\u00adde blev de man\u00adge lys\u00adnin\u00adger og sko\u00adven\u00adge i&nbsp;Hoh\u00ad\u00adne-omr\u00e5\u00ad\u00addet brugt som gr\u00e6s\u00adnings\u00ada\u00adre\u00ada\u00adler, og grev Hein\u00adrich Ernst zu Stol\u00adberg lod i&nbsp;1668 byg\u00adge et sim\u00adpelt l\u00e6s\u00adkur til sine hyr\u00adder. I&nbsp;sep\u00adtem\u00adber 1805 bes\u00f8g\u00adte baron Joseph von Eichen\u00addor\u00adff&nbsp;p\u00e5&nbsp;[\u2026]<\/p>\n","protected":false},"author":11,"featured_media":12460,"parent":17792,"menu_order":10174,"comment_status":"closed","ping_status":"closed","template":"","meta":{"_seopress_robots_primary_cat":"","_seopress_titles_title":"","_seopress_titles_desc":"","_seopress_robots_index":"","wp_typography_post_enhancements_disabled":false,"iawp_total_views":0,"footnotes":""},"hf_cat_page":[120],"class_list":["post-20204","page","type-page","status-publish","has-post-thumbnail"],"blocksy_meta":[],"_links":{"self":[{"href":"https:\/\/www.harzer-wandernadel.de\/da\/wp-json\/wp\/v2\/pages\/20204","targetHints":{"allow":["GET"]}}],"collection":[{"href":"https:\/\/www.harzer-wandernadel.de\/da\/wp-json\/wp\/v2\/pages"}],"about":[{"href":"https:\/\/www.harzer-wandernadel.de\/da\/wp-json\/wp\/v2\/types\/page"}],"author":[{"embeddable":true,"href":"https:\/\/www.harzer-wandernadel.de\/da\/wp-json\/wp\/v2\/users\/11"}],"replies":[{"embeddable":true,"href":"https:\/\/www.harzer-wandernadel.de\/da\/wp-json\/wp\/v2\/comments?post=20204"}],"version-history":[{"count":1,"href":"https:\/\/www.harzer-wandernadel.de\/da\/wp-json\/wp\/v2\/pages\/20204\/revisions"}],"predecessor-version":[{"id":20205,"href":"https:\/\/www.harzer-wandernadel.de\/da\/wp-json\/wp\/v2\/pages\/20204\/revisions\/20205"}],"up":[{"embeddable":true,"href":"https:\/\/www.harzer-wandernadel.de\/da\/wp-json\/wp\/v2\/pages\/17792"}],"wp:featuredmedia":[{"embeddable":true,"href":"https:\/\/www.harzer-wandernadel.de\/da\/wp-json\/wp\/v2\/media\/12460"}],"wp:attachment":[{"href":"https:\/\/www.harzer-wandernadel.de\/da\/wp-json\/wp\/v2\/media?parent=20204"}],"wp:term":[{"taxonomy":"hf_cat_page","embeddable":true,"href":"https:\/\/www.harzer-wandernadel.de\/da\/wp-json\/wp\/v2\/hf_cat_page?post=20204"}],"curies":[{"name":"wp","href":"https:\/\/api.w.org\/{rel}","templated":true}]}}