{"id":20176,"date":"2016-02-19T14:22:18","date_gmt":"2016-02-19T13:22:18","guid":{"rendered":"https:\/\/www.harzer-wandernadel.de\/stempelcentre\/oversigtskort\/stempelpunkt-153-goedeckenplatz\/"},"modified":"2026-01-29T14:59:51","modified_gmt":"2026-01-29T13:59:51","slug":"stempelpunkt-153-goedeckenplatz","status":"publish","type":"page","link":"https:\/\/www.harzer-wandernadel.de\/da\/stempelcentre\/oversigtskort\/stempelpunkt-153-goedeckenplatz\/","title":{"rendered":"Stempelpunkt 153 \/ Goedeckenplatz"},"content":{"rendered":"\n<h2 class=\"wp-block-heading\">Goedeckenplatz er et vejkryds halvvejs mellem St. Andreasberg og Gro\u00dfer Knollen, under Koboldstaler K\u00f6pfe (591&nbsp;meter over havets overflade).<\/h2>\n\n<div class=\"wp-block-stackable-image alignwide stk-block-image stk-block stk-89e1006\" data-block-id=\"89e1006\"><style>.stk-89e1006 {margin-top:3% !important;margin-bottom:3% !important;}<\/style><figure><span class=\"stk-img-wrapper stk-image--shape-stretch stk--has-lightbox\"><img decoding=\"async\" width=\"2048\" height=\"1536\" src=\"https:\/\/www.harzer-wandernadel.de\/wp-content\/uploads\/2016\/02\/HWN-153-Goeddeckenplatz-Schuder.jpg\" class=\"attachment-full size-full wp-post-image\" alt=\"Gr\u00fcne W\u00e4lder und H\u00fcgel im Th\u00fcringer Wald\" srcset=\"https:\/\/www.harzer-wandernadel.de\/wp-content\/uploads\/2016\/02\/HWN-153-Goeddeckenplatz-Schuder.jpg 2048w, https:\/\/www.harzer-wandernadel.de\/wp-content\/uploads\/2016\/02\/HWN-153-Goeddeckenplatz-Schuder-300x225.jpg 300w, https:\/\/www.harzer-wandernadel.de\/wp-content\/uploads\/2016\/02\/HWN-153-Goeddeckenplatz-Schuder-768x576.jpg 768w, https:\/\/www.harzer-wandernadel.de\/wp-content\/uploads\/2016\/02\/HWN-153-Goeddeckenplatz-Schuder-1024x768.jpg 1024w, https:\/\/www.harzer-wandernadel.de\/wp-content\/uploads\/2016\/02\/HWN-153-Goeddeckenplatz-Schuder-250x188.jpg 250w, https:\/\/www.harzer-wandernadel.de\/wp-content\/uploads\/2016\/02\/HWN-153-Goeddeckenplatz-Schuder-624x468.jpg 624w\" sizes=\"(max-width: 2048px) 100vw, 2048px\"><\/span><\/figure><\/div>\n\n<p>Goe\u00addeck\u00aden\u00adp\u00adlatz kan n\u00e5s via sti\u00ader fra Bad Lau\u00adter\u00adberg via Lut\u00adter\u00adtal, fra Sie\u00adber via Gro\u00adpen\u00adbornskopf og fra St. Andreas\u00adberg via Sil\u00adber\u00adh\u00fct\u00adte og Sie\u00adber\u00adberg. Fra Goe\u00addeck\u00aden\u00adp\u00adlatz har man en frem\u00adra\u00adgen\u00adde udsigt over St. Andreas\u00adberg og Sieber-dalen.&nbsp;<\/p>\n\n<p>Ved siden af fri\u00adm\u00e6r\u00adke\u00adbok\u00adsen begyn\u00adder stien op til Gro\u00dfer Knol\u00adlen over h\u00f8j\u00adde\u00adryg\u00adgen Aschen\u00adtals\u00adhal\u00adbe (685&nbsp;meter over havets over\u00adfla\u00adde) og vide\u00adre over Sie\u00adber\u00adpass (550&nbsp;meter over havets overflade).<\/p>\n\n<p>Aschen\u00adtalsal\u00adbe l\u00f8ber n\u00e6sten ude\u00adluk\u00adken\u00adde gen\u00adnem m\u00f8rk granskov, men du kan nyde en vidun\u00adder\u00adlig udsigt fra top\u00adpen af h\u00f8j\u00adde\u00adryg\u00adgen. Efter nedstig\u00adnin\u00adgen fra Aschen\u00adtalsal\u00adbe f\u00f8l\u00adger man stien langs K\u00f6te p\u00e5 Sie\u00adber\u00adpass og kla\u00adtrer st\u00f8t op til <a href=\"https:\/\/www.harzer-wandernadel.de\/da\/stempelcentre\/oversigtskort\/stempelpunkt-150-grosser-knollen\/\" data-type=\"page\" data-id=\"1176\">Gro\u00dfer Knol\u00adlen (687&nbsp;m&nbsp;over havets over\u00adfla\u00adde) HWN 150.<\/a> <\/p>\n\n<p>Fra Gro\u00dfer Knol\u00adlen kan du g\u00e5 ned til <a href=\"https:\/\/www.harzer-wandernadel.de\/da\/stempelcentre\/oversigtskort\/frimaerkepunkt-152-knollenkreuz\/\" data-type=\"page\" data-id=\"1181\">Knol\u00adlen\u00adkreuz HWN 152 <\/a>og van\u00addre gen\u00adnem Krum\u00adme Lut\u00adter-dalen via Goe\u00addeck\u00aden\u00adp\u00adlatz til\u00adba\u00adge til Sieberberg.<\/p>\n\n<p>Udgangs\u00adpunk\u00adtet er par\u00adke\u00adrings\u00adplad\u00adsen p\u00e5 Sie\u00adber\u00adberg mel\u00adlem Sil\u00adber\u00adh\u00fct\u00adte og Sie\u00adber. Goe\u00addeck\u00aden\u00adp\u00adlatz lig\u00adger 2,5&nbsp;km fra par\u00adke\u00adrings\u00adplad\u00adsen, og rund\u00adt\u00adu\u00adren der\u00adfra til Gro\u00dfer Knol\u00adlen, vide\u00adre til Knol\u00adlen\u00adkreuz og til\u00adba\u00adge til Sie\u00adber\u00adberg er ca. 20&nbsp;km&nbsp;lang.&nbsp;<\/p>\n\n<div class=\"wp-block-buttons is-layout-flex wp-block-buttons-is-layout-flex\">\n<div class=\"wp-block-button\"><a class=\"wp-block-button__link wp-element-button\" href=\"http:\/\/harzer-bergwald.de\/index.php\/wandertouren\/abenteuertouren\/37-steigungen-im-westharz\">Tour tip Harzen bjergskov<\/a><\/div>\n<\/div>\n","protected":false},"excerpt":{"rendered":"<p>Goe\u00addeck\u00aden\u00adp\u00adlatz er et vej\u00adkryds halvvejs mel\u00adlem St. Andreas\u00adberg og Gro\u00dfer Knol\u00adlen, under Kobold\u00adsta\u00adler K\u00f6p\u00adfe (591&nbsp;meter over havets over\u00adfla\u00adde). Goe\u00addeck\u00aden\u00adp\u00adlatz kan n\u00e5s via sti\u00ader fra Bad Lau\u00adter\u00adberg via Lut\u00adter\u00adtal, fra Sie\u00adber via Gro\u00adpen\u00adbornskopf og fra St. Andreas\u00adberg via Sil\u00adber\u00adh\u00fct\u00adte og Sie\u00adber\u00adberg. Fra Goe\u00addeck\u00aden\u00adp\u00adlatz har man en frem\u00adra\u00adgen\u00adde udsigt over St. Andreas\u00adberg og Sie\u00adber-dalen.&nbsp; Ved siden&nbsp;af&nbsp;[\u2026]<\/p>\n","protected":false},"author":11,"featured_media":12526,"parent":17792,"menu_order":10153,"comment_status":"closed","ping_status":"closed","template":"","meta":{"_seopress_robots_primary_cat":"","_seopress_titles_title":"","_seopress_titles_desc":"","_seopress_robots_index":"","wp_typography_post_enhancements_disabled":false,"iawp_total_views":1,"footnotes":""},"hf_cat_page":[120],"class_list":["post-20176","page","type-page","status-publish","has-post-thumbnail"],"blocksy_meta":[],"_links":{"self":[{"href":"https:\/\/www.harzer-wandernadel.de\/da\/wp-json\/wp\/v2\/pages\/20176","targetHints":{"allow":["GET"]}}],"collection":[{"href":"https:\/\/www.harzer-wandernadel.de\/da\/wp-json\/wp\/v2\/pages"}],"about":[{"href":"https:\/\/www.harzer-wandernadel.de\/da\/wp-json\/wp\/v2\/types\/page"}],"author":[{"embeddable":true,"href":"https:\/\/www.harzer-wandernadel.de\/da\/wp-json\/wp\/v2\/users\/11"}],"replies":[{"embeddable":true,"href":"https:\/\/www.harzer-wandernadel.de\/da\/wp-json\/wp\/v2\/comments?post=20176"}],"version-history":[{"count":1,"href":"https:\/\/www.harzer-wandernadel.de\/da\/wp-json\/wp\/v2\/pages\/20176\/revisions"}],"predecessor-version":[{"id":20177,"href":"https:\/\/www.harzer-wandernadel.de\/da\/wp-json\/wp\/v2\/pages\/20176\/revisions\/20177"}],"up":[{"embeddable":true,"href":"https:\/\/www.harzer-wandernadel.de\/da\/wp-json\/wp\/v2\/pages\/17792"}],"wp:featuredmedia":[{"embeddable":true,"href":"https:\/\/www.harzer-wandernadel.de\/da\/wp-json\/wp\/v2\/media\/12526"}],"wp:attachment":[{"href":"https:\/\/www.harzer-wandernadel.de\/da\/wp-json\/wp\/v2\/media?parent=20176"}],"wp:term":[{"taxonomy":"hf_cat_page","embeddable":true,"href":"https:\/\/www.harzer-wandernadel.de\/da\/wp-json\/wp\/v2\/hf_cat_page?post=20176"}],"curies":[{"name":"wp","href":"https:\/\/api.w.org\/{rel}","templated":true}]}}