{"id":20127,"date":"2016-02-19T13:39:51","date_gmt":"2016-02-19T12:39:51","guid":{"rendered":"https:\/\/www.harzer-wandernadel.de\/stempelcentre\/oversigtskort\/stempelpunkt-135-wolfswarte-nph\/"},"modified":"2026-02-28T14:43:15","modified_gmt":"2026-02-28T13:43:15","slug":"stempelpunkt-135-wolfswarte-nph","status":"publish","type":"page","link":"https:\/\/www.harzer-wandernadel.de\/da\/stempelcentre\/oversigtskort\/stempelpunkt-135-wolfswarte-nph\/","title":{"rendered":"Stempelpunkt 135 \/ Wolfswarte (NPH)"},"content":{"rendered":"\n<h2 class=\"wp-block-heading\">Wolfswarte (918&nbsp;meter over havets overflade) er et klippefremspring af forvitret kvartsit fra Bruchberg-massivet (927&nbsp;meter over havets overflade), som er en del af det delvist skovkl\u00e6dte Bruchberg-massiv og h\u00f8rer til nationalparkens kerneomr\u00e5de.<\/h2>\n\n<div class=\"wp-block-stackable-image alignwide stk-block-image stk-block stk-89e1006\" data-block-id=\"89e1006\"><style>.stk-89e1006 {margin-top:3% !important;margin-bottom:3% !important;}<\/style><figure><span class=\"stk-img-wrapper stk-image--shape-stretch stk--has-lightbox\"><img decoding=\"async\" width=\"3264\" height=\"1836\" src=\"https:\/\/www.harzer-wandernadel.de\/wp-content\/uploads\/2016\/02\/Wolfswarte2.jpg\" class=\"attachment-full size-full wp-post-image\" alt srcset=\"https:\/\/www.harzer-wandernadel.de\/wp-content\/uploads\/2016\/02\/Wolfswarte2.jpg 3264w, https:\/\/www.harzer-wandernadel.de\/wp-content\/uploads\/2016\/02\/Wolfswarte2-300x169.jpg 300w, https:\/\/www.harzer-wandernadel.de\/wp-content\/uploads\/2016\/02\/Wolfswarte2-768x432.jpg 768w, https:\/\/www.harzer-wandernadel.de\/wp-content\/uploads\/2016\/02\/Wolfswarte2-1024x576.jpg 1024w, https:\/\/www.harzer-wandernadel.de\/wp-content\/uploads\/2016\/02\/Wolfswarte2-624x351.jpg 624w\" sizes=\"(max-width: 3264px) 100vw, 3264px\"><\/span><\/figure><\/div>\n\n<p>Den klip\u00adpe\u00adfyld\u00adte Wol\u00adf\u00adswar\u00adte kan let gen\u00adken\u00addes fra Glo\u00adck\u00aden\u00adberg i&nbsp;Alte\u00adnau, fra Schu\u00adlen\u00adberg og ogs\u00e5 fra Tor\u00adf\u00adhaus. Fra Wol\u00adf\u00adswar\u00adte har man en fan\u00adta\u00adstisk udsigt over sto\u00adre dele af det vest\u00adli\u00adge Harzen og langt ind i&nbsp;det nord\u00adli\u00adge Harzens for\u00adland, og der\u00adfor er det et af de smuk\u00adke\u00adste van\u00addreud\u00adflugts\u00adm\u00e5l i&nbsp;hele Harzen for naturelskere.&nbsp;<\/p>\n\n<p>Et godt udgangs\u00adpunkt er den lil\u00adle par\u00adke\u00adrings\u00adplads p\u00e5 vej\u00aden fra Tor\u00adf\u00adhaus til Alte\u00adnau. Der\u00adfra kan du tage den meget ste\u00adne\u00adde og ofte v\u00e5de Wol\u00adf\u00adswar\u00adter-sti direk\u00adte til klip\u00adpe\u00adklip\u00adpen Wolfswarte.&nbsp;<\/p>\n\n<p>Fra Alte\u00adnau f\u00f8rer mere kom\u00adfortab\u00adle, men l\u00e6n\u00adge\u00adre sti\u00ader til Wol\u00adf\u00adswar\u00adte, hvoraf nog\u00adle har frem\u00adra\u00adgen\u00adde udsigts\u00adpunk\u00adter. Til h\u00f8j\u00adre for par\u00adke\u00adrings\u00adplad\u00adsen \u201eAm M\u00fch\u00adlen\u00adberg\u201c f\u00f8rer Gustav Bau\u00admann-stien over Kunst\u00adberg til Dam\u00adm\u00adgra\u00adben. En let sti\u00adgen\u00adde sti f\u00f8rer til Oker\u00adste\u00adin via stem\u00adpel\u00adsta\u00adtio\u00adnen <a href=\"https:\/\/www.harzer-wandernadel.de\/da\/stempelcentre\/oversigtskort\/stempelpunkt-134-gustav-baumann-weg\/\" data-type=\"page\" data-id=\"1143\">Gustav-Bau\u00admann-Weg HWN 134<\/a> og vide\u00adre ad Obe\u00adrer Bru\u00adch\u00adbergweg til Wolfswarte.&nbsp;<\/p>\n","protected":false},"excerpt":{"rendered":"<p>Wol\u00adf\u00adswar\u00adte (918&nbsp;meter over havets over\u00adfla\u00adde) er et klip\u00adpe\u00adfrem\u00ads\u00adpring af for\u00advi\u00adtret kvart\u00adsit fra Bru\u00adch\u00adberg-mas\u00adsi\u00advet (927&nbsp;meter over havets over\u00adfla\u00adde), som er en del af det del\u00advist sko\u00adv\u00adkl\u00e6d\u00adte Bru\u00adch\u00adberg-mas\u00adsiv og h\u00f8rer til natio\u00adnal\u00adpar\u00adkens ker\u00adne\u00adom\u00adr\u00e5\u00adde. Den klip\u00adpe\u00adfyld\u00adte Wol\u00adf\u00adswar\u00adte kan let gen\u00adken\u00addes fra Glo\u00adck\u00aden\u00adberg i&nbsp;Alte\u00adnau, fra Schu\u00adlen\u00adberg og ogs\u00e5 fra Tor\u00adf\u00adhaus. Fra Wol\u00adf\u00adswar\u00adte har man en fan\u00adta\u00adstisk udsigt over&nbsp;store&nbsp;[\u2026]<\/p>\n","protected":false},"author":11,"featured_media":11515,"parent":17792,"menu_order":10135,"comment_status":"closed","ping_status":"closed","template":"","meta":{"_seopress_robots_primary_cat":"","_seopress_titles_title":"","_seopress_titles_desc":"","_seopress_robots_index":"","wp_typography_post_enhancements_disabled":false,"iawp_total_views":2,"footnotes":""},"hf_cat_page":[120],"class_list":["post-20127","page","type-page","status-publish","has-post-thumbnail"],"blocksy_meta":[],"_links":{"self":[{"href":"https:\/\/www.harzer-wandernadel.de\/da\/wp-json\/wp\/v2\/pages\/20127","targetHints":{"allow":["GET"]}}],"collection":[{"href":"https:\/\/www.harzer-wandernadel.de\/da\/wp-json\/wp\/v2\/pages"}],"about":[{"href":"https:\/\/www.harzer-wandernadel.de\/da\/wp-json\/wp\/v2\/types\/page"}],"author":[{"embeddable":true,"href":"https:\/\/www.harzer-wandernadel.de\/da\/wp-json\/wp\/v2\/users\/11"}],"replies":[{"embeddable":true,"href":"https:\/\/www.harzer-wandernadel.de\/da\/wp-json\/wp\/v2\/comments?post=20127"}],"version-history":[{"count":2,"href":"https:\/\/www.harzer-wandernadel.de\/da\/wp-json\/wp\/v2\/pages\/20127\/revisions"}],"predecessor-version":[{"id":24928,"href":"https:\/\/www.harzer-wandernadel.de\/da\/wp-json\/wp\/v2\/pages\/20127\/revisions\/24928"}],"up":[{"embeddable":true,"href":"https:\/\/www.harzer-wandernadel.de\/da\/wp-json\/wp\/v2\/pages\/17792"}],"wp:featuredmedia":[{"embeddable":true,"href":"https:\/\/www.harzer-wandernadel.de\/da\/wp-json\/wp\/v2\/media\/11515"}],"wp:attachment":[{"href":"https:\/\/www.harzer-wandernadel.de\/da\/wp-json\/wp\/v2\/media?parent=20127"}],"wp:term":[{"taxonomy":"hf_cat_page","embeddable":true,"href":"https:\/\/www.harzer-wandernadel.de\/da\/wp-json\/wp\/v2\/hf_cat_page?post=20127"}],"curies":[{"name":"wp","href":"https:\/\/api.w.org\/{rel}","templated":true}]}}