{"id":20116,"date":"2016-02-19T13:44:51","date_gmt":"2016-02-19T12:44:51","guid":{"rendered":"https:\/\/www.harzer-wandernadel.de\/stempelcentre\/oversigtskort\/stempelpunkt-137-baerenbrucher-teich\/"},"modified":"2026-02-28T14:43:17","modified_gmt":"2026-02-28T13:43:17","slug":"stempelpunkt-137-baerenbrucher-teich","status":"publish","type":"page","link":"https:\/\/www.harzer-wandernadel.de\/da\/stempelcentre\/oversigtskort\/stempelpunkt-137-baerenbrucher-teich\/","title":{"rendered":"Stempelpunkt 137 \/ B\u00e4renbrucher Teich"},"content":{"rendered":"\n<h2 class=\"wp-block-heading\">B\u00e4renbrucher Teich er et reservoir i&nbsp;n\u00e6rheden af Buntenbock, som h\u00f8rer under Oberharz Wasserregal, og hvis historie kan spores tilbage til det 17. \u00e5rhundrede.<\/h2>\n\n<div class=\"wp-block-stackable-image alignwide stk-block-image stk-block stk-89e1006\" data-block-id=\"89e1006\"><style>.stk-89e1006 {margin-top:3% !important;margin-bottom:3% !important;}<\/style><figure><span class=\"stk-img-wrapper stk-image--shape-stretch stk--has-lightbox\"><img decoding=\"async\" width=\"2048\" height=\"1152\" src=\"https:\/\/www.harzer-wandernadel.de\/wp-content\/uploads\/2016\/02\/B\u00e4renbrucher-Teiche.jpg\" class=\"attachment-full size-full wp-post-image\" alt srcset=\"https:\/\/www.harzer-wandernadel.de\/wp-content\/uploads\/2016\/02\/B\u00e4renbrucher-Teiche.jpg 2048w, https:\/\/www.harzer-wandernadel.de\/wp-content\/uploads\/2016\/02\/B\u00e4renbrucher-Teiche-300x169.jpg 300w, https:\/\/www.harzer-wandernadel.de\/wp-content\/uploads\/2016\/02\/B\u00e4renbrucher-Teiche-768x432.jpg 768w, https:\/\/www.harzer-wandernadel.de\/wp-content\/uploads\/2016\/02\/B\u00e4renbrucher-Teiche-1024x576.jpg 1024w, https:\/\/www.harzer-wandernadel.de\/wp-content\/uploads\/2016\/02\/B\u00e4renbrucher-Teiche-250x141.jpg 250w, https:\/\/www.harzer-wandernadel.de\/wp-content\/uploads\/2016\/02\/B\u00e4renbrucher-Teiche-624x351.jpg 624w\" sizes=\"(max-width: 2048px) 100vw, 2048px\"><\/span><\/figure><\/div>\n\n<p>I dag dri\u00adves B\u00e4ren\u00adbru\u00adcher-dam\u00admen som en over\u00adl\u00f8bs\u00addam, hvil\u00adket bety\u00adder, at det til\u00adstr\u00f8m\u00admen\u00adde vand l\u00f8ber ind i&nbsp;Zie\u00adgen\u00adber\u00adger-dam\u00admen via overl\u00f8bet.<\/p>\n\n<p>Vi anbe\u00adfa\u00adler at bes\u00f8\u00adge B\u00e4ren\u00adbru\u00adcher-dam\u00admen som en del af en fami\u00adlie\u00adven\u00adlig rund\u00advan\u00addring p\u00e5 \u201eWas\u00adserWan\u00adderWeg Bun\u00adten\u00adbo\u00adck\u00ader Teiche\u201c-stien. Stem\u00adpelkas\u00adsen er pla\u00adce\u00adret i&nbsp;refu\u00adgi\u00adet ved d\u00e6mningen.&nbsp;<\/p>\n\n<p>Start- og slut\u00adpunkt for den\u00adne under\u00adhol\u00adden\u00adde rund\u00adstr\u00e6k\u00adning er den sto\u00adre sump\u00addam i&nbsp;udkan\u00adten af Bun\u00adten\u00adbo\u00adck. Under\u00advejs er der man\u00adge gr\u00f8f\u00adter og skjul\u00adte vand\u00adl\u00f8b, Ziegenberger\u2011, B\u00e4renbrucher\u2011, Pixhai\u00ader- og Schwarzen\u00adba\u00adcher-dam\u00adme\u00adne samt kro\u00aden Pixhai\u00ader&nbsp;M\u00fchle.&nbsp;<\/p>\n\n<div class=\"wp-block-buttons is-layout-flex wp-block-buttons-is-layout-flex\">\n<div class=\"wp-block-button\"><a class=\"wp-block-button__link wp-element-button\" href=\"http:\/\/harzer-bergwald.de\/index.php\/wandertouren\/abenteuertouren\/33-unterwegs-im-oberharzer-wasserregal\">Tour tip Harzen bjergskov<\/a><\/div>\n<\/div>\n","protected":false},"excerpt":{"rendered":"<p>B\u00e4ren\u00adbru\u00adcher Teich er et reser\u00advoir i&nbsp;n\u00e6r\u00adhe\u00adden af Bun\u00adten\u00adbo\u00adck, som h\u00f8rer under Ober\u00adharz Was\u00adser\u00adre\u00adgal, og hvis histo\u00adrie kan spo\u00adres til\u00adba\u00adge til det 17. \u00e5rhund\u00adre\u00adde. I&nbsp;dag dri\u00adves B\u00e4ren\u00ad\u00adbru\u00ad\u00adcher-dam\u00ad\u00admen som en over\u00adl\u00f8bs\u00addam, hvil\u00adket bety\u00adder, at det til\u00adstr\u00f8m\u00admen\u00adde vand l\u00f8ber ind i&nbsp;Zie\u00ad\u00adgen\u00ad\u00adber\u00ad\u00adger-dam\u00ad\u00admen via over\u00adl\u00f8\u00adbet. Vi anbe\u00adfa\u00adler at bes\u00f8\u00adge B\u00e4ren\u00ad\u00adbru\u00ad\u00adcher-dam\u00ad\u00admen som en del af en fami\u00adlie\u00adven\u00adlig rund\u00advan\u00addring p\u00e5 \u201eWas\u00adserWan\u00adderWeg [\u2026]<\/p>\n","protected":false},"author":11,"featured_media":11944,"parent":17792,"menu_order":10137,"comment_status":"closed","ping_status":"closed","template":"","meta":{"_seopress_robots_primary_cat":"","_seopress_titles_title":"","_seopress_titles_desc":"","_seopress_robots_index":"","wp_typography_post_enhancements_disabled":false,"iawp_total_views":0,"footnotes":""},"hf_cat_page":[120],"class_list":["post-20116","page","type-page","status-publish","has-post-thumbnail"],"blocksy_meta":[],"_links":{"self":[{"href":"https:\/\/www.harzer-wandernadel.de\/da\/wp-json\/wp\/v2\/pages\/20116","targetHints":{"allow":["GET"]}}],"collection":[{"href":"https:\/\/www.harzer-wandernadel.de\/da\/wp-json\/wp\/v2\/pages"}],"about":[{"href":"https:\/\/www.harzer-wandernadel.de\/da\/wp-json\/wp\/v2\/types\/page"}],"author":[{"embeddable":true,"href":"https:\/\/www.harzer-wandernadel.de\/da\/wp-json\/wp\/v2\/users\/11"}],"replies":[{"embeddable":true,"href":"https:\/\/www.harzer-wandernadel.de\/da\/wp-json\/wp\/v2\/comments?post=20116"}],"version-history":[{"count":1,"href":"https:\/\/www.harzer-wandernadel.de\/da\/wp-json\/wp\/v2\/pages\/20116\/revisions"}],"predecessor-version":[{"id":20118,"href":"https:\/\/www.harzer-wandernadel.de\/da\/wp-json\/wp\/v2\/pages\/20116\/revisions\/20118"}],"up":[{"embeddable":true,"href":"https:\/\/www.harzer-wandernadel.de\/da\/wp-json\/wp\/v2\/pages\/17792"}],"wp:featuredmedia":[{"embeddable":true,"href":"https:\/\/www.harzer-wandernadel.de\/da\/wp-json\/wp\/v2\/media\/11944"}],"wp:attachment":[{"href":"https:\/\/www.harzer-wandernadel.de\/da\/wp-json\/wp\/v2\/media?parent=20116"}],"wp:term":[{"taxonomy":"hf_cat_page","embeddable":true,"href":"https:\/\/www.harzer-wandernadel.de\/da\/wp-json\/wp\/v2\/hf_cat_page?post=20116"}],"curies":[{"name":"wp","href":"https:\/\/api.w.org\/{rel}","templated":true}]}}