{"id":20113,"date":"2016-02-19T13:54:42","date_gmt":"2016-02-19T12:54:42","guid":{"rendered":"https:\/\/www.harzer-wandernadel.de\/stempelcentre\/oversigtskort\/stempelpunkt-142-mandolinenhuette\/"},"modified":"2026-02-28T14:43:20","modified_gmt":"2026-02-28T13:43:20","slug":"stempelpunkt-142-mandolinenhuette","status":"publish","type":"page","link":"https:\/\/www.harzer-wandernadel.de\/da\/stempelcentre\/oversigtskort\/stempelpunkt-142-mandolinenhuette\/","title":{"rendered":"Stempelpunkt 142 \/ Mandolinenh\u00fctte"},"content":{"rendered":"\n<h2 class=\"wp-block-heading\">Mandolinenh\u00fctte ligger over Ochsental-dalen mellem Lauthental og Innerste-reservoiret.<\/h2>\n\n<div class=\"wp-block-stackable-image alignwide stk-block-image stk-block stk-89e1006\" data-block-id=\"89e1006\"><style>.stk-89e1006 {margin-top:3% !important;margin-bottom:3% !important;}<\/style><figure><span class=\"stk-img-wrapper stk-image--shape-stretch stk--has-lightbox\"><img decoding=\"async\" width=\"960\" height=\"540\" src=\"https:\/\/www.harzer-wandernadel.de\/wp-content\/uploads\/2016\/02\/HWN-Mandolinenh\u00fctte-B\u00f6kelmann.jpg\" class=\"attachment-full size-full wp-post-image\" alt=\"Udsigtspunkt med tr\u00e6b\u00e6nke i de gr\u00f8nne skovbjerge\" srcset=\"https:\/\/www.harzer-wandernadel.de\/wp-content\/uploads\/2016\/02\/HWN-Mandolinenh\u00fctte-B\u00f6kelmann.jpg 960w, https:\/\/www.harzer-wandernadel.de\/wp-content\/uploads\/2016\/02\/HWN-Mandolinenh\u00fctte-B\u00f6kelmann-300x169.jpg 300w, https:\/\/www.harzer-wandernadel.de\/wp-content\/uploads\/2016\/02\/HWN-Mandolinenh\u00fctte-B\u00f6kelmann-768x432.jpg 768w, https:\/\/www.harzer-wandernadel.de\/wp-content\/uploads\/2016\/02\/HWN-Mandolinenh\u00fctte-B\u00f6kelmann-250x141.jpg 250w, https:\/\/www.harzer-wandernadel.de\/wp-content\/uploads\/2016\/02\/HWN-Mandolinenh\u00fctte-B\u00f6kelmann-624x351.jpg 624w\" sizes=\"(max-width: 960px) 100vw, 960px\"><\/span><\/figure><\/div>\n\n<p>Fra Man\u00addo\u00adli\u00adnen\u00adh\u00fct\u00adte har man en ene\u00adst\u00e5\u00aden\u00adde udsigt over Inner\u00adste-reser\u00advoi\u00adret. Ved siden af hyt\u00adten, hvor fri\u00adm\u00e6r\u00adke\u00adkas\u00adsen er pla\u00adce\u00adret, er udsigts\u00adpunk\u00adtet ind\u00adret\u00adtet med et Ste\u00adinway-fly\u00adgel og et lil\u00adle sid\u00adde\u00adom\u00adr\u00e5\u00adde. Lige\u00adsom <a href=\"https:\/\/www.harzer-wandernadel.de\/da\/stempelcentre\/oversigtskort\/stempelpunkt-104-traenkebachhuette\/\" data-type=\"page\" data-id=\"1082\">Tr\u00e4n\u00adke\u00adba\u00adchh\u00fct\u00adte HWN 104<\/a> lig\u00adger Man\u00addo\u00adli\u00adnen\u00adh\u00fct\u00adte p\u00e5 Ste\u00adinway-stien, som f\u00f8rer fra Wol\u00adfsha\u00adgen til Seesen.&nbsp;<\/p>\n\n<div class=\"wp-block-buttons is-layout-flex wp-block-buttons-is-layout-flex\">\n<div class=\"wp-block-button\"><a class=\"wp-block-button__link wp-element-button\" href=\"http:\/\/steinway-trail.de\/\">Ste\u00adinway&nbsp;Trail<\/a><\/div>\n<\/div>\n\n<p>Det bed\u00adste udgangs\u00adpunkt er Spar\u00adren\u00adbergsied\u00adlung i&nbsp;udkan\u00adten af Lau\u00adtent\u00adhal. Den afm\u00e6r\u00adke\u00adde Och\u00adsen\u00adtalweg-sti star\u00adter ved bus\u00adstop\u00adpe\u00adste\u00addet og f\u00f8rer til Man\u00addo\u00adli\u00adnen\u00adh\u00fct\u00adte efter ca. 1,5&nbsp;km.&nbsp;<\/p>\n","protected":false},"excerpt":{"rendered":"<p>Man\u00addo\u00adli\u00adnen\u00adh\u00fct\u00adte lig\u00adger over Och\u00adsen\u00adtal-dalen mel\u00adlem Laut\u00adhen\u00adtal og Inner\u00adste-reser\u00advoi\u00adret. Fra Man\u00addo\u00adli\u00adnen\u00adh\u00fct\u00adte har man en ene\u00adst\u00e5\u00aden\u00adde udsigt over Inner\u00ad\u00adste-reser\u00ad\u00advoi\u00adret. Ved siden af hyt\u00adten, hvor fri\u00adm\u00e6r\u00adke\u00adkas\u00adsen er pla\u00adce\u00adret, er udsigts\u00adpunk\u00adtet ind\u00adret\u00adtet med et Ste\u00adinway-fly\u00ad\u00adgel og et lil\u00adle sid\u00adde\u00adom\u00adr\u00e5\u00adde. Lige\u00adsom Tr\u00e4n\u00adke\u00adba\u00adchh\u00fct\u00adte HWN 104 lig\u00adger Man\u00addo\u00adli\u00adnen\u00adh\u00fct\u00adte p\u00e5 Ste\u00adinway-stien, som f\u00f8rer fra Wol\u00adfsha\u00adgen til See\u00adsen.&nbsp; Det bed\u00adste udgangs\u00adpunkt er Spar\u00adren\u00adbergsied\u00adlung i&nbsp;udkanten&nbsp;[\u2026]<\/p>\n","protected":false},"author":11,"featured_media":12664,"parent":17792,"menu_order":10142,"comment_status":"closed","ping_status":"closed","template":"","meta":{"_seopress_robots_primary_cat":"","_seopress_titles_title":"","_seopress_titles_desc":"","_seopress_robots_index":"","wp_typography_post_enhancements_disabled":false,"iawp_total_views":1,"footnotes":""},"hf_cat_page":[120],"class_list":["post-20113","page","type-page","status-publish","has-post-thumbnail"],"blocksy_meta":[],"_links":{"self":[{"href":"https:\/\/www.harzer-wandernadel.de\/da\/wp-json\/wp\/v2\/pages\/20113","targetHints":{"allow":["GET"]}}],"collection":[{"href":"https:\/\/www.harzer-wandernadel.de\/da\/wp-json\/wp\/v2\/pages"}],"about":[{"href":"https:\/\/www.harzer-wandernadel.de\/da\/wp-json\/wp\/v2\/types\/page"}],"author":[{"embeddable":true,"href":"https:\/\/www.harzer-wandernadel.de\/da\/wp-json\/wp\/v2\/users\/11"}],"replies":[{"embeddable":true,"href":"https:\/\/www.harzer-wandernadel.de\/da\/wp-json\/wp\/v2\/comments?post=20113"}],"version-history":[{"count":2,"href":"https:\/\/www.harzer-wandernadel.de\/da\/wp-json\/wp\/v2\/pages\/20113\/revisions"}],"predecessor-version":[{"id":24940,"href":"https:\/\/www.harzer-wandernadel.de\/da\/wp-json\/wp\/v2\/pages\/20113\/revisions\/24940"}],"up":[{"embeddable":true,"href":"https:\/\/www.harzer-wandernadel.de\/da\/wp-json\/wp\/v2\/pages\/17792"}],"wp:featuredmedia":[{"embeddable":true,"href":"https:\/\/www.harzer-wandernadel.de\/da\/wp-json\/wp\/v2\/media\/12664"}],"wp:attachment":[{"href":"https:\/\/www.harzer-wandernadel.de\/da\/wp-json\/wp\/v2\/media?parent=20113"}],"wp:term":[{"taxonomy":"hf_cat_page","embeddable":true,"href":"https:\/\/www.harzer-wandernadel.de\/da\/wp-json\/wp\/v2\/hf_cat_page?post=20113"}],"curies":[{"name":"wp","href":"https:\/\/api.w.org\/{rel}","templated":true}]}}