{"id":20069,"date":"2016-02-19T12:38:05","date_gmt":"2016-02-19T11:38:05","guid":{"rendered":"https:\/\/www.harzer-wandernadel.de\/stempelcentre\/oversigtskort\/poststempel-122-korset-fra-det-tyske-oest\/"},"modified":"2026-02-28T14:43:08","modified_gmt":"2026-02-28T13:43:08","slug":"poststempel-122-korset-fra-det-tyske-oest","status":"publish","type":"page","link":"https:\/\/www.harzer-wandernadel.de\/da\/stempelcentre\/oversigtskort\/poststempel-122-korset-fra-det-tyske-oest\/","title":{"rendered":"Poststempel 122 \/ Korset fra det tyske&nbsp;\u00f8st"},"content":{"rendered":"\n<h2 class=\"wp-block-heading\">Det tyske \u00f8stkors ligger p\u00e5 Uhlenklippen syd\u00f8st for Bad Harzburg.<\/h2>\n\n<div class=\"wp-block-stackable-image alignwide stk-block-image stk-block stk-89e1006\" data-block-id=\"89e1006\"><style>.stk-89e1006 {margin-top:3% !important;margin-bottom:3% !important;}<\/style><figure><span class=\"stk-img-wrapper stk-image--shape-stretch stk--has-lightbox\"><img decoding=\"async\" width=\"700\" height=\"525\" src=\"https:\/\/www.harzer-wandernadel.de\/wp-content\/uploads\/2016\/02\/Kreuz-des-deutschen-Ostens.jpg\" class=\"attachment-full size-full wp-post-image\" alt srcset=\"https:\/\/www.harzer-wandernadel.de\/wp-content\/uploads\/2016\/02\/Kreuz-des-deutschen-Ostens.jpg 700w, https:\/\/www.harzer-wandernadel.de\/wp-content\/uploads\/2016\/02\/Kreuz-des-deutschen-Ostens-300x225.jpg 300w, https:\/\/www.harzer-wandernadel.de\/wp-content\/uploads\/2016\/02\/Kreuz-des-deutschen-Ostens-624x468.jpg 624w\" sizes=\"(max-width: 700px) 100vw, 700px\"><\/span><\/figure><\/div>\n\n<p>Det f\u00f8r\u00adste kors blev rejst i&nbsp;1950 p\u00e5 ini\u00adti\u00ada\u00adtiv af Franz Ket\u00adt\u00admann, for\u00admand for Cen\u00adtral Asso\u00adci\u00ada\u00adtion of Expel\u00adled Ger\u00admans. Ind\u00advi\u00adel\u00adsen fandt sted den 24. juni 1950 p\u00e5 en fest\u00adlig eng i&nbsp;Bad Harz\u00adburg. Den f\u00f8l\u00adgen\u00adde dag pla\u00adce\u00adre\u00adde repr\u00e6\u00adsen\u00adtan\u00adter for Lands\u00admanns\u00adchaf\u00adten og \u00f8st\u00adty\u00adske unge v\u00e5benskjol\u00adde af tr\u00e6 p\u00e5 kor\u00adsets fod, og en urne med \u00f8st\u00adtysk jord blev muret ind i&nbsp;foden.&nbsp;<\/p>\n\n<p>I 1962 blev der til\u00adf\u00f8\u00adjet en krans af v\u00e5benskjold\u00adsten til kom\u00adplek\u00adset. V\u00e5benskjol\u00adde\u00adne af tr\u00e6 p\u00e5 sok\u00adlen var ofte ble\u00advet stj\u00e5\u00adlet eller p\u00e5 anden m\u00e5de beska\u00addi\u00adget af sou\u00adve\u00adnirj\u00e6\u00adge\u00adre. Fra 1950 til 1964 blev kor\u00adset oplyst af pro\u00adjek\u00adt\u00f8\u00adrer om nat\u00adten. Der blev afholdt man\u00adge demon\u00adstra\u00adtio\u00adner for\u00adan kor\u00adset for at min\u00addes de tab\u00adte \u00f8st\u00adli\u00adge omr\u00e5\u00adder og den tyske enheds\u00addag. I&nbsp;\u00e5re\u00adnes l\u00f8b fik det \u00f8st\u00adty\u00adske kors ogs\u00e5 en anden funk\u00adtion. Det blev et var\u00adtegn for Bad Harz\u00adburg og et fast punkt p\u00e5 vandrekortet.&nbsp;<\/p>\n\n<p>Den 4. marts 1998 rase\u00adde en vold\u00adsom orkan over Harzen. Det tyske \u00f8st\u00adkors blev offer for den. En st\u00f8t\u00adte\u00adfor\u00ade\u00adning blev stif\u00adtet for at genop\u00adbyg\u00adge kor\u00adset, og der blev opret\u00adtet en dona\u00adtions\u00adkon\u00adto. Dona\u00adtions\u00advilj\u00aden over\u00adra\u00adske\u00adde selv opti\u00admi\u00adster\u00adne, og pen\u00adge\u00adne blev ind\u00adsam\u00adlet i&nbsp;l\u00f8bet af ingen&nbsp;tid.&nbsp;<\/p>\n\n<p>Det nye kors blev rejst den 15. sep\u00adtem\u00adber 2000. Omkring 3000 men\u00adne\u00adsker delt\u00adog i&nbsp;ind\u00advi\u00adel\u00adses\u00adce\u00adre\u00admo\u00adni\u00aden den 30. sep\u00adtem\u00adber 2000. Siden ind\u00advi\u00adel\u00adsen har der v\u00e6ret anbragt en sten\u00adtav\u00adle ved foden af kor\u00adset med f\u00f8l\u00adgen\u00adde ord\u00adlyd til infor\u00adma\u00adtion og for at und\u00adg\u00e5 mis\u00adfor\u00adst\u00e5\u00adel\u00adser: \u201e\u00d8st\u00adty\u00adsker\u00adnes kors \u2013 min\u00adde\u00adsted for for\u00addri\u00advel\u00adse og tab af f\u00e6d\u00adre\u00adland \u2013 sted for afvis\u00adning af alt tyran\u00adni \u2013 kors for for\u00adst\u00e5\u00adel\u00adse, for\u00adso\u00adning og fred \u2013 ind\u00advi\u00adet den 24. juni 1950 \u2013 \u00f8de\u00adlagt af storm den 4. marts 1998 \u2013 genop\u00adf\u00f8rt og ind\u00advi\u00adet den 30. sep\u00adtem\u00adber 2000.\u201c Det nye kors koste\u00adde 180.000 DM.     <em>Kil\u00adde: \u201eErin\u00addring i&nbsp;bron\u00adze og sten\u201c af Klaus R\u00f6tt\u00adger<\/em><br><em>  Udgi\u00adver: Harz\u00adklub bran\u00adche\u00adfor\u00ade\u00adning Bad Harzburg<\/em><\/p>\n\n<p>Fra Burg\u00adberg f\u00f8rer den mid\u00adter\u00adste sti, der er skil\u00adtet med en r\u00f8d tre\u00adkant og et 2\u2011tal i&nbsp;en hvid cir\u00adkel, til \u201eDet tyske \u00f8st\u00adkors\u201c (555&nbsp;meter over havets over\u00adfla\u00adde) p\u00e5 Uhlenklippe.<\/p>\n\n<p>Du kan par\u00adke\u00adre p\u00e5 den sto\u00adre par\u00adke\u00adrings\u00adplads i&nbsp;Bad Harz\u00adburg direk\u00adte p\u00e5 Bun\u00addes\u00adstra\u00dfe 4&nbsp;i ret\u00adning mod Tor\u00adf\u00adhaus. Der\u00adfra skal du beslut\u00adte, om du vil besti\u00adge Burg\u00adberg til fods eller tage sv\u00e6\u00adve\u00adba\u00adnen de 150 h\u00f8j\u00adde\u00adme\u00adter&nbsp;op.&nbsp;<\/p>\n\n<p>Det er en god id\u00e9 at star\u00adte turen fra Burg\u00adberg via \u201eAus\u00adsi\u00adchts\u00adreich\u201c HWN 121 og fort\u00ads\u00e6t\u00adte fra Kreuz des deut\u00adschen Ostens via Rabenklip\u00adpe HWN 170 og Mol\u00adken\u00adhaus HWN 169.<strong> <\/strong><\/p>\n\n<div class=\"wp-block-buttons is-layout-flex wp-block-buttons-is-layout-flex\">\n<div class=\"wp-block-button\"><a class=\"wp-block-button__link wp-element-button\" href=\"http:\/\/harzer-bergwald.de\/index.php\/wandertouren\/romantiktouren\/36-familientour-mit-schoener-aussicht\">Tour tip Harzen bjergskov<\/a><\/div>\n<\/div>\n","protected":false},"excerpt":{"rendered":"<p>Det tyske \u00f8st\u00adkors lig\u00adger p\u00e5 Uhlenklip\u00adpen syd\u00f8st for Bad Harz\u00adburg. Det f\u00f8r\u00adste kors blev rejst i&nbsp;1950 p\u00e5 ini\u00adti\u00ada\u00adtiv af Franz Ket\u00adt\u00admann, for\u00admand for Cen\u00adtral Asso\u00adci\u00ada\u00adtion of Expel\u00adled Ger\u00admans. Ind\u00advi\u00adel\u00adsen fandt sted den 24. juni 1950 p\u00e5 en fest\u00adlig eng i&nbsp;Bad Harz\u00adburg. Den f\u00f8l\u00adgen\u00adde dag pla\u00adce\u00adre\u00adde repr\u00e6\u00adsen\u00adtan\u00adter for Lands\u00admanns\u00adchaf\u00adten og \u00f8st\u00adty\u00adske unge v\u00e5benskjol\u00adde af tr\u00e6&nbsp;p\u00e5&nbsp;[\u2026]<\/p>\n","protected":false},"author":11,"featured_media":11896,"parent":17792,"menu_order":10122,"comment_status":"closed","ping_status":"closed","template":"","meta":{"_seopress_robots_primary_cat":"","_seopress_titles_title":"","_seopress_titles_desc":"","_seopress_robots_index":"","wp_typography_post_enhancements_disabled":false,"iawp_total_views":0,"footnotes":""},"hf_cat_page":[120],"class_list":["post-20069","page","type-page","status-publish","has-post-thumbnail"],"blocksy_meta":[],"_links":{"self":[{"href":"https:\/\/www.harzer-wandernadel.de\/da\/wp-json\/wp\/v2\/pages\/20069","targetHints":{"allow":["GET"]}}],"collection":[{"href":"https:\/\/www.harzer-wandernadel.de\/da\/wp-json\/wp\/v2\/pages"}],"about":[{"href":"https:\/\/www.harzer-wandernadel.de\/da\/wp-json\/wp\/v2\/types\/page"}],"author":[{"embeddable":true,"href":"https:\/\/www.harzer-wandernadel.de\/da\/wp-json\/wp\/v2\/users\/11"}],"replies":[{"embeddable":true,"href":"https:\/\/www.harzer-wandernadel.de\/da\/wp-json\/wp\/v2\/comments?post=20069"}],"version-history":[{"count":1,"href":"https:\/\/www.harzer-wandernadel.de\/da\/wp-json\/wp\/v2\/pages\/20069\/revisions"}],"predecessor-version":[{"id":20070,"href":"https:\/\/www.harzer-wandernadel.de\/da\/wp-json\/wp\/v2\/pages\/20069\/revisions\/20070"}],"up":[{"embeddable":true,"href":"https:\/\/www.harzer-wandernadel.de\/da\/wp-json\/wp\/v2\/pages\/17792"}],"wp:featuredmedia":[{"embeddable":true,"href":"https:\/\/www.harzer-wandernadel.de\/da\/wp-json\/wp\/v2\/media\/11896"}],"wp:attachment":[{"href":"https:\/\/www.harzer-wandernadel.de\/da\/wp-json\/wp\/v2\/media?parent=20069"}],"wp:term":[{"taxonomy":"hf_cat_page","embeddable":true,"href":"https:\/\/www.harzer-wandernadel.de\/da\/wp-json\/wp\/v2\/hf_cat_page?post=20069"}],"curies":[{"name":"wp","href":"https:\/\/api.w.org\/{rel}","templated":true}]}}