{"id":20067,"date":"2016-02-19T11:53:28","date_gmt":"2016-02-19T10:53:28","guid":{"rendered":"https:\/\/www.harzer-wandernadel.de\/stempelcentre\/oversigtskort\/stempelpunkt-118-kaestehaus\/"},"modified":"2026-02-28T14:43:05","modified_gmt":"2026-02-28T13:43:05","slug":"stempelpunkt-118-kaestehaus","status":"publish","type":"page","link":"https:\/\/www.harzer-wandernadel.de\/da\/stempelcentre\/oversigtskort\/stempelpunkt-118-kaestehaus\/","title":{"rendered":"Stempelpunkt 118 \/ K\u00e4stehaus"},"content":{"rendered":"\n<h2 class=\"wp-block-heading\">Navnet \u201eK\u00e4ste\u201c kommer fra oldh\u00f8jtysk og betyder eg. F\u00f8r i&nbsp;tiden blev armbr\u00f8ster, buer og spyd lavet af dette h\u00e5rde&nbsp;tr\u00e6.&nbsp;<\/h2>\n\n<div class=\"wp-block-stackable-image alignwide stk-block-image stk-block stk-89e1006\" data-block-id=\"89e1006\"><style>.stk-89e1006 {margin-top:3% !important;margin-bottom:3% !important;}<\/style><figure><span class=\"stk-img-wrapper stk-image--shape-stretch stk--has-lightbox\"><img decoding=\"async\" width=\"733\" height=\"550\" src=\"https:\/\/www.harzer-wandernadel.de\/wp-content\/uploads\/2016\/02\/K\u00e4stehaus.jpg\" class=\"attachment-full size-full wp-post-image\" alt srcset=\"https:\/\/www.harzer-wandernadel.de\/wp-content\/uploads\/2016\/02\/K\u00e4stehaus.jpg 733w, https:\/\/www.harzer-wandernadel.de\/wp-content\/uploads\/2016\/02\/K\u00e4stehaus-300x225.jpg 300w, https:\/\/www.harzer-wandernadel.de\/wp-content\/uploads\/2016\/02\/K\u00e4stehaus-624x468.jpg 624w\" sizes=\"(max-width: 733px) 100vw, 733px\"><\/span><\/figure><\/div>\n\n<p>K\u00e4ste\u00adklip\u00adpe er en af de man\u00adge gra\u00adnit\u00adklip\u00adper i&nbsp;Oker\u00adda\u00adlen og er til\u00adg\u00e6n\u00adge\u00adlig som udsigts\u00adklip\u00adpe. Klip\u00adpen er ogs\u00e5 et godt eksem\u00adpel p\u00e5 den for\u00advi\u00adtring, der er typisk for Harzen, hvor klip\u00adper\u00adne afrun\u00addes af for\u00advi\u00adtring, s\u00e5 de lig\u00adner uld\u00ads\u00e6k\u00adke. Den mar\u00adkan\u00adte klip\u00adpe\u00adfor\u00adma\u00adtion \u201eDer Alte vom Ber\u00adge\u201c, som fin\u00addes her, er s\u00e6r\u00adligt imponerende.&nbsp;<\/p>\n\n<p>Fra udsigts\u00adpunk\u00adtet har vi en fan\u00adta\u00adstisk udsigt over hele Oker-dalen.<\/p>\n\n<p>Fra Rom\u00adker\u00adhal\u00adle-par\u00adke\u00adrings\u00adplad\u00adsen under Oker-d\u00e6m\u00adnin\u00adgen skal du f\u00f8rst tage van\u00addre\u00adstien til Rom\u00adker\u00adhall-vand\u00adfal\u00addet. Fra vand\u00adfal\u00addet f\u00f8rer en smuk rund\u00adt\u00adur over Fei\u00adgen\u00adbaum\u00adklip\u00adpe, Mau\u00adse\u00adfal\u00adle, Hexenk\u00fc\u00adche, K\u00e4ste\u00adhaus og vide\u00adre til <a href=\"https:\/\/www.harzer-wandernadel.de\/stempelstellen\/uebersichtskarte\/stempelstelle-117-treppenstein\/\" data-type=\"page\" data-id=\"1108\">Trep\u00adpenste\u00adin HWN 117.<\/a> <\/p>\n\n<p>Fri\u00adm\u00e6r\u00adke\u00adkas\u00adsen er pla\u00adce\u00adret i&nbsp;kryd\u00adset nord for K\u00e4ste\u00adhaus, ved siden af busstoppestedet.<\/p>\n\n<div class=\"wp-block-buttons is-layout-flex wp-block-buttons-is-layout-flex\">\n<div class=\"wp-block-button\"><a class=\"wp-block-button__link wp-element-button\" href=\"http:\/\/harzer-bergwald.de\/index.php\/wandertouren\/romantiktouren\/45-im-kleinsten-koenigreich\">Tour tip Harzen bjergskov<\/a><\/div>\n<\/div>\n","protected":false},"excerpt":{"rendered":"<p>Nav\u00adnet \u201eK\u00e4ste\u201c kom\u00admer fra old\u00adh\u00f8jtysk og bety\u00adder eg. F\u00f8r i&nbsp;tiden blev arm\u00adbr\u00f8\u00adster, buer og spyd lavet af det\u00adte h\u00e5r\u00adde&nbsp;tr\u00e6.&nbsp; K\u00e4ste\u00adklip\u00adpe er en af de man\u00adge gra\u00adnit\u00adklip\u00adper i&nbsp;Oker\u00adda\u00adlen og er til\u00adg\u00e6n\u00adge\u00adlig som udsigts\u00adklip\u00adpe. Klip\u00adpen er ogs\u00e5 et godt eksem\u00adpel p\u00e5 den for\u00advi\u00adtring, der er typisk for Harzen, hvor klip\u00adper\u00adne afrun\u00addes af for\u00advi\u00adtring, s\u00e5 de lig\u00adner ulds\u00e6kke.&nbsp;[\u2026]<\/p>\n","protected":false},"author":11,"featured_media":11881,"parent":17792,"menu_order":10118,"comment_status":"closed","ping_status":"closed","template":"","meta":{"_seopress_robots_primary_cat":"","_seopress_titles_title":"","_seopress_titles_desc":"","_seopress_robots_index":"","wp_typography_post_enhancements_disabled":false,"iawp_total_views":0,"footnotes":""},"hf_cat_page":[120],"class_list":["post-20067","page","type-page","status-publish","has-post-thumbnail"],"blocksy_meta":[],"_links":{"self":[{"href":"https:\/\/www.harzer-wandernadel.de\/da\/wp-json\/wp\/v2\/pages\/20067","targetHints":{"allow":["GET"]}}],"collection":[{"href":"https:\/\/www.harzer-wandernadel.de\/da\/wp-json\/wp\/v2\/pages"}],"about":[{"href":"https:\/\/www.harzer-wandernadel.de\/da\/wp-json\/wp\/v2\/types\/page"}],"author":[{"embeddable":true,"href":"https:\/\/www.harzer-wandernadel.de\/da\/wp-json\/wp\/v2\/users\/11"}],"replies":[{"embeddable":true,"href":"https:\/\/www.harzer-wandernadel.de\/da\/wp-json\/wp\/v2\/comments?post=20067"}],"version-history":[{"count":2,"href":"https:\/\/www.harzer-wandernadel.de\/da\/wp-json\/wp\/v2\/pages\/20067\/revisions"}],"predecessor-version":[{"id":24901,"href":"https:\/\/www.harzer-wandernadel.de\/da\/wp-json\/wp\/v2\/pages\/20067\/revisions\/24901"}],"up":[{"embeddable":true,"href":"https:\/\/www.harzer-wandernadel.de\/da\/wp-json\/wp\/v2\/pages\/17792"}],"wp:featuredmedia":[{"embeddable":true,"href":"https:\/\/www.harzer-wandernadel.de\/da\/wp-json\/wp\/v2\/media\/11881"}],"wp:attachment":[{"href":"https:\/\/www.harzer-wandernadel.de\/da\/wp-json\/wp\/v2\/media?parent=20067"}],"wp:term":[{"taxonomy":"hf_cat_page","embeddable":true,"href":"https:\/\/www.harzer-wandernadel.de\/da\/wp-json\/wp\/v2\/hf_cat_page?post=20067"}],"curies":[{"name":"wp","href":"https:\/\/api.w.org\/{rel}","templated":true}]}}