{"id":20055,"date":"2016-02-19T11:44:22","date_gmt":"2016-02-19T10:44:22","guid":{"rendered":"https:\/\/www.harzer-wandernadel.de\/stempelcentre\/oversigtskort\/stempelpunkt-114-ramseck\/"},"modified":"2026-02-28T14:43:03","modified_gmt":"2026-02-28T13:43:03","slug":"stempelpunkt-114-ramseck","status":"publish","type":"page","link":"https:\/\/www.harzer-wandernadel.de\/da\/stempelcentre\/oversigtskort\/stempelpunkt-114-ramseck\/","title":{"rendered":"Stempelpunkt 114 \/ Ramseck"},"content":{"rendered":"\n<h2 class=\"wp-block-heading\">Ramseck er et klippefyldt udsigtspunkt p\u00e5 det 635&nbsp;meter h\u00f8je Rammelsberg. P\u00e5 Ramseck ligger Sparkassenh\u00fctte, hvor ogs\u00e5 frim\u00e6rkeboksen er placeret.&nbsp;<\/h2>\n\n<div class=\"wp-block-stackable-image alignwide stk-block-image stk-block stk-89e1006\" data-block-id=\"89e1006\"><style>.stk-89e1006 {margin-top:3% !important;margin-bottom:3% !important;}<\/style><figure><span class=\"stk-img-wrapper stk-image--shape-stretch stk--has-lightbox\"><img decoding=\"async\" width=\"5376\" height=\"3024\" src=\"https:\/\/www.harzer-wandernadel.de\/wp-content\/uploads\/2016\/02\/HWN-Ramseck.jpg\" class=\"attachment-full size-full wp-post-image\" alt srcset=\"https:\/\/www.harzer-wandernadel.de\/wp-content\/uploads\/2016\/02\/HWN-Ramseck.jpg 5376w, https:\/\/www.harzer-wandernadel.de\/wp-content\/uploads\/2016\/02\/HWN-Ramseck-300x169.jpg 300w, https:\/\/www.harzer-wandernadel.de\/wp-content\/uploads\/2016\/02\/HWN-Ramseck-768x432.jpg 768w, https:\/\/www.harzer-wandernadel.de\/wp-content\/uploads\/2016\/02\/HWN-Ramseck-1024x576.jpg 1024w, https:\/\/www.harzer-wandernadel.de\/wp-content\/uploads\/2016\/02\/HWN-Ramseck-624x351.jpg 624w\" sizes=\"(max-width: 5376px) 100vw, 5376px\"><\/span><\/figure><\/div>\n\n<p>Fra Ram\u00adseck har du en smuk udsigt over Goslar, Harzens for\u00adland og <a href=\"https:\/\/www.harzer-wandernadel.de\/da\/stempelcentre\/oversigtskort\/frimaerkepunkt-91-verdensarvsomraadet-rammelsberg\/\" data-type=\"page\" data-id=\"970\">Ram\u00admels\u00adberg HWN 91<\/a> bes\u00f8gs\u00adcen\u00adter, som ogs\u00e5 er et godt udgangs\u00adpunkt for en van\u00addre\u00adtur til Ramseck.<\/p>\n","protected":false},"excerpt":{"rendered":"<p>Ram\u00adseck er et klip\u00adpe\u00adfyldt udsigts\u00adpunkt p\u00e5 det 635&nbsp;meter h\u00f8je Ram\u00admels\u00adberg. P\u00e5 Ram\u00adseck lig\u00adger Spar\u00adkas\u00adsen\u00adh\u00fct\u00adte, hvor ogs\u00e5 fri\u00adm\u00e6r\u00adke\u00adbok\u00adsen er pla\u00adce\u00adret.&nbsp; Fra Ram\u00adseck har du en smuk udsigt over Goslar, Harzens for\u00adland og Ram\u00admels\u00adberg HWN 91 bes\u00f8gs\u00adcen\u00adter, som ogs\u00e5 er et godt udgangs\u00adpunkt for en van\u00addre\u00adtur til Ramseck.<\/p>\n","protected":false},"author":11,"featured_media":11869,"parent":17792,"menu_order":10114,"comment_status":"closed","ping_status":"closed","template":"","meta":{"_seopress_robots_primary_cat":"","_seopress_titles_title":"","_seopress_titles_desc":"","_seopress_robots_index":"","wp_typography_post_enhancements_disabled":false,"iawp_total_views":1,"footnotes":""},"hf_cat_page":[120],"class_list":["post-20055","page","type-page","status-publish","has-post-thumbnail"],"blocksy_meta":[],"_links":{"self":[{"href":"https:\/\/www.harzer-wandernadel.de\/da\/wp-json\/wp\/v2\/pages\/20055","targetHints":{"allow":["GET"]}}],"collection":[{"href":"https:\/\/www.harzer-wandernadel.de\/da\/wp-json\/wp\/v2\/pages"}],"about":[{"href":"https:\/\/www.harzer-wandernadel.de\/da\/wp-json\/wp\/v2\/types\/page"}],"author":[{"embeddable":true,"href":"https:\/\/www.harzer-wandernadel.de\/da\/wp-json\/wp\/v2\/users\/11"}],"replies":[{"embeddable":true,"href":"https:\/\/www.harzer-wandernadel.de\/da\/wp-json\/wp\/v2\/comments?post=20055"}],"version-history":[{"count":2,"href":"https:\/\/www.harzer-wandernadel.de\/da\/wp-json\/wp\/v2\/pages\/20055\/revisions"}],"predecessor-version":[{"id":24890,"href":"https:\/\/www.harzer-wandernadel.de\/da\/wp-json\/wp\/v2\/pages\/20055\/revisions\/24890"}],"up":[{"embeddable":true,"href":"https:\/\/www.harzer-wandernadel.de\/da\/wp-json\/wp\/v2\/pages\/17792"}],"wp:featuredmedia":[{"embeddable":true,"href":"https:\/\/www.harzer-wandernadel.de\/da\/wp-json\/wp\/v2\/media\/11869"}],"wp:attachment":[{"href":"https:\/\/www.harzer-wandernadel.de\/da\/wp-json\/wp\/v2\/media?parent=20055"}],"wp:term":[{"taxonomy":"hf_cat_page","embeddable":true,"href":"https:\/\/www.harzer-wandernadel.de\/da\/wp-json\/wp\/v2\/hf_cat_page?post=20055"}],"curies":[{"name":"wp","href":"https:\/\/api.w.org\/{rel}","templated":true}]}}