{"id":20036,"date":"2016-02-19T11:31:37","date_gmt":"2016-02-19T10:31:37","guid":{"rendered":"https:\/\/www.harzer-wandernadel.de\/stempelcentre\/oversigtskort\/stempelpunkt-108-sudmerberger-warte\/"},"modified":"2026-02-28T14:43:00","modified_gmt":"2026-02-28T13:43:00","slug":"stempelpunkt-108-sudmerberger-warte","status":"publish","type":"page","link":"https:\/\/www.harzer-wandernadel.de\/da\/stempelcentre\/oversigtskort\/stempelpunkt-108-sudmerberger-warte\/","title":{"rendered":"Stempelpunkt 108 \/ Sudmerberger Warte"},"content":{"rendered":"\n<h2 class=\"wp-block-heading\">Sudmerberg (354&nbsp;meter over havets overflade) ligger \u00f8st for Goslar over bydelen Sudmerberg, som har f\u00e5et sit navn efter bjerget.<\/h2>\n\n<div class=\"wp-block-stackable-image alignwide stk-block-image stk-block stk-89e1006\" data-block-id=\"89e1006\"><style>.stk-89e1006 {margin-top:3% !important;margin-bottom:3% !important;}<\/style><figure><span class=\"stk-img-wrapper stk-image--shape-stretch stk--has-lightbox\"><img decoding=\"async\" width=\"2048\" height=\"1536\" src=\"https:\/\/www.harzer-wandernadel.de\/wp-content\/uploads\/2016\/02\/Sudmerberger-Warte-G\u00f6der.jpg\" class=\"attachment-full size-full wp-post-image\" alt srcset=\"https:\/\/www.harzer-wandernadel.de\/wp-content\/uploads\/2016\/02\/Sudmerberger-Warte-G\u00f6der.jpg 2048w, https:\/\/www.harzer-wandernadel.de\/wp-content\/uploads\/2016\/02\/Sudmerberger-Warte-G\u00f6der-300x225.jpg 300w, https:\/\/www.harzer-wandernadel.de\/wp-content\/uploads\/2016\/02\/Sudmerberger-Warte-G\u00f6der-768x576.jpg 768w, https:\/\/www.harzer-wandernadel.de\/wp-content\/uploads\/2016\/02\/Sudmerberger-Warte-G\u00f6der-1024x768.jpg 1024w, https:\/\/www.harzer-wandernadel.de\/wp-content\/uploads\/2016\/02\/Sudmerberger-Warte-G\u00f6der-624x468.jpg 624w\" sizes=\"(max-width: 2048px) 100vw, 2048px\"><\/span><\/figure><\/div>\n\n<p>Goslars bybe\u00adf\u00e6st\u00adning, som var ble\u00advet udvi\u00addet i&nbsp;sti\u00adgen\u00adde grad siden det 11. \u00e5rhund\u00adre\u00adde, blev for\u00adst\u00e6r\u00adket i&nbsp;det 15. \u00e5rhund\u00adre\u00adde med en yder\u00adli\u00adge\u00adre ydre ring, som ogs\u00e5 strak\u00adte sig over Sud\u00admer\u00adberg. Det vides ikke, hvor\u00adn\u00e5r f\u00e6st\u00adnin\u00adgen blev byg\u00adget p\u00e5 bak\u00adken. Det er dog sik\u00adkert, at det oprin\u00adde\u00adligt var et tr\u00e6t\u00e5rn, som sene\u00adre blev erstat\u00adtet af et udkig\u00adst\u00e5rn af sten. Her\u00adfra kun\u00adne lys- og flag\u00adsig\u00adna\u00adler bru\u00adges til at adva\u00adre byvag\u00adter\u00adne i&nbsp;Goslar i&nbsp;tide i&nbsp;til\u00adf\u00e6l\u00adde af&nbsp;fare.&nbsp;<\/p>\n\n<p>T\u00e5r\u00adnet blev brugt til mili\u00adt\u00e6\u00adre for\u00adm\u00e5l ind\u00adtil slut\u00adnin\u00adgen af Anden Ver\u00addenskrig. I&nbsp;dag er det bare et udkig\u00adst\u00e5rn. Du har en god udsigt over Goslar, Bro\u00adck\u00aden, Harzens for\u00adland og t\u00e5r\u00adne\u00adne i&nbsp;Hal\u00adber\u00adstadt fra udkigsposten.&nbsp;<\/p>\n\n<h6 class=\"wp-block-heading\"><strong>Efter at foreningen har kunnet arbejde for en gennemgribende renovering af t\u00e5rnet, som har v\u00e6ret lukket siden 2013, er t\u00e5rnet nu igen \u00e5bent for alle, s\u00e5 de kan nyde den fantastiske udsigt over Goslar og det omkringliggende omr\u00e5de. <\/strong><strong>Byen Goslar forbeholder sig dog ret til at holde t\u00e5rnet lukket <u>fra 1. november til 31. marts<\/u> hvert \u00e5r p\u00e5 grund af mulige farer fra sne og&nbsp;is.<\/strong><\/h6>\n","protected":false},"excerpt":{"rendered":"<p>Sud\u00admer\u00adberg (354&nbsp;meter over havets over\u00adfla\u00adde) lig\u00adger \u00f8st for Goslar over byde\u00adlen Sud\u00admer\u00adberg, som har f\u00e5et sit navn efter bjer\u00adget. Goslars bybe\u00adf\u00e6st\u00adning, som var ble\u00advet udvi\u00addet i&nbsp;sti\u00adgen\u00adde grad siden det 11. \u00e5rhund\u00adre\u00adde, blev for\u00adst\u00e6r\u00adket i&nbsp;det 15. \u00e5rhund\u00adre\u00adde med en yder\u00adli\u00adge\u00adre ydre ring, som ogs\u00e5 strak\u00adte sig over Sud\u00admer\u00adberg. Det vides ikke, hvor\u00adn\u00e5r f\u00e6st\u00adnin\u00adgen blev byg\u00adget&nbsp;p\u00e5&nbsp;[\u2026]<\/p>\n","protected":false},"author":11,"featured_media":11851,"parent":17792,"menu_order":10108,"comment_status":"closed","ping_status":"closed","template":"","meta":{"_seopress_robots_primary_cat":"","_seopress_titles_title":"","_seopress_titles_desc":"","_seopress_robots_index":"","wp_typography_post_enhancements_disabled":false,"iawp_total_views":0,"footnotes":""},"hf_cat_page":[120],"class_list":["post-20036","page","type-page","status-publish","has-post-thumbnail"],"blocksy_meta":[],"_links":{"self":[{"href":"https:\/\/www.harzer-wandernadel.de\/da\/wp-json\/wp\/v2\/pages\/20036","targetHints":{"allow":["GET"]}}],"collection":[{"href":"https:\/\/www.harzer-wandernadel.de\/da\/wp-json\/wp\/v2\/pages"}],"about":[{"href":"https:\/\/www.harzer-wandernadel.de\/da\/wp-json\/wp\/v2\/types\/page"}],"author":[{"embeddable":true,"href":"https:\/\/www.harzer-wandernadel.de\/da\/wp-json\/wp\/v2\/users\/11"}],"replies":[{"embeddable":true,"href":"https:\/\/www.harzer-wandernadel.de\/da\/wp-json\/wp\/v2\/comments?post=20036"}],"version-history":[{"count":1,"href":"https:\/\/www.harzer-wandernadel.de\/da\/wp-json\/wp\/v2\/pages\/20036\/revisions"}],"predecessor-version":[{"id":20037,"href":"https:\/\/www.harzer-wandernadel.de\/da\/wp-json\/wp\/v2\/pages\/20036\/revisions\/20037"}],"up":[{"embeddable":true,"href":"https:\/\/www.harzer-wandernadel.de\/da\/wp-json\/wp\/v2\/pages\/17792"}],"wp:featuredmedia":[{"embeddable":true,"href":"https:\/\/www.harzer-wandernadel.de\/da\/wp-json\/wp\/v2\/media\/11851"}],"wp:attachment":[{"href":"https:\/\/www.harzer-wandernadel.de\/da\/wp-json\/wp\/v2\/media?parent=20036"}],"wp:term":[{"taxonomy":"hf_cat_page","embeddable":true,"href":"https:\/\/www.harzer-wandernadel.de\/da\/wp-json\/wp\/v2\/hf_cat_page?post=20036"}],"curies":[{"name":"wp","href":"https:\/\/api.w.org\/{rel}","templated":true}]}}