{"id":20023,"date":"2016-02-19T11:28:14","date_gmt":"2016-02-19T10:28:14","guid":{"rendered":"https:\/\/www.harzer-wandernadel.de\/stempelcentre\/oversigtskort\/stempelstation-105-prinzenlaube\/"},"modified":"2026-02-28T14:42:58","modified_gmt":"2026-02-28T13:42:58","slug":"stempelstation-105-prinzenlaube","status":"publish","type":"page","link":"https:\/\/www.harzer-wandernadel.de\/da\/stempelcentre\/oversigtskort\/stempelstation-105-prinzenlaube\/","title":{"rendered":"Stempelstation 105 \/ Prinzenlaube"},"content":{"rendered":"\n<p>&nbsp;<\/p>\n\n<h2 class=\"wp-block-heading\">Prinzenlaube (558&nbsp;meter over havets overflade) ligger p\u00e5 Ernst-August-H\u00f6he n\u00e6r Wildemann.<\/h2>\n\n<div class=\"wp-block-stackable-image alignwide stk-block-image stk-block stk-89e1006\" data-block-id=\"89e1006\"><style>.stk-89e1006 {margin-top:3% !important;margin-bottom:3% !important;}<\/style><figure><span class=\"stk-img-wrapper stk-image--shape-stretch stk--has-lightbox\"><img decoding=\"async\" width=\"788\" height=\"525\" src=\"https:\/\/www.harzer-wandernadel.de\/wp-content\/uploads\/2016\/02\/Prinzenlaube.jpg\" class=\"attachment-full size-full wp-post-image\" alt srcset=\"https:\/\/www.harzer-wandernadel.de\/wp-content\/uploads\/2016\/02\/Prinzenlaube.jpg 788w, https:\/\/www.harzer-wandernadel.de\/wp-content\/uploads\/2016\/02\/Prinzenlaube-300x200.jpg 300w, https:\/\/www.harzer-wandernadel.de\/wp-content\/uploads\/2016\/02\/Prinzenlaube-768x512.jpg 768w, https:\/\/www.harzer-wandernadel.de\/wp-content\/uploads\/2016\/02\/Prinzenlaube-624x416.jpg 624w\" sizes=\"(max-width: 788px) 100vw, 788px\"><\/span><\/figure><\/div>\n\n<p>Den har f\u00e5et sit navn, for\u00addi prins Adolph af Han\u00adnover og her\u00adtug af Cam\u00adbrid\u00adge boe\u00adde her under sin rej\u00adse til Ober\u00adharz i&nbsp;novem\u00adber 1814, n\u00f8d den fan\u00adta\u00adsti\u00adske udsigt over den lil\u00adle bjerg\u00adby Wil\u00adde\u00admann og blev under\u00adholdt i&nbsp;en \u201eLau\u00adbe\u201c.<\/p>\n\n<p>I 1839, i&nbsp;anled\u00adning af kong Ernst-August II\u2019s bes\u00f8g, fik byg\u00adnin\u00adgen udse\u00aden\u00adde af en \u201eJ\u00e4ge\u00adrey\u201c. Til \u00e6re for kon\u00adgen blev bak\u00adken, som lyst\u00adhu\u00adset stod p\u00e5, navn\u00adgi\u00advet \u201eErnst-August-H\u00f6he\u201c.<\/p>\n\n<p>I dag er der en van\u00addre\u00adhyt\u00adte, som er model\u00adle\u00adret efter en kul\u00adbr\u00e6n\u00adder\u00adhyt\u00adte, der til\u00adh\u00f8\u00adrer Wil\u00adde\u00admann-gre\u00adnen af Harzklub.<\/p>\n\n<p>Du kan n\u00e5 hyt\u00adten fra Wil\u00adde\u00admann via skilt\u00adnin\u00adgen \u201eErnst-August-Stieg\u201c.<\/p>\n\n<div class=\"wp-block-buttons is-layout-flex wp-block-buttons-is-layout-flex\">\n<div class=\"wp-block-button\"><a class=\"wp-block-button__link wp-element-button\" href=\"http:\/\/harzer-bergwald.de\/index.php\/wandertouren\/abenteuertouren\/19-jugendwandern-in-bad-grund\">Tour tip Harzen bjergskov<\/a><\/div>\n<\/div>\n","protected":false},"excerpt":{"rendered":"<p>&nbsp; Prin\u00adzen\u00adlau\u00adbe (558&nbsp;meter over havets over\u00adfla\u00adde) lig\u00adger p\u00e5 Ernst-August-H\u00f6he n\u00e6r Wil\u00adde\u00admann. Den har f\u00e5et sit navn, for\u00addi prins Adolph af Han\u00adnover og her\u00adtug af Cam\u00adbrid\u00adge boe\u00adde her under sin rej\u00adse til Ober\u00adharz i&nbsp;novem\u00adber 1814, n\u00f8d den fan\u00adta\u00adsti\u00adske udsigt over den lil\u00adle bjerg\u00adby Wil\u00adde\u00admann og blev under\u00adholdt i&nbsp;en \u201eLau\u00adbe\u201c. I&nbsp;1839, i&nbsp;anled\u00adning af kong Ernst-August II\u2019s [\u2026]<\/p>\n","protected":false},"author":11,"featured_media":11842,"parent":17792,"menu_order":10105,"comment_status":"closed","ping_status":"closed","template":"","meta":{"_seopress_robots_primary_cat":"","_seopress_titles_title":"","_seopress_titles_desc":"","_seopress_robots_index":"","wp_typography_post_enhancements_disabled":false,"iawp_total_views":2,"footnotes":""},"hf_cat_page":[120],"class_list":["post-20023","page","type-page","status-publish","has-post-thumbnail"],"blocksy_meta":[],"_links":{"self":[{"href":"https:\/\/www.harzer-wandernadel.de\/da\/wp-json\/wp\/v2\/pages\/20023","targetHints":{"allow":["GET"]}}],"collection":[{"href":"https:\/\/www.harzer-wandernadel.de\/da\/wp-json\/wp\/v2\/pages"}],"about":[{"href":"https:\/\/www.harzer-wandernadel.de\/da\/wp-json\/wp\/v2\/types\/page"}],"author":[{"embeddable":true,"href":"https:\/\/www.harzer-wandernadel.de\/da\/wp-json\/wp\/v2\/users\/11"}],"replies":[{"embeddable":true,"href":"https:\/\/www.harzer-wandernadel.de\/da\/wp-json\/wp\/v2\/comments?post=20023"}],"version-history":[{"count":1,"href":"https:\/\/www.harzer-wandernadel.de\/da\/wp-json\/wp\/v2\/pages\/20023\/revisions"}],"predecessor-version":[{"id":20026,"href":"https:\/\/www.harzer-wandernadel.de\/da\/wp-json\/wp\/v2\/pages\/20023\/revisions\/20026"}],"up":[{"embeddable":true,"href":"https:\/\/www.harzer-wandernadel.de\/da\/wp-json\/wp\/v2\/pages\/17792"}],"wp:featuredmedia":[{"embeddable":true,"href":"https:\/\/www.harzer-wandernadel.de\/da\/wp-json\/wp\/v2\/media\/11842"}],"wp:attachment":[{"href":"https:\/\/www.harzer-wandernadel.de\/da\/wp-json\/wp\/v2\/media?parent=20023"}],"wp:term":[{"taxonomy":"hf_cat_page","embeddable":true,"href":"https:\/\/www.harzer-wandernadel.de\/da\/wp-json\/wp\/v2\/hf_cat_page?post=20023"}],"curies":[{"name":"wp","href":"https:\/\/api.w.org\/{rel}","templated":true}]}}