{"id":20011,"date":"2016-02-19T11:31:00","date_gmt":"2016-02-19T10:31:00","guid":{"rendered":"https:\/\/www.harzer-wandernadel.de\/stempelcentre\/oversigtskort\/stempelpunkt-107-maassener-gaipel\/"},"modified":"2026-02-28T14:42:59","modified_gmt":"2026-02-28T13:42:59","slug":"stempelpunkt-107-maassener-gaipel","status":"publish","type":"page","link":"https:\/\/www.harzer-wandernadel.de\/da\/stempelcentre\/oversigtskort\/stempelpunkt-107-maassener-gaipel\/","title":{"rendered":"Stempelpunkt 107 \/ Maa\u00dfener Gaipel"},"content":{"rendered":"\n<h2 class=\"wp-block-heading\"><span style=\"font-family: Arial;\">Maa\u00dfener Gaipel over Lautenthal blev bygget i&nbsp;1924 af Lautenthal-afdelingen af Harzklub og moderniseret og udvidet i&nbsp;1978.&nbsp;<\/span><\/h2>\n\n<div class=\"wp-block-stackable-image alignwide stk-block-image stk-block stk-89e1006\" data-block-id=\"89e1006\"><style>.stk-89e1006 {margin-top:3% !important;margin-bottom:3% !important;}<\/style><figure><span class=\"stk-img-wrapper stk-image--shape-stretch stk--has-lightbox\"><img decoding=\"async\" width=\"788\" height=\"525\" src=\"https:\/\/www.harzer-wandernadel.de\/wp-content\/uploads\/2016\/02\/Maassener-Gaipel.jpg\" class=\"attachment-full size-full wp-post-image\" alt srcset=\"https:\/\/www.harzer-wandernadel.de\/wp-content\/uploads\/2016\/02\/Maassener-Gaipel.jpg 788w, https:\/\/www.harzer-wandernadel.de\/wp-content\/uploads\/2016\/02\/Maassener-Gaipel-300x200.jpg 300w, https:\/\/www.harzer-wandernadel.de\/wp-content\/uploads\/2016\/02\/Maassener-Gaipel-768x512.jpg 768w, https:\/\/www.harzer-wandernadel.de\/wp-content\/uploads\/2016\/02\/Maassener-Gaipel-624x416.jpg 624w\" sizes=\"(max-width: 788px) 100vw, 788px\"><\/span><\/figure><\/div>\n\n<p><span style=\"font-family: Arial;\">Man\u00adge \u00e5rti\u00ader f\u00f8r restau\u00adran\u00adten blev byg\u00adget, var Gaipel\u00adhaus (slyn\u00adge\u00adhu\u00adset) ved siden af skak\u00adten og slyn\u00adget\u00e5r\u00adnet i&nbsp;malm\u00admi\u00adnen \u201eMaa\u00dfen\u201c et popu\u00adl\u00e6rt van\u00addre- og udflugts\u00adm\u00e5l for bes\u00f8\u00adgen\u00adde i&nbsp;mine\u00adby\u00aden Lautenthal.<\/span><\/p>\n\n<p><span style=\"font-family: Arial;\">Den fan\u00adta\u00adsti\u00adske udsigt over Lau\u00adtent\u00adhal, som lig\u00adger for dine f\u00f8d\u00adder, og det smuk\u00adke bjerg\u00adland\u00adskab i&nbsp;Harzen g\u00f8r et bes\u00f8g i&nbsp;Maa\u00dfe\u00adner Gaipel uma\u00adgen&nbsp;v\u00e6rd.<\/span><\/p>\n\n<p><span style=\"font-family: Arial;\">Nav\u00adnet \u201eGaipel\u201c min\u00adder om det tid\u00adli\u00adge\u00adre hej\u00adseud\u00adstyr (g\u00f6pel\u00adhjul), som brug\u00adte heste\u00adkr\u00e6f\u00adter til at l\u00f8f\u00adte de s\u00f8lv\u00adhol\u00addi\u00adge ikke-jern\u00adhol\u00addi\u00adge metal\u00admal\u00adme op af skak\u00adten.  <\/span><span style=\"font-family: Arial;\">Vid\u00adner fra mine\u00adti\u00adden kan sta\u00addig fin\u00addes i&nbsp;dag p\u00e5 mine\u00ade\u00adven\u00adtyrstien i&nbsp;umid\u00addel\u00adbar n\u00e6r\u00adhed af Maa\u00dfe\u00adner Gaipel.<br><\/span><\/p>\n\n<p>Der er adgang til plad\u00adsen ad vej\u00aden fra Lau\u00adten\u00adtal til Bockswiese.<\/p>\n","protected":false},"excerpt":{"rendered":"<p>Maa\u00dfe\u00adner Gaipel over Lau\u00adtent\u00adhal blev byg\u00adget i&nbsp;1924 af Lau\u00adtent\u00adhal-afde\u00adlin\u00adgen af Harz\u00adklub og moder\u00adni\u00adse\u00adret og udvi\u00addet i&nbsp;1978.&nbsp; Man\u00adge \u00e5rti\u00ader f\u00f8r restau\u00adran\u00adten blev byg\u00adget, var Gaipel\u00adhaus (slyn\u00adge\u00adhu\u00adset) ved siden af skak\u00adten og slyn\u00adget\u00e5r\u00adnet i&nbsp;malm\u00admi\u00adnen \u201eMaa\u00dfen\u201c et popu\u00adl\u00e6rt van\u00addre- og udflugts\u00adm\u00e5l for bes\u00f8\u00adgen\u00adde i&nbsp;mine\u00adby\u00aden Lau\u00adtent\u00adhal. Den fan\u00adta\u00adsti\u00adske udsigt over Lau\u00adtent\u00adhal, som lig\u00adger for dine f\u00f8d\u00adder, og det smukke&nbsp;[\u2026]<\/p>\n","protected":false},"author":11,"featured_media":11848,"parent":17792,"menu_order":10107,"comment_status":"closed","ping_status":"closed","template":"","meta":{"_seopress_robots_primary_cat":"","_seopress_titles_title":"","_seopress_titles_desc":"","_seopress_robots_index":"","wp_typography_post_enhancements_disabled":false,"iawp_total_views":0,"footnotes":""},"hf_cat_page":[120],"class_list":["post-20011","page","type-page","status-publish","has-post-thumbnail"],"blocksy_meta":[],"_links":{"self":[{"href":"https:\/\/www.harzer-wandernadel.de\/da\/wp-json\/wp\/v2\/pages\/20011","targetHints":{"allow":["GET"]}}],"collection":[{"href":"https:\/\/www.harzer-wandernadel.de\/da\/wp-json\/wp\/v2\/pages"}],"about":[{"href":"https:\/\/www.harzer-wandernadel.de\/da\/wp-json\/wp\/v2\/types\/page"}],"author":[{"embeddable":true,"href":"https:\/\/www.harzer-wandernadel.de\/da\/wp-json\/wp\/v2\/users\/11"}],"replies":[{"embeddable":true,"href":"https:\/\/www.harzer-wandernadel.de\/da\/wp-json\/wp\/v2\/comments?post=20011"}],"version-history":[{"count":1,"href":"https:\/\/www.harzer-wandernadel.de\/da\/wp-json\/wp\/v2\/pages\/20011\/revisions"}],"predecessor-version":[{"id":20012,"href":"https:\/\/www.harzer-wandernadel.de\/da\/wp-json\/wp\/v2\/pages\/20011\/revisions\/20012"}],"up":[{"embeddable":true,"href":"https:\/\/www.harzer-wandernadel.de\/da\/wp-json\/wp\/v2\/pages\/17792"}],"wp:featuredmedia":[{"embeddable":true,"href":"https:\/\/www.harzer-wandernadel.de\/da\/wp-json\/wp\/v2\/media\/11848"}],"wp:attachment":[{"href":"https:\/\/www.harzer-wandernadel.de\/da\/wp-json\/wp\/v2\/media?parent=20011"}],"wp:term":[{"taxonomy":"hf_cat_page","embeddable":true,"href":"https:\/\/www.harzer-wandernadel.de\/da\/wp-json\/wp\/v2\/hf_cat_page?post=20011"}],"curies":[{"name":"wp","href":"https:\/\/api.w.org\/{rel}","templated":true}]}}