{"id":19970,"date":"2016-02-19T11:09:57","date_gmt":"2016-02-19T10:09:57","guid":{"rendered":"https:\/\/www.harzer-wandernadel.de\/stempelcentre\/oversigtskort\/stempelpunkt-95-ilfeld-vejrfloej\/"},"modified":"2026-02-28T14:42:53","modified_gmt":"2026-02-28T13:42:53","slug":"stempelpunkt-95-ilfeld-vejrfloej","status":"publish","type":"page","link":"https:\/\/www.harzer-wandernadel.de\/da\/stempelcentre\/oversigtskort\/stempelpunkt-95-ilfeld-vejrfloej\/","title":{"rendered":"Stempelpunkt 95 \/ Ilfeld vejrfl\u00f8j"},"content":{"rendered":"\n<h2 class=\"wp-block-heading\">P\u00e5 toppen af Herzberg n\u00e6r Ilfeld st\u00e5r Ilfeld-vejrhanen, som har v\u00e6ret et vartegn for Ilfeld i&nbsp;over 100&nbsp;\u00e5r.<\/h2>\n\n<div class=\"wp-block-stackable-image alignwide stk-block-image stk-block stk-89e1006\" data-block-id=\"89e1006\"><style>.stk-89e1006 {margin-top:3% !important;margin-bottom:3% !important;}<\/style><figure><span class=\"stk-img-wrapper stk-image--shape-stretch stk--has-lightbox\"><img decoding=\"async\" width=\"700\" height=\"525\" src=\"https:\/\/www.harzer-wandernadel.de\/wp-content\/uploads\/2016\/02\/Ilfelder-Wetterfahne.jpg\" class=\"attachment-full size-full wp-post-image\" alt srcset=\"https:\/\/www.harzer-wandernadel.de\/wp-content\/uploads\/2016\/02\/Ilfelder-Wetterfahne.jpg 700w, https:\/\/www.harzer-wandernadel.de\/wp-content\/uploads\/2016\/02\/Ilfelder-Wetterfahne-300x225.jpg 300w, https:\/\/www.harzer-wandernadel.de\/wp-content\/uploads\/2016\/02\/Ilfelder-Wetterfahne-624x468.jpg 624w\" sizes=\"(max-width: 700px) 100vw, 700px\"><\/span><\/figure><\/div>\n\n<p>Den f\u00f8r\u00adste vej\u00adr\u00adha\u00adne blev sat op i&nbsp;1870\/71 som et tr\u00e6\u00admonu\u00adment. I&nbsp;tidens l\u00f8b m\u00e5t\u00adte vej\u00adr\u00adha\u00adnen udskif\u00adtes fle\u00adre gan\u00adge p\u00e5 grund af for\u00adskel\u00adli\u00adge vej\u00adr\u00adfor\u00adhold, og den nuv\u00e6\u00adren\u00adde vej\u00adr\u00adha\u00adne blev sat op i&nbsp;1974 og restau\u00adre\u00adret i&nbsp;1990\u2019erne. Pilen p\u00e5 bag\u00adsi\u00adden bety\u00adder, at man ogs\u00e5 kan se vin\u00addret\u00adnin\u00adgen fra&nbsp;dalen.&nbsp;<\/p>\n\n<p>Fra g\u00e6ste\u00adpar\u00adke\u00adrin\u00adgen i&nbsp;cen\u00adtrum af Ilfeld f\u00f8rer en afm\u00e6r\u00adket van\u00addre\u00adsti for\u00adbi Nean\u00adder\u00adkli\u00adnik via G\u00e4n\u00adses\u00adch\u00adna\u00adbel til Ilfeld-vejrhanen.<\/p>\n\n<div class=\"wp-block-buttons is-layout-flex wp-block-buttons-is-layout-flex\">\n<div class=\"wp-block-button\"><a class=\"wp-block-button__link wp-element-button\" href=\"http:\/\/harzer-bergwald.de\/index.php\/wandertouren\/abenteuertouren\/9-singletrails-bei-ilfeld\" target=\"_blank\" rel=\"noreferrer noopener\">Tour tip Harzen bjergskov<\/a><\/div>\n<\/div>\n","protected":false},"excerpt":{"rendered":"<p>P\u00e5 top\u00adpen af Her\u00adz\u00adberg n\u00e6r Ilfeld st\u00e5r Ilfeld-vej\u00adr\u00adha\u00adnen, som har v\u00e6ret et var\u00adtegn for Ilfeld i&nbsp;over 100&nbsp;\u00e5r. Den f\u00f8r\u00adste vej\u00adr\u00adha\u00adne blev sat op i&nbsp;1870\/71 som et tr\u00e6\u00admonu\u00adment. I&nbsp;tidens l\u00f8b m\u00e5t\u00adte vej\u00adr\u00adha\u00adnen udskif\u00adtes fle\u00adre gan\u00adge p\u00e5 grund af for\u00adskel\u00adli\u00adge vej\u00adr\u00adfor\u00adhold, og den nuv\u00e6\u00adren\u00adde vej\u00adr\u00adha\u00adne blev sat op i&nbsp;1974 og restau\u00adre\u00adret i&nbsp;1990\u2019erne. Pilen p\u00e5 bag\u00adsi\u00adden bety\u00adder,&nbsp;at&nbsp;[\u2026]<\/p>\n","protected":false},"author":11,"featured_media":11809,"parent":17792,"menu_order":10095,"comment_status":"closed","ping_status":"closed","template":"","meta":{"_seopress_robots_primary_cat":"","_seopress_titles_title":"","_seopress_titles_desc":"","_seopress_robots_index":"","wp_typography_post_enhancements_disabled":false,"iawp_total_views":1,"footnotes":""},"hf_cat_page":[120],"class_list":["post-19970","page","type-page","status-publish","has-post-thumbnail"],"blocksy_meta":[],"_links":{"self":[{"href":"https:\/\/www.harzer-wandernadel.de\/da\/wp-json\/wp\/v2\/pages\/19970","targetHints":{"allow":["GET"]}}],"collection":[{"href":"https:\/\/www.harzer-wandernadel.de\/da\/wp-json\/wp\/v2\/pages"}],"about":[{"href":"https:\/\/www.harzer-wandernadel.de\/da\/wp-json\/wp\/v2\/types\/page"}],"author":[{"embeddable":true,"href":"https:\/\/www.harzer-wandernadel.de\/da\/wp-json\/wp\/v2\/users\/11"}],"replies":[{"embeddable":true,"href":"https:\/\/www.harzer-wandernadel.de\/da\/wp-json\/wp\/v2\/comments?post=19970"}],"version-history":[{"count":1,"href":"https:\/\/www.harzer-wandernadel.de\/da\/wp-json\/wp\/v2\/pages\/19970\/revisions"}],"predecessor-version":[{"id":19972,"href":"https:\/\/www.harzer-wandernadel.de\/da\/wp-json\/wp\/v2\/pages\/19970\/revisions\/19972"}],"up":[{"embeddable":true,"href":"https:\/\/www.harzer-wandernadel.de\/da\/wp-json\/wp\/v2\/pages\/17792"}],"wp:featuredmedia":[{"embeddable":true,"href":"https:\/\/www.harzer-wandernadel.de\/da\/wp-json\/wp\/v2\/media\/11809"}],"wp:attachment":[{"href":"https:\/\/www.harzer-wandernadel.de\/da\/wp-json\/wp\/v2\/media?parent=19970"}],"wp:term":[{"taxonomy":"hf_cat_page","embeddable":true,"href":"https:\/\/www.harzer-wandernadel.de\/da\/wp-json\/wp\/v2\/hf_cat_page?post=19970"}],"curies":[{"name":"wp","href":"https:\/\/api.w.org\/{rel}","templated":true}]}}