{"id":19969,"date":"2016-02-19T11:18:32","date_gmt":"2016-02-19T10:18:32","guid":{"rendered":"https:\/\/www.harzer-wandernadel.de\/stempelcentre\/oversigtskort\/frimaerkepunkt-99-harzen-damplokomotiv-i-trae\/"},"modified":"2026-02-28T14:42:55","modified_gmt":"2026-02-28T13:42:55","slug":"frimaerkepunkt-99-harzen-damplokomotiv-i-trae","status":"publish","type":"page","link":"https:\/\/www.harzer-wandernadel.de\/da\/stempelcentre\/oversigtskort\/frimaerkepunkt-99-harzen-damplokomotiv-i-trae\/","title":{"rendered":"Frim\u00e6rkepunkt 99 \/ Harzen-damplokomotiv i&nbsp;tr\u00e6"},"content":{"rendered":"\n<h2 class=\"wp-block-heading\">Harzens tr\u00e6-damplokomotiv med HWN 99 st\u00e5r p\u00e5 Galgenberg n\u00e6r Neustadt<\/h2>\n\n<div class=\"wp-block-stackable-image alignwide stk-block-image stk-block stk-89e1006\" data-block-id=\"89e1006\"><style>.stk-89e1006 {margin-top:3% !important;margin-bottom:3% !important;}<\/style><figure><span class=\"stk-img-wrapper stk-image--shape-stretch stk--has-lightbox\"><img decoding=\"async\" width=\"2560\" height=\"1706\" src=\"https:\/\/www.harzer-wandernadel.de\/wp-content\/uploads\/2025\/08\/harzer-wandernadel-eroeffnung-2024-161-scaled.jpg\" class=\"attachment-full size-full wp-post-image default-featured-img\" alt=\"Hand h\u00e4lt Heft mit gesammelten Stempeln\" srcset=\"https:\/\/www.harzer-wandernadel.de\/wp-content\/uploads\/2025\/08\/harzer-wandernadel-eroeffnung-2024-161-scaled.jpg 2560w, https:\/\/www.harzer-wandernadel.de\/wp-content\/uploads\/2025\/08\/harzer-wandernadel-eroeffnung-2024-161-300x200.jpg 300w, https:\/\/www.harzer-wandernadel.de\/wp-content\/uploads\/2025\/08\/harzer-wandernadel-eroeffnung-2024-161-1024x683.jpg 1024w, https:\/\/www.harzer-wandernadel.de\/wp-content\/uploads\/2025\/08\/harzer-wandernadel-eroeffnung-2024-161-768x512.jpg 768w, https:\/\/www.harzer-wandernadel.de\/wp-content\/uploads\/2025\/08\/harzer-wandernadel-eroeffnung-2024-161-1536x1024.jpg 1536w, https:\/\/www.harzer-wandernadel.de\/wp-content\/uploads\/2025\/08\/harzer-wandernadel-eroeffnung-2024-161-2048x1365.jpg 2048w, https:\/\/www.harzer-wandernadel.de\/wp-content\/uploads\/2025\/08\/harzer-wandernadel-eroeffnung-2024-161-250x167.jpg 250w\" sizes=\"(max-width: 2560px) 100vw, 2560px\"><\/span><\/figure><\/div>\n\n<p>S\u00fcd\u00adharzer Damp\u00adflok Steig snor sig gen\u00adnem natur\u00adpar\u00adken S\u00fcd\u00adharz i&nbsp;n\u00e6sten 42&nbsp;kilo\u00adme\u00adter. Den til\u00adba\u00adge\u00adl\u00e6g\u00adger godt 2000 h\u00f8j\u00adde\u00adme\u00adter, byder p\u00e5 en fasci\u00adne\u00adren\u00adde udsigt over Harzens for\u00adland og g\u00e5r gen\u00adnem de hyg\u00adge\u00adli\u00adge blan\u00adde\u00adde l\u00f8vsko\u00adve i&nbsp;det nord\u00adli\u00adge Th\u00fcringen.&nbsp;<\/p>\n\n<div class=\"oax_bold\">\n<p>Eta\u00adpen fra Neustadt til Nord\u00adhau\u00adsen f\u00f8rer dig gen\u00adnem det unik\u00adke karst\u00adland\u00adskab i&nbsp;Syd\u00adharzen med mid\u00addel\u00adhavs\u00adflair. I&nbsp;mod\u00ads\u00e6t\u00adning til de to andre eta\u00adper i&nbsp;S\u00fcd\u00adharzer Damp\u00adflok Steig g\u00e5r ruten hoved\u00adsa\u00adge\u00adligt gen\u00adnem \u00e5bne, vidt\u00adstrak\u00adte omr\u00e5\u00adder. Der er ikke meget skov, men du vil se et stort dam\u00adploko\u00admo\u00adtiv af tr\u00e6, et ege\u00adtr\u00e6, der er mere end 600 \u00e5r gam\u00admelt, og et land\u00adskab, der min\u00adder om Tosca\u00adna i&nbsp;Italien.&nbsp;<\/p>\n<p>Fra Neustadt f\u00f8l\u00adger du de r\u00f8de skil\u00adte med det hvi\u00adde dam\u00adploko\u00admo\u00adtiv til Gal\u00adgen\u00adberg, hvor Harzens tr\u00e6\u00addam\u00adploko\u00admo\u00adtiv invi\u00adte\u00adrer dig til et hvil med udsigt til Hohnste\u00adin-rui\u00adner\u00adne og Harzens skove.<\/p>\n<p>&nbsp;<\/p>\n<\/div>\n","protected":false},"excerpt":{"rendered":"<p>Harzens tr\u00e6-dam\u00adploko\u00admo\u00adtiv med HWN 99 st\u00e5r p\u00e5 Gal\u00adgen\u00adberg n\u00e6r Neustadt S\u00fcd\u00adharzer Damp\u00adflok Steig snor sig gen\u00adnem natur\u00adpar\u00adken S\u00fcd\u00adharz i&nbsp;n\u00e6sten 42&nbsp;kilo\u00adme\u00adter. Den til\u00adba\u00adge\u00adl\u00e6g\u00adger godt 2000 h\u00f8j\u00adde\u00adme\u00adter, byder p\u00e5 en fasci\u00adne\u00adren\u00adde udsigt over Harzens for\u00adland og g\u00e5r gen\u00adnem de hyg\u00adge\u00adli\u00adge blan\u00adde\u00adde l\u00f8vsko\u00adve i&nbsp;det nord\u00adli\u00adge Th\u00fcringen.&nbsp;<\/p>\n","protected":false},"author":11,"featured_media":13747,"parent":17792,"menu_order":10099,"comment_status":"closed","ping_status":"closed","template":"","meta":{"_seopress_robots_primary_cat":"","_seopress_titles_title":"","_seopress_titles_desc":"","_seopress_robots_index":"","wp_typography_post_enhancements_disabled":false,"iawp_total_views":0,"footnotes":""},"hf_cat_page":[120],"class_list":["post-19969","page","type-page","status-publish","has-post-thumbnail"],"blocksy_meta":[],"_links":{"self":[{"href":"https:\/\/www.harzer-wandernadel.de\/da\/wp-json\/wp\/v2\/pages\/19969","targetHints":{"allow":["GET"]}}],"collection":[{"href":"https:\/\/www.harzer-wandernadel.de\/da\/wp-json\/wp\/v2\/pages"}],"about":[{"href":"https:\/\/www.harzer-wandernadel.de\/da\/wp-json\/wp\/v2\/types\/page"}],"author":[{"embeddable":true,"href":"https:\/\/www.harzer-wandernadel.de\/da\/wp-json\/wp\/v2\/users\/11"}],"replies":[{"embeddable":true,"href":"https:\/\/www.harzer-wandernadel.de\/da\/wp-json\/wp\/v2\/comments?post=19969"}],"version-history":[{"count":1,"href":"https:\/\/www.harzer-wandernadel.de\/da\/wp-json\/wp\/v2\/pages\/19969\/revisions"}],"predecessor-version":[{"id":19971,"href":"https:\/\/www.harzer-wandernadel.de\/da\/wp-json\/wp\/v2\/pages\/19969\/revisions\/19971"}],"up":[{"embeddable":true,"href":"https:\/\/www.harzer-wandernadel.de\/da\/wp-json\/wp\/v2\/pages\/17792"}],"wp:featuredmedia":[{"embeddable":true,"href":"https:\/\/www.harzer-wandernadel.de\/da\/wp-json\/wp\/v2\/media\/13747"}],"wp:attachment":[{"href":"https:\/\/www.harzer-wandernadel.de\/da\/wp-json\/wp\/v2\/media?parent=19969"}],"wp:term":[{"taxonomy":"hf_cat_page","embeddable":true,"href":"https:\/\/www.harzer-wandernadel.de\/da\/wp-json\/wp\/v2\/hf_cat_page?post=19969"}],"curies":[{"name":"wp","href":"https:\/\/api.w.org\/{rel}","templated":true}]}}