{"id":19965,"date":"2016-02-19T11:17:58","date_gmt":"2016-02-19T10:17:58","guid":{"rendered":"https:\/\/www.harzer-wandernadel.de\/stempelcentre\/oversigtskort\/frimaerkepunkt-98-hohnstein-ruinerne\/"},"modified":"2026-02-28T14:42:55","modified_gmt":"2026-02-28T13:42:55","slug":"frimaerkepunkt-98-hohnstein-ruinerne","status":"publish","type":"page","link":"https:\/\/www.harzer-wandernadel.de\/da\/stempelcentre\/oversigtskort\/frimaerkepunkt-98-hohnstein-ruinerne\/","title":{"rendered":"Frim\u00e6rkepunkt 98 \/ Hohnstein-ruinerne"},"content":{"rendered":"\n<h2 class=\"wp-block-heading\">De imponerende ruiner af den n\u00e6sten 900 \u00e5r gamle borg Hohnstein h\u00e6ver sig over den lille Harz-by Neustadt p\u00e5 en porfyrkegle.<\/h2>\n\n<div class=\"wp-block-stackable-image alignwide stk-block-image stk-block stk-89e1006\" data-block-id=\"89e1006\"><style>.stk-89e1006 {margin-top:3% !important;margin-bottom:3% !important;}<\/style><figure><span class=\"stk-img-wrapper stk-image--shape-stretch stk--has-lightbox\"><img decoding=\"async\" width=\"700\" height=\"525\" src=\"https:\/\/www.harzer-wandernadel.de\/wp-content\/uploads\/2016\/02\/Burg-Hohnstein.jpg\" class=\"attachment-full size-full wp-post-image\" alt srcset=\"https:\/\/www.harzer-wandernadel.de\/wp-content\/uploads\/2016\/02\/Burg-Hohnstein.jpg 700w, https:\/\/www.harzer-wandernadel.de\/wp-content\/uploads\/2016\/02\/Burg-Hohnstein-300x225.jpg 300w, https:\/\/www.harzer-wandernadel.de\/wp-content\/uploads\/2016\/02\/Burg-Hohnstein-624x468.jpg 624w\" sizes=\"(max-width: 700px) 100vw, 700px\"><\/span><\/figure><\/div>\n\n<p>Kon\u00adrad von San\u00adger\u00adhau\u00adsen byg\u00adge\u00adde den omkring \u00e5r 1200, og det st\u00e6rkt bef\u00e6\u00adste\u00adde kom\u00adpleks blev stamslot for gre\u00adver\u00adne af Hohnste\u00adin. I&nbsp;over 500 \u00e5r var bor\u00adgen hjem\u00adsted for et rigt og vari\u00ade\u00adret liv. Efter vold\u00adsom\u00adme kam\u00adpe og for\u00adskel\u00adli\u00adge \u00f8de\u00adl\u00e6g\u00adgel\u00adser i&nbsp;grev\u00adska\u00adbet Hohnste\u00adin under Fleg\u00adler\u00adkri\u00adgen fra 1412 til 1415 over\u00adtog gre\u00adver\u00adne af Stol\u00adberg slot\u00adtet Hohnste\u00adin i&nbsp;1417. I&nbsp;1627, under tre\u00addi\u00adve\u00ad\u00e5r\u00adskri\u00adgens uro\u00adlig\u00adhe\u00adder, \u00f8de\u00adlag\u00adde Vitztum von Eck\u00adst\u00e4dt det\u00adte sto\u00adre slotskom\u00adpleks i&nbsp;Harzen ved en p\u00e5sat&nbsp;brand.&nbsp;<\/p>\n\n<p>Siden da har vi kun kun\u00adnet ople\u00adve den som en ruin. Men du kan dr\u00f8m\u00adme blandt rui\u00adner\u00adne og lade din fan\u00adta\u00adsi van\u00addre gen\u00adnem \u00e5rhund\u00adre\u00adder\u00adne. Nyd din tid p\u00e5 Hohnste\u00adin&nbsp;Slot.&nbsp;<\/p>\n\n<p>Kro\u00aden p\u00e5 slot\u00adtet blev byg\u00adget i&nbsp;1908 og gen\u00adnem\u00adgri\u00adben\u00adde renove\u00adret i&nbsp;2000. Under mot\u00adto\u00adet <em>\u201eEn g\u00e6st i&nbsp;en anden tid\u201c <\/em>bli\u00adver g\u00e6ster\u00adne budt p\u00e5 overd\u00e5\u00addig <em> g\u00e6st\u00adfri\u00adhed <\/em>. <\/p>\n\n<div class=\"wp-block-buttons is-layout-flex wp-block-buttons-is-layout-flex\">\n<div class=\"wp-block-button\"><a class=\"wp-block-button__link wp-element-button\" href=\"http:\/\/www.burghohnstein.de\/\" target=\"_blank\" rel=\"noreferrer noopener\">Hohnste\u00adin&nbsp;Slot<\/a><\/div>\n<\/div>\n\n<p>Du kan van\u00addre til Hohnste\u00adin Slot fra par\u00adke\u00adrings\u00adplad\u00adser\u00adne omkring Neustadt ad velaf\u00adm\u00e6r\u00adke\u00adde&nbsp;stier.<\/p>\n","protected":false},"excerpt":{"rendered":"<p>De impo\u00adne\u00adren\u00adde rui\u00adner af den n\u00e6sten 900 \u00e5r gam\u00adle borg Hohnste\u00adin h\u00e6ver sig over den lil\u00adle Harz-by Neustadt p\u00e5 en por\u00adfyr\u00adkeg\u00adle. Kon\u00adrad von San\u00adger\u00adhau\u00adsen byg\u00adge\u00adde den omkring \u00e5r 1200, og det st\u00e6rkt bef\u00e6\u00adste\u00adde kom\u00adpleks blev stamslot for gre\u00adver\u00adne af Hohnste\u00adin. I&nbsp;over 500 \u00e5r var bor\u00adgen hjem\u00adsted for et rigt og vari\u00ade\u00adret liv. Efter vold\u00adsom\u00adme&nbsp;kampe&nbsp;[\u2026]<\/p>\n","protected":false},"author":11,"featured_media":11818,"parent":17792,"menu_order":10098,"comment_status":"closed","ping_status":"closed","template":"","meta":{"_seopress_robots_primary_cat":"","_seopress_titles_title":"","_seopress_titles_desc":"","_seopress_robots_index":"","wp_typography_post_enhancements_disabled":false,"iawp_total_views":0,"footnotes":""},"hf_cat_page":[120],"class_list":["post-19965","page","type-page","status-publish","has-post-thumbnail"],"blocksy_meta":[],"_links":{"self":[{"href":"https:\/\/www.harzer-wandernadel.de\/da\/wp-json\/wp\/v2\/pages\/19965","targetHints":{"allow":["GET"]}}],"collection":[{"href":"https:\/\/www.harzer-wandernadel.de\/da\/wp-json\/wp\/v2\/pages"}],"about":[{"href":"https:\/\/www.harzer-wandernadel.de\/da\/wp-json\/wp\/v2\/types\/page"}],"author":[{"embeddable":true,"href":"https:\/\/www.harzer-wandernadel.de\/da\/wp-json\/wp\/v2\/users\/11"}],"replies":[{"embeddable":true,"href":"https:\/\/www.harzer-wandernadel.de\/da\/wp-json\/wp\/v2\/comments?post=19965"}],"version-history":[{"count":1,"href":"https:\/\/www.harzer-wandernadel.de\/da\/wp-json\/wp\/v2\/pages\/19965\/revisions"}],"predecessor-version":[{"id":19966,"href":"https:\/\/www.harzer-wandernadel.de\/da\/wp-json\/wp\/v2\/pages\/19965\/revisions\/19966"}],"up":[{"embeddable":true,"href":"https:\/\/www.harzer-wandernadel.de\/da\/wp-json\/wp\/v2\/pages\/17792"}],"wp:featuredmedia":[{"embeddable":true,"href":"https:\/\/www.harzer-wandernadel.de\/da\/wp-json\/wp\/v2\/media\/11818"}],"wp:attachment":[{"href":"https:\/\/www.harzer-wandernadel.de\/da\/wp-json\/wp\/v2\/media?parent=19965"}],"wp:term":[{"taxonomy":"hf_cat_page","embeddable":true,"href":"https:\/\/www.harzer-wandernadel.de\/da\/wp-json\/wp\/v2\/hf_cat_page?post=19965"}],"curies":[{"name":"wp","href":"https:\/\/api.w.org\/{rel}","templated":true}]}}