{"id":19887,"date":"2016-02-18T12:43:12","date_gmt":"2016-02-18T11:43:12","guid":{"rendered":"https:\/\/www.harzer-wandernadel.de\/stempelcentre\/oversigtskort\/frimaerkepunkt-81-sandhuler-i-heers\/"},"modified":"2026-02-28T14:42:45","modified_gmt":"2026-02-28T13:42:45","slug":"frimaerkepunkt-81-sandhuler-i-heers","status":"publish","type":"page","link":"https:\/\/www.harzer-wandernadel.de\/da\/stempelcentre\/oversigtskort\/frimaerkepunkt-81-sandhuler-i-heers\/","title":{"rendered":"Frim\u00e6rkepunkt 81 \/ Sandhuler i&nbsp;Heers"},"content":{"rendered":"\n<h2 class=\"wp-block-heading\">Sandgrotterne i&nbsp;Heers ligger nord\u00f8st for Regenstein Slot og F\u00e6stning.<\/h2>\n\n<div class=\"wp-block-stackable-image alignwide stk-block-image stk-block stk-89e1006\" data-block-id=\"89e1006\"><style>.stk-89e1006 {margin-top:3% !important;margin-bottom:3% !important;}<\/style><figure><span class=\"stk-img-wrapper stk-image--shape-stretch stk--has-lightbox\"><img decoding=\"async\" width=\"2043\" height=\"1362\" src=\"https:\/\/www.harzer-wandernadel.de\/wp-content\/uploads\/2016\/02\/HWN-Sandh\u00f6hlen-Rothhardt.jpg\" class=\"attachment-full size-full wp-post-image\" alt=\"Sandstenshuler i skoven ved solnedgang\" srcset=\"https:\/\/www.harzer-wandernadel.de\/wp-content\/uploads\/2016\/02\/HWN-Sandh\u00f6hlen-Rothhardt.jpg 2043w, https:\/\/www.harzer-wandernadel.de\/wp-content\/uploads\/2016\/02\/HWN-Sandh\u00f6hlen-Rothhardt-300x200.jpg 300w, https:\/\/www.harzer-wandernadel.de\/wp-content\/uploads\/2016\/02\/HWN-Sandh\u00f6hlen-Rothhardt-768x512.jpg 768w, https:\/\/www.harzer-wandernadel.de\/wp-content\/uploads\/2016\/02\/HWN-Sandh\u00f6hlen-Rothhardt-1024x683.jpg 1024w, https:\/\/www.harzer-wandernadel.de\/wp-content\/uploads\/2016\/02\/HWN-Sandh\u00f6hlen-Rothhardt-250x167.jpg 250w, https:\/\/www.harzer-wandernadel.de\/wp-content\/uploads\/2016\/02\/HWN-Sandh\u00f6hlen-Rothhardt-624x416.jpg 624w\" sizes=\"(max-width: 2043px) 100vw, 2043px\"><\/span><\/figure><\/div>\n\n<p>Heers er et stort skov\u00adom\u00adr\u00e5\u00adde mel\u00adlem Blan\u00adken\u00adburg og Hal\u00adber\u00adstadt, der hoved\u00adsa\u00adge\u00adligt best\u00e5r af fyr\u00adre\u00adtr\u00e6\u00ader. Omr\u00e5\u00addet er opkaldt efter Heer\u00adstra\u00dfe, en vig\u00adtig mili\u00adt\u00e6r\u00advej, der l\u00f8b gen\u00adnem sko\u00adven i&nbsp;tid\u00adli\u00adge\u00adre&nbsp;tider.&nbsp;<\/p>\n\n<p>Sand\u00adgrot\u00adter\u00adne, eller \u201eDie Sand\u00adhut\u00adsche\u201c, som de loka\u00adle i&nbsp;Blan\u00adken\u00adburg kal\u00adder dem, er en impo\u00adne\u00adren\u00adde opda\u00adgel\u00adse midt i&nbsp;fyr\u00adre\u00adsko\u00adven for enhver f\u00f8rs\u00adte\u00adgangs\u00adbe\u00ads\u00f8\u00adgen\u00adde. De man\u00adge sm\u00e5 klip\u00adper og san\u00adde\u00adde dele af stien er alle\u00adre\u00adde syn\u00adli\u00adge p\u00e5 vej\u00aden der\u00adtil, men \u201eSand\u00adhut\u00adsche\u201c med sine op til tre meter h\u00f8je klip\u00adper og de huler, som men\u00adne\u00adsker har hug\u00adget ind i&nbsp;ste\u00adnen, over\u00adg\u00e5r alle forventninger.&nbsp;<\/p>\n\n<p>Det\u00adte fasci\u00adne\u00adren\u00adde land\u00adskab blev alle\u00adre\u00adde valgt som m\u00f8de\u00adsted af de gam\u00adle ger\u00adman\u00adske stam\u00admer og har ikke mistet noget af sin magi\u00adske til\u00adtr\u00e6k\u00adnings\u00adkraft den dag i&nbsp;dag.<\/p>\n\n<p><strong>Sand\u00adgrot\u00adter\u00adne blev k\u00e5ret til det smuk\u00adke\u00adste fri\u00adm\u00e6r\u00adke\u00adsted af vores fri\u00adm\u00e6r\u00adke\u00advan\u00addre\u00adre i&nbsp;2009.<\/strong><\/p>\n\n<p>Udgangs\u00adpunk\u00adtet for et bes\u00f8g er den skil\u00adte\u00adde par\u00adke\u00adrings\u00adplads under slot\u00adtet, som er let at n\u00e5 fra motor\u00advej A36. Det er en god id\u00e9 f\u00f8rst at g\u00e5 ad den smal\u00adle, afm\u00e6r\u00adke\u00adde sti til ven\u00adstre for par\u00adke\u00adrings\u00adplad\u00adsen til <a href=\"https:\/\/www.harzer-wandernadel.de\/da\/stempelcentre\/oversigtskort\/frimaerkepunkt-82-regenstein-moelle\/\" data-type=\"page\" data-id=\"943\" target=\"_blank\" rel=\"noreferrer noopener\">Regenste\u00adin\u00adm\u00fch\u00adle HWN 82.<\/a> Der\u00adef\u00adter tager du Heer\u00adstra\u00dfe til h\u00f8j\u00adre under Regenste\u00adin\u00adm\u00fch\u00adle til sand\u00adhu\u00adler\u00adne i&nbsp;Heers. Fra sand\u00adgrot\u00adter\u00adne f\u00f8rer fle\u00adre skil\u00adte\u00adde sti\u00ader op til <a href=\"https:\/\/www.harzer-wandernadel.de\/da\/stempelcentre\/oversigtskort\/frimaerkepunkt-80-regenstein-borgruin\/\" data-type=\"page\" data-id=\"939\" target=\"_blank\" rel=\"noreferrer noopener\">Regenste\u00adin Slot og F\u00e6st\u00adning HWN 80.<\/a>   <\/p>\n\n<div class=\"wp-block-buttons is-layout-flex wp-block-buttons-is-layout-flex\">\n<div class=\"wp-block-button\"><a class=\"wp-block-button__link wp-element-button\" href=\"http:\/\/www.blankenburg-tourismus.de\" target=\"_blank\" rel=\"noreferrer noopener\">Turi\u00adst\u00adin\u00adfor\u00adma\u00adtion Blankenburg&nbsp;\u201c<\/a><\/div>\n<\/div>\n\n<div class=\"wp-block-buttons is-layout-flex wp-block-buttons-is-layout-flex\">\n<div class=\"wp-block-button\"><a class=\"wp-block-button__link wp-element-button\" href=\"https:\/\/harzer-bergwald.de\/index.php\/wandertouren\/abenteuertouren\/42-abenteuerland-regenstein\" target=\"_blank\" rel=\"noreferrer noopener\">Tour tip Harzen bjergskov&nbsp;\u201c<\/a><\/div>\n<\/div>\n","protected":false},"excerpt":{"rendered":"<p>Sand\u00adgrot\u00adter\u00adne i&nbsp;Heers lig\u00adger nor\u00add\u00f8st for Regenste\u00adin Slot og F\u00e6st\u00adning. Heers er et stort skov\u00adom\u00adr\u00e5\u00adde mel\u00adlem Blan\u00adken\u00adburg og Hal\u00adber\u00adstadt, der hoved\u00adsa\u00adge\u00adligt best\u00e5r af fyr\u00adre\u00adtr\u00e6\u00ader. Omr\u00e5\u00addet er opkaldt efter Heer\u00adstra\u00dfe, en vig\u00adtig mili\u00adt\u00e6r\u00advej, der l\u00f8b gen\u00adnem sko\u00adven i&nbsp;tid\u00adli\u00adge\u00adre&nbsp;tider.&nbsp; Sand\u00adgrot\u00adter\u00adne, eller \u201eDie Sand\u00adhut\u00adsche\u201c, som de loka\u00adle i&nbsp;Blan\u00adken\u00adburg kal\u00adder dem, er en impo\u00adne\u00adren\u00adde opda\u00adgel\u00adse midt i&nbsp;fyr\u00adre\u00adsko\u00adven for enhver f\u00f8rstegangsbes\u00f8gende.&nbsp;[\u2026]<\/p>\n","protected":false},"author":11,"featured_media":12667,"parent":17792,"menu_order":10081,"comment_status":"closed","ping_status":"closed","template":"","meta":{"_seopress_robots_primary_cat":"","_seopress_titles_title":"","_seopress_titles_desc":"","_seopress_robots_index":"","wp_typography_post_enhancements_disabled":false,"iawp_total_views":0,"footnotes":""},"hf_cat_page":[120],"class_list":["post-19887","page","type-page","status-publish","has-post-thumbnail"],"blocksy_meta":[],"_links":{"self":[{"href":"https:\/\/www.harzer-wandernadel.de\/da\/wp-json\/wp\/v2\/pages\/19887","targetHints":{"allow":["GET"]}}],"collection":[{"href":"https:\/\/www.harzer-wandernadel.de\/da\/wp-json\/wp\/v2\/pages"}],"about":[{"href":"https:\/\/www.harzer-wandernadel.de\/da\/wp-json\/wp\/v2\/types\/page"}],"author":[{"embeddable":true,"href":"https:\/\/www.harzer-wandernadel.de\/da\/wp-json\/wp\/v2\/users\/11"}],"replies":[{"embeddable":true,"href":"https:\/\/www.harzer-wandernadel.de\/da\/wp-json\/wp\/v2\/comments?post=19887"}],"version-history":[{"count":2,"href":"https:\/\/www.harzer-wandernadel.de\/da\/wp-json\/wp\/v2\/pages\/19887\/revisions"}],"predecessor-version":[{"id":24845,"href":"https:\/\/www.harzer-wandernadel.de\/da\/wp-json\/wp\/v2\/pages\/19887\/revisions\/24845"}],"up":[{"embeddable":true,"href":"https:\/\/www.harzer-wandernadel.de\/da\/wp-json\/wp\/v2\/pages\/17792"}],"wp:featuredmedia":[{"embeddable":true,"href":"https:\/\/www.harzer-wandernadel.de\/da\/wp-json\/wp\/v2\/media\/12667"}],"wp:attachment":[{"href":"https:\/\/www.harzer-wandernadel.de\/da\/wp-json\/wp\/v2\/media?parent=19887"}],"wp:term":[{"taxonomy":"hf_cat_page","embeddable":true,"href":"https:\/\/www.harzer-wandernadel.de\/da\/wp-json\/wp\/v2\/hf_cat_page?post=19887"}],"curies":[{"name":"wp","href":"https:\/\/api.w.org\/{rel}","templated":true}]}}