{"id":19870,"date":"2016-02-18T12:11:08","date_gmt":"2016-02-18T11:11:08","guid":{"rendered":"https:\/\/www.harzer-wandernadel.de\/stempelcentre\/oversigtskort\/stempelstation-187-lauenburg\/"},"modified":"2026-01-29T14:53:58","modified_gmt":"2026-01-29T13:53:58","slug":"stempelstation-187-lauenburg","status":"publish","type":"page","link":"https:\/\/www.harzer-wandernadel.de\/da\/stempelcentre\/oversigtskort\/stempelstation-187-lauenburg\/","title":{"rendered":"Stempelstation 187 \/ Lauenburg"},"content":{"rendered":"\n<h2 class=\"wp-block-heading\">Ruinerne af borgen Lauenburg var en todelt borg p\u00e5 en bakketop og ligger p\u00e5 borgh\u00f8jen over Stecklenberg.<\/h2>\n\n<div class=\"wp-block-stackable-image alignwide stk-block-image stk-block stk-89e1006\" data-block-id=\"89e1006\"><style>.stk-89e1006 {margin-top:3% !important;margin-bottom:3% !important;}<\/style><figure><span class=\"stk-img-wrapper stk-image--shape-stretch stk--has-lightbox\"><img decoding=\"async\" width=\"2560\" height=\"1706\" src=\"https:\/\/www.harzer-wandernadel.de\/wp-content\/uploads\/2025\/08\/harzer-wandernadel-eroeffnung-2024-161-scaled.jpg\" class=\"attachment-full size-full wp-post-image default-featured-img\" alt=\"Hand h\u00e4lt Heft mit gesammelten Stempeln\" srcset=\"https:\/\/www.harzer-wandernadel.de\/wp-content\/uploads\/2025\/08\/harzer-wandernadel-eroeffnung-2024-161-scaled.jpg 2560w, https:\/\/www.harzer-wandernadel.de\/wp-content\/uploads\/2025\/08\/harzer-wandernadel-eroeffnung-2024-161-300x200.jpg 300w, https:\/\/www.harzer-wandernadel.de\/wp-content\/uploads\/2025\/08\/harzer-wandernadel-eroeffnung-2024-161-1024x683.jpg 1024w, https:\/\/www.harzer-wandernadel.de\/wp-content\/uploads\/2025\/08\/harzer-wandernadel-eroeffnung-2024-161-768x512.jpg 768w, https:\/\/www.harzer-wandernadel.de\/wp-content\/uploads\/2025\/08\/harzer-wandernadel-eroeffnung-2024-161-1536x1024.jpg 1536w, https:\/\/www.harzer-wandernadel.de\/wp-content\/uploads\/2025\/08\/harzer-wandernadel-eroeffnung-2024-161-2048x1365.jpg 2048w, https:\/\/www.harzer-wandernadel.de\/wp-content\/uploads\/2025\/08\/harzer-wandernadel-eroeffnung-2024-161-250x167.jpg 250w\" sizes=\"(max-width: 2560px) 100vw, 2560px\"><\/span><\/figure><\/div>\n\n<p>Borg\u00adkom\u00adplek\u00adset blev f\u00f8r\u00adste gang n\u00e6vnt i&nbsp;et doku\u00adment i&nbsp;1164 og blev sand\u00adsyn\u00adlig\u00advis byg\u00adget over en peri\u00ado\u00adde p\u00e5 ti \u00e5r. Det best\u00e5r af den ca. 200&nbsp;meter lan\u00adge \u201eSto\u00adre Lau\u00aden\u00adburg\u201c og den ca. 50&nbsp;meter lan\u00adge \u201eLil\u00adle Lau\u00aden\u00adburg\u201c, som er at betrag\u00adte som den ydre borg\u00adg\u00e5rd. Det var engang det st\u00f8r\u00adste borg\u00adkom\u00adpleks i&nbsp;Harzen, en salisk kej\u00adser\u00adborg, der lige\u00adsom Harz\u00adburg sand\u00adsyn\u00adlig\u00advis blev byg\u00adget under HEINRICH IV (1050\u20131106). I&nbsp;1165 gik den til HEINRICH L\u00d8VEN, som m\u00e5t\u00adte afle\u00adve\u00adre den til\u00adba\u00adge til Bar\u00adba\u00adros\u00adsa i&nbsp;1180. I&nbsp;1267 blev den over\u00adta\u00adget af mark\u00adgre\u00adven af Bran\u00adden\u00adburg og givet som len til gre\u00adver\u00adne af Regenste\u00adin, ind\u00adtil den ende\u00adlig blev ero\u00adbret og genop\u00adret\u00adtet under biskop\u00adpen af Hal\u00adber\u00adstadt, ALBRECHT III (1366\u20131390). Efter sene\u00adre at v\u00e6re ble\u00advet brugt som sten\u00adbrud kom den i&nbsp;1897 i&nbsp;den preus\u00adsi\u00adske stats&nbsp;eje.&nbsp;<\/p>\n\n<p>Fra udkig\u00adst\u00e5r\u00adnet i&nbsp;den ydre borg har du en smuk udsigt over Dj\u00e6v\u00adlemu\u00adren n\u00e6r Wed\u00adder\u00ads\u00adle\u00adben og Harzens for\u00adland. Stem\u00adpelkas\u00adsen er pla\u00adce\u00adret ved siden af infor\u00adma\u00adtions\u00adtav\u00adlen under den ydre&nbsp;borg.&nbsp;<\/p>\n\n<p>Den hur\u00adtig\u00adste m\u00e5de at kom\u00adme til Lau\u00aden\u00adburg Slot p\u00e5 er at f\u00f8l\u00adge den afm\u00e6r\u00adke\u00adde sti fra Steck\u00adlen\u00adbergs cen\u00adtrum via Steck\u00adlen\u00adburg&nbsp;Slot.<\/p>\n\n<div class=\"wp-block-buttons is-layout-flex wp-block-buttons-is-layout-flex\">\n<div class=\"wp-block-button\"><a class=\"wp-block-button__link wp-element-button\" href=\"http:\/\/harzer-bergwald.de\/index.php\/wandertouren\/abenteuertouren\/14-durch-das-wurmbachtal-zur-lauenburg\">Tour tip Harzen bjergskov<\/a><\/div>\n<\/div>\n","protected":false},"excerpt":{"rendered":"<p>Rui\u00adner\u00adne af bor\u00adgen Lau\u00aden\u00adburg var en todelt borg p\u00e5 en bak\u00adke\u00adtop og lig\u00adger p\u00e5 borg\u00adh\u00f8j\u00aden over Steck\u00adlen\u00adberg. Borg\u00adkom\u00adplek\u00adset blev f\u00f8r\u00adste gang n\u00e6vnt i&nbsp;et doku\u00adment i&nbsp;1164 og blev sand\u00adsyn\u00adlig\u00advis byg\u00adget over en peri\u00ado\u00adde p\u00e5 ti \u00e5r. Det best\u00e5r af den ca. 200&nbsp;meter lan\u00adge \u201eSto\u00adre Lau\u00aden\u00adburg\u201c og den ca. 50&nbsp;meter lan\u00adge \u201eLil\u00adle Lau\u00aden\u00adburg\u201c, som er at betragte&nbsp;[\u2026]<\/p>\n","protected":false},"author":11,"featured_media":13747,"parent":17792,"menu_order":10187,"comment_status":"closed","ping_status":"closed","template":"","meta":{"_seopress_robots_primary_cat":"","_seopress_titles_title":"","_seopress_titles_desc":"","_seopress_robots_index":"","wp_typography_post_enhancements_disabled":false,"iawp_total_views":2,"footnotes":""},"hf_cat_page":[120],"class_list":["post-19870","page","type-page","status-publish","has-post-thumbnail"],"blocksy_meta":[],"_links":{"self":[{"href":"https:\/\/www.harzer-wandernadel.de\/da\/wp-json\/wp\/v2\/pages\/19870","targetHints":{"allow":["GET"]}}],"collection":[{"href":"https:\/\/www.harzer-wandernadel.de\/da\/wp-json\/wp\/v2\/pages"}],"about":[{"href":"https:\/\/www.harzer-wandernadel.de\/da\/wp-json\/wp\/v2\/types\/page"}],"author":[{"embeddable":true,"href":"https:\/\/www.harzer-wandernadel.de\/da\/wp-json\/wp\/v2\/users\/11"}],"replies":[{"embeddable":true,"href":"https:\/\/www.harzer-wandernadel.de\/da\/wp-json\/wp\/v2\/comments?post=19870"}],"version-history":[{"count":1,"href":"https:\/\/www.harzer-wandernadel.de\/da\/wp-json\/wp\/v2\/pages\/19870\/revisions"}],"predecessor-version":[{"id":19871,"href":"https:\/\/www.harzer-wandernadel.de\/da\/wp-json\/wp\/v2\/pages\/19870\/revisions\/19871"}],"up":[{"embeddable":true,"href":"https:\/\/www.harzer-wandernadel.de\/da\/wp-json\/wp\/v2\/pages\/17792"}],"wp:featuredmedia":[{"embeddable":true,"href":"https:\/\/www.harzer-wandernadel.de\/da\/wp-json\/wp\/v2\/media\/13747"}],"wp:attachment":[{"href":"https:\/\/www.harzer-wandernadel.de\/da\/wp-json\/wp\/v2\/media?parent=19870"}],"wp:term":[{"taxonomy":"hf_cat_page","embeddable":true,"href":"https:\/\/www.harzer-wandernadel.de\/da\/wp-json\/wp\/v2\/hf_cat_page?post=19870"}],"curies":[{"name":"wp","href":"https:\/\/api.w.org\/{rel}","templated":true}]}}