{"id":19835,"date":"2016-02-18T12:09:08","date_gmt":"2016-02-18T11:09:08","guid":{"rendered":"https:\/\/www.harzer-wandernadel.de\/stempelcentre\/oversigtskort\/frimaerkepunkt-188-djaevlemuren-weddersleben\/"},"modified":"2026-01-29T14:53:35","modified_gmt":"2026-01-29T13:53:35","slug":"frimaerkepunkt-188-djaevlemuren-weddersleben","status":"publish","type":"page","link":"https:\/\/www.harzer-wandernadel.de\/da\/stempelcentre\/oversigtskort\/frimaerkepunkt-188-djaevlemuren-weddersleben\/","title":{"rendered":"Frim\u00e6rkepunkt 188 \/ Dj\u00e6vlemuren Weddersleben"},"content":{"rendered":"\n<h2 class=\"wp-block-heading\">Den nok mest markante del af Dj\u00e6vlemuren ligger syd for Weddersleben og str\u00e6kker sig helt op til Warnstedt. Her st\u00e5r K\u00f6nigstein, Mittelsteine og Papensteine p\u00e5 rad og r\u00e6kke over en l\u00e6ngde p\u00e5 to kilometer.&nbsp;<\/h2>\n\n<div class=\"wp-block-stackable-image alignwide stk-block-image stk-block stk-89e1006\" data-block-id=\"89e1006\"><style>.stk-89e1006 {margin-top:3% !important;margin-bottom:3% !important;}<\/style><figure><span class=\"stk-img-wrapper stk-image--shape-stretch stk--has-lightbox\"><img decoding=\"async\" width=\"2048\" height=\"1365\" src=\"https:\/\/www.harzer-wandernadel.de\/wp-content\/uploads\/2016\/02\/Teufelsmauer.jpg\" class=\"attachment-full size-full wp-post-image\" alt srcset=\"https:\/\/www.harzer-wandernadel.de\/wp-content\/uploads\/2016\/02\/Teufelsmauer.jpg 2048w, https:\/\/www.harzer-wandernadel.de\/wp-content\/uploads\/2016\/02\/Teufelsmauer-300x200.jpg 300w, https:\/\/www.harzer-wandernadel.de\/wp-content\/uploads\/2016\/02\/Teufelsmauer-768x512.jpg 768w, https:\/\/www.harzer-wandernadel.de\/wp-content\/uploads\/2016\/02\/Teufelsmauer-1024x683.jpg 1024w, https:\/\/www.harzer-wandernadel.de\/wp-content\/uploads\/2016\/02\/Teufelsmauer-250x167.jpg 250w, https:\/\/www.harzer-wandernadel.de\/wp-content\/uploads\/2016\/02\/Teufelsmauer-624x416.jpg 624w\" sizes=\"(max-width: 2048px) 100vw, 2048px\"><\/span><\/figure><\/div>\n\n<p>Teu\u00adfels\u00admau\u00ader er en klip\u00adpe\u00adfor\u00adma\u00adtion best\u00e5\u00aden\u00adde af h\u00e5r\u00adde sand\u00adsten fra den \u00f8vre kridt\u00adtid i&nbsp;det nord\u00adli\u00adge Harzen-for\u00adland. Den duk\u00adker op tre ste\u00adder p\u00e5 en 20&nbsp;kilo\u00adme\u00adter lang str\u00e6k\u00adning mel\u00adlem Bal\u00adlen\u00adstedt i&nbsp;syd\u00f8st og Blan\u00adken\u00adburg i&nbsp;nord\u00advest. Det begyn\u00adder med Gegenste\u00adi\u00adne nord\u00advest for Bal\u00adlen\u00adstedt og slut\u00adter mel\u00adlem Tim\u00admen\u00adro\u00adde og Blan\u00adken\u00adburg med Ham\u00adborgs v\u00e5benskjold, Hei\u00addel\u00adberg samt Bedste\u00adfar- og Bedstemor-klipperne.&nbsp;<\/p>\n\n<p>P\u00e5 grund af dens us\u00e6d\u00advan\u00adli\u00adge form er der opst\u00e5\u00adet man\u00adge legen\u00adder og myter omkring den\u00adne bizar\u00adre k\u00e6de af klip\u00adper. Goet\u00adhe var fasci\u00adne\u00adret af geo\u00adlo\u00adgi\u00aden i&nbsp;Teu\u00adfels\u00admau\u00ader og bes\u00f8g\u00adte ogs\u00e5 den legen\u00adda\u00adri\u00adske sand\u00adstensv\u00e6g i&nbsp;1784.&nbsp;<\/p>\n\n<blockquote class=\"wp-block-quote is-layout-flow wp-block-quote-is-layout-flow\">\n<p><strong>Leg\u00aden\u00adden om Dj\u00e6\u00advel\u00adens&nbsp;mur<\/strong><\/p>\n\n\n\n<p class=\"bodytext\">Det siges, at dj\u00e6\u00advel\u00aden engang fore\u00adslog Gud Her\u00adren, at ver\u00adden skul\u00adle deles op mel\u00adlem dem. Til det for\u00adm\u00e5l vil\u00adle dj\u00e6\u00advel\u00aden byg\u00adge en stor mur for at adskil\u00adle de to riger. Gud Her\u00adren gik med til det, men stil\u00adle\u00adde den betin\u00adgel\u00adse, at han skul\u00adle g\u00f8re det f\u00e6r\u00addigt p\u00e5 \u00e9n nat inden det f\u00f8r\u00adste hanegal.&nbsp;<\/p>\n\n\n\n<p class=\"bodytext\">En bon\u00adde\u00adko\u00adne, som vil\u00adle s\u00e6l\u00adge sin hane p\u00e5 mar\u00adke\u00addet, kom for\u00adbi det sted, hvor dj\u00e6\u00advel\u00aden arbej\u00adde\u00adde om nat\u00adten. Da hun s\u00e5 ham, blev hun ban\u00adge, snub\u00adle\u00adde, og hanen begynd\u00adte at gale. S\u00e5 tro\u00ade\u00adde dj\u00e6\u00advel\u00aden, at han ikke hav\u00adde kla\u00adret det, og \u00f8de\u00adlag\u00adde den n\u00e6sten f\u00e6r\u00addi\u00adge&nbsp;mur.&nbsp;<\/p>\n<\/blockquote>\n\n<p class=\"bodytext\">Fra par\u00adke\u00adrings\u00adplad\u00adsen \u201eTeu\u00adfels\u00admau\u00ader\u201c mel\u00adlem Nein\u00adstedt og Warn\u00adstedt f\u00f8rer en skil\u00adtet sti langs Bode og vide\u00adre til stempelpunktet.<\/p>\n\n<p class=\"bodytext\">Devil\u00ab <strong>s&nbsp;Wall Trail<\/strong> f\u00f8rer fra vest til \u00f8st for\u00adbi byer\u00adne Blan\u00adken\u00adburg, Tim\u00admen\u00adro\u00adde, Warn\u00adstedt, Tha\u00adle, Wed\u00adder\u00ads\u00adle\u00adben, Nein\u00adstedt, Bad Sudero\u00adde, Ger\u00adn\u00adro\u00adde, Rie\u00adder og Bal\u00adlen\u00adstedt og ber\u00f8\u00adrer alle de mar\u00adkan\u00adte klip\u00adpe\u00adfor\u00adma\u00adtio\u00adner p\u00e5 Devil\u2019s Wall undervejs.<\/p>\n","protected":false},"excerpt":{"rendered":"<p>Den nok mest mar\u00adkan\u00adte del af Dj\u00e6v\u00adlemu\u00adren lig\u00adger syd for Wed\u00adder\u00ads\u00adle\u00adben og str\u00e6k\u00adker sig helt op til Warn\u00adstedt. Her st\u00e5r K\u00f6nigste\u00adin, Mit\u00adtelste\u00adi\u00adne og Papenste\u00adi\u00adne p\u00e5 rad og r\u00e6k\u00adke over en l\u00e6ng\u00adde p\u00e5 to kilo\u00adme\u00adter.&nbsp; Teu\u00adfels\u00admau\u00ader er en klip\u00adpe\u00adfor\u00adma\u00adtion best\u00e5\u00aden\u00adde af h\u00e5r\u00adde sand\u00adsten fra den \u00f8vre kridt\u00adtid i&nbsp;det nord\u00adli\u00adge Harzen-for\u00adland. Den duk\u00adker op tre ste\u00adder&nbsp;p\u00e5&nbsp;[\u2026]<\/p>\n","protected":false},"author":11,"featured_media":12121,"parent":17792,"menu_order":10188,"comment_status":"closed","ping_status":"closed","template":"","meta":{"_seopress_robots_primary_cat":"","_seopress_titles_title":"","_seopress_titles_desc":"","_seopress_robots_index":"","wp_typography_post_enhancements_disabled":false,"iawp_total_views":1,"footnotes":""},"hf_cat_page":[120],"class_list":["post-19835","page","type-page","status-publish","has-post-thumbnail"],"blocksy_meta":[],"_links":{"self":[{"href":"https:\/\/www.harzer-wandernadel.de\/da\/wp-json\/wp\/v2\/pages\/19835","targetHints":{"allow":["GET"]}}],"collection":[{"href":"https:\/\/www.harzer-wandernadel.de\/da\/wp-json\/wp\/v2\/pages"}],"about":[{"href":"https:\/\/www.harzer-wandernadel.de\/da\/wp-json\/wp\/v2\/types\/page"}],"author":[{"embeddable":true,"href":"https:\/\/www.harzer-wandernadel.de\/da\/wp-json\/wp\/v2\/users\/11"}],"replies":[{"embeddable":true,"href":"https:\/\/www.harzer-wandernadel.de\/da\/wp-json\/wp\/v2\/comments?post=19835"}],"version-history":[{"count":1,"href":"https:\/\/www.harzer-wandernadel.de\/da\/wp-json\/wp\/v2\/pages\/19835\/revisions"}],"predecessor-version":[{"id":19836,"href":"https:\/\/www.harzer-wandernadel.de\/da\/wp-json\/wp\/v2\/pages\/19835\/revisions\/19836"}],"up":[{"embeddable":true,"href":"https:\/\/www.harzer-wandernadel.de\/da\/wp-json\/wp\/v2\/pages\/17792"}],"wp:featuredmedia":[{"embeddable":true,"href":"https:\/\/www.harzer-wandernadel.de\/da\/wp-json\/wp\/v2\/media\/12121"}],"wp:attachment":[{"href":"https:\/\/www.harzer-wandernadel.de\/da\/wp-json\/wp\/v2\/media?parent=19835"}],"wp:term":[{"taxonomy":"hf_cat_page","embeddable":true,"href":"https:\/\/www.harzer-wandernadel.de\/da\/wp-json\/wp\/v2\/hf_cat_page?post=19835"}],"curies":[{"name":"wp","href":"https:\/\/api.w.org\/{rel}","templated":true}]}}