{"id":19793,"date":"2016-02-18T11:25:03","date_gmt":"2016-02-18T10:25:03","guid":{"rendered":"https:\/\/www.harzer-wandernadel.de\/stempelcentre\/oversigtskort\/frimaerkepunkt-66-wilhelmsblick-udsigtspunkt\/"},"modified":"2026-02-28T14:42:34","modified_gmt":"2026-02-28T13:42:34","slug":"frimaerkepunkt-66-wilhelmsblick-udsigtspunkt","status":"publish","type":"page","link":"https:\/\/www.harzer-wandernadel.de\/da\/stempelcentre\/oversigtskort\/frimaerkepunkt-66-wilhelmsblick-udsigtspunkt\/","title":{"rendered":"Frim\u00e6rkepunkt 66 \/ Wilhelmsblick (udsigtspunkt)"},"content":{"rendered":"\n<h2 class=\"wp-block-heading\">Wilhelmsblick ligger over Treseburg ca. 1&nbsp;km efter afk\u00f8rslen fra landsbyen i&nbsp;retning af&nbsp;Thale.<\/h2>\n\n<div class=\"wp-block-stackable-image alignwide stk-block-image stk-block stk-89e1006\" data-block-id=\"89e1006\"><style>.stk-89e1006 {margin-top:3% !important;margin-bottom:3% !important;}<\/style><figure><span class=\"stk-img-wrapper stk-image--shape-stretch stk--has-lightbox\"><img decoding=\"async\" width=\"1030\" height=\"550\" src=\"https:\/\/www.harzer-wandernadel.de\/wp-content\/uploads\/2016\/02\/Wilhelmsblick.jpg\" class=\"attachment-full size-full wp-post-image\" alt srcset=\"https:\/\/www.harzer-wandernadel.de\/wp-content\/uploads\/2016\/02\/Wilhelmsblick.jpg 1030w, https:\/\/www.harzer-wandernadel.de\/wp-content\/uploads\/2016\/02\/Wilhelmsblick-300x160.jpg 300w, https:\/\/www.harzer-wandernadel.de\/wp-content\/uploads\/2016\/02\/Wilhelmsblick-768x410.jpg 768w, https:\/\/www.harzer-wandernadel.de\/wp-content\/uploads\/2016\/02\/Wilhelmsblick-1024x547.jpg 1024w, https:\/\/www.harzer-wandernadel.de\/wp-content\/uploads\/2016\/02\/Wilhelmsblick-624x333.jpg 624w\" sizes=\"(max-width: 1030px) 100vw, 1030px\"><\/span><\/figure><\/div>\n\n<p>Som en del af vej\u00adar\u00adbej\u00addet i&nbsp;1861 fik vej\u00adbyg\u00adge\u00adren Wil\u00adhelm den id\u00e9 at byg\u00adge en tun\u00adnel lige ved siden af lan\u00adde\u00advej\u00aden for at n\u00e5 op til det unik\u00adke udsigts\u00adpunkt oven\u00adfor. Udsigts\u00adpunk\u00adtet blev sene\u00adre opkaldt efter&nbsp;ham.&nbsp;<\/p>\n\n<p>Et skilt med f\u00f8l\u00adgen\u00adde slo\u00adgan blev pla\u00adce\u00adret lige ved siden af tunnelindgangen:<\/p>\n\n<p><em>\u201e<\/em>Van\u00addrer, stands dine skridt, hvis du vil gl\u00e6\u00adde dit hjer\u00adte og dit sind.<br>Bestig let bjerg\u00adh\u00f8j\u00adder, hvor byger fra den for\u00adri\u00adge ver\u00adden bl\u00e6\u00adser.<br>Og for l\u00e6n\u00adge siden var der sta\u00addig t\u00e5r\u00adne og bryst\u00adv\u00e6rn.<br>Men nu hvi\u00adler dit \u00f8je p\u00e5 bjergstr\u00f8m\u00admens vil\u00adde flod.<br>Og du f\u00f8ler kun luft \u2013 men r\u00e6d\u00adsel, hvis du vover at se ned.<br>G\u00e5 ind i&nbsp;den\u00adne&nbsp;hule.\u201c<\/p>\n\n<p>Wil\u00adhelms\u00adbli\u00adck lig\u00adger p\u00e5 et smalt klip\u00adpe\u00adfrem\u00ads\u00adpring, som er omgi\u00advet af Bode i&nbsp;en stor bue. Der\u00adfor kan man se fle\u00adre dele af Bode-flo\u00adden fra det\u00adte smuk\u00adke udsigtspunkt.&nbsp;<\/p>\n\n<p>Et anbe\u00adfa\u00adlet udgangs\u00adpunkt for van\u00addre\u00adtu\u00adren er par\u00adke\u00adrings\u00adplad\u00adsen ved bred\u00adden af Bode i&nbsp;Tre\u00adse\u00adburg. For\u00adbi bus\u00adstop\u00adpe\u00adste\u00addet kom\u00admer du til Wil\u00adhelms\u00adbli\u00adck via en sti\u00adgen\u00adde sti med fle\u00adre udsigts\u00adpunk\u00adter. Du kan ven\u00adde til\u00adba\u00adge til Tre\u00adse\u00adburg via den f\u00f8r\u00adn\u00e6vn\u00adte tunnel.&nbsp;<\/p>\n\n<p>Du kan ogs\u00e5 fort\u00ads\u00e6t\u00adte turen til <a href=\"https:\/\/www.harzer-wandernadel.de\/da\/stempelcentre\/oversigtskort\/stempelpunkt-65-todtenrode-inn\/\" data-type=\"page\" data-id=\"853\">For\u00adst\u00adhaus Tod\u00adten\u00adro\u00adde HWN 65<\/a> eller til <a href=\"https:\/\/www.harzer-wandernadel.de\/stempelstellen\/uebersichtskarte\/stempelstelle-71-rosstrappe-abzweig-schurre\/\" data-type=\"page\" data-id=\"901\">Ros\u00adstrap\u00adpe HWN 71.<\/a> <\/p>\n\n<div class=\"wp-block-buttons is-layout-flex wp-block-buttons-is-layout-flex\">\n<div class=\"wp-block-button\"><a class=\"wp-block-button__link wp-element-button\" href=\"https:\/\/harzer-bergwald.de\/index.php\/wandertouren\/abenteuertouren\/23-stempelmarathon-ueber-dem-bodetal\" target=\"_blank\" rel=\"noreferrer noopener\">Tour tip Harzen bjergskov&nbsp;\u201c<\/a><\/div>\n<\/div>\n","protected":false},"excerpt":{"rendered":"<p>Wil\u00adhelms\u00adbli\u00adck lig\u00adger over Tre\u00adse\u00adburg ca. 1&nbsp;km efter afk\u00f8rs\u00adlen fra lands\u00adby\u00aden i&nbsp;ret\u00adning af&nbsp;Tha\u00adle. Som en del af vej\u00adar\u00adbej\u00addet i&nbsp;1861 fik vej\u00adbyg\u00adge\u00adren Wil\u00adhelm den id\u00e9 at byg\u00adge en tun\u00adnel lige ved siden af lan\u00adde\u00advej\u00aden for at n\u00e5 op til det unik\u00adke udsigts\u00adpunkt oven\u00adfor. Udsigts\u00adpunk\u00adtet blev sene\u00adre opkaldt efter&nbsp;ham.&nbsp; Et skilt med f\u00f8l\u00adgen\u00adde slo\u00adgan blev pla\u00adce\u00adret lige&nbsp;ved&nbsp;[\u2026]<\/p>\n","protected":false},"author":11,"featured_media":11713,"parent":17792,"menu_order":10066,"comment_status":"closed","ping_status":"closed","template":"","meta":{"_seopress_robots_primary_cat":"","_seopress_titles_title":"","_seopress_titles_desc":"","_seopress_robots_index":"","wp_typography_post_enhancements_disabled":false,"iawp_total_views":0,"footnotes":""},"hf_cat_page":[120],"class_list":["post-19793","page","type-page","status-publish","has-post-thumbnail"],"blocksy_meta":[],"_links":{"self":[{"href":"https:\/\/www.harzer-wandernadel.de\/da\/wp-json\/wp\/v2\/pages\/19793","targetHints":{"allow":["GET"]}}],"collection":[{"href":"https:\/\/www.harzer-wandernadel.de\/da\/wp-json\/wp\/v2\/pages"}],"about":[{"href":"https:\/\/www.harzer-wandernadel.de\/da\/wp-json\/wp\/v2\/types\/page"}],"author":[{"embeddable":true,"href":"https:\/\/www.harzer-wandernadel.de\/da\/wp-json\/wp\/v2\/users\/11"}],"replies":[{"embeddable":true,"href":"https:\/\/www.harzer-wandernadel.de\/da\/wp-json\/wp\/v2\/comments?post=19793"}],"version-history":[{"count":2,"href":"https:\/\/www.harzer-wandernadel.de\/da\/wp-json\/wp\/v2\/pages\/19793\/revisions"}],"predecessor-version":[{"id":24802,"href":"https:\/\/www.harzer-wandernadel.de\/da\/wp-json\/wp\/v2\/pages\/19793\/revisions\/24802"}],"up":[{"embeddable":true,"href":"https:\/\/www.harzer-wandernadel.de\/da\/wp-json\/wp\/v2\/pages\/17792"}],"wp:featuredmedia":[{"embeddable":true,"href":"https:\/\/www.harzer-wandernadel.de\/da\/wp-json\/wp\/v2\/media\/11713"}],"wp:attachment":[{"href":"https:\/\/www.harzer-wandernadel.de\/da\/wp-json\/wp\/v2\/media?parent=19793"}],"wp:term":[{"taxonomy":"hf_cat_page","embeddable":true,"href":"https:\/\/www.harzer-wandernadel.de\/da\/wp-json\/wp\/v2\/hf_cat_page?post=19793"}],"curies":[{"name":"wp","href":"https:\/\/api.w.org\/{rel}","templated":true}]}}