{"id":19771,"date":"2016-02-18T11:43:21","date_gmt":"2016-02-18T10:43:21","guid":{"rendered":"https:\/\/www.harzer-wandernadel.de\/stempelcentre\/oversigtskort\/frimaerkepunkt-197-anhalts-borgruin\/"},"modified":"2026-01-29T14:52:43","modified_gmt":"2026-01-29T13:52:43","slug":"frimaerkepunkt-197-anhalts-borgruin","status":"publish","type":"page","link":"https:\/\/www.harzer-wandernadel.de\/da\/stempelcentre\/oversigtskort\/frimaerkepunkt-197-anhalts-borgruin\/","title":{"rendered":"Frim\u00e6rkepunkt 197 \/ Anhalts borgruin"},"content":{"rendered":"\n<h2 class=\"wp-block-heading\">Ruinerne af Anhalt Slot ligger h\u00f8jt over Selke-dalen p\u00e5 det lokale bjerg (397&nbsp;meter over havets overflade) mellem M\u00e4gdesprung og Falkenstein Slot.<\/h2>\n\n<div class=\"wp-block-stackable-image alignwide stk-block-image stk-block stk-89e1006\" data-block-id=\"89e1006\"><style>.stk-89e1006 {margin-top:3% !important;margin-bottom:3% !important;}<\/style><figure><span class=\"stk-img-wrapper stk-image--shape-stretch stk--has-lightbox\"><img decoding=\"async\" width=\"960\" height=\"540\" src=\"https:\/\/www.harzer-wandernadel.de\/wp-content\/uploads\/2016\/02\/Burgruine-Anhalt.jpg\" class=\"attachment-full size-full wp-post-image\" alt srcset=\"https:\/\/www.harzer-wandernadel.de\/wp-content\/uploads\/2016\/02\/Burgruine-Anhalt.jpg 960w, https:\/\/www.harzer-wandernadel.de\/wp-content\/uploads\/2016\/02\/Burgruine-Anhalt-300x169.jpg 300w, https:\/\/www.harzer-wandernadel.de\/wp-content\/uploads\/2016\/02\/Burgruine-Anhalt-768x432.jpg 768w, https:\/\/www.harzer-wandernadel.de\/wp-content\/uploads\/2016\/02\/Burgruine-Anhalt-250x141.jpg 250w, https:\/\/www.harzer-wandernadel.de\/wp-content\/uploads\/2016\/02\/Burgruine-Anhalt-624x351.jpg 624w\" sizes=\"(max-width: 960px) 100vw, 960px\"><\/span><\/figure><\/div>\n\n<p>Anhalt Slot blev f\u00f8r\u00adste gang n\u00e6vnt omkring 1140, da det blev \u00f8de\u00adlagt under en fejde mel\u00adlem \u00e6rke\u00adbi\u00adskop\u00adpen af Mag\u00adde\u00adburg og mark\u00adgre\u00adve Kon\u00adrad af Mei\u00ads\u00adsen. Aska\u00adni\u00ade\u00adren Albre\u00adcht I&nbsp;af Bran\u00adden\u00adburg, bed\u00adre kendt som \u201eBj\u00f8r\u00adnen Albre\u00adcht\u201c, fik slot\u00adtet genop\u00adbyg\u00adget i&nbsp;de f\u00f8l\u00adgen\u00adde \u00e5r. Den nye kon\u00adstruk\u00adtion gjor\u00adde bor\u00adgen til en af de st\u00f8r\u00adste bef\u00e6st\u00adnin\u00adger i&nbsp;hele Harzen.&nbsp;<\/p>\n\n<p>I dag kan man kun se rester\u00adne af borgt\u00e5r\u00adnet og dele af slots\u00adka\u00adpel\u00adlet, men en model af slot\u00adtet fin\u00addes p\u00e5 Bal\u00adlen\u00adstedt Slots\u00adplads. Da slot\u00adtet har givet navn til del\u00adsta\u00adten Sach\u00adsen-Anhalt, blev slots\u00adom\u00adr\u00e5\u00addet \u00e5bnet for offent\u00adlig\u00adhe\u00adden i&nbsp;2012 for at mar\u00adke\u00adre del\u00adsta\u00adtens 800-\u00e5rs jubil\u00e6um.&nbsp;<\/p>\n\n<p>Det kor\u00adte\u00adste udgangs\u00adpunkt for en van\u00addre\u00adtur til bor\u00adgru\u00adi\u00adnen er par\u00adke\u00adrings\u00adplad\u00adsen for\u00adan Sel\u00adkem\u00fch\u00adle, som man kan n\u00e5 fra M\u00e4g\u00addesprung. Fra den tid\u00adli\u00adge\u00adre kro kryd\u00adser man Sel\u00adke og g\u00e5r st\u00f8t op ad bak\u00adke ad en afm\u00e6r\u00adket hul\u00advej til borgruinen.&nbsp;<\/p>\n","protected":false},"excerpt":{"rendered":"<p>Rui\u00adner\u00adne af Anhalt Slot lig\u00adger h\u00f8jt over Sel\u00adke-dalen p\u00e5 det loka\u00adle bjerg (397&nbsp;meter over havets over\u00adfla\u00adde) mel\u00adlem M\u00e4g\u00addesprung og Fal\u00adkenste\u00adin Slot. Anhalt Slot blev f\u00f8r\u00adste gang n\u00e6vnt omkring 1140, da det blev \u00f8de\u00adlagt under en fejde mel\u00adlem \u00e6rke\u00adbi\u00adskop\u00adpen af Mag\u00adde\u00adburg og mark\u00adgre\u00adve Kon\u00adrad af Mei\u00ads\u00adsen. Aska\u00adni\u00ade\u00adren Albre\u00adcht I&nbsp;af Bran\u00adden\u00adburg, bed\u00adre kendt som \u201eBj\u00f8r\u00adnen Albre\u00adcht\u201c,&nbsp;fik&nbsp;[\u2026]<\/p>\n","protected":false},"author":11,"featured_media":12160,"parent":17792,"menu_order":10197,"comment_status":"closed","ping_status":"closed","template":"","meta":{"_seopress_robots_primary_cat":"","_seopress_titles_title":"","_seopress_titles_desc":"","_seopress_robots_index":"","wp_typography_post_enhancements_disabled":false,"iawp_total_views":1,"footnotes":""},"hf_cat_page":[120],"class_list":["post-19771","page","type-page","status-publish","has-post-thumbnail"],"blocksy_meta":[],"_links":{"self":[{"href":"https:\/\/www.harzer-wandernadel.de\/da\/wp-json\/wp\/v2\/pages\/19771","targetHints":{"allow":["GET"]}}],"collection":[{"href":"https:\/\/www.harzer-wandernadel.de\/da\/wp-json\/wp\/v2\/pages"}],"about":[{"href":"https:\/\/www.harzer-wandernadel.de\/da\/wp-json\/wp\/v2\/types\/page"}],"author":[{"embeddable":true,"href":"https:\/\/www.harzer-wandernadel.de\/da\/wp-json\/wp\/v2\/users\/11"}],"replies":[{"embeddable":true,"href":"https:\/\/www.harzer-wandernadel.de\/da\/wp-json\/wp\/v2\/comments?post=19771"}],"version-history":[{"count":1,"href":"https:\/\/www.harzer-wandernadel.de\/da\/wp-json\/wp\/v2\/pages\/19771\/revisions"}],"predecessor-version":[{"id":19772,"href":"https:\/\/www.harzer-wandernadel.de\/da\/wp-json\/wp\/v2\/pages\/19771\/revisions\/19772"}],"up":[{"embeddable":true,"href":"https:\/\/www.harzer-wandernadel.de\/da\/wp-json\/wp\/v2\/pages\/17792"}],"wp:featuredmedia":[{"embeddable":true,"href":"https:\/\/www.harzer-wandernadel.de\/da\/wp-json\/wp\/v2\/media\/12160"}],"wp:attachment":[{"href":"https:\/\/www.harzer-wandernadel.de\/da\/wp-json\/wp\/v2\/media?parent=19771"}],"wp:term":[{"taxonomy":"hf_cat_page","embeddable":true,"href":"https:\/\/www.harzer-wandernadel.de\/da\/wp-json\/wp\/v2\/hf_cat_page?post=19771"}],"curies":[{"name":"wp","href":"https:\/\/api.w.org\/{rel}","templated":true}]}}