{"id":19524,"date":"2016-02-19T11:11:47","date_gmt":"2016-02-19T10:11:47","guid":{"rendered":"https:\/\/www.harzer-wandernadel.de\/stempelcentre\/oversigtskort\/stempelpunkt-96-tidligere-stenmoelle\/"},"modified":"2026-02-28T14:42:53","modified_gmt":"2026-02-28T13:42:53","slug":"stempelpunkt-96-tidligere-stenmoelle","status":"publish","type":"page","link":"https:\/\/www.harzer-wandernadel.de\/da\/stempelcentre\/oversigtskort\/stempelpunkt-96-tidligere-stenmoelle\/","title":{"rendered":"Stempelpunkt 96 \/ Tidligere stenm\u00f8lle"},"content":{"rendered":"\n<h2 class=\"wp-block-heading\">Das romantische und mystische Steinm\u00fchlental befindet sich zwischen Netzkater, Rothes\u00fctte und S\u00fclzhayn.<\/h2>\n\n<div class=\"wp-block-stackable-image alignwide stk-block-image stk-block stk-89e1006\" data-block-id=\"89e1006\"><style>.stk-89e1006 {margin-top:3% !important;margin-bottom:3% !important;}<\/style><figure><span class=\"stk-img-wrapper stk-image--shape-stretch stk--has-lightbox\"><img decoding=\"async\" width=\"787\" height=\"525\" src=\"https:\/\/www.harzer-wandernadel.de\/wp-content\/uploads\/2016\/02\/Steinm\u00fchle.jpg\" class=\"attachment-full size-full wp-post-image\" alt srcset=\"https:\/\/www.harzer-wandernadel.de\/wp-content\/uploads\/2016\/02\/Steinm\u00fchle.jpg 787w, https:\/\/www.harzer-wandernadel.de\/wp-content\/uploads\/2016\/02\/Steinm\u00fchle-300x200.jpg 300w, https:\/\/www.harzer-wandernadel.de\/wp-content\/uploads\/2016\/02\/Steinm\u00fchle-768x512.jpg 768w, https:\/\/www.harzer-wandernadel.de\/wp-content\/uploads\/2016\/02\/Steinm\u00fchle-624x416.jpg 624w\" sizes=\"(max-width: 787px) 100vw, 787px\"><\/span><\/figure><\/div>\n\n<p>Dalen har f\u00e5et sit navn fra den sten\u00adm\u00f8l\u00adle, der blev byg\u00adget her i&nbsp;1756. Der er kun f\u00e5 rui\u00adner til\u00adba\u00adge af det\u00adte sav\u00adv\u00e6rk og kornm\u00f8lle.&nbsp;<\/p>\n\n<p>Klip\u00adper\u00adne til h\u00f8j\u00adre og ven\u00adstre for dalen har i&nbsp;\u00e5re\u00adnes l\u00f8b f\u00e5et ori\u00adgi\u00adna\u00adle nav\u00adne som \u201eOwl\u2019s Head\u201c, \u201eHor\u00adse\u201c eller \u201eHer\u00adcu\u00adles\u201c.<\/p>\n\n<p>Et godt udgangs\u00adpunkt er van\u00addre\u00adpar\u00adke\u00adrin\u00adgen p\u00e5 Honig\u00adberg mel\u00adlem Net\u00adzka\u00adter og Rot\u00adhe\u00ads\u00fct\u00adte. Der\u00adfra g\u00e5r man ad afm\u00e6r\u00adke\u00adde sko\u00advsti\u00ader gen\u00adnem Ste\u00adin\u00adm\u00fch\u00adlen\u00adtal-dalen til stem\u00adpel\u00adpunk\u00adtet n\u00e6r spring\u00advan\u00addet \u201eGold\u00adborn\u201c. <\/p>\n\n<div class=\"wp-block-buttons is-layout-flex wp-block-buttons-is-layout-flex\">\n<div class=\"wp-block-button\"><a class=\"wp-block-button__link wp-element-button\" href=\"https:\/\/harzer-bergwald.de\/index.php\/wandertouren\/romantiktouren\/17-entlang-des-wilden-fuhrbachs\" target=\"_blank\" rel=\"noreferrer noopener\">Tour tip Harzen bjergskov&nbsp;\u201c<\/a><\/div>\n<\/div>\n","protected":false},"excerpt":{"rendered":"<p>Das roman\u00adti\u00ads\u00adche und mysti\u00ads\u00adche Ste\u00adin\u00adm\u00fch\u00adlen\u00adtal befin\u00addet sich zwi\u00ads\u00adchen Net\u00adzka\u00adter, Rot\u00adhe\u00ads\u00fct\u00adte und S\u00fclzhayn. Dalen har f\u00e5et sit navn fra den sten\u00adm\u00f8l\u00adle, der blev byg\u00adget her i&nbsp;1756. Der er kun f\u00e5 rui\u00adner til\u00adba\u00adge af det\u00adte sav\u00adv\u00e6rk og kor\u00adn\u00adm\u00f8l\u00adle.&nbsp; Klip\u00adper\u00adne til h\u00f8j\u00adre og ven\u00adstre for dalen har i&nbsp;\u00e5re\u00adnes l\u00f8b f\u00e5et ori\u00adgi\u00adna\u00adle nav\u00adne som \u201eOwl\u2019s Head\u201c, \u201eHor\u00adse\u201c eller \u201eHer\u00adcu\u00adles\u201c. [\u2026]<\/p>\n","protected":false},"author":11,"featured_media":11812,"parent":17792,"menu_order":10096,"comment_status":"closed","ping_status":"closed","template":"","meta":{"_seopress_robots_primary_cat":"","_seopress_titles_title":"","_seopress_titles_desc":"","_seopress_robots_index":"","wp_typography_post_enhancements_disabled":false,"iawp_total_views":0,"footnotes":""},"hf_cat_page":[120],"class_list":["post-19524","page","type-page","status-publish","has-post-thumbnail"],"blocksy_meta":[],"_links":{"self":[{"href":"https:\/\/www.harzer-wandernadel.de\/da\/wp-json\/wp\/v2\/pages\/19524","targetHints":{"allow":["GET"]}}],"collection":[{"href":"https:\/\/www.harzer-wandernadel.de\/da\/wp-json\/wp\/v2\/pages"}],"about":[{"href":"https:\/\/www.harzer-wandernadel.de\/da\/wp-json\/wp\/v2\/types\/page"}],"author":[{"embeddable":true,"href":"https:\/\/www.harzer-wandernadel.de\/da\/wp-json\/wp\/v2\/users\/11"}],"replies":[{"embeddable":true,"href":"https:\/\/www.harzer-wandernadel.de\/da\/wp-json\/wp\/v2\/comments?post=19524"}],"version-history":[{"count":1,"href":"https:\/\/www.harzer-wandernadel.de\/da\/wp-json\/wp\/v2\/pages\/19524\/revisions"}],"predecessor-version":[{"id":19525,"href":"https:\/\/www.harzer-wandernadel.de\/da\/wp-json\/wp\/v2\/pages\/19524\/revisions\/19525"}],"up":[{"embeddable":true,"href":"https:\/\/www.harzer-wandernadel.de\/da\/wp-json\/wp\/v2\/pages\/17792"}],"wp:featuredmedia":[{"embeddable":true,"href":"https:\/\/www.harzer-wandernadel.de\/da\/wp-json\/wp\/v2\/media\/11812"}],"wp:attachment":[{"href":"https:\/\/www.harzer-wandernadel.de\/da\/wp-json\/wp\/v2\/media?parent=19524"}],"wp:term":[{"taxonomy":"hf_cat_page","embeddable":true,"href":"https:\/\/www.harzer-wandernadel.de\/da\/wp-json\/wp\/v2\/hf_cat_page?post=19524"}],"curies":[{"name":"wp","href":"https:\/\/api.w.org\/{rel}","templated":true}]}}