{"id":19507,"date":"2022-05-18T13:45:51","date_gmt":"2022-05-18T11:45:51","guid":{"rendered":"https:\/\/www.harzer-wandernadel.de\/stempelcentre\/karst-vandresti-i-det-sydlige-harzen\/"},"modified":"2026-01-29T14:50:50","modified_gmt":"2026-01-29T13:50:50","slug":"karst-vandresti-i-det-sydlige-harzen","status":"publish","type":"page","link":"https:\/\/www.harzer-wandernadel.de\/da\/stempelcentre\/karst-vandresti-i-det-sydlige-harzen\/","title":{"rendered":"Karst-vandresti i&nbsp;det sydlige Harzen"},"content":{"rendered":"\n<h3 class=\"wp-block-heading\">I samarbejde med arbejdsgruppen for karstvandrestien \u201eDrei L\u00e4nder \u2013 Ein Weg\u201c har du nu mulighed for at opdage karstomr\u00e5dets sk\u00f8nhed p\u00e5 dine vandreture til karstvandrestiens stempelpunkter.<\/h3>\n\n<p>Fra Bad Grund i&nbsp;vest til P\u00f6ls\u00adfeld i&nbsp;\u00f8st i&nbsp;det syd\u00adli\u00adge Harzen kan du ople\u00adve huler, jord\u00adfalds\u00adhul\u00adler, karst\u00adkil\u00adder, sno\u00ade\u00adde vand\u00adl\u00f8b, klip\u00adper, sj\u00e6ld\u00adne dyr og plan\u00adter, fan\u00adta\u00adsti\u00adske udsig\u00adter samt kuli\u00adna\u00adri\u00adske og kul\u00adtu\u00adrel\u00adle h\u00f8jdepunkter.<\/p>\n\n<p>Vi h\u00e5ber, at du vil nyde at van\u00addre i&nbsp;det\u00adte unik\u00adke natu\u00adr\u00adom\u00adr\u00e5\u00adde, hvis maskot er gr\u00e6v\u00adlin\u00adgen. N\u00e5r du har bes\u00f8gt alle 24 stem\u00adpel\u00adpunk\u00adter, f\u00e5r du en gr\u00e6vlingevandringsn\u00e5l.&nbsp;<\/p>\n\n<div class=\"wp-block-stackable-columns stk-block-columns stk-block stk-7c8cde7\" data-block-id=\"7c8cde7\"><style>.stk-7c8cde7 {margin-bottom:0px !important;}<\/style><div class=\"stk-row stk-inner-blocks stk-block-content stk-content-align stk-7c8cde7-column\">\n<div class=\"wp-block-stackable-column stk-block-column stk-column stk-block stk-cea6b52\" data-v=\"4\" data-block-id=\"cea6b52\"><style>.stk-cea6b52 {overflow:auto !important;}<\/style><div class=\"stk-column-wrapper stk-block-column__content stk-container stk-cea6b52-container stk--no-background stk--no-padding\"><div class=\"stk-block-content stk-inner-blocks stk-cea6b52-inner-blocks\">\n<figure style=\"margin-top:6vh\" class=\"wp-block-table\"><table><thead><tr><th scope=\"col\">Stem\u00adpel\u00adcen\u00adter<\/th><th scope=\"col\">  Koor\u00addi\u00adna\u00adter N<\/th><th scope=\"col\">  Koor\u00addi\u00adna\u00adter&nbsp;E<\/th><\/tr><\/thead><tbody><tr><td>Iberg Albert Tower, Bad Grund (HWN&nbsp;130)<\/td><td class=\"has-text-align-left\" data-align=\"left\">51\u00b049.192\u2032<\/td><td class=\"has-text-align-left\" data-align=\"left\">10\u00b014.712\u2032<\/td><\/tr><tr><td>WeltWald, Bad Grund (HWN&nbsp;129)<\/td><td class=\"has-text-align-left\" data-align=\"left\">51\u00b049.156\u2032<\/td><td class=\"has-text-align-left\" data-align=\"left\">10\u00b013.502\u2032<\/td><\/tr><tr><td>Baden\u00adh\u00e4u\u00adser K\u00f6nigs\u00adste\u00adin, Oberh\u00fctte<\/td><td class=\"has-text-align-left\" data-align=\"left\">51\u00b045.468\u2032<\/td><td class=\"has-text-align-left\" data-align=\"left\">10\u00b011.868\u2032<\/td><\/tr><tr><td>Lich\u00adtenste\u00adin bor\u00adgru\u00adin, Dorste<\/td><td class=\"has-text-align-left\" data-align=\"left\">51\u00b043.270\u2032<\/td><td class=\"has-text-align-left\" data-align=\"left\">10\u00b010.545\u2032<\/td><\/tr><tr><td>Oste\u00adro\u00adder Feld\u00adher\u00adren\u00adh\u00fc\u00adgel, Osterode<\/td><td class=\"has-text-align-left\" data-align=\"left\">51\u00b042.025\u2032<\/td><td class=\"has-text-align-left\" data-align=\"left\">10\u00b013.913\u2032<\/td><\/tr><tr><td>D\u00fcna\u00ader R\u00f6tzelkamm, D\u00fcna<\/td><td class=\"has-text-align-left\" data-align=\"left\">51\u00b041.819\u2032<\/td><td class=\"has-text-align-left\" data-align=\"left\">10\u00b015.820\u2032<\/td><\/tr><tr><td>Enhj\u00f8r\u00adnings\u00adhu\u00adle, Scharz\u00adfeld (HWN&nbsp;101)<\/td><td class=\"has-text-align-left\" data-align=\"left\">51\u00b038.101\u2032<\/td><td class=\"has-text-align-left\" data-align=\"left\">10\u00b024.264\u2032<\/td><\/tr><tr><td>Scharz\u00adfeld slots\u00adru\u00adin (HWN&nbsp;151)<\/td><td class=\"has-text-align-left\" data-align=\"left\">51\u00b037.731\u2032<\/td><td class=\"has-text-align-left\" data-align=\"left\">10\u00b024.536\u2032<\/td><\/tr><tr><td>Wester\u00adste\u00adi\u00adne, Bartolfelde<\/td><td class=\"has-text-align-left\" data-align=\"left\">51\u00b036.024\u2032<\/td><td class=\"has-text-align-left\" data-align=\"left\">10\u00b026.640\u2032<\/td><\/tr><tr><td>Histo\u00adrisk gip\u00adsovn, Neuhof (HWN&nbsp;192)<\/td><td class=\"has-text-align-left\" data-align=\"left\">51\u00b034.613\u2032<\/td><td class=\"has-text-align-left\" data-align=\"left\">10\u00b034.514\u2032<\/td><\/tr><tr><td>Sach\u00adsenste\u00adin\u00adh\u00fct\u00adte, Neuhof (HWN&nbsp;166)<\/td><td class=\"has-text-align-left\" data-align=\"left\">51\u00b034.844\u2032<\/td><td class=\"has-text-align-left\" data-align=\"left\">10\u00b035.031\u2032<\/td><\/tr><tr><td>Hexen\u00adtan\u00adz\u00adp\u00adlatz, Ell\u00adrich (HWN&nbsp;167)<\/td><td class=\"has-text-align-left\" data-align=\"left\">51\u00b034,863\u2032<\/td><td class=\"has-text-align-left\" data-align=\"left\">10\u00b038.754\u2032<\/td><\/tr><tr><td>Vagt\u00adhu\u00adset p\u00e5 M\u00fchl\u00adberg, Niedersachswerfen<\/td><td class=\"has-text-align-left\" data-align=\"left\">51\u00b033.316\u2032<\/td><td class=\"has-text-align-left\" data-align=\"left\">10\u00b045.653\u2032<\/td><\/tr><tr><td>Mur\u00adske, Appenrode<\/td><td class=\"has-text-align-left\" data-align=\"left\">51\u00b034.028\u2032<\/td><td class=\"has-text-align-left\" data-align=\"left\">10\u00b043.082\u2032<\/td><\/tr><tr><td>Salz\u00ada\u00adspring, Nordhausen<\/td><td class=\"has-text-align-left\" data-align=\"left\">51\u00b031.828\u2032<\/td><td class=\"has-text-align-left\" data-align=\"left\">10\u00b045.700\u2032<\/td><\/tr><tr><td>Harz-dam\u00adploko\u00admo\u00adtiv i&nbsp;tr\u00e6, Neustadt (HWN&nbsp;99)<\/td><td class=\"has-text-align-left\" data-align=\"left\">51\u00b033.396\u2032<\/td><td class=\"has-text-align-left\" data-align=\"left\">  10\u00b049.528\u2032<\/td><\/tr><tr><td>Glo\u00adck\u00adenste\u00adi\u00adne, Stei\u00adgert\u00adhal (HWN&nbsp;198)<\/td><td class=\"has-text-align-left\" data-align=\"left\">51\u00b031.061\u2032<\/td><td class=\"has-text-align-left\" data-align=\"left\">10\u00b051.483\u2032<\/td><\/tr><tr><td>Rees\u00adberg\u00addo\u00adli\u00adne p\u00e5 Heim\u00adke\u00adh\u00adle (HWN&nbsp;214)<\/td><td class=\"has-text-align-left\" data-align=\"left\">51\u00b029.867\u2032<\/td><td class=\"has-text-align-left\" data-align=\"left\">10\u00b056.866\u2032<\/td><\/tr><tr><td>B\u00f8n\u00adder\u00adnes gr\u00f8ft, Agnes\u00addorf (HWN&nbsp;213)<\/td><td class=\"has-text-align-left\" data-align=\"left\">51\u00b029.338\u2032<\/td><td class=\"has-text-align-left\" data-align=\"left\">11\u00b004.676\u2032<\/td><\/tr><tr><td>Que\u00adste, Que\u00adsten\u00adberg (HWN&nbsp;212)<\/td><td class=\"has-text-align-left\" data-align=\"left\">51\u00b029.596<\/td><td class=\"has-text-align-left\" data-align=\"left\">11\u00b007.032\u2032<\/td><\/tr><tr><td>Smuk udsigt, Hain\u00adro\u00adde (HWN&nbsp;210)<\/td><td class=\"has-text-align-left\" data-align=\"left\">51\u00b030.080\u2032<\/td><td class=\"has-text-align-left\" data-align=\"left\">11\u00b008.510\u2032<\/td><\/tr><tr><td>Anken\u00adberg, Gro\u00dfleinungen<\/td><td class=\"has-text-align-left\" data-align=\"left\">51\u00b029.737\u2032<\/td><td class=\"has-text-align-left\" data-align=\"left\">11\u00b011.086\u2032<\/td><\/tr><tr><td>Natursti til mine\u00addrift, Wet\u00adtel\u00adro\u00adde (HWN&nbsp;222)<\/td><td class=\"has-text-align-left\" data-align=\"left\">51\u00b032.223\u2032<\/td><td class=\"has-text-align-left\" data-align=\"left\">11\u00b016.616\u2032<\/td><\/tr><tr><td>Grits mark<\/td><td class=\"has-text-align-left\" data-align=\"left\">51\u00b031.529\u2032<\/td><td class=\"has-text-align-left\" data-align=\"left\">11\u00b021.518\u2032<\/td><\/tr><\/tbody><\/table><\/figure>\n<\/div><\/div><\/div>\n<\/div><\/div>\n","protected":false},"excerpt":{"rendered":"<p>I sam\u00adar\u00adbej\u00adde med arbejds\u00adgrup\u00adpen for karstvan\u00addre\u00adstien \u201eDrei L\u00e4n\u00adder \u2013 Ein Weg\u201c har du nu mulig\u00adhed for at opda\u00adge kar\u00adst\u00adom\u00adr\u00e5\u00addets sk\u00f8n\u00adhed p\u00e5 dine van\u00addre\u00adtu\u00adre til karstvan\u00addre\u00adstiens stem\u00adpel\u00adpunk\u00adter. Fra Bad Grund i&nbsp;vest til P\u00f6ls\u00adfeld i&nbsp;\u00f8st i&nbsp;det syd\u00adli\u00adge Harzen kan du ople\u00adve huler, jord\u00adfalds\u00adhul\u00adler, karst\u00adkil\u00adder, sno\u00ade\u00adde vand\u00adl\u00f8b, klip\u00adper, sj\u00e6ld\u00adne dyr og plan\u00adter, fan\u00adta\u00adsti\u00adske udsig\u00adter samt kuli\u00adna\u00adri\u00adske og kulturelle&nbsp;[\u2026]<\/p>\n","protected":false},"author":1,"featured_media":13747,"parent":17789,"menu_order":2730,"comment_status":"closed","ping_status":"closed","template":"","meta":{"_seopress_robots_primary_cat":"","_seopress_titles_title":"","_seopress_titles_desc":"","_seopress_robots_index":"","wp_typography_post_enhancements_disabled":false,"iawp_total_views":0,"footnotes":""},"hf_cat_page":[],"class_list":["post-19507","page","type-page","status-publish","has-post-thumbnail"],"blocksy_meta":[],"_links":{"self":[{"href":"https:\/\/www.harzer-wandernadel.de\/da\/wp-json\/wp\/v2\/pages\/19507","targetHints":{"allow":["GET"]}}],"collection":[{"href":"https:\/\/www.harzer-wandernadel.de\/da\/wp-json\/wp\/v2\/pages"}],"about":[{"href":"https:\/\/www.harzer-wandernadel.de\/da\/wp-json\/wp\/v2\/types\/page"}],"author":[{"embeddable":true,"href":"https:\/\/www.harzer-wandernadel.de\/da\/wp-json\/wp\/v2\/users\/1"}],"replies":[{"embeddable":true,"href":"https:\/\/www.harzer-wandernadel.de\/da\/wp-json\/wp\/v2\/comments?post=19507"}],"version-history":[{"count":1,"href":"https:\/\/www.harzer-wandernadel.de\/da\/wp-json\/wp\/v2\/pages\/19507\/revisions"}],"predecessor-version":[{"id":19510,"href":"https:\/\/www.harzer-wandernadel.de\/da\/wp-json\/wp\/v2\/pages\/19507\/revisions\/19510"}],"up":[{"embeddable":true,"href":"https:\/\/www.harzer-wandernadel.de\/da\/wp-json\/wp\/v2\/pages\/17789"}],"wp:featuredmedia":[{"embeddable":true,"href":"https:\/\/www.harzer-wandernadel.de\/da\/wp-json\/wp\/v2\/media\/13747"}],"wp:attachment":[{"href":"https:\/\/www.harzer-wandernadel.de\/da\/wp-json\/wp\/v2\/media?parent=19507"}],"wp:term":[{"taxonomy":"hf_cat_page","embeddable":true,"href":"https:\/\/www.harzer-wandernadel.de\/da\/wp-json\/wp\/v2\/hf_cat_page?post=19507"}],"curies":[{"name":"wp","href":"https:\/\/api.w.org\/{rel}","templated":true}]}}