{"id":19375,"date":"2016-02-18T13:45:25","date_gmt":"2016-02-18T12:45:25","guid":{"rendered":"https:\/\/www.harzer-wandernadel.de\/stempelcentre\/oversigtskort\/frimaerkepunkt-88-hoher-kleef-udsigtspavillon\/"},"modified":"2026-02-28T14:42:49","modified_gmt":"2026-02-28T13:42:49","slug":"frimaerkepunkt-88-hoher-kleef-udsigtspavillon","status":"publish","type":"page","link":"https:\/\/www.harzer-wandernadel.de\/da\/stempelcentre\/oversigtskort\/frimaerkepunkt-88-hoher-kleef-udsigtspavillon\/","title":{"rendered":"Frim\u00e6rkepunkt 88 \/ Hoher Kleef udsigtspavillon"},"content":{"rendered":"\n<h2 class=\"wp-block-heading\">Udsigtspavillonen p\u00e5 Hoher Kleef (442&nbsp;meter over havets overflade) ligger h\u00f8jt over R\u00fcbeland.<\/h2>\n\n<div class=\"wp-block-stackable-image alignwide stk-block-image stk-block stk-89e1006\" data-block-id=\"89e1006\"><style>.stk-89e1006 {margin-top:3% !important;margin-bottom:3% !important;}<\/style><figure><span class=\"stk-img-wrapper stk-image--shape-stretch stk--has-lightbox\"><img decoding=\"async\" width=\"733\" height=\"550\" src=\"https:\/\/www.harzer-wandernadel.de\/wp-content\/uploads\/2016\/02\/Hoher-Kleef.jpg\" class=\"attachment-full size-full wp-post-image\" alt srcset=\"https:\/\/www.harzer-wandernadel.de\/wp-content\/uploads\/2016\/02\/Hoher-Kleef.jpg 733w, https:\/\/www.harzer-wandernadel.de\/wp-content\/uploads\/2016\/02\/Hoher-Kleef-300x225.jpg 300w, https:\/\/www.harzer-wandernadel.de\/wp-content\/uploads\/2016\/02\/Hoher-Kleef-624x468.jpg 624w\" sizes=\"(max-width: 733px) 100vw, 733px\"><\/span><\/figure><\/div>\n\n<p>Hohe Kle\u00adef er en klip\u00adpe lavet af devonsk rev\u00adkal\u00adk\u00adsten. Klip\u00adpe\u00adfor\u00adma\u00adtio\u00adnen kan gen\u00adken\u00addes p\u00e5 lang afstand tak\u00adket v\u00e6re den udsigtspavil\u00adlon, der er opf\u00f8rt p\u00e5&nbsp;den.&nbsp;<\/p>\n\n<p>Fra par\u00adke\u00adrings\u00adplad\u00adsen ved Her\u00admanns\u00adh\u00f6h\u00adle-grot\u00adten f\u00f8rer en smal, afm\u00e6r\u00adket sti op ad skr\u00e5\u00adnin\u00adgen til h\u00f8j\u00adre mod Susen\u00adburg, som f\u00f8rer for\u00adbi Bir\u00adken\u00adfeld-rui\u00adner\u00adne og for\u00adbi fri\u00adm\u00e6r\u00adke\u00adkas\u00adsen til udsigtspavillonen.<\/p>\n","protected":false},"excerpt":{"rendered":"<p>Udsigtspavil\u00adlo\u00adnen p\u00e5 Hoher Kle\u00adef (442&nbsp;meter over havets over\u00adfla\u00adde) lig\u00adger h\u00f8jt over R\u00fcbeland. Hohe Kle\u00adef er en klip\u00adpe lavet af devonsk rev\u00adkal\u00adk\u00adsten. Klip\u00adpe\u00adfor\u00adma\u00adtio\u00adnen kan gen\u00adken\u00addes p\u00e5 lang afstand tak\u00adket v\u00e6re den udsigtspavil\u00adlon, der er opf\u00f8rt p\u00e5&nbsp;den.&nbsp; Fra par\u00adke\u00adrings\u00adplad\u00adsen ved Her\u00ad\u00ad\u00admanns\u00adh\u00f6h\u00ad\u00adle-gro\u00adt\u00adten f\u00f8rer en smal, afm\u00e6r\u00adket sti op ad skr\u00e5\u00adnin\u00adgen til h\u00f8j\u00adre mod Susen\u00adburg, som f\u00f8rer for\u00adbi Birkenfeld-ruinerne&nbsp;[\u2026]<\/p>\n","protected":false},"author":11,"featured_media":11785,"parent":17792,"menu_order":10088,"comment_status":"closed","ping_status":"closed","template":"","meta":{"_seopress_robots_primary_cat":"","_seopress_titles_title":"","_seopress_titles_desc":"","_seopress_robots_index":"","wp_typography_post_enhancements_disabled":false,"iawp_total_views":0,"footnotes":""},"hf_cat_page":[120],"class_list":["post-19375","page","type-page","status-publish","has-post-thumbnail"],"blocksy_meta":[],"_links":{"self":[{"href":"https:\/\/www.harzer-wandernadel.de\/da\/wp-json\/wp\/v2\/pages\/19375","targetHints":{"allow":["GET"]}}],"collection":[{"href":"https:\/\/www.harzer-wandernadel.de\/da\/wp-json\/wp\/v2\/pages"}],"about":[{"href":"https:\/\/www.harzer-wandernadel.de\/da\/wp-json\/wp\/v2\/types\/page"}],"author":[{"embeddable":true,"href":"https:\/\/www.harzer-wandernadel.de\/da\/wp-json\/wp\/v2\/users\/11"}],"replies":[{"embeddable":true,"href":"https:\/\/www.harzer-wandernadel.de\/da\/wp-json\/wp\/v2\/comments?post=19375"}],"version-history":[{"count":1,"href":"https:\/\/www.harzer-wandernadel.de\/da\/wp-json\/wp\/v2\/pages\/19375\/revisions"}],"predecessor-version":[{"id":19376,"href":"https:\/\/www.harzer-wandernadel.de\/da\/wp-json\/wp\/v2\/pages\/19375\/revisions\/19376"}],"up":[{"embeddable":true,"href":"https:\/\/www.harzer-wandernadel.de\/da\/wp-json\/wp\/v2\/pages\/17792"}],"wp:featuredmedia":[{"embeddable":true,"href":"https:\/\/www.harzer-wandernadel.de\/da\/wp-json\/wp\/v2\/media\/11785"}],"wp:attachment":[{"href":"https:\/\/www.harzer-wandernadel.de\/da\/wp-json\/wp\/v2\/media?parent=19375"}],"wp:term":[{"taxonomy":"hf_cat_page","embeddable":true,"href":"https:\/\/www.harzer-wandernadel.de\/da\/wp-json\/wp\/v2\/hf_cat_page?post=19375"}],"curies":[{"name":"wp","href":"https:\/\/api.w.org\/{rel}","templated":true}]}}