{"id":19341,"date":"2016-02-18T10:09:26","date_gmt":"2016-02-18T09:09:26","guid":{"rendered":"https:\/\/www.harzer-wandernadel.de\/stempelcentre\/oversigtskort\/stempelpunkt-220-phillippsgruss-refuge\/"},"modified":"2026-01-29T12:55:06","modified_gmt":"2026-01-29T11:55:06","slug":"stempelpunkt-220-phillippsgruss-refuge","status":"publish","type":"page","link":"https:\/\/www.harzer-wandernadel.de\/da\/stempelcentre\/oversigtskort\/stempelpunkt-220-phillippsgruss-refuge\/","title":{"rendered":"Stempelpunkt 220 \/ Phillippsgru\u00df refuge"},"content":{"rendered":"\n<h2 class=\"wp-block-heading\">Pavillonen \u201ePhillippsgru\u00df\u201c ligger nordvest for Bad Sachsa p\u00e5 Katzenstein i&nbsp;n\u00e6rheden af Ravensberg (660&nbsp;meter over havets overflade).<\/h2>\n\n<div class=\"wp-block-stackable-image alignwide stk-block-image stk-block stk-89e1006\" data-block-id=\"89e1006\"><style>.stk-89e1006 {margin-top:3% !important;margin-bottom:3% !important;}<\/style><figure><span class=\"stk-img-wrapper stk-image--shape-stretch stk--has-lightbox\"><img decoding=\"async\" width=\"960\" height=\"540\" src=\"https:\/\/www.harzer-wandernadel.de\/wp-content\/uploads\/2016\/02\/Philipsgru\u00df.jpg\" class=\"attachment-full size-full wp-post-image\" alt srcset=\"https:\/\/www.harzer-wandernadel.de\/wp-content\/uploads\/2016\/02\/Philipsgru\u00df.jpg 960w, https:\/\/www.harzer-wandernadel.de\/wp-content\/uploads\/2016\/02\/Philipsgru\u00df-300x169.jpg 300w, https:\/\/www.harzer-wandernadel.de\/wp-content\/uploads\/2016\/02\/Philipsgru\u00df-768x432.jpg 768w, https:\/\/www.harzer-wandernadel.de\/wp-content\/uploads\/2016\/02\/Philipsgru\u00df-250x141.jpg 250w, https:\/\/www.harzer-wandernadel.de\/wp-content\/uploads\/2016\/02\/Philipsgru\u00df-624x351.jpg 624w\" sizes=\"(max-width: 960px) 100vw, 960px\"><\/span><\/figure><\/div>\n\n<p>En stam\u00adg\u00e6st p\u00e5 det kli\u00adma\u00adti\u00adske kur\u00adsted fik pavil\u00adlo\u00adnen byg\u00adget p\u00e5 det\u00adte sted, da han is\u00e6r sat\u00adte pris p\u00e5 udsig\u00adten fra det\u00adte sted, som str\u00e6k\u00adker sig langt ud over Bad Sachsa til Kyffh\u00e4user.<\/p>\n\n<p>Neden\u00adfor Phil\u00adlip\u00adps\u00adgru\u00df lig\u00adger den \u00e6ld\u00adste even\u00adtyr\u00adpark i&nbsp;Tys\u00adkland, som blev byg\u00adget til\u00adba\u00adge i&nbsp;1910. Selv i&nbsp;dag und\u00adg\u00e5r man bevidst pla\u00adstik\u00adfi\u00adgu\u00adrer og stem\u00adme\u00adma\u00adski\u00adner, og for\u00adskel\u00adli\u00adge even\u00adtyrs\u00adce\u00adner gen\u00adska\u00adbes ved hj\u00e6lp af natur\u00adli\u00adge materialer.&nbsp;<\/p>\n\n<p>\u201eHarz\u00adfal\u00adken\u00adhof Bad Sachsa\u201c, der blev grund\u00adlagt i&nbsp;1964, lig\u00adger meget t\u00e6t p\u00e5 M\u00e4r\u00adchen\u00adgrund. Siden da har Harz\u00adfal\u00adken\u00adhof v\u00e6ret invol\u00adve\u00adret i&nbsp;rov\u00adfug\u00adle\u00adbe\u00adskyt\u00adtel\u00adse, rov\u00adfug\u00adle\u00adop\u00addr\u00e6t og rov\u00adfug\u00adle\u00adforsk\u00adning. Det er hjem\u00adsted for omkring 80 rov\u00adfug\u00adle, f.eks. \u00f8rne, gri\u00adb\u00adbe, fal\u00adke, ugler og andre arter. Flugt\u00adde\u00admon\u00adstra\u00adtio\u00adner\u00adne af fal\u00adke, \u00f8rne og andre rov\u00adfug\u00adle er unik\u00adke, men yng\u00adlesuc\u00adce\u00adsen hos fug\u00adle\u00adne, som hol\u00addes par\u00advis i&nbsp;dyre\u00adven\u00adli\u00adge voli\u00ade\u00adrer, er ogs\u00e5 imponerende.&nbsp;<\/p>\n\n<p>Den hur\u00adtig\u00adste adgang til Phil\u00adlip\u00adps\u00adgru\u00df er fra Bad Sachsa via Vital\u00adpark og Ede Bal\u00adler Trail. En char\u00adme\u00adren\u00adde van\u00addre\u00adsti f\u00f8rer direk\u00adte fra top\u00adpen af Ravens\u00adberg via K\u00e4t\u00adhe Schul\u00adken Hut og Ede Bal\u00adler Trail til Phillippsgru\u00df.&nbsp;<\/p>\n","protected":false},"excerpt":{"rendered":"<p>Pavil\u00adlo\u00adnen \u201ePhil\u00adlip\u00adps\u00adgru\u00df\u201c lig\u00adger nord\u00advest for Bad Sachsa p\u00e5 Katzenste\u00adin i&nbsp;n\u00e6r\u00adhe\u00adden af Ravens\u00adberg (660&nbsp;meter over havets over\u00adfla\u00adde). En stam\u00adg\u00e6st p\u00e5 det kli\u00adma\u00adti\u00adske kur\u00adsted fik pavil\u00adlo\u00adnen byg\u00adget p\u00e5 det\u00adte sted, da han is\u00e6r sat\u00adte pris p\u00e5 udsig\u00adten fra det\u00adte sted, som str\u00e6k\u00adker sig langt ud over Bad Sachsa til Kyf\u00adf\u00adh\u00e4u\u00adser. Neden\u00adfor Phil\u00adlip\u00adps\u00adgru\u00df lig\u00adger den \u00e6ld\u00adste even\u00adtyr\u00adpark i&nbsp;Tyskland,&nbsp;[\u2026]<\/p>\n","protected":false},"author":11,"featured_media":12256,"parent":17792,"menu_order":10220,"comment_status":"closed","ping_status":"closed","template":"","meta":{"_seopress_robots_primary_cat":"","_seopress_titles_title":"","_seopress_titles_desc":"","_seopress_robots_index":"","wp_typography_post_enhancements_disabled":false,"iawp_total_views":2,"footnotes":""},"hf_cat_page":[120],"class_list":["post-19341","page","type-page","status-publish","has-post-thumbnail"],"blocksy_meta":[],"_links":{"self":[{"href":"https:\/\/www.harzer-wandernadel.de\/da\/wp-json\/wp\/v2\/pages\/19341","targetHints":{"allow":["GET"]}}],"collection":[{"href":"https:\/\/www.harzer-wandernadel.de\/da\/wp-json\/wp\/v2\/pages"}],"about":[{"href":"https:\/\/www.harzer-wandernadel.de\/da\/wp-json\/wp\/v2\/types\/page"}],"author":[{"embeddable":true,"href":"https:\/\/www.harzer-wandernadel.de\/da\/wp-json\/wp\/v2\/users\/11"}],"replies":[{"embeddable":true,"href":"https:\/\/www.harzer-wandernadel.de\/da\/wp-json\/wp\/v2\/comments?post=19341"}],"version-history":[{"count":1,"href":"https:\/\/www.harzer-wandernadel.de\/da\/wp-json\/wp\/v2\/pages\/19341\/revisions"}],"predecessor-version":[{"id":19343,"href":"https:\/\/www.harzer-wandernadel.de\/da\/wp-json\/wp\/v2\/pages\/19341\/revisions\/19343"}],"up":[{"embeddable":true,"href":"https:\/\/www.harzer-wandernadel.de\/da\/wp-json\/wp\/v2\/pages\/17792"}],"wp:featuredmedia":[{"embeddable":true,"href":"https:\/\/www.harzer-wandernadel.de\/da\/wp-json\/wp\/v2\/media\/12256"}],"wp:attachment":[{"href":"https:\/\/www.harzer-wandernadel.de\/da\/wp-json\/wp\/v2\/media?parent=19341"}],"wp:term":[{"taxonomy":"hf_cat_page","embeddable":true,"href":"https:\/\/www.harzer-wandernadel.de\/da\/wp-json\/wp\/v2\/hf_cat_page?post=19341"}],"curies":[{"name":"wp","href":"https:\/\/api.w.org\/{rel}","templated":true}]}}