{"id":19340,"date":"2016-02-18T10:04:41","date_gmt":"2016-02-18T09:04:41","guid":{"rendered":"https:\/\/www.harzer-wandernadel.de\/stempelcentre\/oversigtskort\/frimaerkepunkt-59-klostergrund-michaelstein\/"},"modified":"2026-02-28T14:42:30","modified_gmt":"2026-02-28T13:42:30","slug":"frimaerkepunkt-59-klostergrund-michaelstein","status":"publish","type":"page","link":"https:\/\/www.harzer-wandernadel.de\/da\/stempelcentre\/oversigtskort\/frimaerkepunkt-59-klostergrund-michaelstein\/","title":{"rendered":"Frim\u00e6rkepunkt 59 \/ Klostergrund Michaelstein"},"content":{"rendered":"\n<h2 class=\"wp-block-heading\">Klosteret Michaelstein ligger mellem Blankenburg og Heimburg i&nbsp;den vandrige Klostergrund.<\/h2>\n\n<div class=\"wp-block-stackable-image alignwide stk-block-image stk-block stk-89e1006\" data-block-id=\"89e1006\"><style>.stk-89e1006 {margin-top:3% !important;margin-bottom:3% !important;}<\/style><figure><span class=\"stk-img-wrapper stk-image--shape-stretch stk--has-lightbox\"><img decoding=\"async\" width=\"3264\" height=\"1840\" src=\"https:\/\/www.harzer-wandernadel.de\/wp-content\/uploads\/2016\/02\/HWN-Michaelstein-Fr\u00fchling.jpg\" class=\"attachment-full size-full wp-post-image\" alt=\"Bindingsv\u00e6rkshus ved s\u00f8en med gr\u00f8nt landskab\" srcset=\"https:\/\/www.harzer-wandernadel.de\/wp-content\/uploads\/2016\/02\/HWN-Michaelstein-Fr\u00fchling.jpg 3264w, https:\/\/www.harzer-wandernadel.de\/wp-content\/uploads\/2016\/02\/HWN-Michaelstein-Fr\u00fchling-300x169.jpg 300w, https:\/\/www.harzer-wandernadel.de\/wp-content\/uploads\/2016\/02\/HWN-Michaelstein-Fr\u00fchling-768x433.jpg 768w, https:\/\/www.harzer-wandernadel.de\/wp-content\/uploads\/2016\/02\/HWN-Michaelstein-Fr\u00fchling-1024x577.jpg 1024w, https:\/\/www.harzer-wandernadel.de\/wp-content\/uploads\/2016\/02\/HWN-Michaelstein-Fr\u00fchling-250x141.jpg 250w, https:\/\/www.harzer-wandernadel.de\/wp-content\/uploads\/2016\/02\/HWN-Michaelstein-Fr\u00fchling-624x352.jpg 624w\" sizes=\"(max-width: 3264px) 100vw, 3264px\"><\/span><\/figure><\/div>\n\n<p>I begyn\u00addel\u00adsen af det 12. \u00e5rhund\u00adre\u00adde beslut\u00adte\u00adde gene\u00adral\u00adka\u00adpit\u00adlet i&nbsp;den nystar\u00adte\u00adde cisterci\u00aden\u00adser\u00ador\u00adden, at der ikke m\u00e5t\u00adte byg\u00adges klo\u00adstre i&nbsp;byer, bef\u00e6\u00adste\u00adde byer og lands\u00adby\u00ader. Den\u00adne lov blev ogs\u00e5 fulgt her i&nbsp;Harzen, da kloste\u00adret dedi\u00adke\u00adret til \u00e6rke\u00adeng\u00adlen Sankt Micha\u00adel blev bygget.&nbsp;<\/p>\n\n<p>Lige\u00adsom ved grund\u00adl\u00e6g\u00adgel\u00adsen (1146) lig\u00adger Micha\u00adelste\u00adin sta\u00addig v\u00e6k fra byli\u00advet i&nbsp;Blan\u00adken\u00adburg i&nbsp;et idyl\u00adlisk omr\u00e5\u00adde p\u00e5 kan\u00adten af Harzen. Byen ople\u00adve\u00adde en lang peri\u00ado\u00adde med \u00f8ko\u00adno\u00admisk frem\u00adgang i&nbsp;mid\u00addelal\u00adde\u00adren, og dens abbe\u00adder blev gen\u00adtag\u00adne gan\u00adge opfor\u00addret af paver\u00adne til at udf\u00f8\u00adre kir\u00adke\u00adli\u00adge mis\u00adsio\u00adner. Alle\u00adre\u00adde den\u00adgang blev der dre\u00advet fiske\u00adop\u00addr\u00e6t i&nbsp;de spe\u00adci\u00adelt anlag\u00adte&nbsp;damme.&nbsp;<\/p>\n\n<p>Den sid\u00adste katol\u00adske abbed tr\u00e5\u00add\u00adte til\u00adba\u00adge i&nbsp;1543. Gre\u00adver\u00adne af Blan\u00adken\u00adburg opret\u00adte\u00adde en kloster\u00adsko\u00adle, som fort\u00adsat\u00adte med at eksi\u00adste\u00adre, selv efter at her\u00adtu\u00adger\u00adne af Brauns\u00adchweig over\u00adtog den. I&nbsp;begyn\u00addel\u00adsen af det 18. \u00e5rhund\u00adre\u00adde lod her\u00adtug Ludwig-Rudolf udf\u00f8\u00adre omfat\u00adten\u00adde byg\u00adnings\u00adar\u00adbej\u00adder og opret\u00adte\u00adde et pr\u00e6steseminarium.&nbsp;<\/p>\n\n<p>Efter det fran\u00adske frem\u00admed\u00adher\u00adre\u00add\u00f8m\u00adme hav\u00adde Micha\u00adelste\u00adin kun \u00f8ko\u00adno\u00admi\u00adske funk\u00adtio\u00adner, som kloster\u00adgod\u00adset beholdt under for\u00adskel\u00adli\u00adge juri\u00addi\u00adske enhe\u00adder, selv efter den s\u00e5kald\u00adte jordreform.<\/p>\n\n<p>I dag har Sach\u00adsen-Anhalts musi\u00adka\u00adka\u00adde\u00admi for uddan\u00adnel\u00adse og opf\u00f8\u00adrel\u00adses\u00adprak\u00adsis til huse her. Kloste\u00adret til\u00adby\u00adder et rigt pro\u00adgram af arran\u00adge\u00admen\u00adter og er et popu\u00adl\u00e6rt udflugts\u00adm\u00e5l p\u00e5 den roman\u00adske&nbsp;vej.&nbsp;<\/p>\n\n<div class=\"wp-block-buttons is-layout-flex wp-block-buttons-is-layout-flex\">\n<div class=\"wp-block-button\"><a class=\"wp-block-button__link wp-element-button\" href=\"https:\/\/www.kloster-michaelstein.de\/\" target=\"_blank\" rel=\"noreferrer noopener\">Micha\u00adelste\u00adin-kloste\u00adret \u201c<\/a><\/div>\n<\/div>\n\n<p>I 1880 blev der opret\u00adtet et opdr\u00e6ts\u00adcen\u00adter for \u00f8rred, fjel\u00add\u00f8r\u00adred og smer\u00adling ved kloste\u00adret, og \u00f8rredop\u00addr\u00e6t dri\u00adves sta\u00addig i&nbsp;pri\u00advat regi i&nbsp;dag. Et stop p\u00e5 kro\u00aden \u201eKloster\u00adfi\u00ads\u00adcher\u201c eller den lil\u00adle restau\u00adrant \u201eWan\u00adder\u00adgast\u00adst\u00e4t\u00adte\u201c, som s\u00e6l\u00adger fisk, kan varmt anbefales.&nbsp;<\/p>\n\n<div class=\"wp-block-buttons is-layout-flex wp-block-buttons-is-layout-flex\">\n<div class=\"wp-block-button\"><a class=\"wp-block-button__link wp-element-button\" href=\"https:\/\/www.klosterfischer.de\/\" target=\"_blank\" rel=\"noreferrer noopener\">Klo\u00adstrets fiskere&nbsp;\u201c<\/a><\/div>\n<\/div>\n\n<p>Der er par\u00adke\u00adrings\u00adplad\u00adser ved kloste\u00adret, hvor\u00adfra du kan star\u00adte van\u00addre\u00adtu\u00adren gen\u00adnem kloste\u00adr\u00adom\u00adr\u00e5\u00addet til stem\u00adpelkas\u00adsen. Stem\u00adpelkas\u00adsen er pla\u00adce\u00adret til h\u00f8j\u00adre for d\u00e6m\u00adnin\u00adgen til den tred\u00adje dam ved en informationstavle.&nbsp;<\/p>\n\n<p>Vi anbe\u00adfa\u00adler at fort\u00ads\u00e6t\u00adte van\u00addrin\u00adgen til <a href=\"https:\/\/www.harzer-wandernadel.de\/da\/stempelcentre\/oversigtskort\/stempelstation-87-volkmarskeller\/\" data-type=\"page\" data-id=\"959\">HWN 87 Volk\u00admar\u00adskel\u00adler<\/a> og ople\u00adve Micha\u00adelste\u00adin-kloste\u00adrets oprin\u00addel\u00adse i&nbsp;den natur\u00adli\u00adge hule&nbsp;der.<\/p>\n\n<div class=\"wp-block-buttons is-layout-flex wp-block-buttons-is-layout-flex\">\n<div class=\"wp-block-button\"><a class=\"wp-block-button__link wp-element-button\" href=\"https:\/\/www.blankenburg.de\/tourismus\/\" target=\"_blank\" rel=\"noreferrer noopener\">Turist-Info Blan\u00adken\u00adburg \u201c<\/a><\/div>\n<\/div>\n","protected":false},"excerpt":{"rendered":"<p>Kloste\u00adret Micha\u00adelste\u00adin lig\u00adger mel\u00adlem Blan\u00adken\u00adburg og Heim\u00adburg i&nbsp;den van\u00addri\u00adge Kloster\u00adgrund. I&nbsp;begyn\u00addel\u00adsen af det 12. \u00e5rhund\u00adre\u00adde beslut\u00adte\u00adde gene\u00adral\u00adka\u00adpit\u00adlet i&nbsp;den nystar\u00adte\u00adde cisterci\u00aden\u00adser\u00ador\u00adden, at der ikke m\u00e5t\u00adte byg\u00adges klo\u00adstre i&nbsp;byer, bef\u00e6\u00adste\u00adde byer og lands\u00adby\u00ader. Den\u00adne lov blev ogs\u00e5 fulgt her i&nbsp;Harzen, da kloste\u00adret dedi\u00adke\u00adret til \u00e6rke\u00adeng\u00adlen Sankt Micha\u00adel blev byg\u00adget.&nbsp; Lige\u00adsom ved grund\u00adl\u00e6g\u00adgel\u00adsen (1146) lig\u00adger Micha\u00adelste\u00adin stadig&nbsp;[\u2026]<\/p>\n","protected":false},"author":11,"featured_media":12478,"parent":17792,"menu_order":10059,"comment_status":"closed","ping_status":"closed","template":"","meta":{"_seopress_robots_primary_cat":"","_seopress_titles_title":"","_seopress_titles_desc":"","_seopress_robots_index":"","wp_typography_post_enhancements_disabled":false,"iawp_total_views":0,"footnotes":""},"hf_cat_page":[120],"class_list":["post-19340","page","type-page","status-publish","has-post-thumbnail"],"blocksy_meta":[],"_links":{"self":[{"href":"https:\/\/www.harzer-wandernadel.de\/da\/wp-json\/wp\/v2\/pages\/19340","targetHints":{"allow":["GET"]}}],"collection":[{"href":"https:\/\/www.harzer-wandernadel.de\/da\/wp-json\/wp\/v2\/pages"}],"about":[{"href":"https:\/\/www.harzer-wandernadel.de\/da\/wp-json\/wp\/v2\/types\/page"}],"author":[{"embeddable":true,"href":"https:\/\/www.harzer-wandernadel.de\/da\/wp-json\/wp\/v2\/users\/11"}],"replies":[{"embeddable":true,"href":"https:\/\/www.harzer-wandernadel.de\/da\/wp-json\/wp\/v2\/comments?post=19340"}],"version-history":[{"count":2,"href":"https:\/\/www.harzer-wandernadel.de\/da\/wp-json\/wp\/v2\/pages\/19340\/revisions"}],"predecessor-version":[{"id":24786,"href":"https:\/\/www.harzer-wandernadel.de\/da\/wp-json\/wp\/v2\/pages\/19340\/revisions\/24786"}],"up":[{"embeddable":true,"href":"https:\/\/www.harzer-wandernadel.de\/da\/wp-json\/wp\/v2\/pages\/17792"}],"wp:featuredmedia":[{"embeddable":true,"href":"https:\/\/www.harzer-wandernadel.de\/da\/wp-json\/wp\/v2\/media\/12478"}],"wp:attachment":[{"href":"https:\/\/www.harzer-wandernadel.de\/da\/wp-json\/wp\/v2\/media?parent=19340"}],"wp:term":[{"taxonomy":"hf_cat_page","embeddable":true,"href":"https:\/\/www.harzer-wandernadel.de\/da\/wp-json\/wp\/v2\/hf_cat_page?post=19340"}],"curies":[{"name":"wp","href":"https:\/\/api.w.org\/{rel}","templated":true}]}}