{"id":19327,"date":"2016-02-18T10:48:30","date_gmt":"2016-02-18T09:48:30","guid":{"rendered":"https:\/\/www.harzer-wandernadel.de\/stempelcentre\/oversigtskort\/stempelpunkt-215-josephshoehe-auerberg\/"},"modified":"2026-01-29T12:55:01","modified_gmt":"2026-01-29T11:55:01","slug":"stempelpunkt-215-josephshoehe-auerberg","status":"publish","type":"page","link":"https:\/\/www.harzer-wandernadel.de\/da\/stempelcentre\/oversigtskort\/stempelpunkt-215-josephshoehe-auerberg\/","title":{"rendered":"Stempelpunkt 215 \/ Josephsh\u00f6he (Auerberg)"},"content":{"rendered":"\n<h2 class=\"wp-block-heading\">P\u00e5 \u201eJosephsh\u00f6he\u201c, den sydlige top af Gro\u00dfer Auerberg (580&nbsp;meter over havets overflade), blev det nuv\u00e6rende 38&nbsp;meter h\u00f8je Josephskors opf\u00f8rt i&nbsp;1896 som en st\u00e5lsp\u00e6rskonstruktion.<\/h2>\n\n<div class=\"wp-block-stackable-image alignwide stk-block-image stk-block stk-89e1006\" data-block-id=\"89e1006\"><style>.stk-89e1006 {margin-top:3% !important;margin-bottom:3% !important;}<\/style><figure><span class=\"stk-img-wrapper stk-image--shape-stretch stk--has-lightbox\"><img decoding=\"async\" width=\"528\" height=\"635\" src=\"https:\/\/www.harzer-wandernadel.de\/wp-content\/uploads\/2016\/02\/Josephskreuz3.jpg\" class=\"attachment-full size-full wp-post-image\" alt srcset=\"https:\/\/www.harzer-wandernadel.de\/wp-content\/uploads\/2016\/02\/Josephskreuz3.jpg 528w, https:\/\/www.harzer-wandernadel.de\/wp-content\/uploads\/2016\/02\/Josephskreuz3-249x300.jpg 249w, https:\/\/www.harzer-wandernadel.de\/wp-content\/uploads\/2016\/02\/Josephskreuz3-250x301.jpg 250w\" sizes=\"(max-width: 528px) 100vw, 528px\"><\/span><\/figure><\/div>\n\n<p>Alle\u00adre\u00adde i&nbsp;det 17. \u00e5rhund\u00adre\u00adde stod der et udkig\u00adst\u00e5rn af tr\u00e6 i&nbsp;bin\u00addings\u00adv\u00e6rk p\u00e5 Auer\u00adberg, men det m\u00e5t\u00adte rives ned i&nbsp;det 18. \u00e5rhund\u00adre\u00adde p\u00e5 grund af forfald.&nbsp;<\/p>\n\n<p>I 1832 bestil\u00adte grev Joseph zu Stol\u00adberg-Stol\u00adberg den ber\u00f8m\u00adte Ber\u00adlin-arki\u00adtekt Karl Fri\u00adedrich Schin\u00adkel til at desig\u00adne et nyt t\u00e5rn. Schin\u00adkel desig\u00adne\u00adde et tr\u00e6t\u00e5rn i&nbsp;form af et dob\u00adbelt\u00adkors, som blev ind\u00advi\u00adet i&nbsp;1834 og fik nav\u00adnet \u201eJosep\u00adhs kors\u201c efter sin pro\u00adtek\u00adtor. T\u00e5r\u00adnet hav\u00adde ingen trap\u00adper og kun\u00adne kun besti\u00adges ved hj\u00e6lp af sti\u00adger. I&nbsp;juni 1880 blev byg\u00adnin\u00adgen s\u00e5 beska\u00addi\u00adget i&nbsp;et tor\u00adden\u00advejr, at den blev revet&nbsp;ned.&nbsp;<\/p>\n\n<p>\u00d8nsket om at genop\u00adbyg\u00adge Sankt Josep\u00adhs-kor\u00adset fandt en ivrig til\u00adh\u00e6n\u00adger i&nbsp;Stol\u00adberg-afde\u00adlin\u00adgen af Harz-klub\u00adben, som blev grund\u00adlagt i&nbsp;1886. I&nbsp;1896 begynd\u00adte byg\u00adge\u00adri\u00adet af det nye Sankt Josep\u00adhs-kors, og der blev hen\u00advist til den dob\u00adbel\u00adte kors\u00adform, som Schin\u00adkel hav\u00adde desig\u00adnet. T\u00e5r\u00adnet blev dog model\u00adle\u00adret efter Eif\u00adfelt\u00e5r\u00adnet i&nbsp;Paris som en git\u00adter\u00adkon\u00adstruk\u00adtion af st\u00e5l, og dele af Eif\u00adfelt\u00e5r\u00adnet, som f.eks. den run\u00adde bue mel\u00adlem bene\u00adne, blev end\u00adda kopi\u00ade\u00adret. Omkost\u00adnin\u00adger\u00adne p\u00e5 50.000 mark blev delt af fyrste\u00adhu\u00adset Stol\u00adberg og Stol\u00adberg-afde\u00adlin\u00adgen af Harzklub.&nbsp;<\/p>\n\n<p>Efter omfat\u00adten\u00adde renove\u00adrin\u00adger i&nbsp;gen\u00adfor\u00ade\u00adnings\u00adpe\u00adri\u00ado\u00adden og i&nbsp;2003 kan du nyde en fan\u00adta\u00adstisk udsigt over Harzen og over til Kyf\u00adf\u00adh\u00e4u\u00adser fra udsigts\u00adplat\u00adfor\u00admen, som kan n\u00e5s via 200&nbsp;trin.<\/p>\n\n<div class=\"wp-block-buttons is-layout-flex wp-block-buttons-is-layout-flex\">\n<div class=\"wp-block-button\"><a class=\"wp-block-button__link wp-element-button\" href=\"https:\/\/www.bergstuebl-josephskreuz.de\/\" target=\"_blank\" rel=\"noreferrer noopener\">Sankt Josep\u00adhs&nbsp;kors<\/a><\/div>\n<\/div>\n\n<p>Fra par\u00adke\u00adrings\u00adplad\u00adsen ved foden af Auer\u00adberg kan du van\u00addre op til Josep\u00adhskreuz via de afm\u00e6r\u00adke\u00adde van\u00addre\u00adsti\u00ader. Fra natur\u00adre\u00adsor\u00adtet Schin\u00addel\u00adbruch f\u00f8rer \u201eSan\u00adge\u00adnes vej\u201c med 16 tekst\u00adtav\u00adler med tyske fol\u00adkesan\u00adge op til Josephsh\u00f6he.&nbsp;<\/p>\n\n<div class=\"wp-block-buttons is-layout-flex wp-block-buttons-is-layout-flex\">\n<div class=\"wp-block-button\"><a class=\"wp-block-button__link wp-element-button\" href=\"https:\/\/www.schindelbruch.de\/de\/\" target=\"_blank\" rel=\"noreferrer noopener\">Sten\u00adbrud med rullesten<\/a><\/div>\n<\/div>\n","protected":false},"excerpt":{"rendered":"<p>P\u00e5 \u201eJosep\u00adhs\u00adh\u00f6he\u201c, den syd\u00adli\u00adge top af Gro\u00dfer Auer\u00adberg (580&nbsp;meter over havets over\u00adfla\u00adde), blev det nuv\u00e6\u00adren\u00adde 38&nbsp;meter h\u00f8je Josep\u00adhskors opf\u00f8rt i&nbsp;1896 som en st\u00e5lsp\u00e6r\u00ads\u00adkon\u00adstruk\u00adtion. Alle\u00adre\u00adde i&nbsp;det 17. \u00e5rhund\u00adre\u00adde stod der et udkig\u00adst\u00e5rn af tr\u00e6 i&nbsp;bin\u00addings\u00adv\u00e6rk p\u00e5 Auer\u00adberg, men det m\u00e5t\u00adte rives ned i&nbsp;det 18. \u00e5rhund\u00adre\u00adde p\u00e5 grund af for\u00adfald.&nbsp; I&nbsp;1832 bestil\u00adte grev Joseph zu Stolberg-Stolberg&nbsp;[\u2026]<\/p>\n","protected":false},"author":11,"featured_media":12247,"parent":17792,"menu_order":10215,"comment_status":"closed","ping_status":"closed","template":"","meta":{"_seopress_robots_primary_cat":"","_seopress_titles_title":"","_seopress_titles_desc":"","_seopress_robots_index":"","wp_typography_post_enhancements_disabled":false,"iawp_total_views":0,"footnotes":""},"hf_cat_page":[120],"class_list":["post-19327","page","type-page","status-publish","has-post-thumbnail"],"blocksy_meta":[],"_links":{"self":[{"href":"https:\/\/www.harzer-wandernadel.de\/da\/wp-json\/wp\/v2\/pages\/19327","targetHints":{"allow":["GET"]}}],"collection":[{"href":"https:\/\/www.harzer-wandernadel.de\/da\/wp-json\/wp\/v2\/pages"}],"about":[{"href":"https:\/\/www.harzer-wandernadel.de\/da\/wp-json\/wp\/v2\/types\/page"}],"author":[{"embeddable":true,"href":"https:\/\/www.harzer-wandernadel.de\/da\/wp-json\/wp\/v2\/users\/11"}],"replies":[{"embeddable":true,"href":"https:\/\/www.harzer-wandernadel.de\/da\/wp-json\/wp\/v2\/comments?post=19327"}],"version-history":[{"count":1,"href":"https:\/\/www.harzer-wandernadel.de\/da\/wp-json\/wp\/v2\/pages\/19327\/revisions"}],"predecessor-version":[{"id":19329,"href":"https:\/\/www.harzer-wandernadel.de\/da\/wp-json\/wp\/v2\/pages\/19327\/revisions\/19329"}],"up":[{"embeddable":true,"href":"https:\/\/www.harzer-wandernadel.de\/da\/wp-json\/wp\/v2\/pages\/17792"}],"wp:featuredmedia":[{"embeddable":true,"href":"https:\/\/www.harzer-wandernadel.de\/da\/wp-json\/wp\/v2\/media\/12247"}],"wp:attachment":[{"href":"https:\/\/www.harzer-wandernadel.de\/da\/wp-json\/wp\/v2\/media?parent=19327"}],"wp:term":[{"taxonomy":"hf_cat_page","embeddable":true,"href":"https:\/\/www.harzer-wandernadel.de\/da\/wp-json\/wp\/v2\/hf_cat_page?post=19327"}],"curies":[{"name":"wp","href":"https:\/\/api.w.org\/{rel}","templated":true}]}}