{"id":19317,"date":"2016-02-18T10:48:09","date_gmt":"2016-02-18T09:48:09","guid":{"rendered":"https:\/\/www.harzer-wandernadel.de\/stempelcentre\/oversigtskort\/stempelpunkt-62-wendefurth-daemningen-udsigt-over-daemningen\/"},"modified":"2026-02-28T14:42:32","modified_gmt":"2026-02-28T13:42:32","slug":"stempelpunkt-62-wendefurth-daemningen-udsigt-over-daemningen","status":"publish","type":"page","link":"https:\/\/www.harzer-wandernadel.de\/da\/stempelcentre\/oversigtskort\/stempelpunkt-62-wendefurth-daemningen-udsigt-over-daemningen\/","title":{"rendered":"Stempelpunkt 62 \/ Wendefurth-d\u00e6mningen (udsigt over d\u00e6mningen)"},"content":{"rendered":"\n<h2 class=\"wp-block-heading\">Wendefurth-d\u00e6mningen ligger mellem Blankenburg og Hasselfelde over motorvej B&nbsp;81.<\/h2>\n\n<div class=\"wp-block-stackable-image alignwide stk-block-image stk-block stk-89e1006\" data-block-id=\"89e1006\"><style>.stk-89e1006 {margin-top:3% !important;margin-bottom:3% !important;}<\/style><figure><span class=\"stk-img-wrapper stk-image--shape-stretch stk--has-lightbox\"><img decoding=\"async\" width=\"2991\" height=\"1685\" src=\"https:\/\/www.harzer-wandernadel.de\/wp-content\/uploads\/2016\/02\/HWN-Wendefurth2.jpg\" class=\"attachment-full size-full wp-post-image\" alt=\"Bl\u00e5 s\u00f8 omgivet af gr\u00f8nne skove\" srcset=\"https:\/\/www.harzer-wandernadel.de\/wp-content\/uploads\/2016\/02\/HWN-Wendefurth2.jpg 2991w, https:\/\/www.harzer-wandernadel.de\/wp-content\/uploads\/2016\/02\/HWN-Wendefurth2-300x169.jpg 300w, https:\/\/www.harzer-wandernadel.de\/wp-content\/uploads\/2016\/02\/HWN-Wendefurth2-768x433.jpg 768w, https:\/\/www.harzer-wandernadel.de\/wp-content\/uploads\/2016\/02\/HWN-Wendefurth2-1024x577.jpg 1024w, https:\/\/www.harzer-wandernadel.de\/wp-content\/uploads\/2016\/02\/HWN-Wendefurth2-250x141.jpg 250w, https:\/\/www.harzer-wandernadel.de\/wp-content\/uploads\/2016\/02\/HWN-Wendefurth2-624x352.jpg 624w\" sizes=\"(max-width: 2991px) 100vw, 2991px\"><\/span><\/figure><\/div>\n\n<p>D\u00e6m\u00adnin\u00adgen er en del af Bodewer\u00adks mul\u00adti\u00adfunk\u00adtio\u00adnel\u00adle anl\u00e6g. Den bru\u00adges til over\u00adsv\u00f8m\u00admel\u00adses\u00adbe\u00adskyt\u00adtel\u00adse, lavvands\u00adh\u00e6v\u00adning, elpro\u00adduk\u00adtion og er ogs\u00e5 det neder\u00adste reser\u00advoir for pumpekraftv\u00e6rket.&nbsp;<\/p>\n\n<p>Det \u00f8ver\u00adste reser\u00advoir p\u00e5 Koh\u00adlen\u00adberg har en lager\u00adka\u00adpa\u00adci\u00adtet p\u00e5 2&nbsp;mil\u00adli\u00ado\u00adner kubik\u00adme\u00adter. Hvis kraft\u00adv\u00e6r\u00adker\u00adne mang\u00adler str\u00f8m, ledes van\u00addet fra det \u00f8vre reser\u00advoir til tur\u00adbi\u00adner\u00adne via to ned\u00adl\u00f8bs\u00adr\u00f8r med en dia\u00adme\u00adter p\u00e5 3,4&nbsp;meter, og der kan pro\u00addu\u00adce\u00adres 80&nbsp;megawatt str\u00f8m. Hvis der der\u00adi\u00admod er over\u00adskud p\u00e5 kraft\u00adv\u00e6r\u00adker\u00adne, pum\u00adpes van\u00addet til\u00adba\u00adge i&nbsp;det \u00f8vre bassin.&nbsp;<\/p>\n\n<p>Sam\u00adti\u00addig bru\u00adges Wen\u00adde\u00adfurth-d\u00e6m\u00adnin\u00adgen ogs\u00e5 til lokal rekre\u00ada\u00adtion og Harz-turis\u00adme. Den fly\u00adden\u00adde restau\u00adrant \u201eZum Hecht\u201c til\u00adby\u00adder b\u00e5d\u00adud\u00adlej\u00adning og t\u00f8m\u00admer\u00adfl\u00e5\u00adde\u00adtu\u00adre med forplejning.&nbsp;<\/p>\n\n<div class=\"wp-block-buttons is-layout-flex wp-block-buttons-is-layout-flex\">\n<div class=\"wp-block-button\"><a class=\"wp-block-button__link wp-element-button\" href=\"http:\/\/www.wendefurther-bootsverleih.de\" target=\"_blank\" rel=\"noreferrer noopener\">Wen\u00adde\u00adfurt\u00adher b\u00e5dudlejning&nbsp;\u201c<\/a><\/div>\n<\/div>\n\n<p>Adre\u00adna\u00adlinjunki\u00ader kan suse gen\u00adnem luf\u00adten fast\u00adgjort til et dob\u00adbelt reb i&nbsp;120&nbsp;meters h\u00f8j\u00adde og en l\u00e6ng\u00adde p\u00e5 1&nbsp;km p\u00e5 d\u00e6m\u00adnings\u00adv\u00e6g\u00adgen eller g\u00e5 ned ad den 43&nbsp;meter h\u00f8je d\u00e6m\u00adnings\u00adv\u00e6g fastsp\u00e6ndt med&nbsp;reb.<\/p>\n\n<div class=\"wp-block-buttons is-layout-flex wp-block-buttons-is-layout-flex\">\n<div class=\"wp-block-button\"><a class=\"wp-block-button__link wp-element-button\" href=\"https:\/\/harzdrenalin.de\/\" target=\"_blank\" rel=\"noreferrer noopener\">Harzdre\u00adna\u00adlin \u201c<\/a><\/div>\n<\/div>\n\n<p>Par\u00adke\u00adrings\u00adplad\u00adsen kan n\u00e5s direk\u00adte fra B&nbsp;81 gen\u00adnem Wen\u00adde\u00adfurth. Kryds d\u00e6m\u00adnings\u00admu\u00adren og f\u00f8lg Harzer Hexen\u00adstieg-stien til udsigts\u00adpunk\u00adtet Tals\u00adper\u00adren\u00adbli\u00adck med fri\u00adm\u00e6r\u00adke\u00adkas\u00adsen. Her\u00adfra har du en ene\u00adst\u00e5\u00aden\u00adde udsigt over reser\u00advoi\u00adret og pumpekraftv\u00e6rket.&nbsp;<\/p>\n\n<div class=\"wp-block-buttons is-layout-flex wp-block-buttons-is-layout-flex\">\n<div class=\"wp-block-button\"><a class=\"wp-block-button__link wp-element-button\" href=\"https:\/\/harzer-bergwald.de\/index.php\/wandertouren\/abenteuertouren\/23-stempelmarathon-ueber-dem-bodetal\" target=\"_blank\" rel=\"noreferrer noopener\">Tour tip Harzen bjergskov&nbsp;\u201c<\/a><\/div>\n<\/div>\n","protected":false},"excerpt":{"rendered":"<p>Wen\u00adde\u00adfurth-d\u00e6m\u00adnin\u00adgen lig\u00adger mel\u00adlem Blan\u00adken\u00adburg og Has\u00adsel\u00adfel\u00adde over motor\u00advej B&nbsp;81. D\u00e6m\u00adnin\u00adgen er en del af Bodewer\u00adks mul\u00adti\u00adfunk\u00adtio\u00adnel\u00adle anl\u00e6g. Den bru\u00adges til over\u00adsv\u00f8m\u00admel\u00adses\u00adbe\u00adskyt\u00adtel\u00adse, lavvands\u00adh\u00e6v\u00adning, elpro\u00adduk\u00adtion og er ogs\u00e5 det neder\u00adste reser\u00advoir for pum\u00adpe\u00adkraft\u00adv\u00e6r\u00adket.&nbsp; Det \u00f8ver\u00adste reser\u00advoir p\u00e5 Koh\u00adlen\u00adberg har en lager\u00adka\u00adpa\u00adci\u00adtet p\u00e5 2&nbsp;mil\u00adli\u00ado\u00adner kubik\u00adme\u00adter. Hvis kraft\u00adv\u00e6r\u00adker\u00adne mang\u00adler str\u00f8m, ledes van\u00addet fra det \u00f8vre reser\u00advoir til tur\u00adbi\u00adner\u00adne&nbsp;via&nbsp;[\u2026]<\/p>\n","protected":false},"author":11,"featured_media":12553,"parent":17792,"menu_order":10062,"comment_status":"closed","ping_status":"closed","template":"","meta":{"_seopress_robots_primary_cat":"","_seopress_titles_title":"","_seopress_titles_desc":"","_seopress_robots_index":"","wp_typography_post_enhancements_disabled":false,"iawp_total_views":0,"footnotes":""},"hf_cat_page":[120],"class_list":["post-19317","page","type-page","status-publish","has-post-thumbnail"],"blocksy_meta":[],"_links":{"self":[{"href":"https:\/\/www.harzer-wandernadel.de\/da\/wp-json\/wp\/v2\/pages\/19317","targetHints":{"allow":["GET"]}}],"collection":[{"href":"https:\/\/www.harzer-wandernadel.de\/da\/wp-json\/wp\/v2\/pages"}],"about":[{"href":"https:\/\/www.harzer-wandernadel.de\/da\/wp-json\/wp\/v2\/types\/page"}],"author":[{"embeddable":true,"href":"https:\/\/www.harzer-wandernadel.de\/da\/wp-json\/wp\/v2\/users\/11"}],"replies":[{"embeddable":true,"href":"https:\/\/www.harzer-wandernadel.de\/da\/wp-json\/wp\/v2\/comments?post=19317"}],"version-history":[{"count":1,"href":"https:\/\/www.harzer-wandernadel.de\/da\/wp-json\/wp\/v2\/pages\/19317\/revisions"}],"predecessor-version":[{"id":19319,"href":"https:\/\/www.harzer-wandernadel.de\/da\/wp-json\/wp\/v2\/pages\/19317\/revisions\/19319"}],"up":[{"embeddable":true,"href":"https:\/\/www.harzer-wandernadel.de\/da\/wp-json\/wp\/v2\/pages\/17792"}],"wp:featuredmedia":[{"embeddable":true,"href":"https:\/\/www.harzer-wandernadel.de\/da\/wp-json\/wp\/v2\/media\/12553"}],"wp:attachment":[{"href":"https:\/\/www.harzer-wandernadel.de\/da\/wp-json\/wp\/v2\/media?parent=19317"}],"wp:term":[{"taxonomy":"hf_cat_page","embeddable":true,"href":"https:\/\/www.harzer-wandernadel.de\/da\/wp-json\/wp\/v2\/hf_cat_page?post=19317"}],"curies":[{"name":"wp","href":"https:\/\/api.w.org\/{rel}","templated":true}]}}