{"id":19311,"date":"2016-02-18T10:54:56","date_gmt":"2016-02-18T09:54:56","guid":{"rendered":"https:\/\/www.harzer-wandernadel.de\/stempelcentre\/oversigtskort\/stempelpunkt-213-bauerngraben\/"},"modified":"2026-01-29T12:55:01","modified_gmt":"2026-01-29T11:55:01","slug":"stempelpunkt-213-bauerngraben","status":"publish","type":"page","link":"https:\/\/www.harzer-wandernadel.de\/da\/stempelcentre\/oversigtskort\/stempelpunkt-213-bauerngraben\/","title":{"rendered":"Stempelpunkt 213 \/ Bauerngraben"},"content":{"rendered":"\n<h2 class=\"wp-block-heading\">Bauerngraben (338&nbsp;m&nbsp;over havets overflade) er en stor str\u00f8mrende, der ligger mellem Questenberg og Breitungen ved Glasebachs udmunding og er et af de mest imponerende geologiske f\u00e6nomener i&nbsp;gipskarsten.<\/h2>\n\n<div class=\"wp-block-stackable-image alignwide stk-block-image stk-block stk-89e1006\" data-block-id=\"89e1006\"><style>.stk-89e1006 {margin-top:3% !important;margin-bottom:3% !important;}<\/style><figure><span class=\"stk-img-wrapper stk-image--shape-stretch stk--has-lightbox\"><img decoding=\"async\" width=\"2048\" height=\"1152\" src=\"https:\/\/www.harzer-wandernadel.de\/wp-content\/uploads\/2016\/02\/Bauerngraben2.jpg\" class=\"attachment-full size-full wp-post-image\" alt srcset=\"https:\/\/www.harzer-wandernadel.de\/wp-content\/uploads\/2016\/02\/Bauerngraben2.jpg 2048w, https:\/\/www.harzer-wandernadel.de\/wp-content\/uploads\/2016\/02\/Bauerngraben2-300x169.jpg 300w, https:\/\/www.harzer-wandernadel.de\/wp-content\/uploads\/2016\/02\/Bauerngraben2-768x432.jpg 768w, https:\/\/www.harzer-wandernadel.de\/wp-content\/uploads\/2016\/02\/Bauerngraben2-1024x576.jpg 1024w, https:\/\/www.harzer-wandernadel.de\/wp-content\/uploads\/2016\/02\/Bauerngraben2-250x141.jpg 250w, https:\/\/www.harzer-wandernadel.de\/wp-content\/uploads\/2016\/02\/Bauerngraben2-624x351.jpg 624w\" sizes=\"(max-width: 2048px) 100vw, 2048px\"><\/span><\/figure><\/div>\n\n<p>Gla\u00adse\u00adbach-b\u00e6k\u00adken, der kom\u00admer fra Harzen, m\u00f8der en gip\u00adskar\u00ads\u00adtryg p\u00e5 det\u00adte sted. Som f\u00f8l\u00adge af udva\u00adsk\u00adnings\u00adpro\u00adces\u00adser er niveau\u00adet i&nbsp;bas\u00adsi\u00adnet ble\u00advet s\u00e6n\u00adket mere og mere og har dan\u00adnet den skin\u00adnen\u00adde hvi\u00adde stejl\u00adv\u00e6g p\u00e5 den ene&nbsp;side.&nbsp;<\/p>\n\n<p>Bau\u00ader\u00adn\u00adgra\u00adben er ogs\u00e5 kendt som en \u201eperi\u00ado\u00addisk s\u00f8\u201c, selv\u00adom udtryk\u00adket \u201eepi\u00adso\u00addisk s\u00f8\u201c er mere pr\u00e6\u00adcist. Afh\u00e6n\u00adgigt af om sva\u00adle\u00adhul\u00adler\u00adne (pono\u00adrer), der dr\u00e6\u00adner van\u00addet under jor\u00adden, er blo\u00adke\u00adret eller ikke blo\u00adke\u00adret, fyl\u00addes bas\u00adsi\u00adnet op eller l\u00f8ber&nbsp;t\u00f8r.&nbsp;<\/p>\n\n<p><em>F\u00f8r i&nbsp;tiden, n\u00e5r gr\u00f8f\u00adten var fuld af vand, fyld\u00adte sog\u00adnet i&nbsp;Ro\u00dfla den med fisk og fiske\u00adde i&nbsp;den. Men hvis bas\u00adsi\u00adnet var t\u00f8rt, hav\u00adde sog\u00adne\u00adpr\u00e6\u00adsten i&nbsp;Brei\u00adtun\u00adgen ret til at s\u00e5 og h\u00f8ste i&nbsp;det.&nbsp;<\/em><\/p>\n\n<p>Fra par\u00adke\u00adrings\u00adplad\u00adsen p\u00e5 vej\u00aden fra Ro\u00dfla til Agnes\u00addorf f\u00f8rer en afm\u00e6r\u00adket van\u00addre\u00adsti til en halv\u00f8 p\u00e5 den mod\u00adsat\u00adte side af klip\u00adpen. Fri\u00adm\u00e6r\u00adke\u00adkas\u00adsen er pla\u00adce\u00adret ved siden af regio\u00adnal\u00adfor\u00ade\u00adnin\u00adgens informationstavle.&nbsp;<\/p>\n\n<div class=\"wp-block-buttons is-layout-flex wp-block-buttons-is-layout-flex\">\n<div class=\"wp-block-button\"><a class=\"wp-block-button__link wp-element-button\" href=\"http:\/\/harzer-bergwald.de\/index.php\/wandertouren\/abenteuertouren\/8-nach-alten-gemaeuern-gesucht\">Tour tip Harzen bjergskov<\/a><\/div>\n<\/div>\n","protected":false},"excerpt":{"rendered":"<p>Bau\u00ader\u00adn\u00adgra\u00adben (338&nbsp;m&nbsp;over havets over\u00adfla\u00adde) er en stor str\u00f8m\u00adren\u00adde, der lig\u00adger mel\u00adlem Que\u00adsten\u00adberg og Brei\u00adtun\u00adgen ved Gla\u00adse\u00adba\u00adchs udmun\u00adding og er et af de mest impo\u00adne\u00adren\u00adde geo\u00adlo\u00adgi\u00adske f\u00e6no\u00adme\u00adner i&nbsp;gip\u00adskar\u00adsten. Gla\u00ad\u00adse\u00ad\u00adbach-b\u00e6k\u00adken, der kom\u00admer fra Harzen, m\u00f8der en gip\u00adskar\u00ads\u00adtryg p\u00e5 det\u00adte sted. Som f\u00f8l\u00adge af udva\u00adsk\u00adnings\u00adpro\u00adces\u00adser er niveau\u00adet i&nbsp;bas\u00adsi\u00adnet ble\u00advet s\u00e6n\u00adket mere og mere og har dan\u00adnet den skinnende&nbsp;[\u2026]<\/p>\n","protected":false},"author":11,"featured_media":12232,"parent":17792,"menu_order":10213,"comment_status":"closed","ping_status":"closed","template":"","meta":{"_seopress_robots_primary_cat":"","_seopress_titles_title":"","_seopress_titles_desc":"","_seopress_robots_index":"","wp_typography_post_enhancements_disabled":false,"iawp_total_views":0,"footnotes":""},"hf_cat_page":[120],"class_list":["post-19311","page","type-page","status-publish","has-post-thumbnail"],"blocksy_meta":[],"_links":{"self":[{"href":"https:\/\/www.harzer-wandernadel.de\/da\/wp-json\/wp\/v2\/pages\/19311","targetHints":{"allow":["GET"]}}],"collection":[{"href":"https:\/\/www.harzer-wandernadel.de\/da\/wp-json\/wp\/v2\/pages"}],"about":[{"href":"https:\/\/www.harzer-wandernadel.de\/da\/wp-json\/wp\/v2\/types\/page"}],"author":[{"embeddable":true,"href":"https:\/\/www.harzer-wandernadel.de\/da\/wp-json\/wp\/v2\/users\/11"}],"replies":[{"embeddable":true,"href":"https:\/\/www.harzer-wandernadel.de\/da\/wp-json\/wp\/v2\/comments?post=19311"}],"version-history":[{"count":1,"href":"https:\/\/www.harzer-wandernadel.de\/da\/wp-json\/wp\/v2\/pages\/19311\/revisions"}],"predecessor-version":[{"id":19314,"href":"https:\/\/www.harzer-wandernadel.de\/da\/wp-json\/wp\/v2\/pages\/19311\/revisions\/19314"}],"up":[{"embeddable":true,"href":"https:\/\/www.harzer-wandernadel.de\/da\/wp-json\/wp\/v2\/pages\/17792"}],"wp:featuredmedia":[{"embeddable":true,"href":"https:\/\/www.harzer-wandernadel.de\/da\/wp-json\/wp\/v2\/media\/12232"}],"wp:attachment":[{"href":"https:\/\/www.harzer-wandernadel.de\/da\/wp-json\/wp\/v2\/media?parent=19311"}],"wp:term":[{"taxonomy":"hf_cat_page","embeddable":true,"href":"https:\/\/www.harzer-wandernadel.de\/da\/wp-json\/wp\/v2\/hf_cat_page?post=19311"}],"curies":[{"name":"wp","href":"https:\/\/api.w.org\/{rel}","templated":true}]}}