{"id":19303,"date":"2016-02-11T12:42:54","date_gmt":"2016-02-11T11:42:54","guid":{"rendered":"https:\/\/www.harzer-wandernadel.de\/stempelcentre\/oversigtskort\/stempelpunkt-16-ferdinandsstein\/"},"modified":"2026-02-28T21:07:12","modified_gmt":"2026-02-28T20:07:12","slug":"stempelpunkt-16-ferdinandsstein","status":"publish","type":"page","link":"https:\/\/www.harzer-wandernadel.de\/da\/stempelcentre\/oversigtskort\/stempelpunkt-16-ferdinandsstein\/","title":{"rendered":"Stempelpunkt 16 \/ Ferdinandsstein"},"content":{"rendered":"\n<h2 class=\"wp-block-heading\">Ferdinand-stenen mindes den sidste fritlevende ulv, som blev dr\u00e6bt af grev Ferdinand zu Stolberg-Wernigerode, og den ligger p\u00e5 Schindelstieg over Ilsenburg.<\/h2>\n\n<div class=\"wp-block-stackable-image alignwide stk-block-image stk-block stk-89e1006\" data-block-id=\"89e1006\"><style>.stk-89e1006 {margin-top:3% !important;margin-bottom:3% !important;}<\/style><figure><span class=\"stk-img-wrapper stk-image--shape-stretch stk--has-lightbox\"><img decoding=\"async\" width=\"1600\" height=\"1200\" src=\"https:\/\/www.harzer-wandernadel.de\/wp-content\/uploads\/2016\/02\/HWN-Ferdinandsstein-Ellen.jpg\" class=\"attachment-full size-full wp-post-image\" alt=\"Sten i skoven med inskriptionen Ferdinands sten\" srcset=\"https:\/\/www.harzer-wandernadel.de\/wp-content\/uploads\/2016\/02\/HWN-Ferdinandsstein-Ellen.jpg 1600w, https:\/\/www.harzer-wandernadel.de\/wp-content\/uploads\/2016\/02\/HWN-Ferdinandsstein-Ellen-300x225.jpg 300w, https:\/\/www.harzer-wandernadel.de\/wp-content\/uploads\/2016\/02\/HWN-Ferdinandsstein-Ellen-768x576.jpg 768w, https:\/\/www.harzer-wandernadel.de\/wp-content\/uploads\/2016\/02\/HWN-Ferdinandsstein-Ellen-1024x768.jpg 1024w, https:\/\/www.harzer-wandernadel.de\/wp-content\/uploads\/2016\/02\/HWN-Ferdinandsstein-Ellen-250x188.jpg 250w, https:\/\/www.harzer-wandernadel.de\/wp-content\/uploads\/2016\/02\/HWN-Ferdinandsstein-Ellen-624x468.jpg 624w\" sizes=\"(max-width: 1600px) 100vw, 1600px\"><\/span><\/figure><\/div>\n\n<p class=\"pda-abody-p\">Jag\u00adten p\u00e5 ulven og den efter\u00adf\u00f8l\u00adgen\u00adde fest den 29. marts 1798 ser ud til at have v\u00e6ret m\u00e6r\u00adke\u00adlig. Grev Fer\u00addi\u00adnand invi\u00adte\u00adre\u00adde hele jagtsel\u00adska\u00adbet til fest, hvil\u00adket de med gl\u00e6\u00adde tog imod. J\u00e6ger\u00adne og skyt\u00adter\u00adne kom sam\u00admen til fest\u00adhu\u00adset og blev ledsa\u00adget af 16 unge piger, som med\u00adbrag\u00adte et lam fra hver f\u00e5re\u00adfarm i&nbsp;taknemmelighed.&nbsp;<\/p>\n\n<blockquote class=\"wp-block-stackable-blockquote stk-block-blockquote stk-block stk-0f11ecd is-style-simple\" data-v=\"2\" data-block-id=\"0f11ecd\"><style>.stk-0f11ecd {margin-top:3% !important;margin-bottom:3% !important;}<\/style><div class=\"has-text-align-left stk-block-blockquote__content stk-container stk-0f11ecd-container stk--no-background stk--no-padding\"><div class=\"stk-block-content stk-inner-blocks\">\n<div class=\"wp-block-stackable-icon stk-block-icon stk-block stk-37f868f\" data-block-id=\"37f868f\"><style>.stk-37f868f {top:-50px !important;left:-50px !important;position:absolute !important;opacity:0.2 !important;}.stk-37f868f .stk--svg-wrapper .stk--inner-svg svg:last-child{height:200px !important;width:200px !important;}.stk-37f868f .stk--svg-wrapper .stk--inner-svg svg:last-child, .stk-37f868f .stk--svg-wrapper .stk--inner-svg svg:last-child :is(g, path, rect, polygon, ellipse){fill:var(--theme-palette-color-5, #AF9E7E) !important;}<\/style><span class=\"stk--svg-wrapper\"><div class=\"stk--inner-svg\"><svg style=\"height:0;width:0\"><defs><linearGradient id=\"linear-gradient-37f868f\" x1=\"0\" x2=\"100%\" y1=\"0\" y2=\"0\"><stop offset=\"0%\" style=\"stop-opacity:1;stop-color:var(--linear-gradient-37-f-868-f-color-1)\" \/><stop offset=\"100%\" style=\"stop-opacity:1;stop-color:var(--linear-gradient-37-f-868-f-color-2)\" \/><\/linearGradient><\/defs><\/svg><svg viewBox=\"0 0 50 50\" aria-hidden=\"true\" width=\"32\" height=\"32\"><path d=\"M22.6 12.8c-1.9.5-3.7 1.2-5.3 2.1-1.6.9-3.1 1.9-4.3 3-1.2 1.1-2.2 2.4-2.9 3.7-.7 1.3-1.1 2.7-1.1 4 0 1.2.1 1.8.3 1.8.8 0 1.5-.3 2.4-.9.8-.6 1.9-.9 3.3-.9 2.1 0 3.9.8 5.4 2.4 1.5 1.6 2.3 3.7 2.3 6.2s-1 4.6-2.9 6.4c-1.9 1.8-4.3 2.6-7.3 2.6-1.8 0-3.4-.4-4.9-1.1-1.5-.8-2.8-1.8-3.9-3.1s-2-2.8-2.6-4.6C.3 32.5 0 30.6 0 28.6c0-3 .6-5.8 1.8-8.3 1.2-2.5 2.8-4.8 4.9-6.7 2-1.9 4.4-3.5 7.2-4.6 2.8-1.2 5.6-1.8 8.6-2v5.8zm27.4 0c-1.9.5-3.7 1.2-5.4 2.1-1.7.9-3.1 1.9-4.3 3-1.2 1.1-2.2 2.4-2.9 3.7-.7 1.3-1.1 2.7-1.1 4 0 1.2.1 1.8.4 1.8.8 0 1.5-.3 2.3-.9.8-.6 1.9-.9 3.3-.9 2 0 3.8.8 5.3 2.4 1.5 1.6 2.3 3.7 2.3 6.2s-1 4.6-2.9 6.4c-2 1.8-4.4 2.6-7.3 2.6-1.7 0-3.3-.4-4.8-1.1-1.5-.8-2.8-1.8-3.9-3.1s-2-2.8-2.7-4.6c-.7-1.8-1-3.7-1-5.7 0-3 .6-5.8 1.8-8.3 1.2-2.5 2.8-4.8 4.9-6.7 2-1.9 4.4-3.5 7.2-4.6 2.8-1.2 5.7-1.8 8.8-2v5.7z\" \/><\/svg><\/div><\/span><\/div>\n\n\n\n<div class=\"wp-block-stackable-text stk-block-text stk-block stk-a630a5a\" data-block-id=\"a630a5a\"><p class=\"stk-block-text__text\"><span style=\"color: var(--theme-palette-color-2, #1b5700);\" class=\"stk-highlight\"><strong>En j\u00e6ger over\u00adrak\u00adte gre\u00adven ulvens bl\u00e6\u00adse\u00adb\u00e6lg og f\u00f8l\u00adgen\u00adde vers:<\/strong><\/span><br><br><em>Her er bl\u00e6\u00adse\u00adb\u00e6l\u00adgen fra det uhy\u00adre, som Fer\u00addi\u00adnand dr\u00e6b\u00adte, j\u00e6ge\u00adren tak\u00adker ham, kron\u00adhjor\u00adten er p\u00e5 sik\u00adker gr\u00e6s, og hyr\u00adde\u00adflok\u00adken til\u00adby\u00adder et lam i&nbsp;taknemmelighed.<\/em><\/p><\/div>\n<\/div><\/div><\/blockquote>\n\n<p class=\"pda-abody-p\">C. G. Fri\u00adedrich Bre\u00adder\u00adlow for\u00adt\u00e6l\u00adler i&nbsp;sin Harzen-rej\u00adse\u00adgu\u00adi\u00adde fra 1846, at der over d\u00f8ren til kro\u00aden, der blev byg\u00adget i&nbsp;1776 til \u00e6re for den fyr\u00adste\u00adli\u00adge sl\u00e6gt\u00adning Fri\u00adedrich Erd\u00admann von K\u00f6t\u00adhen-Pless, var s\u00f8m\u00admet en klo fast med en note nede\u00adnun\u00adder om, at grev Fer\u00addi\u00adnand hav\u00adde dr\u00e6bt en ulv i&nbsp;n\u00e6r\u00adhe\u00adden i&nbsp;1798.<\/p>\n\n<p class=\"pda-abody-p\">Fer\u00addi\u00adnandste\u00adin kan n\u00e5s via Gast\u00adhaus <a href=\"https:\/\/www.harzer-wandernadel.de\/da\/stempelcentre\/oversigtskort\/stempelpunkt-7-plessenburg-kro\/\" data-type=\"page\" data-id=\"499\">Ples\u00adsen\u00adburg HWN 7<\/a> og den afm\u00e6r\u00adke\u00adde sti til Schin\u00addelstieg. Fra Fer\u00addi\u00adnandste\u00adin kan du van\u00addre til\u00adba\u00adge til Ilsen\u00adburg via <a href=\"https:\/\/www.harzer-wandernadel.de\/da\/stempelcentre\/oversigtskort\/frimaerkepunkt-6-bremer-huette-oevre-ilse-vandfald\/\" data-type=\"page\" data-id=\"492\">Bre\u00admer H\u00fct\u00adte HWN 6.<\/a>  <\/p>\n","protected":false},"excerpt":{"rendered":"<p>Fer\u00addi\u00adnand-ste\u00adnen min\u00addes den sid\u00adste frit\u00adle\u00adven\u00adde ulv, som blev dr\u00e6bt af grev Fer\u00addi\u00adnand zu Stol\u00adberg-Wer\u00adni\u00adgero\u00adde, og den lig\u00adger p\u00e5 Schin\u00addelstieg over Ilsen\u00adburg. Jag\u00adten p\u00e5 ulven og den efter\u00adf\u00f8l\u00adgen\u00adde fest den 29. marts 1798 ser ud til at have v\u00e6ret m\u00e6r\u00adke\u00adlig. Grev Fer\u00addi\u00adnand invi\u00adte\u00adre\u00adde hele jagtsel\u00adska\u00adbet til fest, hvil\u00adket de med gl\u00e6\u00adde tog imod. J\u00e6ger\u00adne og skytterne&nbsp;[\u2026]<\/p>\n","protected":false},"author":11,"featured_media":12586,"parent":17792,"menu_order":10016,"comment_status":"closed","ping_status":"closed","template":"","meta":{"_seopress_robots_primary_cat":"","_seopress_titles_title":"","_seopress_titles_desc":"Oplev historien ved Ferdinand-stenen i Ilsenburg, hvor grev Ferdinand dr\u00e6bte den sidste ulv i 1798 - et sp\u00e6ndende m\u00e5l for din Harzen-vandring.","_seopress_robots_index":"","wp_typography_post_enhancements_disabled":false,"iawp_total_views":0,"footnotes":""},"hf_cat_page":[120],"class_list":["post-19303","page","type-page","status-publish","has-post-thumbnail"],"blocksy_meta":[],"_links":{"self":[{"href":"https:\/\/www.harzer-wandernadel.de\/da\/wp-json\/wp\/v2\/pages\/19303","targetHints":{"allow":["GET"]}}],"collection":[{"href":"https:\/\/www.harzer-wandernadel.de\/da\/wp-json\/wp\/v2\/pages"}],"about":[{"href":"https:\/\/www.harzer-wandernadel.de\/da\/wp-json\/wp\/v2\/types\/page"}],"author":[{"embeddable":true,"href":"https:\/\/www.harzer-wandernadel.de\/da\/wp-json\/wp\/v2\/users\/11"}],"replies":[{"embeddable":true,"href":"https:\/\/www.harzer-wandernadel.de\/da\/wp-json\/wp\/v2\/comments?post=19303"}],"version-history":[{"count":4,"href":"https:\/\/www.harzer-wandernadel.de\/da\/wp-json\/wp\/v2\/pages\/19303\/revisions"}],"predecessor-version":[{"id":25060,"href":"https:\/\/www.harzer-wandernadel.de\/da\/wp-json\/wp\/v2\/pages\/19303\/revisions\/25060"}],"up":[{"embeddable":true,"href":"https:\/\/www.harzer-wandernadel.de\/da\/wp-json\/wp\/v2\/pages\/17792"}],"wp:featuredmedia":[{"embeddable":true,"href":"https:\/\/www.harzer-wandernadel.de\/da\/wp-json\/wp\/v2\/media\/12586"}],"wp:attachment":[{"href":"https:\/\/www.harzer-wandernadel.de\/da\/wp-json\/wp\/v2\/media?parent=19303"}],"wp:term":[{"taxonomy":"hf_cat_page","embeddable":true,"href":"https:\/\/www.harzer-wandernadel.de\/da\/wp-json\/wp\/v2\/hf_cat_page?post=19303"}],"curies":[{"name":"wp","href":"https:\/\/api.w.org\/{rel}","templated":true}]}}