{"id":19299,"date":"2016-02-11T13:42:57","date_gmt":"2016-02-11T12:42:57","guid":{"rendered":"https:\/\/www.harzer-wandernadel.de\/stempelcentre\/oversigtskort\/stempelpunkt-19-skimonument-naer-eckerstausee\/"},"modified":"2026-02-28T14:42:11","modified_gmt":"2026-02-28T13:42:11","slug":"stempelpunkt-19-skimonument-naer-eckerstausee","status":"publish","type":"page","link":"https:\/\/www.harzer-wandernadel.de\/da\/stempelcentre\/oversigtskort\/stempelpunkt-19-skimonument-naer-eckerstausee\/","title":{"rendered":"Stempelpunkt 19 \/ skimonument (n\u00e6r Eckerstausee)"},"content":{"rendered":"\n<h2 class=\"wp-block-heading\">Skimindesm\u00e6rket (665&nbsp;meter over havets overflade) n\u00e6r Eckertalsperre blev rejst i&nbsp;1921 af Braunschweigs skiklub til \u00e6re for de sportsentusiaster, der d\u00f8de i&nbsp;F\u00f8rste Verdenskrig.<\/h2>\n\n<div class=\"wp-block-stackable-image alignwide stk-block-image stk-block stk-89e1006\" data-block-id=\"89e1006\"><style>.stk-89e1006 {margin-top:3% !important;margin-bottom:3% !important;}<\/style><figure><span class=\"stk-img-wrapper stk-image--shape-stretch stk--has-lightbox\"><img decoding=\"async\" width=\"1435\" height=\"1077\" src=\"https:\/\/www.harzer-wandernadel.de\/wp-content\/uploads\/2016\/02\/HWN-Skidenkmal-Wipper-1.jpg\" class=\"attachment-full size-full wp-post-image\" alt=\"Skovhytte ved skimonumentet med skilte\" srcset=\"https:\/\/www.harzer-wandernadel.de\/wp-content\/uploads\/2016\/02\/HWN-Skidenkmal-Wipper-1.jpg 1435w, https:\/\/www.harzer-wandernadel.de\/wp-content\/uploads\/2016\/02\/HWN-Skidenkmal-Wipper-1-300x225.jpg 300w, https:\/\/www.harzer-wandernadel.de\/wp-content\/uploads\/2016\/02\/HWN-Skidenkmal-Wipper-1-768x576.jpg 768w, https:\/\/www.harzer-wandernadel.de\/wp-content\/uploads\/2016\/02\/HWN-Skidenkmal-Wipper-1-1024x769.jpg 1024w, https:\/\/www.harzer-wandernadel.de\/wp-content\/uploads\/2016\/02\/HWN-Skidenkmal-Wipper-1-250x188.jpg 250w, https:\/\/www.harzer-wandernadel.de\/wp-content\/uploads\/2016\/02\/HWN-Skidenkmal-Wipper-1-624x468.jpg 624w\" sizes=\"(max-width: 1435px) 100vw, 1435px\"><\/span><\/figure><\/div>\n\n<p>Pio\u00adner\u00adstien f\u00f8rer langs den vest\u00adli\u00adge bred af <a href=\"https:\/\/www.harzer-wandernadel.de\/da\/stempelcentre\/oversigtskort\/stempelpunkt-1-eckertalsperre-daemningsvaeg\/\" data-type=\"page\" data-id=\"334\">Eck\u00ader\u00adtals\u00adper\u00adre HWN 1\u2011d\u00e6mningen<\/a> p\u00e5 en s\u00e6r\u00adlig vari\u00ade\u00adret og naturs\u00adk\u00f8n m\u00e5de, ind\u00adtil en skil\u00adtet, ste\u00adnet sti dre\u00adjer af til skimonumentet.<\/p>\n","protected":false},"excerpt":{"rendered":"<p>Ski\u00admin\u00addes\u00adm\u00e6r\u00adket (665&nbsp;meter over havets over\u00adfla\u00adde) n\u00e6r Eck\u00ader\u00adtals\u00adper\u00adre blev rejst i&nbsp;1921 af Brauns\u00adchweigs ski\u00adk\u00adlub til \u00e6re for de sport\u00adsen\u00adtu\u00adsi\u00ada\u00adster, der d\u00f8de i&nbsp;F\u00f8r\u00adste Ver\u00addenskrig. Pio\u00adner\u00adstien f\u00f8rer langs den vest\u00adli\u00adge bred af Eck\u00ader\u00adtals\u00adper\u00adre HWN 1\u2011d\u00e6mningen p\u00e5 en s\u00e6r\u00adlig vari\u00ade\u00adret og naturs\u00adk\u00f8n m\u00e5de, ind\u00adtil en skil\u00adtet, ste\u00adnet sti dre\u00adjer af til skimonumentet.<\/p>\n","protected":false},"author":11,"featured_media":12700,"parent":17792,"menu_order":10019,"comment_status":"closed","ping_status":"closed","template":"","meta":{"_seopress_robots_primary_cat":"","_seopress_titles_title":"%%post_title%%.","_seopress_titles_desc":"Oplev en historisk destination p\u00e5 Pioneer Trail: Skimonumentet ved Eckertalsperre midt i smuk natur og sp\u00e6ndende vandrestier.","_seopress_robots_index":"","wp_typography_post_enhancements_disabled":false,"iawp_total_views":1,"footnotes":""},"hf_cat_page":[120],"class_list":["post-19299","page","type-page","status-publish","has-post-thumbnail"],"blocksy_meta":[],"_links":{"self":[{"href":"https:\/\/www.harzer-wandernadel.de\/da\/wp-json\/wp\/v2\/pages\/19299","targetHints":{"allow":["GET"]}}],"collection":[{"href":"https:\/\/www.harzer-wandernadel.de\/da\/wp-json\/wp\/v2\/pages"}],"about":[{"href":"https:\/\/www.harzer-wandernadel.de\/da\/wp-json\/wp\/v2\/types\/page"}],"author":[{"embeddable":true,"href":"https:\/\/www.harzer-wandernadel.de\/da\/wp-json\/wp\/v2\/users\/11"}],"replies":[{"embeddable":true,"href":"https:\/\/www.harzer-wandernadel.de\/da\/wp-json\/wp\/v2\/comments?post=19299"}],"version-history":[{"count":2,"href":"https:\/\/www.harzer-wandernadel.de\/da\/wp-json\/wp\/v2\/pages\/19299\/revisions"}],"predecessor-version":[{"id":24693,"href":"https:\/\/www.harzer-wandernadel.de\/da\/wp-json\/wp\/v2\/pages\/19299\/revisions\/24693"}],"up":[{"embeddable":true,"href":"https:\/\/www.harzer-wandernadel.de\/da\/wp-json\/wp\/v2\/pages\/17792"}],"wp:featuredmedia":[{"embeddable":true,"href":"https:\/\/www.harzer-wandernadel.de\/da\/wp-json\/wp\/v2\/media\/12700"}],"wp:attachment":[{"href":"https:\/\/www.harzer-wandernadel.de\/da\/wp-json\/wp\/v2\/media?parent=19299"}],"wp:term":[{"taxonomy":"hf_cat_page","embeddable":true,"href":"https:\/\/www.harzer-wandernadel.de\/da\/wp-json\/wp\/v2\/hf_cat_page?post=19299"}],"curies":[{"name":"wp","href":"https:\/\/api.w.org\/{rel}","templated":true}]}}