{"id":19298,"date":"2016-02-11T12:27:33","date_gmt":"2016-02-11T11:27:33","guid":{"rendered":"https:\/\/www.harzer-wandernadel.de\/stempelcentre\/oversigtskort\/stempelpunkt-12-achtermannshoehe\/"},"modified":"2026-02-28T14:42:08","modified_gmt":"2026-02-28T13:42:08","slug":"stempelpunkt-12-achtermannshoehe","status":"publish","type":"page","link":"https:\/\/www.harzer-wandernadel.de\/da\/stempelcentre\/oversigtskort\/stempelpunkt-12-achtermannshoehe\/","title":{"rendered":"Stempelpunkt 12 \/ Achtermannsh\u00f6he"},"content":{"rendered":"\n<h2 class=\"wp-block-heading\">Achtermannsh\u00f6he (926&nbsp;meter over havets overflade) ligger nordvest for Braunlage og er det tredjeh\u00f8jeste bjerg i&nbsp;Niedersachsen og det fjerdeh\u00f8jeste bjerg i&nbsp;Harzen.<\/h2>\n\n<div class=\"wp-block-stackable-image alignwide stk-block-image stk-block stk-89e1006\" data-block-id=\"89e1006\"><style>.stk-89e1006 {margin-top:3% !important;margin-bottom:3% !important;}<\/style><figure><span class=\"stk-img-wrapper stk-image--shape-stretch stk--has-lightbox\"><img decoding=\"async\" width=\"500\" height=\"348\" src=\"https:\/\/www.harzer-wandernadel.de\/wp-content\/uploads\/2016\/02\/Achtermann.jpg\" class=\"attachment-full size-full wp-post-image\" alt srcset=\"https:\/\/www.harzer-wandernadel.de\/wp-content\/uploads\/2016\/02\/Achtermann.jpg 500w, https:\/\/www.harzer-wandernadel.de\/wp-content\/uploads\/2016\/02\/Achtermann-300x209.jpg 300w\" sizes=\"(max-width: 500px) 100vw, 500px\"><\/span><\/figure><\/div>\n\n<p>Fra top\u00adpen har du en smuk udsigt over Harzen, is\u00e6r Bro\u00adck\u00aden og Wurm\u00adberg. P\u00e5 en klar dag kan man end\u00adda se Th\u00fcrin\u00adger Wald med Inselberg.&nbsp;<\/p>\n\n<p>Afm\u00e6r\u00adke\u00adde van\u00addre\u00adsti\u00ader f\u00f8rer fra kro\u00aden K\u00f6nigskrug og fra Oder\u00adbr\u00fcck til Ach\u00adter\u00admann. Den kor\u00adte\u00adste, men ogs\u00e5 den stej\u00adle\u00adste og mest ste\u00adne\u00adde, er \u201eMil\u00adli\u00adar\u00addenweg\u201c. <\/p>\n\n<p>&nbsp;<\/p>\n\n<div class=\"wp-block-buttons is-layout-flex wp-block-buttons-is-layout-flex\">\n<div class=\"wp-block-button\"><a class=\"wp-block-button__link wp-element-button\" href=\"https:\/\/harzer-bergwald.de\/index.php\/wandertouren\/romantiktouren\/50-gipfelsturm-im-nationalpark-harz\" target=\"_blank\" rel=\"noreferrer noopener\">Tour tip Harzen bjergskov&nbsp;\u201c<\/a><\/div>\n<\/div>\n","protected":false},"excerpt":{"rendered":"<p>Ach\u00adter\u00admanns\u00adh\u00f6he (926&nbsp;meter over havets over\u00adfla\u00adde) lig\u00adger nord\u00advest for Braun\u00adla\u00adge og er det tred\u00adje\u00adh\u00f8\u00adje\u00adste bjerg i&nbsp;Nie\u00adder\u00adsa\u00adch\u00adsen og det fjer\u00adde\u00adh\u00f8\u00adje\u00adste bjerg i&nbsp;Harzen. Fra top\u00adpen har du en smuk udsigt over Harzen, is\u00e6r Bro\u00adck\u00aden og Wurm\u00adberg. P\u00e5 en klar dag kan man end\u00adda se Th\u00fcrin\u00adger Wald med Insel\u00adberg.&nbsp; Afm\u00e6r\u00adke\u00adde van\u00addre\u00adsti\u00ader f\u00f8rer fra kro\u00aden K\u00f6nigskrug og fra Oder\u00adbr\u00fcck&nbsp;til&nbsp;[\u2026]<\/p>\n","protected":false},"author":11,"featured_media":11503,"parent":17792,"menu_order":10012,"comment_status":"closed","ping_status":"closed","template":"","meta":{"_seopress_robots_primary_cat":"","_seopress_titles_title":"","_seopress_titles_desc":"Oplev Achtermannsh\u00f6he i Harzen: vandring med panoramaudsigt over Brocken, Wurmberg og p\u00e5 en klar dag s\u00e5 langt som til Th\u00fcringer Wald.","_seopress_robots_index":"","wp_typography_post_enhancements_disabled":false,"iawp_total_views":0,"footnotes":""},"hf_cat_page":[120],"class_list":["post-19298","page","type-page","status-publish","has-post-thumbnail"],"blocksy_meta":[],"_links":{"self":[{"href":"https:\/\/www.harzer-wandernadel.de\/da\/wp-json\/wp\/v2\/pages\/19298","targetHints":{"allow":["GET"]}}],"collection":[{"href":"https:\/\/www.harzer-wandernadel.de\/da\/wp-json\/wp\/v2\/pages"}],"about":[{"href":"https:\/\/www.harzer-wandernadel.de\/da\/wp-json\/wp\/v2\/types\/page"}],"author":[{"embeddable":true,"href":"https:\/\/www.harzer-wandernadel.de\/da\/wp-json\/wp\/v2\/users\/11"}],"replies":[{"embeddable":true,"href":"https:\/\/www.harzer-wandernadel.de\/da\/wp-json\/wp\/v2\/comments?post=19298"}],"version-history":[{"count":1,"href":"https:\/\/www.harzer-wandernadel.de\/da\/wp-json\/wp\/v2\/pages\/19298\/revisions"}],"predecessor-version":[{"id":19300,"href":"https:\/\/www.harzer-wandernadel.de\/da\/wp-json\/wp\/v2\/pages\/19298\/revisions\/19300"}],"up":[{"embeddable":true,"href":"https:\/\/www.harzer-wandernadel.de\/da\/wp-json\/wp\/v2\/pages\/17792"}],"wp:featuredmedia":[{"embeddable":true,"href":"https:\/\/www.harzer-wandernadel.de\/da\/wp-json\/wp\/v2\/media\/11503"}],"wp:attachment":[{"href":"https:\/\/www.harzer-wandernadel.de\/da\/wp-json\/wp\/v2\/media?parent=19298"}],"wp:term":[{"taxonomy":"hf_cat_page","embeddable":true,"href":"https:\/\/www.harzer-wandernadel.de\/da\/wp-json\/wp\/v2\/hf_cat_page?post=19298"}],"curies":[{"name":"wp","href":"https:\/\/api.w.org\/{rel}","templated":true}]}}