{"id":19285,"date":"2016-02-11T13:47:40","date_gmt":"2016-02-11T12:47:40","guid":{"rendered":"https:\/\/www.harzer-wandernadel.de\/stempelcentre\/oversigtskort\/frimaerkepunkt-20-barenberg-udsigtspunkt\/"},"modified":"2026-02-28T14:42:11","modified_gmt":"2026-02-28T13:42:11","slug":"frimaerkepunkt-20-barenberg-udsigtspunkt","status":"publish","type":"page","link":"https:\/\/www.harzer-wandernadel.de\/da\/stempelcentre\/oversigtskort\/frimaerkepunkt-20-barenberg-udsigtspunkt\/","title":{"rendered":"Frim\u00e6rkepunkt 20 \/ Barenberg (udsigtspunkt)"},"content":{"rendered":"\n<h2 class=\"wp-block-heading\">Udsigtspunktet Barenberg (696&nbsp;meter over havet) ligger 150&nbsp;meter over Elend-dalen og byder p\u00e5 en smuk udsigt over Schierke, Erdbeerkopf og Hohnekamm med sine klipper.<\/h2>\n\n<div class=\"wp-block-stackable-image alignwide stk-block-image stk-block stk-89e1006\" data-block-id=\"89e1006\"><style>.stk-89e1006 {margin-top:3% !important;margin-bottom:3% !important;}<\/style><figure><span class=\"stk-img-wrapper stk-image--shape-stretch stk--has-lightbox\"><img decoding=\"async\" width=\"500\" height=\"348\" src=\"https:\/\/www.harzer-wandernadel.de\/wp-content\/uploads\/2016\/02\/Barenberg.jpg\" class=\"attachment-full size-full wp-post-image\" alt srcset=\"https:\/\/www.harzer-wandernadel.de\/wp-content\/uploads\/2016\/02\/Barenberg.jpg 500w, https:\/\/www.harzer-wandernadel.de\/wp-content\/uploads\/2016\/02\/Barenberg-300x209.jpg 300w\" sizes=\"(max-width: 500px) 100vw, 500px\"><\/span><\/figure><\/div>\n\n<p>Den kor\u00adte\u00adste adgangs\u00adru\u00adte star\u00adter i&nbsp;udkan\u00adten af Elend og f\u00f8rer stejlt op til et udsigts\u00adpunkt, hvor\u00adfra man kan se ud over Elendstal-dalen. Fra udsigts\u00adpunk\u00adtet fort\u00ads\u00e6t\u00adter stien til top\u00adpen af Baren\u00adberg. Vi anbe\u00adfa\u00adler at g\u00e5 ned via <a href=\"https:\/\/www.harzer-wandernadel.de\/da\/stempelcentre\/oversigtskort\/frimaerkepunkt-14-schnarcherklippe-tilflugtssted\/\" data-type=\"page\" data-id=\"520\">Sch\u00adnar\u00adcher\u00adklip\u00adpen HWN 14<\/a> og van\u00addre til\u00adba\u00adge gen\u00adnem Elendstal-dalen.&nbsp;<\/p>\n\n<p>Stien mel\u00adlem Baren\u00adberg og Sch\u00adnar\u00adcher\u00adklip\u00adpen er van\u00adske\u00adlig at g\u00e5 p\u00e5 p\u00e5 grund af storm\u00adska\u00adder. Den oprin\u00adde\u00adli\u00adge sti kan ikke l\u00e6n\u00adge\u00adre gen\u00adken\u00addes p\u00e5 en ca. 200&nbsp;m&nbsp;lang str\u00e6kning.&nbsp;<\/p>\n","protected":false},"excerpt":{"rendered":"<p>Udsigts\u00adpunk\u00adtet Baren\u00adberg (696&nbsp;meter over havet) lig\u00adger 150&nbsp;meter over Elend-dalen og byder p\u00e5 en smuk udsigt over Schier\u00adke, Erd\u00adbe\u00ader\u00adkopf og Hoh\u00adne\u00adkamm med sine klip\u00adper. Den kor\u00adte\u00adste adgangs\u00adru\u00adte star\u00adter i&nbsp;udkan\u00adten af Elend og f\u00f8rer stejlt op til et udsigts\u00adpunkt, hvor\u00adfra man kan se ud over Elendstal-dalen. Fra udsigts\u00adpunk\u00adtet fort\u00ads\u00e6t\u00adter stien til top\u00adpen af Baren\u00adberg. Vi anbe\u00adfa\u00adler&nbsp;at&nbsp;[\u2026]<\/p>\n","protected":false},"author":11,"featured_media":11533,"parent":17792,"menu_order":10020,"comment_status":"closed","ping_status":"closed","template":"","meta":{"_seopress_robots_primary_cat":"","_seopress_titles_title":"","_seopress_titles_desc":"Oplev Barenberg med udsigt til Schierke, Erdbeerkopf og Hohnekamm. Vandre gennem Elendstal-dalen til Schnarcherklippen-klipperne. ","_seopress_robots_index":"","wp_typography_post_enhancements_disabled":false,"iawp_total_views":1,"footnotes":""},"hf_cat_page":[120],"class_list":["post-19285","page","type-page","status-publish","has-post-thumbnail"],"blocksy_meta":[],"_links":{"self":[{"href":"https:\/\/www.harzer-wandernadel.de\/da\/wp-json\/wp\/v2\/pages\/19285","targetHints":{"allow":["GET"]}}],"collection":[{"href":"https:\/\/www.harzer-wandernadel.de\/da\/wp-json\/wp\/v2\/pages"}],"about":[{"href":"https:\/\/www.harzer-wandernadel.de\/da\/wp-json\/wp\/v2\/types\/page"}],"author":[{"embeddable":true,"href":"https:\/\/www.harzer-wandernadel.de\/da\/wp-json\/wp\/v2\/users\/11"}],"replies":[{"embeddable":true,"href":"https:\/\/www.harzer-wandernadel.de\/da\/wp-json\/wp\/v2\/comments?post=19285"}],"version-history":[{"count":2,"href":"https:\/\/www.harzer-wandernadel.de\/da\/wp-json\/wp\/v2\/pages\/19285\/revisions"}],"predecessor-version":[{"id":24697,"href":"https:\/\/www.harzer-wandernadel.de\/da\/wp-json\/wp\/v2\/pages\/19285\/revisions\/24697"}],"up":[{"embeddable":true,"href":"https:\/\/www.harzer-wandernadel.de\/da\/wp-json\/wp\/v2\/pages\/17792"}],"wp:featuredmedia":[{"embeddable":true,"href":"https:\/\/www.harzer-wandernadel.de\/da\/wp-json\/wp\/v2\/media\/11533"}],"wp:attachment":[{"href":"https:\/\/www.harzer-wandernadel.de\/da\/wp-json\/wp\/v2\/media?parent=19285"}],"wp:term":[{"taxonomy":"hf_cat_page","embeddable":true,"href":"https:\/\/www.harzer-wandernadel.de\/da\/wp-json\/wp\/v2\/hf_cat_page?post=19285"}],"curies":[{"name":"wp","href":"https:\/\/api.w.org\/{rel}","templated":true}]}}