{"id":19277,"date":"2016-02-16T13:56:42","date_gmt":"2016-02-16T12:56:42","guid":{"rendered":"https:\/\/www.harzer-wandernadel.de\/stempelcentre\/oversigtskort\/frimaerkepunkt-25-oberfoerster-koch-monumentet\/"},"modified":"2026-02-28T14:42:14","modified_gmt":"2026-02-28T13:42:14","slug":"frimaerkepunkt-25-oberfoerster-koch-monumentet","status":"publish","type":"page","link":"https:\/\/www.harzer-wandernadel.de\/da\/stempelcentre\/oversigtskort\/frimaerkepunkt-25-oberfoerster-koch-monumentet\/","title":{"rendered":"Frim\u00e6rkepunkt 25 \/ Oberf\u00f6rster \u2013 Koch-monumentet"},"content":{"rendered":"\n<h2 class=\"wp-block-heading\">Oberf\u00f6rster-Koch-monumentet (585&nbsp;meter over havets overflade) ligger mellem Ilsenburg og Hasserode og best\u00e5r af en smal granitsten, som blev rejst af Harzklub i&nbsp;anledning af 50-\u00e5rsdagen for skovriderens tjeneste i&nbsp;1914.<\/h2>\n\n<div class=\"wp-block-stackable-image alignwide stk-block-image stk-block stk-89e1006\" data-block-id=\"89e1006\"><style>.stk-89e1006 {margin-top:3% !important;margin-bottom:3% !important;}<\/style><figure><span class=\"stk-img-wrapper stk-image--shape-stretch stk--has-lightbox\"><img decoding=\"async\" width=\"653\" height=\"446\" src=\"https:\/\/www.harzer-wandernadel.de\/wp-content\/uploads\/2016\/02\/HWN-Oberf\u00f6rster-Koch-Denkmal.jpg\" class=\"attachment-full size-full wp-post-image\" alt=\"Gedenkstein unter B\u00e4umen im gr\u00fcnen Waldgebiet\" srcset=\"https:\/\/www.harzer-wandernadel.de\/wp-content\/uploads\/2016\/02\/HWN-Oberf\u00f6rster-Koch-Denkmal.jpg 653w, https:\/\/www.harzer-wandernadel.de\/wp-content\/uploads\/2016\/02\/HWN-Oberf\u00f6rster-Koch-Denkmal-300x205.jpg 300w, https:\/\/www.harzer-wandernadel.de\/wp-content\/uploads\/2016\/02\/HWN-Oberf\u00f6rster-Koch-Denkmal-250x171.jpg 250w, https:\/\/www.harzer-wandernadel.de\/wp-content\/uploads\/2016\/02\/HWN-Oberf\u00f6rster-Koch-Denkmal-624x426.jpg 624w\" sizes=\"(max-width: 653px) 100vw, 653px\"><\/span><\/figure><\/div>\n\n<p>Fra Has\u00adsero\u00adde g\u00e5r du til <a href=\"https:\/\/www.harzer-wandernadel.de\/da\/stempelcentre\/oversigtskort\/stempelpunkt-26-moenchsbuche\/\" data-type=\"page\" data-id=\"589\">M\u00f6n\u00adchs\u00adbu\u00adche HWN 26<\/a> og f\u00f8l\u00adger Ober\u00adf\u00f6r\u00adster-Koch-Weg til monu\u00admen\u00adtet med frim\u00e6rkekassen.<\/p>\n\n<div class=\"wp-block-buttons is-layout-flex wp-block-buttons-is-layout-flex\">\n<div class=\"wp-block-button\"><a class=\"wp-block-button__link wp-element-button\" href=\"https:\/\/harzer-bergwald.de\/index.php\/wandertouren\/abenteuertouren\/7-wandern-rund-die-steinerne-renne\" target=\"_blank\" rel=\"noreferrer noopener\">Tour tip Harzen bjergskov&nbsp;\u201c<\/a><\/div>\n<\/div>\n","protected":false},"excerpt":{"rendered":"<p>Ober\u00adf\u00f6r\u00adster-Koch-monu\u00admen\u00adtet (585&nbsp;meter over havets over\u00adfla\u00adde) lig\u00adger mel\u00adlem Ilsen\u00adburg og Has\u00adsero\u00adde og best\u00e5r af en smal gra\u00adnit\u00adsten, som blev rejst af Harz\u00adklub i&nbsp;anled\u00adning af 50-\u00e5rs\u00adda\u00adgen for sko\u00advri\u00adde\u00adrens tje\u00adne\u00adste i&nbsp;1914. Fra Has\u00adsero\u00adde g\u00e5r du til M\u00f6n\u00adchs\u00adbu\u00adche HWN 26 og f\u00f8l\u00adger Ober\u00adf\u00f6r\u00ad\u00adster-Koch-Weg til monu\u00admen\u00adtet med frim\u00e6rkekassen.<\/p>\n","protected":false},"author":11,"featured_media":12580,"parent":17792,"menu_order":10025,"comment_status":"closed","ping_status":"closed","template":"","meta":{"_seopress_robots_primary_cat":"","_seopress_titles_title":"","_seopress_titles_desc":"","_seopress_robots_index":"","wp_typography_post_enhancements_disabled":false,"iawp_total_views":1,"footnotes":""},"hf_cat_page":[120],"class_list":["post-19277","page","type-page","status-publish","has-post-thumbnail"],"blocksy_meta":[],"_links":{"self":[{"href":"https:\/\/www.harzer-wandernadel.de\/da\/wp-json\/wp\/v2\/pages\/19277","targetHints":{"allow":["GET"]}}],"collection":[{"href":"https:\/\/www.harzer-wandernadel.de\/da\/wp-json\/wp\/v2\/pages"}],"about":[{"href":"https:\/\/www.harzer-wandernadel.de\/da\/wp-json\/wp\/v2\/types\/page"}],"author":[{"embeddable":true,"href":"https:\/\/www.harzer-wandernadel.de\/da\/wp-json\/wp\/v2\/users\/11"}],"replies":[{"embeddable":true,"href":"https:\/\/www.harzer-wandernadel.de\/da\/wp-json\/wp\/v2\/comments?post=19277"}],"version-history":[{"count":2,"href":"https:\/\/www.harzer-wandernadel.de\/da\/wp-json\/wp\/v2\/pages\/19277\/revisions"}],"predecessor-version":[{"id":24708,"href":"https:\/\/www.harzer-wandernadel.de\/da\/wp-json\/wp\/v2\/pages\/19277\/revisions\/24708"}],"up":[{"embeddable":true,"href":"https:\/\/www.harzer-wandernadel.de\/da\/wp-json\/wp\/v2\/pages\/17792"}],"wp:featuredmedia":[{"embeddable":true,"href":"https:\/\/www.harzer-wandernadel.de\/da\/wp-json\/wp\/v2\/media\/12580"}],"wp:attachment":[{"href":"https:\/\/www.harzer-wandernadel.de\/da\/wp-json\/wp\/v2\/media?parent=19277"}],"wp:term":[{"taxonomy":"hf_cat_page","embeddable":true,"href":"https:\/\/www.harzer-wandernadel.de\/da\/wp-json\/wp\/v2\/hf_cat_page?post=19277"}],"curies":[{"name":"wp","href":"https:\/\/api.w.org\/{rel}","templated":true}]}}