{"id":19264,"date":"2016-02-16T13:54:21","date_gmt":"2016-02-16T12:54:21","guid":{"rendered":"https:\/\/www.harzer-wandernadel.de\/stempelcentre\/oversigtskort\/frimaerkepunkt-24-wolfsklippe\/"},"modified":"2026-02-28T14:42:13","modified_gmt":"2026-02-28T13:42:13","slug":"frimaerkepunkt-24-wolfsklippe","status":"publish","type":"page","link":"https:\/\/www.harzer-wandernadel.de\/da\/stempelcentre\/oversigtskort\/frimaerkepunkt-24-wolfsklippe\/","title":{"rendered":"Frim\u00e6rkepunkt 24 \/ Wolfsklippe"},"content":{"rendered":"\n<h2 class=\"wp-block-heading\">Wolfsklippe (723&nbsp;meter over havets overflade) ligger mellem Ilsenburg og Schierke i&nbsp;Nationalpark Harz.<\/h2>\n\n<div class=\"wp-block-stackable-image alignwide stk-block-image stk-block stk-89e1006\" data-block-id=\"89e1006\"><style>.stk-89e1006 {margin-top:3% !important;margin-bottom:3% !important;}<\/style><figure><span class=\"stk-img-wrapper stk-image--shape-stretch stk--has-lightbox\"><img decoding=\"async\" width=\"2048\" height=\"1152\" src=\"https:\/\/www.harzer-wandernadel.de\/wp-content\/uploads\/2016\/02\/HWN-Wolfsklippe-Klingemann.jpg\" class=\"attachment-full size-full wp-post-image\" alt=\"Skovlysning med lilla blomster og graner\" srcset=\"https:\/\/www.harzer-wandernadel.de\/wp-content\/uploads\/2016\/02\/HWN-Wolfsklippe-Klingemann.jpg 2048w, https:\/\/www.harzer-wandernadel.de\/wp-content\/uploads\/2016\/02\/HWN-Wolfsklippe-Klingemann-300x169.jpg 300w, https:\/\/www.harzer-wandernadel.de\/wp-content\/uploads\/2016\/02\/HWN-Wolfsklippe-Klingemann-768x432.jpg 768w, https:\/\/www.harzer-wandernadel.de\/wp-content\/uploads\/2016\/02\/HWN-Wolfsklippe-Klingemann-1024x576.jpg 1024w, https:\/\/www.harzer-wandernadel.de\/wp-content\/uploads\/2016\/02\/HWN-Wolfsklippe-Klingemann-250x141.jpg 250w, https:\/\/www.harzer-wandernadel.de\/wp-content\/uploads\/2016\/02\/HWN-Wolfsklippe-Klingemann-624x351.jpg 624w\" sizes=\"(max-width: 2048px) 100vw, 2048px\"><\/span><\/figure><\/div>\n\n<p>P\u00e5 klip\u00adpens h\u00f8je\u00adste punkt st\u00e5r et udsigtst\u00e5rn af st\u00e5l, som blev byg\u00adget af Harz\u00adklub i&nbsp;1901.<\/p>\n\n<p>Stem\u00adpel\u00adpunk\u00adtet lig\u00adger neden\u00adfor klip\u00adpen, ca. 100&nbsp;meter v\u00e6k p\u00e5 Ale\u00adxan\u00adder\u00adstieg. Der\u00adfra kan du fort\u00ads\u00e6t\u00adte stem\u00adpel\u00adtu\u00adren til <a href=\"https:\/\/www.harzer-wandernadel.de\/stempelstellen\/uebersichtskarte\/stempelstelle-16-ferdinandsstein\/\" data-type=\"page\" data-id=\"528\">Fer\u00addi\u00adnands\u00adste\u00adin HWN 16<\/a>, ca. 1,6&nbsp;km v\u00e6k, eller via Huy\u00adse\u00adbur\u00adger-Heu-Weg til <a href=\"https:\/\/www.harzer-wandernadel.de\/stempelstellen\/uebersichtskarte\/stempelstelle-25-oberfoerster-koch-denkmal\/\" data-type=\"page\" data-id=\"587\">Ober\u00adf\u00f6r\u00adster-Koch-Denk\u00admal HWN 25.<\/a>  <\/p>\n","protected":false},"excerpt":{"rendered":"<p>Wol\u00adf\u00adsklip\u00adpe (723&nbsp;meter over havets over\u00adfla\u00adde) lig\u00adger mel\u00adlem Ilsen\u00adburg og Schier\u00adke i&nbsp;Natio\u00adnal\u00adpark Harz. P\u00e5 klip\u00adpens h\u00f8je\u00adste punkt st\u00e5r et udsigtst\u00e5rn af st\u00e5l, som blev byg\u00adget af Harz\u00adklub i&nbsp;1901. Stem\u00adpel\u00adpunk\u00adtet lig\u00adger neden\u00adfor klip\u00adpen, ca. 100&nbsp;meter v\u00e6k p\u00e5 Ale\u00adxan\u00adder\u00adstieg. Der\u00adfra kan du fort\u00ads\u00e6t\u00adte stem\u00adpel\u00adtu\u00adren til Fer\u00addi\u00adnands\u00adste\u00adin HWN 16, ca. 1,6&nbsp;km v\u00e6k, eller via Huy\u00ad\u00adse\u00ad\u00adbur\u00ad\u00adger-Heu-Weg til Ober\u00adf\u00f6r\u00ad\u00adster-Koch-Denk\u00ad\u00admal HWN&nbsp;25.<\/p>\n","protected":false},"author":11,"featured_media":12721,"parent":17792,"menu_order":10024,"comment_status":"closed","ping_status":"closed","template":"","meta":{"_seopress_robots_primary_cat":"","_seopress_titles_title":"","_seopress_titles_desc":"","_seopress_robots_index":"","wp_typography_post_enhancements_disabled":false,"iawp_total_views":2,"footnotes":""},"hf_cat_page":[120],"class_list":["post-19264","page","type-page","status-publish","has-post-thumbnail"],"blocksy_meta":[],"_links":{"self":[{"href":"https:\/\/www.harzer-wandernadel.de\/da\/wp-json\/wp\/v2\/pages\/19264","targetHints":{"allow":["GET"]}}],"collection":[{"href":"https:\/\/www.harzer-wandernadel.de\/da\/wp-json\/wp\/v2\/pages"}],"about":[{"href":"https:\/\/www.harzer-wandernadel.de\/da\/wp-json\/wp\/v2\/types\/page"}],"author":[{"embeddable":true,"href":"https:\/\/www.harzer-wandernadel.de\/da\/wp-json\/wp\/v2\/users\/11"}],"replies":[{"embeddable":true,"href":"https:\/\/www.harzer-wandernadel.de\/da\/wp-json\/wp\/v2\/comments?post=19264"}],"version-history":[{"count":2,"href":"https:\/\/www.harzer-wandernadel.de\/da\/wp-json\/wp\/v2\/pages\/19264\/revisions"}],"predecessor-version":[{"id":24704,"href":"https:\/\/www.harzer-wandernadel.de\/da\/wp-json\/wp\/v2\/pages\/19264\/revisions\/24704"}],"up":[{"embeddable":true,"href":"https:\/\/www.harzer-wandernadel.de\/da\/wp-json\/wp\/v2\/pages\/17792"}],"wp:featuredmedia":[{"embeddable":true,"href":"https:\/\/www.harzer-wandernadel.de\/da\/wp-json\/wp\/v2\/media\/12721"}],"wp:attachment":[{"href":"https:\/\/www.harzer-wandernadel.de\/da\/wp-json\/wp\/v2\/media?parent=19264"}],"wp:term":[{"taxonomy":"hf_cat_page","embeddable":true,"href":"https:\/\/www.harzer-wandernadel.de\/da\/wp-json\/wp\/v2\/hf_cat_page?post=19264"}],"curies":[{"name":"wp","href":"https:\/\/api.w.org\/{rel}","templated":true}]}}