{"id":19249,"date":"2016-02-18T10:01:31","date_gmt":"2016-02-18T09:01:31","guid":{"rendered":"https:\/\/www.harzer-wandernadel.de\/stempelcentre\/oversigtskort\/frimaerkepunkt-221-jungfernklippe\/"},"modified":"2026-01-29T12:54:21","modified_gmt":"2026-01-29T11:54:21","slug":"frimaerkepunkt-221-jungfernklippe","status":"publish","type":"page","link":"https:\/\/www.harzer-wandernadel.de\/da\/stempelcentre\/oversigtskort\/frimaerkepunkt-221-jungfernklippe\/","title":{"rendered":"Frim\u00e6rkepunkt 221 \/ Jungfernklippe"},"content":{"rendered":"\n<h2 class=\"wp-block-heading\">Jungfernklippe (660&nbsp;m.o.h.) ligger sydvest for Dehnenkopf (775&nbsp;m.o.h.) og over Kellwassertal p\u00e5 en skovvej, som ogs\u00e5 markerer gr\u00e6nsen til nationalparken.<\/h2>\n\n<div class=\"wp-block-stackable-image alignwide stk-block-image stk-block stk-89e1006\" data-block-id=\"89e1006\"><style>.stk-89e1006 {margin-top:3% !important;margin-bottom:3% !important;}<\/style><figure><span class=\"stk-img-wrapper stk-image--shape-stretch stk--has-lightbox\"><img decoding=\"async\" width=\"587\" height=\"533\" src=\"https:\/\/www.harzer-wandernadel.de\/wp-content\/uploads\/2016\/02\/Jungfernklippe-1.jpg\" class=\"attachment-full size-full wp-post-image\" alt srcset=\"https:\/\/www.harzer-wandernadel.de\/wp-content\/uploads\/2016\/02\/Jungfernklippe-1.jpg 587w, https:\/\/www.harzer-wandernadel.de\/wp-content\/uploads\/2016\/02\/Jungfernklippe-1-300x272.jpg 300w, https:\/\/www.harzer-wandernadel.de\/wp-content\/uploads\/2016\/02\/Jungfernklippe-1-250x227.jpg 250w\" sizes=\"(max-width: 587px) 100vw, 587px\"><\/span><\/figure><\/div>\n\n<p>Klip\u00adpen som s\u00e5dan er uspek\u00adtaku\u00adl\u00e6r, men et par hund\u00adre\u00adde meter v\u00e6k, under Jung\u00adfer\u00adnklip\u00adpe ved Blo\u00adchs\u00adchlei\u00adfe, kan du opda\u00adge det, der nu er star\u00adten p\u00e5 Dammgraben.<\/p>\n\n<p>Alle\u00adre\u00adde i&nbsp;mid\u00adten af det 17. \u00e5rhund\u00adre\u00adde blev man klar over, at van\u00addet omkring Claust\u00adhal-Zel\u00adler\u00adfeld ikke l\u00e6n\u00adge\u00adre var til\u00adstr\u00e6k\u00adke\u00adligt til miner\u00adne p\u00e5 Claust\u00adhal-pla\u00adteau\u00adet. Mine\u00admyn\u00addig\u00adhe\u00adden udvik\u00adle\u00adde der\u00adfor en plan om at \u201ebrin\u00adge det fjer\u00adne vand fra Bru\u00adch\u00adberg og Bro\u00adck\u00aden\u00adfeld ind\u201c ved at byg\u00adge en \u201elang gr\u00f8ft\u201c. De f\u00f8r\u00adste arbej\u00adder begynd\u00adte p\u00e5 M\u00f6n\u00adchstal-vand\u00adl\u00f8\u00adbet i&nbsp;1659 og slut\u00adte\u00adde i&nbsp;1827 med omled\u00adnin\u00adgen ved Blochschleife.&nbsp;<\/p>\n\n<div class=\"wp-block-buttons is-layout-flex wp-block-buttons-is-layout-flex\">\n<div class=\"wp-block-button\"><a class=\"wp-block-button__link wp-element-button\" href=\"http:\/\/www.harzburger-wanderseite.de\/willkommen\/kultur-geschichte\/dammgrabensystem.html\" target=\"_blank\" rel=\"noreferrer noopener\">D\u00e6m\u00adnings\u00adgr\u00f8f\u00adte\u00adsy\u00adstem<\/a><\/div>\n<\/div>\n\n<p>Jung\u00adfer\u00adnklip\u00adpe n\u00e5s nem\u00admest fra den lil\u00adle par\u00adke\u00adrings\u00adplads \u201eUlmer Weg\u201c, som lig\u00adger direk\u00adte p\u00e5 B&nbsp;4, ca. 1&nbsp;km under den sto\u00adre par\u00adke\u00adrings\u00adplads ved Tor\u00adf\u00adhaus. To bre\u00adde, gru\u00adse\u00adde sko\u00advve\u00adje star\u00adter p\u00e5 den mod\u00adsat\u00adte side af vej\u00aden, hvor\u00adfra den ven\u00adstre grus\u00advej f\u00f8rer let ned ad bak\u00adke til Jung\u00adfer\u00adnklip\u00adpe, ca. 2&nbsp;km&nbsp;v\u00e6k.&nbsp;<\/p>\n\n<p>Stem\u00adpel\u00adpunk\u00adtet kan ogs\u00e5 n\u00e5s fra ret\u00adning af Tor\u00adf\u00adhaus. Par\u00adker under Ler\u00adchenk\u00f6p\u00adfe, kryds vej\u00aden og f\u00f8lg Kel\u00adlwas\u00adser rundt om Deh\u00adnen\u00adkopf i&nbsp;1,5&nbsp;km.&nbsp;<\/p>\n","protected":false},"excerpt":{"rendered":"<p>Jung\u00adfer\u00adnklip\u00adpe (660&nbsp;m.o.h.) lig\u00adger syd\u00advest for Deh\u00adnen\u00adkopf (775&nbsp;m.o.h.) og over Kel\u00adlwas\u00adser\u00adtal p\u00e5 en sko\u00advvej, som ogs\u00e5 mar\u00adke\u00adrer gr\u00e6n\u00adsen til natio\u00adnal\u00adpar\u00adken. Klip\u00adpen som s\u00e5dan er uspek\u00adtaku\u00adl\u00e6r, men et par hund\u00adre\u00adde meter v\u00e6k, under Jung\u00adfer\u00adnklip\u00adpe ved Blo\u00adchs\u00adchlei\u00adfe, kan du opda\u00adge det, der nu er star\u00adten p\u00e5 Dam\u00adm\u00adgra\u00adben. Alle\u00adre\u00adde i&nbsp;mid\u00adten af det 17. \u00e5rhund\u00adre\u00adde blev man klar over,&nbsp;at&nbsp;[\u2026]<\/p>\n","protected":false},"author":11,"featured_media":12262,"parent":17792,"menu_order":10221,"comment_status":"closed","ping_status":"closed","template":"","meta":{"_seopress_robots_primary_cat":"","_seopress_titles_title":"","_seopress_titles_desc":"","_seopress_robots_index":"","wp_typography_post_enhancements_disabled":false,"iawp_total_views":0,"footnotes":""},"hf_cat_page":[120],"class_list":["post-19249","page","type-page","status-publish","has-post-thumbnail"],"blocksy_meta":[],"_links":{"self":[{"href":"https:\/\/www.harzer-wandernadel.de\/da\/wp-json\/wp\/v2\/pages\/19249","targetHints":{"allow":["GET"]}}],"collection":[{"href":"https:\/\/www.harzer-wandernadel.de\/da\/wp-json\/wp\/v2\/pages"}],"about":[{"href":"https:\/\/www.harzer-wandernadel.de\/da\/wp-json\/wp\/v2\/types\/page"}],"author":[{"embeddable":true,"href":"https:\/\/www.harzer-wandernadel.de\/da\/wp-json\/wp\/v2\/users\/11"}],"replies":[{"embeddable":true,"href":"https:\/\/www.harzer-wandernadel.de\/da\/wp-json\/wp\/v2\/comments?post=19249"}],"version-history":[{"count":1,"href":"https:\/\/www.harzer-wandernadel.de\/da\/wp-json\/wp\/v2\/pages\/19249\/revisions"}],"predecessor-version":[{"id":19251,"href":"https:\/\/www.harzer-wandernadel.de\/da\/wp-json\/wp\/v2\/pages\/19249\/revisions\/19251"}],"up":[{"embeddable":true,"href":"https:\/\/www.harzer-wandernadel.de\/da\/wp-json\/wp\/v2\/pages\/17792"}],"wp:featuredmedia":[{"embeddable":true,"href":"https:\/\/www.harzer-wandernadel.de\/da\/wp-json\/wp\/v2\/media\/12262"}],"wp:attachment":[{"href":"https:\/\/www.harzer-wandernadel.de\/da\/wp-json\/wp\/v2\/media?parent=19249"}],"wp:term":[{"taxonomy":"hf_cat_page","embeddable":true,"href":"https:\/\/www.harzer-wandernadel.de\/da\/wp-json\/wp\/v2\/hf_cat_page?post=19249"}],"curies":[{"name":"wp","href":"https:\/\/api.w.org\/{rel}","templated":true}]}}