{"id":19222,"date":"2016-02-19T15:06:25","date_gmt":"2016-02-19T14:06:25","guid":{"rendered":"https:\/\/www.harzer-wandernadel.de\/stempelcentre\/oversigtskort\/stempelpunkt-170-rabenklippe\/"},"modified":"2026-01-29T12:54:14","modified_gmt":"2026-01-29T11:54:14","slug":"stempelpunkt-170-rabenklippe","status":"publish","type":"page","link":"https:\/\/www.harzer-wandernadel.de\/da\/stempelcentre\/oversigtskort\/stempelpunkt-170-rabenklippe\/","title":{"rendered":"Stempelpunkt 170 \/ Rabenklippe"},"content":{"rendered":"\n<h2 class=\"wp-block-heading\">Rabenklippe ligger syd\u00f8st for Bad Harzburg, h\u00f8jt over den dybt indsk\u00e5rne og idylliske Eckertal-dal.<\/h2>\n\n<div class=\"wp-block-stackable-image alignwide stk-block-image stk-block stk-89e1006\" data-block-id=\"89e1006\"><style>.stk-89e1006 {margin-top:3% !important;margin-bottom:3% !important;}<\/style><figure><span class=\"stk-img-wrapper stk-image--shape-stretch stk--has-lightbox\"><img decoding=\"async\" width=\"960\" height=\"720\" src=\"https:\/\/www.harzer-wandernadel.de\/wp-content\/uploads\/2016\/02\/Rabenklippe-1.jpg\" class=\"attachment-full size-full wp-post-image\" alt srcset=\"https:\/\/www.harzer-wandernadel.de\/wp-content\/uploads\/2016\/02\/Rabenklippe-1.jpg 960w, https:\/\/www.harzer-wandernadel.de\/wp-content\/uploads\/2016\/02\/Rabenklippe-1-300x225.jpg 300w, https:\/\/www.harzer-wandernadel.de\/wp-content\/uploads\/2016\/02\/Rabenklippe-1-768x576.jpg 768w, https:\/\/www.harzer-wandernadel.de\/wp-content\/uploads\/2016\/02\/Rabenklippe-1-250x188.jpg 250w, https:\/\/www.harzer-wandernadel.de\/wp-content\/uploads\/2016\/02\/Rabenklippe-1-624x468.jpg 624w\" sizes=\"(max-width: 960px) 100vw, 960px\"><\/span><\/figure><\/div>\n\n<p>De m\u00e6g\u00adti\u00adge sten\u00adblok\u00adke og t\u00e5rn\u00adh\u00f8\u00adje gra\u00adnit\u00adklip\u00adper ud\u00f8\u00adver en mystisk til\u00adtr\u00e6k\u00adning p\u00e5 de bes\u00f8\u00adgen\u00adde. Klip\u00adper\u00adne var \u201esoven\u00adde sk\u00f8n\u00adhed\u201c, da den f\u00f8r\u00adste kur\u00adl\u00e6\u00adge, Dr. Carl Fran\u00adke, over\u00adtal\u00adte sin tid\u00adli\u00adge\u00adre udle\u00adjer, t\u00f8m\u00adre\u00adren Wil\u00adhelm Schil\u00adling, til at \u00e5bne en lil\u00adle bar ved Rabenklippe.&nbsp;<\/p>\n\n<p>Den 24. maj 1874  <span class=\"verd12scharz\">\u00e5bne\u00adde han en bod lavet af bir\u00adke\u00adstam\u00admer, som i&nbsp;begyn\u00addel\u00adsen kun var \u00e5ben om s\u00f8n\u00adda\u00adgen. Hans kone bar drik\u00adke\u00adva\u00adrer\u00adne op ad bak\u00adken i&nbsp;en cykel\u00adta\u00adske.   <\/span>Men for\u00adret\u00adnin\u00adgen gik s\u00e5 godt, at det nuv\u00e6\u00adren\u00adde Wald\u00adgast\u00adhaus blev \u00e5bnet kort tid efter. Der\u00adfra har man en fan\u00adta\u00adstisk udsigt over Eck\u00ader\u00adtal til Tau\u00adbenklip\u00adpe og Brocken.&nbsp;<\/p>\n\n<div class=\"wp-block-buttons is-layout-flex wp-block-buttons-is-layout-flex\">\n<div class=\"wp-block-button\"><a class=\"wp-block-button__link wp-element-button\" href=\"http:\/\/www.rabenklippe.de\">Rav\u00adne\u00adklip\u00adpen<\/a><\/div>\n<\/div>\n\n<p>Natio\u00adnal\u00adpar\u00adkens <a href=\"http:\/\/www.nationalpark-harz.de\/de\/natur-erleben\/luchsgehege\/\">lod\u00adse\u00adind\u00adheg\u00adning<\/a> p\u00e5 Rabenklip\u00adpe giver mulig\u00adhed for at obser\u00adve\u00adre los\u00adser. N\u00e5r dyre\u00adne pr\u00e6\u00adsen\u00adte\u00adrer sig for de bes\u00f8\u00adgen\u00adde i&nbsp;det char\u00adme\u00adren\u00adde og bar\u00adske ind\u00adheg\u00adning\u00ads\u00adland\u00adskab, er der garan\u00adti for spek\u00adtaku\u00adl\u00e6\u00adre fotos. <span class=\"Apple-converted-space\"> <\/span>En h\u00f8j bes\u00f8gs\u00adplat\u00adform giver en \u201ehegns\u00adfri\u201c udsigt over sto\u00adre dele af indhegningen.<\/p>\n\n<div class=\"wp-block-buttons is-layout-flex wp-block-buttons-is-layout-flex\">\n<div class=\"wp-block-button\"><a class=\"wp-block-button__link wp-element-button\" href=\"https:\/\/www.luchsprojekt-harz.de\/\" target=\"_blank\" rel=\"noreferrer noopener\">Lynx-pro\u00adjek\u00adtet<\/a><\/div>\n<\/div>\n\n<p>Man kan par\u00adke\u00adre p\u00e5 den sto\u00adre par\u00adke\u00adrings\u00adplads i&nbsp;Bad Harz\u00adburg direk\u00adte ved B4 mod Tor\u00adf\u00adhaus. Der\u00adfra skal du beslut\u00adte, om du vil besti\u00adge Burg\u00adberg til fods eller tage sv\u00e6\u00adve\u00adba\u00adnen de 150&nbsp;meter op til toppen.&nbsp;<\/p>\n\n<p>Fra bjerg\u00adsta\u00adtio\u00adnen kan du tage en rund\u00advan\u00addring til <a href=\"https:\/\/www.harzer-wandernadel.de\/da\/stempelcentre\/oversigtskort\/frimaerkepunkt-121-aussichtsreich-burgberg\/\" data-type=\"page\" data-id=\"1116\">\u201eAus\u00adsi\u00adchts\u00adreich\u201c HWN 121<\/a>, <a href=\"https:\/\/www.harzer-wandernadel.de\/stempelstellen\/uebersichtskarte\/stempelstelle-122-kreuz-des-deutschen-ostens\/\" data-type=\"page\" data-id=\"1118\">\u201eKreuz des deut\u00adschen Ostens\u201c HWN 122<\/a>, Rabenklip\u00adpe og til\u00adba\u00adge til bjerg\u00adsta\u00adtio\u00adnen via <a href=\"https:\/\/www.harzer-wandernadel.de\/stempelstellen\/uebersichtskarte\/stempelstelle-169-molkenhaus\/\" data-type=\"page\" data-id=\"1218\">Mol\u00adken\u00adhaus HWN 169.<\/a> <\/p>\n\n<div class=\"wp-block-buttons is-layout-flex wp-block-buttons-is-layout-flex\">\n<div class=\"wp-block-button\"><a class=\"wp-block-button__link wp-element-button\" href=\"http:\/\/harzer-bergwald.de\/index.php\/wandertouren\/romantiktouren\/36-familientour-mit-schoener-aussicht\">Tour tip Harzen bjergskov<\/a><\/div>\n<\/div>\n","protected":false},"excerpt":{"rendered":"<p>Rabenklip\u00adpe lig\u00adger syd\u00f8st for Bad Harz\u00adburg, h\u00f8jt over den dybt ind\u00adsk\u00e5r\u00adne og idyl\u00adli\u00adske Eck\u00ader\u00adtal-dal. De m\u00e6g\u00adti\u00adge sten\u00adblok\u00adke og t\u00e5rn\u00adh\u00f8\u00adje gra\u00adnit\u00adklip\u00adper ud\u00f8\u00adver en mystisk til\u00adtr\u00e6k\u00adning p\u00e5 de bes\u00f8\u00adgen\u00adde. Klip\u00adper\u00adne var \u201esoven\u00adde sk\u00f8n\u00adhed\u201c, da den f\u00f8r\u00adste kur\u00adl\u00e6\u00adge, Dr. Carl Fran\u00adke, over\u00adtal\u00adte sin tid\u00adli\u00adge\u00adre udle\u00adjer, t\u00f8m\u00adre\u00adren Wil\u00adhelm Schil\u00adling, til at \u00e5bne en lil\u00adle bar ved Rabenklip\u00adpe.&nbsp; Den 24.&nbsp;[\u2026]<\/p>\n","protected":false},"author":11,"featured_media":12067,"parent":17792,"menu_order":10170,"comment_status":"closed","ping_status":"closed","template":"","meta":{"_seopress_robots_primary_cat":"","_seopress_titles_title":"","_seopress_titles_desc":"","_seopress_robots_index":"","wp_typography_post_enhancements_disabled":false,"iawp_total_views":1,"footnotes":""},"hf_cat_page":[120],"class_list":["post-19222","page","type-page","status-publish","has-post-thumbnail"],"blocksy_meta":[],"_links":{"self":[{"href":"https:\/\/www.harzer-wandernadel.de\/da\/wp-json\/wp\/v2\/pages\/19222","targetHints":{"allow":["GET"]}}],"collection":[{"href":"https:\/\/www.harzer-wandernadel.de\/da\/wp-json\/wp\/v2\/pages"}],"about":[{"href":"https:\/\/www.harzer-wandernadel.de\/da\/wp-json\/wp\/v2\/types\/page"}],"author":[{"embeddable":true,"href":"https:\/\/www.harzer-wandernadel.de\/da\/wp-json\/wp\/v2\/users\/11"}],"replies":[{"embeddable":true,"href":"https:\/\/www.harzer-wandernadel.de\/da\/wp-json\/wp\/v2\/comments?post=19222"}],"version-history":[{"count":1,"href":"https:\/\/www.harzer-wandernadel.de\/da\/wp-json\/wp\/v2\/pages\/19222\/revisions"}],"predecessor-version":[{"id":19224,"href":"https:\/\/www.harzer-wandernadel.de\/da\/wp-json\/wp\/v2\/pages\/19222\/revisions\/19224"}],"up":[{"embeddable":true,"href":"https:\/\/www.harzer-wandernadel.de\/da\/wp-json\/wp\/v2\/pages\/17792"}],"wp:featuredmedia":[{"embeddable":true,"href":"https:\/\/www.harzer-wandernadel.de\/da\/wp-json\/wp\/v2\/media\/12067"}],"wp:attachment":[{"href":"https:\/\/www.harzer-wandernadel.de\/da\/wp-json\/wp\/v2\/media?parent=19222"}],"wp:term":[{"taxonomy":"hf_cat_page","embeddable":true,"href":"https:\/\/www.harzer-wandernadel.de\/da\/wp-json\/wp\/v2\/hf_cat_page?post=19222"}],"curies":[{"name":"wp","href":"https:\/\/api.w.org\/{rel}","templated":true}]}}