{"id":19220,"date":"2016-02-19T14:14:44","date_gmt":"2016-02-19T13:14:44","guid":{"rendered":"https:\/\/www.harzer-wandernadel.de\/stempelcentre\/oversigtskort\/stempelpunkt-150-grosser-knollen\/"},"modified":"2026-01-29T12:54:14","modified_gmt":"2026-01-29T11:54:14","slug":"stempelpunkt-150-grosser-knollen","status":"publish","type":"page","link":"https:\/\/www.harzer-wandernadel.de\/da\/stempelcentre\/oversigtskort\/stempelpunkt-150-grosser-knollen\/","title":{"rendered":"Stempelpunkt 150 \/ Gro\u00dfer Knollen"},"content":{"rendered":"\n<h2 class=\"wp-block-heading\">Med sine 687&nbsp;meter over havets overflade er den tidligere vulkan \u201eGro\u00dfer Knollen\u201c et af de h\u00f8jeste punkter i&nbsp;Sydharzen.&nbsp;<\/h2>\n\n<div class=\"wp-block-stackable-image alignwide stk-block-image stk-block stk-89e1006\" data-block-id=\"89e1006\"><style>.stk-89e1006 {margin-top:3% !important;margin-bottom:3% !important;}<\/style><figure><span class=\"stk-img-wrapper stk-image--shape-stretch stk--has-lightbox\"><img decoding=\"async\" width=\"960\" height=\"528\" src=\"https:\/\/www.harzer-wandernadel.de\/wp-content\/uploads\/2016\/02\/HWN-Gro\u00dfer-Knollen-Grabau.jpg\" class=\"attachment-full size-full wp-post-image\" alt=\"Observationst\u00e5rn af sten ved siden af vandrehytte p\u00e5 landet\" srcset=\"https:\/\/www.harzer-wandernadel.de\/wp-content\/uploads\/2016\/02\/HWN-Gro\u00dfer-Knollen-Grabau.jpg 960w, https:\/\/www.harzer-wandernadel.de\/wp-content\/uploads\/2016\/02\/HWN-Gro\u00dfer-Knollen-Grabau-300x165.jpg 300w, https:\/\/www.harzer-wandernadel.de\/wp-content\/uploads\/2016\/02\/HWN-Gro\u00dfer-Knollen-Grabau-768x422.jpg 768w, https:\/\/www.harzer-wandernadel.de\/wp-content\/uploads\/2016\/02\/HWN-Gro\u00dfer-Knollen-Grabau-250x138.jpg 250w, https:\/\/www.harzer-wandernadel.de\/wp-content\/uploads\/2016\/02\/HWN-Gro\u00dfer-Knollen-Grabau-624x343.jpg 624w\" sizes=\"(max-width: 960px) 100vw, 960px\"><\/span><\/figure><\/div>\n\n<p>Alle\u00adre\u00adde i&nbsp;1890 blev der byg\u00adget et ca. 8&nbsp;meter h\u00f8jt udsigtst\u00e5rn af tr\u00e6 p\u00e5 top\u00adpen. Efter fle\u00adre ulyk\u00adker og ska\u00adder for\u00ad\u00e5r\u00adsa\u00adget af lyn\u00adnedslag beslut\u00adte\u00adde med\u00adlem\u00admer\u00adne af Bad Lau\u00adter\u00adbergs afde\u00adling af Harz\u00adklub at byg\u00adge et nyt udkig\u00adst\u00e5rn af sten, som blev ind\u00advi\u00adet i&nbsp;august 1904.<br>Selv f\u00f8r Anden Ver\u00addenskrig siges der at have v\u00e6ret en cate\u00adrin\u00adgre\u00adstau\u00adrant ved udkig\u00adst\u00e5r\u00adnet. Fra 1949 over\u00adtog \u201eKnol\u00adle\u00adrich\u201c \u2013 som den f\u00f8r\u00adste Bau\u00adden-for\u00adpag\u00adter Fritz Goe\u00adri\u00adcke var kendt for sine vit\u00adtig\u00adhe\u00adder \u2013 ledel\u00adsen og genop\u00adbyg\u00adge\u00adde Bau\u00adde. I&nbsp;1961 blev t\u00e5r\u00adnet h\u00e6vet til 20&nbsp;meter. I&nbsp;godt vejr kan van\u00addre\u00adre nyde en vidun\u00adder\u00adlig udsigt helt til Weser\u00adh\u00f8jlan\u00addet og Th\u00fcrin\u00adger&nbsp;Wald.&nbsp;<\/p>\n\n<div class=\"wp-block-buttons is-layout-flex wp-block-buttons-is-layout-flex\">\n<div class=\"wp-block-button\"><a class=\"wp-block-button__link wp-element-button\" href=\"http:\/\/www.grosserknollen.de\/\">Stor knold  <\/a><\/div>\n<\/div>\n\n<p>Et godt udgangs\u00adpunkt er van\u00addre\u00adpar\u00adke\u00adrin\u00adgen i&nbsp;Lut\u00adter\u00adstra\u00dfe i&nbsp;udkan\u00adten af Bad Lau\u00adter\u00adberg. Fra Lut\u00adter\u00adtal-dalen g\u00e5r du ad afm\u00e6r\u00adke\u00adde sti\u00ader til Gro\u00dfer Knol\u00adlen og ven\u00adder til\u00adba\u00adge til udgangs\u00adpunk\u00adtet via <a href=\"https:\/\/www.harzer-wandernadel.de\/stempelstellen\/uebersichtskarte\/stempelstelle-152-knollenkreuz\/\" data-type=\"page\" data-id=\"1181\">Knol\u00adlen\u00adkreuz HWN 152.<\/a>  <\/p>\n\n<div class=\"wp-block-buttons is-layout-flex wp-block-buttons-is-layout-flex\">\n<div class=\"wp-block-button\"><a class=\"wp-block-button__link wp-element-button\" href=\"http:\/\/harzer-bergwald.de\/index.php\/wandertouren\/abenteuertouren\/37-steigungen-im-westharz\">Tour tip Harzen bjergskov<\/a><\/div>\n<\/div>\n","protected":false},"excerpt":{"rendered":"<p>Med sine 687&nbsp;meter over havets over\u00adfla\u00adde er den tid\u00adli\u00adge\u00adre vulkan \u201eGro\u00dfer Knol\u00adlen\u201c et af de h\u00f8je\u00adste punk\u00adter i&nbsp;Syd\u00adharzen.&nbsp; Alle\u00adre\u00adde i&nbsp;1890 blev der byg\u00adget et ca. 8&nbsp;meter h\u00f8jt udsigtst\u00e5rn af tr\u00e6 p\u00e5 top\u00adpen. Efter fle\u00adre ulyk\u00adker og ska\u00adder for\u00ad\u00e5r\u00adsa\u00adget af lyn\u00adnedslag beslut\u00adte\u00adde med\u00adlem\u00admer\u00adne af Bad Lau\u00adter\u00adbergs afde\u00adling af Harz\u00adklub at byg\u00adge et nyt udkig\u00adst\u00e5rn af&nbsp;sten,&nbsp;[\u2026]<\/p>\n","protected":false},"author":11,"featured_media":12655,"parent":17792,"menu_order":10150,"comment_status":"closed","ping_status":"closed","template":"","meta":{"_seopress_robots_primary_cat":"","_seopress_titles_title":"","_seopress_titles_desc":"","_seopress_robots_index":"","wp_typography_post_enhancements_disabled":false,"iawp_total_views":1,"footnotes":""},"hf_cat_page":[120],"class_list":["post-19220","page","type-page","status-publish","has-post-thumbnail"],"blocksy_meta":[],"_links":{"self":[{"href":"https:\/\/www.harzer-wandernadel.de\/da\/wp-json\/wp\/v2\/pages\/19220","targetHints":{"allow":["GET"]}}],"collection":[{"href":"https:\/\/www.harzer-wandernadel.de\/da\/wp-json\/wp\/v2\/pages"}],"about":[{"href":"https:\/\/www.harzer-wandernadel.de\/da\/wp-json\/wp\/v2\/types\/page"}],"author":[{"embeddable":true,"href":"https:\/\/www.harzer-wandernadel.de\/da\/wp-json\/wp\/v2\/users\/11"}],"replies":[{"embeddable":true,"href":"https:\/\/www.harzer-wandernadel.de\/da\/wp-json\/wp\/v2\/comments?post=19220"}],"version-history":[{"count":1,"href":"https:\/\/www.harzer-wandernadel.de\/da\/wp-json\/wp\/v2\/pages\/19220\/revisions"}],"predecessor-version":[{"id":19221,"href":"https:\/\/www.harzer-wandernadel.de\/da\/wp-json\/wp\/v2\/pages\/19220\/revisions\/19221"}],"up":[{"embeddable":true,"href":"https:\/\/www.harzer-wandernadel.de\/da\/wp-json\/wp\/v2\/pages\/17792"}],"wp:featuredmedia":[{"embeddable":true,"href":"https:\/\/www.harzer-wandernadel.de\/da\/wp-json\/wp\/v2\/media\/12655"}],"wp:attachment":[{"href":"https:\/\/www.harzer-wandernadel.de\/da\/wp-json\/wp\/v2\/media?parent=19220"}],"wp:term":[{"taxonomy":"hf_cat_page","embeddable":true,"href":"https:\/\/www.harzer-wandernadel.de\/da\/wp-json\/wp\/v2\/hf_cat_page?post=19220"}],"curies":[{"name":"wp","href":"https:\/\/api.w.org\/{rel}","templated":true}]}}