{"id":19204,"date":"2016-02-19T14:42:53","date_gmt":"2016-02-19T13:42:53","guid":{"rendered":"https:\/\/www.harzer-wandernadel.de\/stempelcentre\/oversigtskort\/frimaerkepunkt-159-stoeberhai\/"},"modified":"2026-01-29T12:54:14","modified_gmt":"2026-01-29T11:54:14","slug":"frimaerkepunkt-159-stoeberhai","status":"publish","type":"page","link":"https:\/\/www.harzer-wandernadel.de\/da\/stempelcentre\/oversigtskort\/frimaerkepunkt-159-stoeberhai\/","title":{"rendered":"Frim\u00e6rkepunkt 159 \/ St\u00f6berhai"},"content":{"rendered":"\n<h2 class=\"wp-block-heading\">St\u00f6berhai (720&nbsp;meter over havets overflade) er det h\u00f8jeste bjerg i&nbsp;det sydlige Harzen og ligger mellem Wieda og Oder-d\u00e6mningen.<\/h2>\n\n<div class=\"wp-block-stackable-image alignwide stk-block-image stk-block stk-89e1006\" data-block-id=\"89e1006\"><style>.stk-89e1006 {margin-top:3% !important;margin-bottom:3% !important;}<\/style><figure><span class=\"stk-img-wrapper stk-image--shape-stretch stk--has-lightbox\"><img decoding=\"async\" width=\"2048\" height=\"1365\" src=\"https:\/\/www.harzer-wandernadel.de\/wp-content\/uploads\/2016\/02\/St\u00f6berhai.jpg\" class=\"attachment-full size-full wp-post-image\" alt=\"Skilt p\u00e5 eng med tr\u00e6er og hytte\" srcset=\"https:\/\/www.harzer-wandernadel.de\/wp-content\/uploads\/2016\/02\/St\u00f6berhai.jpg 2048w, https:\/\/www.harzer-wandernadel.de\/wp-content\/uploads\/2016\/02\/St\u00f6berhai-300x200.jpg 300w, https:\/\/www.harzer-wandernadel.de\/wp-content\/uploads\/2016\/02\/St\u00f6berhai-768x512.jpg 768w, https:\/\/www.harzer-wandernadel.de\/wp-content\/uploads\/2016\/02\/St\u00f6berhai-1024x683.jpg 1024w, https:\/\/www.harzer-wandernadel.de\/wp-content\/uploads\/2016\/02\/St\u00f6berhai-250x167.jpg 250w, https:\/\/www.harzer-wandernadel.de\/wp-content\/uploads\/2016\/02\/St\u00f6berhai-624x416.jpg 624w\" sizes=\"(max-width: 2048px) 100vw, 2048px\"><\/span><\/figure><\/div>\n\n<p>I 1872 blev den f\u00f8r\u00adste pub i&nbsp;\u00e9n eta\u00adge byg\u00adget p\u00e5 bak\u00adke\u00adtop\u00adpen, hvor\u00adtil der blev ryd\u00addet syv t\u00f8n\u00adder land skov. Den f\u00f8r\u00adste udle\u00adjer var Karl Mast fra fami\u00adli\u00aden til det sene\u00adre J\u00e4germeister-dynasti.&nbsp;<\/p>\n\n<p>Efter en brand\u00adska\u00adde blev \u201eBerg\u00adho\u00adtel St\u00f6\u00adber\u00adhai\u201c byg\u00adget i&nbsp;1889 med et udsigtst\u00e5rn som det h\u00f8je\u00adste hotel i&nbsp;Harzen efter Bro\u00adck\u00aden. Udsigtst\u00e5r\u00adnet, som hav\u00adde plads til 60 per\u00adso\u00adner p\u00e5 sin plat\u00adform, gav en panora\u00admaud\u00adsigt over alle dele af Harzen s\u00e5 langt som til Kyf\u00adf\u00adh\u00e4u\u00adser og Th\u00fcrin\u00adger Wald. I&nbsp;1922 ind\u00adf\u00f8r\u00adte hote\u00adle\u00adje\u00adren fejrin\u00adgen af Val\u00adborgs\u00adaf\u00adten p\u00e5 St\u00f6\u00adber\u00adhai efter for\u00adbil\u00adle\u00adde af Brocken.&nbsp;<\/p>\n\n<p>Efter kri\u00adgen kom hotel\u00adlet under \u00f8ko\u00adno\u00admisk pres, da de tid\u00adli\u00adge\u00adre man\u00adge g\u00e6ster fra Sach\u00adsen, Th\u00fcrin\u00adgen og Ber\u00adlin blev&nbsp;v\u00e6k.<\/p>\n\n<p>I efter\u00ad\u00e5\u00adret 1951 k\u00f8b\u00adte en bus\u00ado\u00adpe\u00adra\u00adt\u00f8r fra Ber\u00adlin hotel\u00adlet, lod det ombyg\u00adge og opret\u00adte\u00adde en lil\u00adle zoo\u00adlo\u00adgisk have med ind\u00adf\u00f8d\u00adte dyr p\u00e5 ejen\u00addom\u00admen. K\u00f8be\u00adren opret\u00adte\u00adde en regel\u00adm\u00e6s\u00adsig shutt\u00adle\u00adbus\u00adfor\u00adbin\u00addel\u00adse fra Ber\u00adlin til St\u00f6\u00adber\u00adhai med over\u00adnat\u00adning og for\u00adplej\u00adning p\u00e5 bjerg\u00adho\u00adtel\u00adlet. Da den smalspo\u00adre\u00adde jer\u00adn\u00adba\u00adne Wal\u00adken\u00adri\u00aded-Braun\u00adla\u00adge\/Tan\u00adne blev byg\u00adget i&nbsp;1899, s\u00f8r\u00adge\u00adde hote\u00adle\u00adje\u00adren for, at S\u00fcd\u00adharz-Eisen\u00adba\u00adhn-Gesells\u00adchaft (SHE) opret\u00adte\u00adde et stop ved St\u00f6\u00adber\u00adhai sta\u00adtion midt i&nbsp;sko\u00adven for at let\u00adte udflug\u00adter til hotel\u00adlet. P\u00e5 hans opfor\u00addring \u00e5bne\u00adde jer\u00adn\u00adba\u00adne\u00adsel\u00adska\u00adbet ogs\u00e5 en lil\u00adle sta\u00adtions\u00adbyg\u00adning til udflugts\u00adg\u00e6\u00adster i&nbsp;okto\u00adber 1900. Selv om jer\u00adn\u00adba\u00adne\u00adsta\u00adtio\u00adnen i&nbsp;Weing\u00adlastal p\u00e5 det tids\u00adpunkt kun l\u00e5 ca. 1,3&nbsp;km fra hotel\u00adlet, var der alli\u00adge\u00advel en h\u00f8j\u00adde\u00adfor\u00adskel p\u00e5 ca. 260&nbsp;meter mel\u00adlem den og hotellet.&nbsp;<\/p>\n\n<p>Efter fle\u00adre ejer\u00adskif\u00adter oph\u00f8r\u00adte hotel\u00adlet med at bli\u00adve dre\u00advet i&nbsp;1975 og blev offer for en stor brand i&nbsp;1980.<\/p>\n\n<p>I 1967 opf\u00f8r\u00adte Bun\u00addeswe\u00adhr et 75&nbsp;meter h\u00f8jt rekog\u00adnos\u00adce\u00adring\u00ads\u00adt\u00e5rn p\u00e5 St\u00f6\u00adber\u00adhai, som inde\u00adholdt 16 eta\u00adger og 750&nbsp;m\u00b2 med anten\u00adne\u00adma\u00adster, spor\u00adings\u00adsta\u00adtio\u00adner, ope\u00adra\u00adtions\u00adrum, men ogs\u00e5 kon\u00adto\u00adrer, boli\u00adger og en&nbsp;messe.<\/p>\n\n<p>Under den kol\u00adde krig blev radio\u00adaf\u00adlyt\u00adnings\u00adsta\u00adtio\u00adnen brugt til at aflyt\u00adte mili\u00adt\u00e6r radi\u00adokom\u00admu\u00adni\u00adka\u00adtion i&nbsp;DDR. Dens faci\u00adli\u00adte\u00adter er mod\u00adstyk\u00adket til sta\u00adtio\u00adnen p\u00e5 Bro\u00adck\u00aden, der blev dre\u00advet af mini\u00adste\u00adri\u00adet for stats\u00adsik\u00adker\u00adhed i&nbsp;DDR og Sovjetunionen.&nbsp;<\/p>\n\n<p>Det var f\u00f8rst i&nbsp;2005, fem\u00adten \u00e5r efter den tyske gen\u00adfor\u00ade\u00adning, at t\u00e5r\u00adnet blev revet ned ved kon\u00adtrol\u00adle\u00adret nedriv\u00adning. For\u00adud var g\u00e5et en lang strid om omkost\u00adnin\u00adger\u00adne ved at fjer\u00adne lytteposten.&nbsp;<\/p>\n\n<p>St\u00f6\u00adber\u00adhai kan n\u00e5s fra Wie\u00adda, Bad Lau\u00adter\u00adberg, Bad Sachsa og Oder\u00adtals\u00adper\u00adre-d\u00e6m\u00adnin\u00adgen via afm\u00e6r\u00adke\u00adde van\u00addre\u00adsti\u00ader. Et godt udgangs\u00adpunkt er den tid\u00adli\u00adge\u00adre St\u00f6\u00adber\u00adhai-jer\u00adn\u00adba\u00adne\u00adsta\u00adtion, som kan n\u00e5s via vej\u00aden mel\u00adlem Wie\u00adda og Braunlage.&nbsp;<\/p>\n","protected":false},"excerpt":{"rendered":"<p>St\u00f6\u00adber\u00adhai (720&nbsp;meter over havets over\u00adfla\u00adde) er det h\u00f8je\u00adste bjerg i&nbsp;det syd\u00adli\u00adge Harzen og lig\u00adger mel\u00adlem Wie\u00adda og Oder-d\u00e6m\u00adnin\u00adgen. I&nbsp;1872 blev den f\u00f8r\u00adste pub i&nbsp;\u00e9n eta\u00adge byg\u00adget p\u00e5 bak\u00adke\u00adtop\u00adpen, hvor\u00adtil der blev ryd\u00addet syv t\u00f8n\u00adder land skov. Den f\u00f8r\u00adste udle\u00adjer var Karl Mast fra fami\u00adli\u00aden til det sene\u00adre J\u00e4ger\u00admei\u00adster-dyna\u00adsti.&nbsp; Efter en brand\u00adska\u00adde blev \u201eBerg\u00adho\u00adtel St\u00f6berhai\u201c&nbsp;[\u2026]<\/p>\n","protected":false},"author":11,"featured_media":12019,"parent":17792,"menu_order":10159,"comment_status":"closed","ping_status":"closed","template":"","meta":{"_seopress_robots_primary_cat":"","_seopress_titles_title":"","_seopress_titles_desc":"","_seopress_robots_index":"","wp_typography_post_enhancements_disabled":false,"iawp_total_views":0,"footnotes":""},"hf_cat_page":[120],"class_list":["post-19204","page","type-page","status-publish","has-post-thumbnail"],"blocksy_meta":[],"_links":{"self":[{"href":"https:\/\/www.harzer-wandernadel.de\/da\/wp-json\/wp\/v2\/pages\/19204","targetHints":{"allow":["GET"]}}],"collection":[{"href":"https:\/\/www.harzer-wandernadel.de\/da\/wp-json\/wp\/v2\/pages"}],"about":[{"href":"https:\/\/www.harzer-wandernadel.de\/da\/wp-json\/wp\/v2\/types\/page"}],"author":[{"embeddable":true,"href":"https:\/\/www.harzer-wandernadel.de\/da\/wp-json\/wp\/v2\/users\/11"}],"replies":[{"embeddable":true,"href":"https:\/\/www.harzer-wandernadel.de\/da\/wp-json\/wp\/v2\/comments?post=19204"}],"version-history":[{"count":1,"href":"https:\/\/www.harzer-wandernadel.de\/da\/wp-json\/wp\/v2\/pages\/19204\/revisions"}],"predecessor-version":[{"id":19208,"href":"https:\/\/www.harzer-wandernadel.de\/da\/wp-json\/wp\/v2\/pages\/19204\/revisions\/19208"}],"up":[{"embeddable":true,"href":"https:\/\/www.harzer-wandernadel.de\/da\/wp-json\/wp\/v2\/pages\/17792"}],"wp:featuredmedia":[{"embeddable":true,"href":"https:\/\/www.harzer-wandernadel.de\/da\/wp-json\/wp\/v2\/media\/12019"}],"wp:attachment":[{"href":"https:\/\/www.harzer-wandernadel.de\/da\/wp-json\/wp\/v2\/media?parent=19204"}],"wp:term":[{"taxonomy":"hf_cat_page","embeddable":true,"href":"https:\/\/www.harzer-wandernadel.de\/da\/wp-json\/wp\/v2\/hf_cat_page?post=19204"}],"curies":[{"name":"wp","href":"https:\/\/api.w.org\/{rel}","templated":true}]}}