{"id":19197,"date":"2016-02-19T15:09:38","date_gmt":"2016-02-19T14:09:38","guid":{"rendered":"https:\/\/www.harzer-wandernadel.de\/stempelcentre\/oversigtskort\/stempelpunkt-172-katzsohlteich\/"},"modified":"2026-01-29T12:53:59","modified_gmt":"2026-01-29T11:53:59","slug":"stempelpunkt-172-katzsohlteich","status":"publish","type":"page","link":"https:\/\/www.harzer-wandernadel.de\/da\/stempelcentre\/oversigtskort\/stempelpunkt-172-katzsohlteich\/","title":{"rendered":"Stempelpunkt 172 \/ Katzsohlteich"},"content":{"rendered":"\n<h2 class=\"wp-block-heading\">Katzsohlteich er et vandreservoir og ligger i&nbsp;udkanten af G\u00fcntersberge, lige over M\u00fchlteich, ogs\u00e5 kendt som \u201eBergsee\u201c.<\/h2>\n\n<div class=\"wp-block-stackable-image alignwide stk-block-image stk-block stk-89e1006\" data-block-id=\"89e1006\"><style>.stk-89e1006 {margin-top:3% !important;margin-bottom:3% !important;}<\/style><figure><span class=\"stk-img-wrapper stk-image--shape-stretch stk--has-lightbox\"><img decoding=\"async\" width=\"3264\" height=\"1840\" src=\"https:\/\/www.harzer-wandernadel.de\/wp-content\/uploads\/2016\/02\/HWN-Katzohlteich-Auslauf-12.07.16-1.jpg\" class=\"attachment-full size-full wp-post-image\" alt=\"Tr\u00e6bro over et lille vandl\u00f8b i skoven\" srcset=\"https:\/\/www.harzer-wandernadel.de\/wp-content\/uploads\/2016\/02\/HWN-Katzohlteich-Auslauf-12.07.16-1.jpg 3264w, https:\/\/www.harzer-wandernadel.de\/wp-content\/uploads\/2016\/02\/HWN-Katzohlteich-Auslauf-12.07.16-1-300x169.jpg 300w, https:\/\/www.harzer-wandernadel.de\/wp-content\/uploads\/2016\/02\/HWN-Katzohlteich-Auslauf-12.07.16-1-768x433.jpg 768w, https:\/\/www.harzer-wandernadel.de\/wp-content\/uploads\/2016\/02\/HWN-Katzohlteich-Auslauf-12.07.16-1-1024x577.jpg 1024w, https:\/\/www.harzer-wandernadel.de\/wp-content\/uploads\/2016\/02\/HWN-Katzohlteich-Auslauf-12.07.16-1-250x141.jpg 250w, https:\/\/www.harzer-wandernadel.de\/wp-content\/uploads\/2016\/02\/HWN-Katzohlteich-Auslauf-12.07.16-1-624x352.jpg 624w\" sizes=\"(max-width: 3264px) 100vw, 3264px\"><\/span><\/figure><\/div>\n\n<p>Der er ogs\u00e5 en dej\u00adlig raste\u00adplads ved Katzso\u00adhl\u00adteich, som bru\u00adges som opsam\u00adlings- og fiske\u00advand. Der var engang en mar\u00admor\u00adm\u00f8l\u00adle ved Katzso\u00adhl\u00adteich, som blev dre\u00advet af vand fra dam\u00admen, men som desv\u00e6r\u00adre ikke l\u00e6n\u00adge\u00adre eksi\u00adste\u00adrer. M\u00f8l\u00adlen blev brugt til at sk\u00e6\u00adre og pole\u00adre mar\u00admor fra et sten\u00adbrud, der lig\u00adger lidt over dammen.&nbsp;<\/p>\n\n<p>M\u00f8l\u00adle\u00addam\u00admen er et reser\u00advoir, der blev skabt i&nbsp;1752 med en 10&nbsp;meter h\u00f8j jord\u00add\u00e6m\u00adning i&nbsp;Sel\u00adke-vand\u00adl\u00f8\u00adbet. Den bru\u00adges til fiske\u00adri, beskyt\u00adtel\u00adse mod over\u00adsv\u00f8m\u00admel\u00adser, lav vand\u00adstand og er ogs\u00e5 et popu\u00adl\u00e6rt lokalt udflugts\u00adm\u00e5l. Bjergs\u00f8\u00aden er 125&nbsp;meter lang og 12&nbsp;meter bred og bru\u00adges til sv\u00f8m\u00adning, fiske\u00adri og roning.&nbsp;<\/p>\n\n<p>For jer\u00adn\u00adba\u00adne\u00aden\u00adtu\u00adsi\u00ada\u00adster er Sel\u00adke Val\u00adley Railway, som g\u00e5r direk\u00adte for\u00adbi bjergs\u00f8\u00adens syd\u00adli\u00adge bred, et smukt fotomotiv.<\/p>\n\n<p>En s\u00e6r\u00adlig attrak\u00adtion i&nbsp;G\u00fcn\u00adters\u00adber\u00adge er det ekstra\u00ador\u00addi\u00adn\u00e6\u00adre muse\u00adum for muse\u00adf\u00e6l\u00adder og kurio\u00adsi\u00adte\u00adter. Du kan beun\u00addre muse\u00adf\u00e6l\u00adder af alle slags samt gam\u00adle, sj\u00e6ld\u00adne k\u00f8k\u00adken\u00adred\u00adska\u00adber og andre kurio\u00adsi\u00adte\u00adter. I&nbsp;muse\u00adets gal\u00adle\u00adri med stil\u00adle ste\u00adder er der et bil\u00adled\u00adgal\u00adle\u00adri om det\u00adte emne, som er unikt i&nbsp;Tyskland.&nbsp;<\/p>\n\n<p>Et godt udgangs\u00adpunkt for den kor\u00adte van\u00addre\u00adtur til Katzso\u00adhl\u00adteich-dam\u00admen er par\u00adke\u00adrings\u00adplad\u00adsen ved bjergs\u00f8\u00aden, hvor\u00adfra man f\u00f8l\u00adger den afm\u00e6r\u00adke\u00adde rund\u00adstr\u00e6k\u00adning og der\u00adef\u00adter dre\u00adjer af til Katzsohlteich-dammen.<\/p>\n","protected":false},"excerpt":{"rendered":"<p>Katzso\u00adhl\u00adteich er et van\u00add\u00adre\u00adser\u00advoir og lig\u00adger i&nbsp;udkan\u00adten af G\u00fcn\u00adters\u00adber\u00adge, lige over M\u00fchl\u00adteich, ogs\u00e5 kendt som \u201eBergsee\u201c. Der er ogs\u00e5 en dej\u00adlig raste\u00adplads ved Katzso\u00adhl\u00adteich, som bru\u00adges som opsam\u00adlings- og fiske\u00advand. Der var engang en mar\u00admor\u00adm\u00f8l\u00adle ved Katzso\u00adhl\u00adteich, som blev dre\u00advet af vand fra dam\u00admen, men som desv\u00e6r\u00adre ikke l\u00e6n\u00adge\u00adre eksi\u00adste\u00adrer. M\u00f8l\u00adlen blev brugt til&nbsp;at&nbsp;[\u2026]<\/p>\n","protected":false},"author":11,"featured_media":12715,"parent":17792,"menu_order":10172,"comment_status":"closed","ping_status":"closed","template":"","meta":{"_seopress_robots_primary_cat":"","_seopress_titles_title":"","_seopress_titles_desc":"","_seopress_robots_index":"","wp_typography_post_enhancements_disabled":false,"iawp_total_views":0,"footnotes":""},"hf_cat_page":[120],"class_list":["post-19197","page","type-page","status-publish","has-post-thumbnail"],"blocksy_meta":[],"_links":{"self":[{"href":"https:\/\/www.harzer-wandernadel.de\/da\/wp-json\/wp\/v2\/pages\/19197","targetHints":{"allow":["GET"]}}],"collection":[{"href":"https:\/\/www.harzer-wandernadel.de\/da\/wp-json\/wp\/v2\/pages"}],"about":[{"href":"https:\/\/www.harzer-wandernadel.de\/da\/wp-json\/wp\/v2\/types\/page"}],"author":[{"embeddable":true,"href":"https:\/\/www.harzer-wandernadel.de\/da\/wp-json\/wp\/v2\/users\/11"}],"replies":[{"embeddable":true,"href":"https:\/\/www.harzer-wandernadel.de\/da\/wp-json\/wp\/v2\/comments?post=19197"}],"version-history":[{"count":1,"href":"https:\/\/www.harzer-wandernadel.de\/da\/wp-json\/wp\/v2\/pages\/19197\/revisions"}],"predecessor-version":[{"id":19199,"href":"https:\/\/www.harzer-wandernadel.de\/da\/wp-json\/wp\/v2\/pages\/19197\/revisions\/19199"}],"up":[{"embeddable":true,"href":"https:\/\/www.harzer-wandernadel.de\/da\/wp-json\/wp\/v2\/pages\/17792"}],"wp:featuredmedia":[{"embeddable":true,"href":"https:\/\/www.harzer-wandernadel.de\/da\/wp-json\/wp\/v2\/media\/12715"}],"wp:attachment":[{"href":"https:\/\/www.harzer-wandernadel.de\/da\/wp-json\/wp\/v2\/media?parent=19197"}],"wp:term":[{"taxonomy":"hf_cat_page","embeddable":true,"href":"https:\/\/www.harzer-wandernadel.de\/da\/wp-json\/wp\/v2\/hf_cat_page?post=19197"}],"curies":[{"name":"wp","href":"https:\/\/api.w.org\/{rel}","templated":true}]}}