{"id":19182,"date":"2016-02-19T15:21:39","date_gmt":"2016-02-19T14:21:39","guid":{"rendered":"https:\/\/www.harzer-wandernadel.de\/stempelcentre\/oversigtskort\/frimaerkepunkt-176-uhlenkoepfe-haenichen\/"},"modified":"2026-01-29T12:53:59","modified_gmt":"2026-01-29T11:53:59","slug":"frimaerkepunkt-176-uhlenkoepfe-haenichen","status":"publish","type":"page","link":"https:\/\/www.harzer-wandernadel.de\/da\/stempelcentre\/oversigtskort\/frimaerkepunkt-176-uhlenkoepfe-haenichen\/","title":{"rendered":"Frim\u00e6rkepunkt 176 \/ Uhlenk\u00f6pfe H\u00e4nichen"},"content":{"rendered":"\n<h2 class=\"wp-block-heading\">Uhlenk\u00f6pfe (380&nbsp;meter over havets overflade) ligger h\u00f8jt over Uhlenbach-dalen i&nbsp;Silberh\u00fctte.<\/h2>\n\n<div class=\"wp-block-stackable-image alignwide stk-block-image stk-block stk-89e1006\" data-block-id=\"89e1006\"><style>.stk-89e1006 {margin-top:3% !important;margin-bottom:3% !important;}<\/style><figure><span class=\"stk-img-wrapper stk-image--shape-stretch stk--has-lightbox\"><img decoding=\"async\" width=\"2048\" height=\"1536\" src=\"https:\/\/www.harzer-wandernadel.de\/wp-content\/uploads\/2016\/02\/HWN-Uhlenk\u00f6pfe-Habeck.jpg\" class=\"attachment-full size-full wp-post-image\" alt=\"Gr\u00f8nt landskab med tr\u00e6er og bl\u00e5 himmel\" srcset=\"https:\/\/www.harzer-wandernadel.de\/wp-content\/uploads\/2016\/02\/HWN-Uhlenk\u00f6pfe-Habeck.jpg 2048w, https:\/\/www.harzer-wandernadel.de\/wp-content\/uploads\/2016\/02\/HWN-Uhlenk\u00f6pfe-Habeck-300x225.jpg 300w, https:\/\/www.harzer-wandernadel.de\/wp-content\/uploads\/2016\/02\/HWN-Uhlenk\u00f6pfe-Habeck-768x576.jpg 768w, https:\/\/www.harzer-wandernadel.de\/wp-content\/uploads\/2016\/02\/HWN-Uhlenk\u00f6pfe-Habeck-1024x768.jpg 1024w, https:\/\/www.harzer-wandernadel.de\/wp-content\/uploads\/2016\/02\/HWN-Uhlenk\u00f6pfe-Habeck-250x188.jpg 250w, https:\/\/www.harzer-wandernadel.de\/wp-content\/uploads\/2016\/02\/HWN-Uhlenk\u00f6pfe-Habeck-624x468.jpg 624w\" sizes=\"(max-width: 2048px) 100vw, 2048px\"><\/span><\/figure><\/div>\n\n<p>Prins Wil\u00adhelm von Anhalt Ber\u00adn\u00adburg etab\u00adle\u00adre\u00adde s\u00f8lvs\u00admel\u00adte\u00adv\u00e6r\u00adket Harz\u00adgero\u00adde i&nbsp;1693 for at smel\u00adte den malm, der blev udvun\u00addet i&nbsp;det omkring\u00adlig\u00adgen\u00adde omr\u00e5\u00adde. De f\u00f8r\u00adste arbej\u00adder\u00adbe\u00adbyg\u00adgel\u00adser i&nbsp;lands\u00adby\u00aden af sam\u00adme navn blev f\u00f8rst etab\u00adle\u00adret i&nbsp;begyn\u00addel\u00adsen af det 19. \u00e5rhund\u00adre\u00adde, efter at smel\u00adte\u00adv\u00e6r\u00adket var ble\u00advet grund\u00adl\u00e6g\u00adgen\u00adde moder\u00adni\u00adse\u00adret og genopbygget.&nbsp;<\/p>\n\n<p>Ud over s\u00f8lv blev det ene\u00adste guld, der hidtil er fun\u00addet i&nbsp;Harzen, smel\u00adtet her i&nbsp;1825, og det sam\u00adme gjor\u00adde selen, et mate\u00adri\u00ada\u00adle, der kun var af viden\u00adska\u00adbe\u00adlig inter\u00ades\u00adse p\u00e5 dav\u00e6\u00adren\u00adde tids\u00adpunkt. Smel\u00adte\u00adv\u00e6r\u00adket blev luk\u00adket i&nbsp;1909.&nbsp;<\/p>\n\n<p>Det tid\u00adli\u00adge\u00adre smel\u00adte\u00adv\u00e6rk blev over\u00adta\u00adget af tr\u00e6\u00adfor\u00adar\u00adbejd\u00adnings\u00advirk\u00adsom\u00adhe\u00adder, som til at begyn\u00adde med ogs\u00e5 brug\u00adte Sel\u00adkes vand\u00adkraft til at dri\u00adve en lang r\u00e6k\u00adke maski\u00adner. Efter deres luk\u00adning i&nbsp;1990 blev Unter\u00adharzer Wald\u00adhof etab\u00adle\u00adret p\u00e5 en del af omr\u00e5\u00addet. Wald\u00adhof til\u00adby\u00adder uddan\u00adnel\u00adses\u00adm\u00e6s\u00adsi\u00adge ople\u00advel\u00adser inden for sko\u00adv\u00adbrug, natur\u00adbe\u00adskyt\u00adtel\u00adse og mil\u00adj\u00f8\u00adbe\u00adskyt\u00adtel\u00adse samt mine\u00addrift og metal\u00adlur\u00adgi. En lege\u00adplads lig\u00adger lige ved siden af par\u00adke\u00adrings\u00adplad\u00adsen og er \u00e5ben for offentligheden.&nbsp;<\/p>\n\n<p>Krudt\u00adfa\u00adbrik\u00adken blev grund\u00adlagt i&nbsp;1790 og udvik\u00adle\u00adde sig med stor suc\u00adces fra en pro\u00addu\u00adcent af sort\u00adkr\u00adudt og fyr\u00adv\u00e6r\u00adke\u00adri til en pro\u00addu\u00adcent af belys\u00adnings- og signaludstyr.<\/p>\n\n<p>Fra par\u00adke\u00adrings\u00adplad\u00adsen f\u00f8l\u00adger du Sel\u00adket\u00adalstieg-stien st\u00f8t op ad bak\u00adke og tager der\u00adef\u00adter en sko\u00advsti til stem\u00adpel\u00adpunk\u00adtet, hvor\u00adfra du har en over\u00adra\u00adsken\u00adde god udsigt over Bro\u00adck\u00aden i&nbsp;godt vejr.<\/p>\n\n<div class=\"wp-block-buttons is-layout-flex wp-block-buttons-is-layout-flex\">\n<div class=\"wp-block-button\"><a class=\"wp-block-button__link wp-element-button\" href=\"http:\/\/harzer-bergwald.de\/index.php\/wandertouren\/abenteuertouren\/18-grube-glasebach-bergbauzpfad-und-uhlenkoepfe\">Tour tip Harzen bjergskov<\/a><\/div>\n<\/div>\n","protected":false},"excerpt":{"rendered":"<p>Uhlenk\u00f6p\u00adfe (380&nbsp;meter over havets over\u00adfla\u00adde) lig\u00adger h\u00f8jt over Uhlen\u00adbach-dalen i&nbsp;Sil\u00adber\u00adh\u00fct\u00adte. Prins Wil\u00adhelm von Anhalt Ber\u00adn\u00adburg etab\u00adle\u00adre\u00adde s\u00f8lvs\u00admel\u00adte\u00adv\u00e6r\u00adket Harz\u00adgero\u00adde i&nbsp;1693 for at smel\u00adte den malm, der blev udvun\u00addet i&nbsp;det omkring\u00adlig\u00adgen\u00adde omr\u00e5\u00adde. De f\u00f8r\u00adste arbej\u00adder\u00adbe\u00adbyg\u00adgel\u00adser i&nbsp;lands\u00adby\u00aden af sam\u00adme navn blev f\u00f8rst etab\u00adle\u00adret i&nbsp;begyn\u00addel\u00adsen af det 19. \u00e5rhund\u00adre\u00adde, efter at smel\u00adte\u00adv\u00e6r\u00adket var ble\u00advet grund\u00adl\u00e6g\u00adgen\u00adde moder\u00adni\u00adse\u00adret og genop\u00adbyg\u00adget.&nbsp;Ud&nbsp;[\u2026]<\/p>\n","protected":false},"author":11,"featured_media":12634,"parent":17792,"menu_order":10176,"comment_status":"closed","ping_status":"closed","template":"","meta":{"_seopress_robots_primary_cat":"","_seopress_titles_title":"","_seopress_titles_desc":"","_seopress_robots_index":"","wp_typography_post_enhancements_disabled":false,"iawp_total_views":2,"footnotes":""},"hf_cat_page":[120],"class_list":["post-19182","page","type-page","status-publish","has-post-thumbnail"],"blocksy_meta":[],"_links":{"self":[{"href":"https:\/\/www.harzer-wandernadel.de\/da\/wp-json\/wp\/v2\/pages\/19182","targetHints":{"allow":["GET"]}}],"collection":[{"href":"https:\/\/www.harzer-wandernadel.de\/da\/wp-json\/wp\/v2\/pages"}],"about":[{"href":"https:\/\/www.harzer-wandernadel.de\/da\/wp-json\/wp\/v2\/types\/page"}],"author":[{"embeddable":true,"href":"https:\/\/www.harzer-wandernadel.de\/da\/wp-json\/wp\/v2\/users\/11"}],"replies":[{"embeddable":true,"href":"https:\/\/www.harzer-wandernadel.de\/da\/wp-json\/wp\/v2\/comments?post=19182"}],"version-history":[{"count":1,"href":"https:\/\/www.harzer-wandernadel.de\/da\/wp-json\/wp\/v2\/pages\/19182\/revisions"}],"predecessor-version":[{"id":19183,"href":"https:\/\/www.harzer-wandernadel.de\/da\/wp-json\/wp\/v2\/pages\/19182\/revisions\/19183"}],"up":[{"embeddable":true,"href":"https:\/\/www.harzer-wandernadel.de\/da\/wp-json\/wp\/v2\/pages\/17792"}],"wp:featuredmedia":[{"embeddable":true,"href":"https:\/\/www.harzer-wandernadel.de\/da\/wp-json\/wp\/v2\/media\/12634"}],"wp:attachment":[{"href":"https:\/\/www.harzer-wandernadel.de\/da\/wp-json\/wp\/v2\/media?parent=19182"}],"wp:term":[{"taxonomy":"hf_cat_page","embeddable":true,"href":"https:\/\/www.harzer-wandernadel.de\/da\/wp-json\/wp\/v2\/hf_cat_page?post=19182"}],"curies":[{"name":"wp","href":"https:\/\/api.w.org\/{rel}","templated":true}]}}