{"id":19125,"date":"2016-02-11T12:23:06","date_gmt":"2016-02-11T11:23:06","guid":{"rendered":"https:\/\/www.harzer-wandernadel.de\/stempelcentre\/oversigtskort\/stempelpunkt-10-grosse-zeterklippe\/"},"modified":"2026-02-28T14:42:07","modified_gmt":"2026-02-28T13:42:07","slug":"stempelpunkt-10-grosse-zeterklippe","status":"publish","type":"page","link":"https:\/\/www.harzer-wandernadel.de\/da\/stempelcentre\/oversigtskort\/stempelpunkt-10-grosse-zeterklippe\/","title":{"rendered":"Stempelpunkt 10 \/ Gro\u00dfe Zeterklippe"},"content":{"rendered":"\n<h2 class=\"wp-block-heading\">Zeterklippen (930&nbsp;meter over havets overflade) er markante klippeformationer p\u00e5 Rennekenberg over Ilse-dalen.&nbsp;<\/h2>\n\n<div class=\"wp-block-stackable-image alignwide stk-block-image stk-block stk-89e1006\" data-block-id=\"89e1006\"><style>.stk-89e1006 {margin-top:3% !important;margin-bottom:3% !important;}<\/style><figure><span class=\"stk-img-wrapper stk-image--shape-stretch stk--has-lightbox\"><img decoding=\"async\" width=\"2048\" height=\"1152\" src=\"https:\/\/www.harzer-wandernadel.de\/wp-content\/uploads\/2016\/02\/HWN-Zeterklippe-Klingemann.jpg\" class=\"attachment-full size-full wp-post-image\" alt=\"Gr\u00f8nne tr\u00e6er og klipper under en bl\u00e5 himmel\" srcset=\"https:\/\/www.harzer-wandernadel.de\/wp-content\/uploads\/2016\/02\/HWN-Zeterklippe-Klingemann.jpg 2048w, https:\/\/www.harzer-wandernadel.de\/wp-content\/uploads\/2016\/02\/HWN-Zeterklippe-Klingemann-300x169.jpg 300w, https:\/\/www.harzer-wandernadel.de\/wp-content\/uploads\/2016\/02\/HWN-Zeterklippe-Klingemann-768x432.jpg 768w, https:\/\/www.harzer-wandernadel.de\/wp-content\/uploads\/2016\/02\/HWN-Zeterklippe-Klingemann-1024x576.jpg 1024w, https:\/\/www.harzer-wandernadel.de\/wp-content\/uploads\/2016\/02\/HWN-Zeterklippe-Klingemann-250x141.jpg 250w, https:\/\/www.harzer-wandernadel.de\/wp-content\/uploads\/2016\/02\/HWN-Zeterklippe-Klingemann-624x351.jpg 624w\" sizes=\"(max-width: 2048px) 100vw, 2048px\"><\/span><\/figure><\/div>\n\n<p>De lig\u00adger direk\u00adte i&nbsp;Natio\u00adnal\u00adpark Harz og m\u00e5 kun bes\u00f8\u00adges p\u00e5 de afm\u00e6r\u00adke\u00adde vandrestier.<\/p>\n\n<p>Zeter\u00adklip\u00adpen kan let besti\u00adges ved hj\u00e6lp af den eksi\u00adste\u00adren\u00adde jern\u00adsti\u00adge. Fra top\u00adpen har man en uover\u00adtruf\u00adfen udsigt over Bro\u00adck\u00aden, n\u00e5r sigt\u00adbar\u00adhe\u00adden er god. Oprin\u00addel\u00adsen til nav\u00adnet Zeter\u00adklip\u00adpen er end\u00adnu ikke&nbsp;klar.&nbsp;<\/p>\n\n<p>Den udsat\u00adte belig\u00adgen\u00adhed giver en uover\u00adtruf\u00adfen udsigt over Bro\u00adck\u00aden og Hoh\u00adne\u00adkamm p\u00e5 Gren\u00adzklip\u00adpe, H\u00f6l\u00adlenklip\u00adpe og Leistenklippe.<\/p>\n\n<p>Den hur\u00adtig\u00adste adgangs\u00advej f\u00f8rer fra Schier\u00adke via Bro\u00adck\u00aden\u00adstra\u00dfe og <a href=\"https:\/\/www.harzer-wandernadel.de\/da\/stempelcentre\/oversigtskort\/stempelpunkt-22-gelber-brink\/\" data-type=\"page\" data-id=\"566\">Gel\u00adber Brink HWN 22<\/a> til Zeterklippen.<\/p>\n\n<div class=\"wp-block-buttons is-layout-flex wp-block-buttons-is-layout-flex\">\n<div class=\"wp-block-button\"><a class=\"wp-block-button__link wp-element-button\" href target rel>Tour tip Harzen bjergskov&nbsp;\u201c<\/a><\/div>\n<\/div>\n","protected":false},"excerpt":{"rendered":"<p>Zeter\u00adklip\u00adpen (930&nbsp;meter over havets over\u00adfla\u00adde) er mar\u00adkan\u00adte klip\u00adpe\u00adfor\u00adma\u00adtio\u00adner p\u00e5 Ren\u00adne\u00adken\u00adberg over Ilse-dalen.&nbsp; De lig\u00adger direk\u00adte i&nbsp;Natio\u00adnal\u00adpark Harz og m\u00e5 kun bes\u00f8\u00adges p\u00e5 de afm\u00e6r\u00adke\u00adde van\u00addre\u00adsti\u00ader. Zeter\u00adklip\u00adpen kan let besti\u00adges ved hj\u00e6lp af den eksi\u00adste\u00adren\u00adde jern\u00adsti\u00adge. Fra top\u00adpen har man en uover\u00adtruf\u00adfen udsigt over Bro\u00adck\u00aden, n\u00e5r sigt\u00adbar\u00adhe\u00adden er god. Oprin\u00addel\u00adsen til nav\u00adnet Zeter\u00adklip\u00adpen er end\u00adnu ikke&nbsp;klar.&nbsp;[\u2026]<\/p>\n","protected":false},"author":11,"featured_media":12724,"parent":17792,"menu_order":10010,"comment_status":"closed","ping_status":"closed","template":"","meta":{"_seopress_robots_primary_cat":"","_seopress_titles_title":"","_seopress_titles_desc":"Oplev Zeterklippen i Harzen Nationalpark: let opstigning, markante klipper og betagende udsigt over Brocken.","_seopress_robots_index":"","wp_typography_post_enhancements_disabled":false,"iawp_total_views":0,"footnotes":""},"hf_cat_page":[120],"class_list":["post-19125","page","type-page","status-publish","has-post-thumbnail"],"blocksy_meta":[],"_links":{"self":[{"href":"https:\/\/www.harzer-wandernadel.de\/da\/wp-json\/wp\/v2\/pages\/19125","targetHints":{"allow":["GET"]}}],"collection":[{"href":"https:\/\/www.harzer-wandernadel.de\/da\/wp-json\/wp\/v2\/pages"}],"about":[{"href":"https:\/\/www.harzer-wandernadel.de\/da\/wp-json\/wp\/v2\/types\/page"}],"author":[{"embeddable":true,"href":"https:\/\/www.harzer-wandernadel.de\/da\/wp-json\/wp\/v2\/users\/11"}],"replies":[{"embeddable":true,"href":"https:\/\/www.harzer-wandernadel.de\/da\/wp-json\/wp\/v2\/comments?post=19125"}],"version-history":[{"count":2,"href":"https:\/\/www.harzer-wandernadel.de\/da\/wp-json\/wp\/v2\/pages\/19125\/revisions"}],"predecessor-version":[{"id":24681,"href":"https:\/\/www.harzer-wandernadel.de\/da\/wp-json\/wp\/v2\/pages\/19125\/revisions\/24681"}],"up":[{"embeddable":true,"href":"https:\/\/www.harzer-wandernadel.de\/da\/wp-json\/wp\/v2\/pages\/17792"}],"wp:featuredmedia":[{"embeddable":true,"href":"https:\/\/www.harzer-wandernadel.de\/da\/wp-json\/wp\/v2\/media\/12724"}],"wp:attachment":[{"href":"https:\/\/www.harzer-wandernadel.de\/da\/wp-json\/wp\/v2\/media?parent=19125"}],"wp:term":[{"taxonomy":"hf_cat_page","embeddable":true,"href":"https:\/\/www.harzer-wandernadel.de\/da\/wp-json\/wp\/v2\/hf_cat_page?post=19125"}],"curies":[{"name":"wp","href":"https:\/\/api.w.org\/{rel}","templated":true}]}}