{"id":19107,"date":"2016-02-17T13:32:47","date_gmt":"2016-02-17T12:32:47","guid":{"rendered":"https:\/\/www.harzer-wandernadel.de\/stempelcentre\/oversigtskort\/stempelpunkt-51-carlsturm\/"},"modified":"2026-02-28T14:42:26","modified_gmt":"2026-02-28T13:42:26","slug":"stempelpunkt-51-carlsturm","status":"publish","type":"page","link":"https:\/\/www.harzer-wandernadel.de\/da\/stempelcentre\/oversigtskort\/stempelpunkt-51-carlsturm\/","title":{"rendered":"Stempelpunkt 51 \/ Carlsturm"},"content":{"rendered":"\n<h2 class=\"wp-block-heading\">Carlsturm st\u00e5r p\u00e5 Carlshaush\u00f6he (626&nbsp;meter over havets overflade) mellem Trautenstein og Sophienhof.<\/h2>\n\n<div class=\"wp-block-stackable-image alignwide stk-block-image stk-block stk-89e1006\" data-block-id=\"89e1006\"><style>.stk-89e1006 {margin-top:3% !important;margin-bottom:3% !important;}<\/style><figure><span class=\"stk-img-wrapper stk-image--shape-stretch stk--has-lightbox\"><img decoding=\"async\" width=\"3264\" height=\"1840\" src=\"https:\/\/www.harzer-wandernadel.de\/wp-content\/uploads\/2016\/02\/HWN-Carlsturm.jpg\" class=\"attachment-full size-full wp-post-image\" alt=\"Radiomast i skoven under en bl\u00e5 himmel\" srcset=\"https:\/\/www.harzer-wandernadel.de\/wp-content\/uploads\/2016\/02\/HWN-Carlsturm.jpg 3264w, https:\/\/www.harzer-wandernadel.de\/wp-content\/uploads\/2016\/02\/HWN-Carlsturm-300x169.jpg 300w, https:\/\/www.harzer-wandernadel.de\/wp-content\/uploads\/2016\/02\/HWN-Carlsturm-768x433.jpg 768w, https:\/\/www.harzer-wandernadel.de\/wp-content\/uploads\/2016\/02\/HWN-Carlsturm-1024x577.jpg 1024w, https:\/\/www.harzer-wandernadel.de\/wp-content\/uploads\/2016\/02\/HWN-Carlsturm-250x141.jpg 250w, https:\/\/www.harzer-wandernadel.de\/wp-content\/uploads\/2016\/02\/HWN-Carlsturm-624x352.jpg 624w\" sizes=\"(max-width: 3264px) 100vw, 3264px\"><\/span><\/figure><\/div>\n\n<p>Det blev genop\u00adbyg\u00adget i&nbsp;1998 af Harzer Sch\u00admals\u00adpur\u00adba\u00adhn GmbH som et radi\u00ado\u00adt\u00e5rn med en bes\u00f8gs\u00adplat\u00adform. T\u00e5r\u00adnet har en st\u00e5\u00adl\u00adv\u00e6gt p\u00e5 30.000&nbsp;kg og en h\u00f8j\u00adde p\u00e5 50&nbsp;meter.&nbsp;<\/p>\n\n<p>Udsig\u00adten fra t\u00e5r\u00adnet er sen\u00adsa\u00adtio\u00adnel og str\u00e6k\u00adker sig over hele Ober\u00adharz og helt til Kyffh\u00e4user.<\/p>\n\n<p>Et godt udgangs\u00adpunkt er Radwe\u00adge\u00adhaus-par\u00adke\u00adrings\u00adplad\u00adsen p\u00e5 B81 mel\u00adlem Has\u00adsel\u00adfel\u00adde og Ilfeld. Som en dags\u00adtur kan du dog ogs\u00e5 inklu\u00adde\u00adre <a href=\"https:\/\/www.harzer-wandernadel.de\/da\/stempelcentre\/oversigtskort\/stempelpunkt-50-walzenhuette\/\" data-type=\"page\" data-id=\"738\">HWN 50 Walzen\u00adh\u00fct\u00adte<\/a>, <a href=\"https:\/\/www.harzer-wandernadel.de\/da\/stempelcentre\/oversigtskort\/frimaerkepunkt-47-oberharzblick-paa-buchenberg\/\" data-type=\"page\" data-id=\"732\">HWN 47 Ober\u00adharzbli\u00adck am Buchen\u00adberg<\/a>, <a href=\"https:\/\/www.harzer-wandernadel.de\/da\/stempelcentre\/oversigtskort\/stempelpunkt-97-ziegenalm-sophienhof\/\" data-type=\"page\" data-id=\"1067\">HWN<\/a> <a href=\"https:\/\/www.harzer-wandernadel.de\/da\/stempelcentre\/oversigtskort\/stempelpunkt-48-stierbergsteich\/\" data-type=\"page\" data-id=\"734\">48 Sti\u00ader\u00adbergsteich<\/a>, HWN 97 Zie\u00adge\u00adnalm Sop\u00adhien\u00adhof og Carls\u00adturm i&nbsp;en smuk rund\u00adt\u00adur fra Trautenstein.&nbsp;<\/p>\n\n<div class=\"wp-block-buttons is-layout-flex wp-block-buttons-is-layout-flex\">\n<div class=\"wp-block-button\"><a class=\"wp-block-button__link wp-element-button\" href=\"https:\/\/harzer-bergwald.de\/index.php\/wandertouren\/abenteuertouren\/40-unterwegs-zwischen-sophienhof-und-trautenstein\" target=\"_blank\" rel=\"noreferrer noopener\">Tour tip Harzen bjergskov&nbsp;\u201c<\/a><\/div>\n<\/div>\n","protected":false},"excerpt":{"rendered":"<p>Carls\u00adturm st\u00e5r p\u00e5 Carls\u00adhaus\u00adh\u00f6he (626&nbsp;meter over havets over\u00adfla\u00adde) mel\u00adlem Trau\u00adtenste\u00adin og Sop\u00adhien\u00adhof. Det blev genop\u00adbyg\u00adget i&nbsp;1998 af Harzer Sch\u00admals\u00adpur\u00adba\u00adhn GmbH som et radi\u00ado\u00adt\u00e5rn med en bes\u00f8gs\u00adplat\u00adform. T\u00e5r\u00adnet har en st\u00e5\u00adl\u00adv\u00e6gt p\u00e5 30.000&nbsp;kg og en h\u00f8j\u00adde p\u00e5 50&nbsp;meter.&nbsp; Udsig\u00adten fra t\u00e5r\u00adnet er sen\u00adsa\u00adtio\u00adnel og str\u00e6k\u00adker sig over hele Ober\u00adharz og helt til Kyf\u00adf\u00adh\u00e4u\u00adser. Et godt udgangspunkt&nbsp;[\u2026]<\/p>\n","protected":false},"author":11,"featured_media":12559,"parent":17792,"menu_order":10051,"comment_status":"closed","ping_status":"closed","template":"","meta":{"_seopress_robots_primary_cat":"","_seopress_titles_title":"","_seopress_titles_desc":"","_seopress_robots_index":"","wp_typography_post_enhancements_disabled":false,"iawp_total_views":1,"footnotes":""},"hf_cat_page":[120],"class_list":["post-19107","page","type-page","status-publish","has-post-thumbnail"],"blocksy_meta":[],"_links":{"self":[{"href":"https:\/\/www.harzer-wandernadel.de\/da\/wp-json\/wp\/v2\/pages\/19107","targetHints":{"allow":["GET"]}}],"collection":[{"href":"https:\/\/www.harzer-wandernadel.de\/da\/wp-json\/wp\/v2\/pages"}],"about":[{"href":"https:\/\/www.harzer-wandernadel.de\/da\/wp-json\/wp\/v2\/types\/page"}],"author":[{"embeddable":true,"href":"https:\/\/www.harzer-wandernadel.de\/da\/wp-json\/wp\/v2\/users\/11"}],"replies":[{"embeddable":true,"href":"https:\/\/www.harzer-wandernadel.de\/da\/wp-json\/wp\/v2\/comments?post=19107"}],"version-history":[{"count":2,"href":"https:\/\/www.harzer-wandernadel.de\/da\/wp-json\/wp\/v2\/pages\/19107\/revisions"}],"predecessor-version":[{"id":24764,"href":"https:\/\/www.harzer-wandernadel.de\/da\/wp-json\/wp\/v2\/pages\/19107\/revisions\/24764"}],"up":[{"embeddable":true,"href":"https:\/\/www.harzer-wandernadel.de\/da\/wp-json\/wp\/v2\/pages\/17792"}],"wp:featuredmedia":[{"embeddable":true,"href":"https:\/\/www.harzer-wandernadel.de\/da\/wp-json\/wp\/v2\/media\/12559"}],"wp:attachment":[{"href":"https:\/\/www.harzer-wandernadel.de\/da\/wp-json\/wp\/v2\/media?parent=19107"}],"wp:term":[{"taxonomy":"hf_cat_page","embeddable":true,"href":"https:\/\/www.harzer-wandernadel.de\/da\/wp-json\/wp\/v2\/hf_cat_page?post=19107"}],"curies":[{"name":"wp","href":"https:\/\/api.w.org\/{rel}","templated":true}]}}