{"id":19096,"date":"2016-02-17T13:35:32","date_gmt":"2016-02-17T12:35:32","guid":{"rendered":"https:\/\/www.harzer-wandernadel.de\/stempelcentre\/oversigtskort\/stempelpunkt-52-trageburg-am-hexenstieg\/"},"modified":"2026-02-28T14:42:26","modified_gmt":"2026-02-28T13:42:26","slug":"stempelpunkt-52-trageburg-am-hexenstieg","status":"publish","type":"page","link":"https:\/\/www.harzer-wandernadel.de\/da\/stempelcentre\/oversigtskort\/stempelpunkt-52-trageburg-am-hexenstieg\/","title":{"rendered":"Stempelpunkt 52 \/ Trageburg am Hexenstieg"},"content":{"rendered":"\n<h2 class=\"wp-block-heading\">Borgen Trageburg (499&nbsp;meter over havets overflade) var et lille middelalderligt borgkompleks og ligger 2,5&nbsp;km fra Trautenstein over den h\u00f8jre bred af Rappbode-reservoiret.<\/h2>\n\n<div class=\"wp-block-stackable-image alignwide stk-block-image stk-block stk-89e1006\" data-block-id=\"89e1006\"><style>.stk-89e1006 {margin-top:3% !important;margin-bottom:3% !important;}<\/style><figure><span class=\"stk-img-wrapper stk-image--shape-stretch stk--has-lightbox\"><img decoding=\"async\" width=\"3264\" height=\"1840\" src=\"https:\/\/www.harzer-wandernadel.de\/wp-content\/uploads\/2016\/02\/HWN-Trageburg-2.jpg\" class=\"attachment-full size-full wp-post-image\" alt=\"Flod i skoven under en bl\u00e5 himmel\" srcset=\"https:\/\/www.harzer-wandernadel.de\/wp-content\/uploads\/2016\/02\/HWN-Trageburg-2.jpg 3264w, https:\/\/www.harzer-wandernadel.de\/wp-content\/uploads\/2016\/02\/HWN-Trageburg-2-300x169.jpg 300w, https:\/\/www.harzer-wandernadel.de\/wp-content\/uploads\/2016\/02\/HWN-Trageburg-2-768x433.jpg 768w, https:\/\/www.harzer-wandernadel.de\/wp-content\/uploads\/2016\/02\/HWN-Trageburg-2-1024x577.jpg 1024w, https:\/\/www.harzer-wandernadel.de\/wp-content\/uploads\/2016\/02\/HWN-Trageburg-2-250x141.jpg 250w, https:\/\/www.harzer-wandernadel.de\/wp-content\/uploads\/2016\/02\/HWN-Trageburg-2-624x352.jpg 624w\" sizes=\"(max-width: 3264px) 100vw, 3264px\"><\/span><\/figure><\/div>\n\n<p>Vade\u00adste\u00addet gen\u00adnem Harzen, hvor der som regel ogs\u00e5 var sm\u00e5 g\u00e5r\u00adde med heste til at sik\u00adre vade\u00adste\u00addet, blev beskyt\u00adtet af sm\u00e5 bor\u00adge. En s\u00e5dan borg, der beskyt\u00adte\u00adde vade\u00adste\u00addet gen\u00adnem Rap\u00adpbo\u00adde, var Tra\u00adge\u00adburg, som i&nbsp;et doku\u00adment fra 1654 kal\u00addes Draburg.&nbsp;<\/p>\n\n<p>Det bed\u00adste udgangs\u00adpunkt er van\u00addre\u00adpar\u00adke\u00adrin\u00adgen i&nbsp;cen\u00adtrum af Trau\u00adtenste\u00adin. F\u00f8lg skil\u00adte\u00adne fra Harz\u00adklub-gren\u00adfor\u00ade\u00adnin\u00adgen langs Rap\u00adpbo\u00addes h\u00f8j\u00adre bred, og efter en kort stig\u00adning kom\u00admer du til Tra\u00adge\u00adburg Slot. Det anbe\u00adfa\u00adles at inklu\u00adde\u00adre <a href=\"https:\/\/www.harzer-wandernadel.de\/da\/stempelcentre\/oversigtskort\/stempelpunkt-56-rappbodeblick-trautenstein\/\" data-type=\"page\" data-id=\"792\">HWN 56 Rap\u00adpbo\u00adde\u00adbli\u00adck<\/a> Trau\u00adtenste\u00adin i&nbsp;van\u00addre\u00adtu\u00adren ved at kryd\u00adse d\u00e6m\u00adnings\u00admu\u00adren og van\u00addre til\u00adba\u00adge p\u00e5 den anden side af reser\u00advoi\u00adret. Den\u00adne tur er 8&nbsp;kilo\u00adme\u00adter lang, byder p\u00e5 man\u00adge smuk\u00adke udsig\u00adter over Rap\u00adpbo\u00adde-reser\u00advoi\u00adret og f\u00f8l\u00adger del\u00advist Harzens Heksesti.&nbsp;<\/p>\n\n<div class=\"wp-block-buttons is-layout-flex wp-block-buttons-is-layout-flex\">\n<div class=\"wp-block-button\"><a class=\"wp-block-button__link wp-element-button\" href=\"https:\/\/harzer-bergwald.de\/index.php\/wandertouren\/abenteuertouren\/48-die-terrassen-der-rappbode\" target=\"_blank\" rel=\"noreferrer noopener\">Tour tip Harzen bjergskov&nbsp;\u201c<\/a><\/div>\n<\/div>\n","protected":false},"excerpt":{"rendered":"<p>Bor\u00adgen Tra\u00adge\u00adburg (499&nbsp;meter over havets over\u00adfla\u00adde) var et lil\u00adle mid\u00addelal\u00adder\u00adligt borg\u00adkom\u00adpleks og lig\u00adger 2,5&nbsp;km fra Trau\u00adtenste\u00adin over den h\u00f8j\u00adre bred af Rap\u00adpbo\u00adde-reser\u00advoi\u00adret. Vade\u00adste\u00addet gen\u00adnem Harzen, hvor der som regel ogs\u00e5 var sm\u00e5 g\u00e5r\u00adde med heste til at sik\u00adre vade\u00adste\u00addet, blev beskyt\u00adtet af sm\u00e5 bor\u00adge. En s\u00e5dan borg, der beskyt\u00adte\u00adde vade\u00adste\u00addet gen\u00adnem Rap\u00adpbo\u00adde, var Tra\u00adge\u00adburg,&nbsp;som&nbsp;[\u2026]<\/p>\n","protected":false},"author":11,"featured_media":12556,"parent":17792,"menu_order":10052,"comment_status":"closed","ping_status":"closed","template":"","meta":{"_seopress_robots_primary_cat":"","_seopress_titles_title":"","_seopress_titles_desc":"","_seopress_robots_index":"","wp_typography_post_enhancements_disabled":false,"iawp_total_views":0,"footnotes":""},"hf_cat_page":[120],"class_list":["post-19096","page","type-page","status-publish","has-post-thumbnail"],"blocksy_meta":[],"_links":{"self":[{"href":"https:\/\/www.harzer-wandernadel.de\/da\/wp-json\/wp\/v2\/pages\/19096","targetHints":{"allow":["GET"]}}],"collection":[{"href":"https:\/\/www.harzer-wandernadel.de\/da\/wp-json\/wp\/v2\/pages"}],"about":[{"href":"https:\/\/www.harzer-wandernadel.de\/da\/wp-json\/wp\/v2\/types\/page"}],"author":[{"embeddable":true,"href":"https:\/\/www.harzer-wandernadel.de\/da\/wp-json\/wp\/v2\/users\/11"}],"replies":[{"embeddable":true,"href":"https:\/\/www.harzer-wandernadel.de\/da\/wp-json\/wp\/v2\/comments?post=19096"}],"version-history":[{"count":2,"href":"https:\/\/www.harzer-wandernadel.de\/da\/wp-json\/wp\/v2\/pages\/19096\/revisions"}],"predecessor-version":[{"id":24768,"href":"https:\/\/www.harzer-wandernadel.de\/da\/wp-json\/wp\/v2\/pages\/19096\/revisions\/24768"}],"up":[{"embeddable":true,"href":"https:\/\/www.harzer-wandernadel.de\/da\/wp-json\/wp\/v2\/pages\/17792"}],"wp:featuredmedia":[{"embeddable":true,"href":"https:\/\/www.harzer-wandernadel.de\/da\/wp-json\/wp\/v2\/media\/12556"}],"wp:attachment":[{"href":"https:\/\/www.harzer-wandernadel.de\/da\/wp-json\/wp\/v2\/media?parent=19096"}],"wp:term":[{"taxonomy":"hf_cat_page","embeddable":true,"href":"https:\/\/www.harzer-wandernadel.de\/da\/wp-json\/wp\/v2\/hf_cat_page?post=19096"}],"curies":[{"name":"wp","href":"https:\/\/api.w.org\/{rel}","templated":true}]}}