{"id":19093,"date":"2016-02-18T11:49:04","date_gmt":"2016-02-18T10:49:04","guid":{"rendered":"https:\/\/www.harzer-wandernadel.de\/stempelcentre\/oversigtskort\/stempelpunkt-195-koethener-huette\/"},"modified":"2026-01-29T12:53:19","modified_gmt":"2026-01-29T11:53:19","slug":"stempelpunkt-195-koethener-huette","status":"publish","type":"page","link":"https:\/\/www.harzer-wandernadel.de\/da\/stempelcentre\/oversigtskort\/stempelpunkt-195-koethener-huette\/","title":{"rendered":"Stempelpunkt 195 \/ K\u00f6thener H\u00fctte"},"content":{"rendered":"\n<h2 class=\"wp-block-heading\">K\u00f6thener H\u00fctte ligger mellem Alexisbad og M\u00e4gdesprung p\u00e5 den s\u00e5kaldte Kapellenfelsen (385&nbsp;meter over havets overflade) direkte p\u00e5 Selketalstieg.<\/h2>\n\n<div class=\"wp-block-stackable-image alignwide stk-block-image stk-block stk-89e1006\" data-block-id=\"89e1006\"><style>.stk-89e1006 {margin-top:3% !important;margin-bottom:3% !important;}<\/style><figure><span class=\"stk-img-wrapper stk-image--shape-stretch stk--has-lightbox\"><img decoding=\"async\" width=\"2048\" height=\"1536\" src=\"https:\/\/www.harzer-wandernadel.de\/wp-content\/uploads\/2016\/02\/HWN-K\u00f6thener-H\u00fctte.jpg\" class=\"attachment-full size-full wp-post-image\" alt=\"Lille kapel i skoven p\u00e5 en solrig bakke\" srcset=\"https:\/\/www.harzer-wandernadel.de\/wp-content\/uploads\/2016\/02\/HWN-K\u00f6thener-H\u00fctte.jpg 2048w, https:\/\/www.harzer-wandernadel.de\/wp-content\/uploads\/2016\/02\/HWN-K\u00f6thener-H\u00fctte-300x225.jpg 300w, https:\/\/www.harzer-wandernadel.de\/wp-content\/uploads\/2016\/02\/HWN-K\u00f6thener-H\u00fctte-768x576.jpg 768w, https:\/\/www.harzer-wandernadel.de\/wp-content\/uploads\/2016\/02\/HWN-K\u00f6thener-H\u00fctte-1024x768.jpg 1024w, https:\/\/www.harzer-wandernadel.de\/wp-content\/uploads\/2016\/02\/HWN-K\u00f6thener-H\u00fctte-250x188.jpg 250w, https:\/\/www.harzer-wandernadel.de\/wp-content\/uploads\/2016\/02\/HWN-K\u00f6thener-H\u00fctte-624x468.jpg 624w\" sizes=\"(max-width: 2048px) 100vw, 2048px\"><\/span><\/figure><\/div>\n\n<p>K\u00f6t\u00adhe\u00adner H\u00fct\u00adte blev byg\u00adget i&nbsp;1897 af K\u00f6t\u00adhen-afde\u00adlin\u00adgen af Harz\u00adklub og lig\u00adner et kapel med sit lil\u00adle klok\u00adket\u00e5rn og hvi\u00adde far\u00adve. Ste\u00addet blev for\u00adbe\u00adredt af den dav\u00e6\u00adren\u00adde her\u00adtu\u00adge\u00adli\u00adge sko\u00adv\u00addi\u00adstrikt\u00adsad\u00admi\u00adni\u00adstra\u00adtion. Den s\u00e6r\u00adligt smuk\u00adke udsigt over Sel\u00adke-dalen og Ram\u00adberg-mas\u00adsi\u00advet blev mulig\u00adgjort af sko\u00adv\u00adrejs\u00adning. Ram\u00adberg er det h\u00f8je\u00adste bjerg\u00admas\u00adsiv i&nbsp;Nie\u00adder\u00adharz. Lige\u00adsom Bro\u00adck\u00aden eller Oker-gra\u00adnit\u00adten blev det\u00adte gra\u00adnit\u00admas\u00adsiv dan\u00adnet for omkring 300 mil\u00adli\u00ado\u00adner \u00e5r&nbsp;siden.&nbsp;<\/p>\n\n<p>Omr\u00e5\u00addet mel\u00adlem Harz\u00adgero\u00adde, Ger\u00adn\u00adro\u00adde, G\u00fcnt\u00adhers\u00adber\u00adge og Bal\u00adlen\u00adstedt h\u00f8r\u00adte til her\u00adtug\u00add\u00f8m\u00admet Anhalt ind\u00adtil 1918 og tid\u00adli\u00adge\u00adre til fyr\u00adsten\u00add\u00f8m\u00admet Anhalt-Ber\u00adn\u00adburg ind\u00adtil 1863. \u00d8st\u00adharzen var alle\u00adre\u00adde den\u00adgang et popu\u00adl\u00e6rt van\u00addre\u00adom\u00adr\u00e5\u00adde for befolk\u00adnin\u00adgen i&nbsp;Anhalt, hvil\u00adket til\u00adsy\u00adne\u00adla\u00adden\u00adde fik K\u00f6t\u00adhe\u00adner Harz-ven\u00adner\u00adne til at byg\u00adge den\u00adne&nbsp;hytte.&nbsp;<\/p>\n\n<p>Det nem\u00adme\u00adste udgangs\u00adpunkt for en van\u00addre\u00adtur til K\u00f6t\u00adhe\u00adner H\u00fct\u00adte er den lil\u00adle par\u00adke\u00adrings\u00adplads p\u00e5 ven\u00adstre side af lan\u00adde\u00advej\u00aden, der f\u00f8rer fra Harz\u00adgero\u00adde til M\u00e4g\u00addesprung. Her\u00adfra kan du n\u00e5 K\u00f6t\u00adhe\u00adner H\u00fct\u00adte uden stig\u00adnin\u00adger og kan udfor\u00adske man\u00adge andre impo\u00adne\u00adren\u00adde udsigts\u00adpunk\u00adter langs den vari\u00ade\u00adre\u00adde klippesti.&nbsp;<\/p>\n\n<div class=\"wp-block-buttons is-layout-flex wp-block-buttons-is-layout-flex\">\n<div class=\"wp-block-button\"><a class=\"wp-block-button__link wp-element-button\" href=\"http:\/\/www.drahtzug-cafe.de\/\">Caf\u00e9 med tr\u00e5dtr\u00e6kning<\/a><\/div>\n<\/div>\n","protected":false},"excerpt":{"rendered":"<p>K\u00f6t\u00adhe\u00adner H\u00fct\u00adte lig\u00adger mel\u00adlem Ale\u00adxis\u00adbad og M\u00e4g\u00addesprung p\u00e5 den s\u00e5kald\u00adte Kapel\u00adlen\u00adfel\u00adsen (385&nbsp;meter over havets over\u00adfla\u00adde) direk\u00adte p\u00e5 Sel\u00adket\u00adalstieg. K\u00f6t\u00adhe\u00adner H\u00fct\u00adte blev byg\u00adget i&nbsp;1897 af K\u00f6t\u00adhen-afde\u00adlin\u00ad\u00adgen af Harz\u00adklub og lig\u00adner et kapel med sit lil\u00adle klok\u00adket\u00e5rn og hvi\u00adde far\u00adve. Ste\u00addet blev for\u00adbe\u00adredt af den dav\u00e6\u00adren\u00adde her\u00adtu\u00adge\u00adli\u00adge sko\u00adv\u00addi\u00adstrikt\u00adsad\u00admi\u00adni\u00adstra\u00adtion. Den s\u00e6r\u00adligt smuk\u00adke udsigt over Sel\u00adke-dalen og Ram\u00ad\u00adberg-mas\u00adsi\u00ad\u00advet&nbsp;blev&nbsp;[\u2026]<\/p>\n","protected":false},"author":11,"featured_media":12451,"parent":17792,"menu_order":10195,"comment_status":"closed","ping_status":"closed","template":"","meta":{"_seopress_robots_primary_cat":"","_seopress_titles_title":"","_seopress_titles_desc":"","_seopress_robots_index":"","wp_typography_post_enhancements_disabled":false,"iawp_total_views":1,"footnotes":""},"hf_cat_page":[120],"class_list":["post-19093","page","type-page","status-publish","has-post-thumbnail"],"blocksy_meta":[],"_links":{"self":[{"href":"https:\/\/www.harzer-wandernadel.de\/da\/wp-json\/wp\/v2\/pages\/19093","targetHints":{"allow":["GET"]}}],"collection":[{"href":"https:\/\/www.harzer-wandernadel.de\/da\/wp-json\/wp\/v2\/pages"}],"about":[{"href":"https:\/\/www.harzer-wandernadel.de\/da\/wp-json\/wp\/v2\/types\/page"}],"author":[{"embeddable":true,"href":"https:\/\/www.harzer-wandernadel.de\/da\/wp-json\/wp\/v2\/users\/11"}],"replies":[{"embeddable":true,"href":"https:\/\/www.harzer-wandernadel.de\/da\/wp-json\/wp\/v2\/comments?post=19093"}],"version-history":[{"count":1,"href":"https:\/\/www.harzer-wandernadel.de\/da\/wp-json\/wp\/v2\/pages\/19093\/revisions"}],"predecessor-version":[{"id":19095,"href":"https:\/\/www.harzer-wandernadel.de\/da\/wp-json\/wp\/v2\/pages\/19093\/revisions\/19095"}],"up":[{"embeddable":true,"href":"https:\/\/www.harzer-wandernadel.de\/da\/wp-json\/wp\/v2\/pages\/17792"}],"wp:featuredmedia":[{"embeddable":true,"href":"https:\/\/www.harzer-wandernadel.de\/da\/wp-json\/wp\/v2\/media\/12451"}],"wp:attachment":[{"href":"https:\/\/www.harzer-wandernadel.de\/da\/wp-json\/wp\/v2\/media?parent=19093"}],"wp:term":[{"taxonomy":"hf_cat_page","embeddable":true,"href":"https:\/\/www.harzer-wandernadel.de\/da\/wp-json\/wp\/v2\/hf_cat_page?post=19093"}],"curies":[{"name":"wp","href":"https:\/\/api.w.org\/{rel}","templated":true}]}}