{"id":19081,"date":"2016-02-17T14:48:35","date_gmt":"2016-02-17T13:48:35","guid":{"rendered":"https:\/\/www.harzer-wandernadel.de\/stempelcentre\/oversigtskort\/stempelspids-54-rotestein\/"},"modified":"2026-02-28T14:42:27","modified_gmt":"2026-02-28T13:42:27","slug":"stempelspids-54-rotestein","status":"publish","type":"page","link":"https:\/\/www.harzer-wandernadel.de\/da\/stempelcentre\/oversigtskort\/stempelspids-54-rotestein\/","title":{"rendered":"Stempelspids 54 \/ Rotestein"},"content":{"rendered":"\n<h2 class=\"wp-block-heading\">Rotestein (503&nbsp;meter over havets overflade) ligger ikke langt fra Stemberghaus kulbr\u00e6nderi n\u00e6r Hasselfelde. Det er et interessant udsigtspunkt h\u00f8jt over Rappbode-d\u00e6mningen med en vidunderlig udsigt over d\u00e6mningens glitrende vand og helt op til Bloksbjerg.&nbsp;<\/h2>\n\n<div class=\"wp-block-stackable-image alignwide stk-block-image stk-block stk-89e1006\" data-block-id=\"89e1006\"><style>.stk-89e1006 {margin-top:3% !important;margin-bottom:3% !important;}<\/style><figure><span class=\"stk-img-wrapper stk-image--shape-stretch stk--has-lightbox\"><img decoding=\"async\" width=\"1454\" height=\"550\" src=\"https:\/\/www.harzer-wandernadel.de\/wp-content\/uploads\/2016\/02\/Rotestein.jpg\" class=\"attachment-full size-full wp-post-image\" alt srcset=\"https:\/\/www.harzer-wandernadel.de\/wp-content\/uploads\/2016\/02\/Rotestein.jpg 1454w, https:\/\/www.harzer-wandernadel.de\/wp-content\/uploads\/2016\/02\/Rotestein-300x113.jpg 300w, https:\/\/www.harzer-wandernadel.de\/wp-content\/uploads\/2016\/02\/Rotestein-768x291.jpg 768w, https:\/\/www.harzer-wandernadel.de\/wp-content\/uploads\/2016\/02\/Rotestein-1024x387.jpg 1024w, https:\/\/www.harzer-wandernadel.de\/wp-content\/uploads\/2016\/02\/Rotestein-624x236.jpg 624w\" sizes=\"(max-width: 1454px) 100vw, 1454px\"><\/span><\/figure><\/div>\n\n<p><b>Roteste\u00adin blev k\u00e5ret til det smuk\u00adke\u00adste fri\u00adm\u00e6r\u00adke\u00adom\u00adr\u00e5\u00adde i&nbsp;2010 af vores vandrevenner.<\/b><\/p>\n\n<p><strong>Udta\u00adlel\u00adser fra van\u00addre\u00aden\u00adtu\u00adsi\u00ada\u00adster:<\/strong><br>\u201eUdsig\u00adten over d\u00e6m\u00adnin\u00adgen fra Roteste\u00adin er fan\u00adta\u00adstisk. Du f\u00f8ler, at du er p\u00e5 en fjord i&nbsp;Nor\u00adge, men du kan se Bro\u00adck\u00aden i&nbsp;baggrunden.&nbsp;<\/p>\n\n<p>\u201eStemp\u00adlet kan ogs\u00e5 nemt n\u00e5s af van\u00addre\u00adre, som ikke er s\u00e5 gode til fods. P\u00e5 trods af at det lig\u00adger t\u00e6t p\u00e5 hoved\u00advej\u00aden, kan du fin\u00adde him\u00admelsk fred og ro til at dr\u00f8m\u00adme og slap\u00adpe&nbsp;af.\u201c&nbsp;<\/p>\n\n<p>Det bed\u00adste udgangs\u00adpunkt for en van\u00addre\u00adtur til Roteste\u00adin er par\u00adke\u00adrings\u00adplad\u00adsen for\u00adan <a href=\"https:\/\/www.harzer-wandernadel.de\/stempelstellen\/uebersichtskarte\/stempelstelle-60-stemberghaus-koehlerei\/\" data-type=\"page\" data-id=\"804\">Harzk\u00f6h\u00adle\u00adrei Stem\u00adberg\u00adhaus HWN 60<\/a>. Her\u00adfra kryd\u00adser man B&nbsp;81 og f\u00f8l\u00adger den afm\u00e6r\u00adke\u00adde van\u00addre\u00adsti ca. 2&nbsp;km til Rotestein.&nbsp;<\/p>\n","protected":false},"excerpt":{"rendered":"<p>Roteste\u00adin (503&nbsp;meter over havets over\u00adfla\u00adde) lig\u00adger ikke langt fra Stem\u00adberg\u00adhaus kul\u00adbr\u00e6n\u00adde\u00adri n\u00e6r Has\u00adsel\u00adfel\u00adde. Det er et inter\u00ades\u00adsant udsigts\u00adpunkt h\u00f8jt over Rap\u00adpbo\u00adde-d\u00e6m\u00adnin\u00adgen med en vidun\u00adder\u00adlig udsigt over d\u00e6m\u00adnin\u00adgens gli\u00adtren\u00adde vand og helt op til Bloks\u00adb\u00adjerg.&nbsp; Roteste\u00adin blev k\u00e5ret til det smuk\u00adke\u00adste fri\u00adm\u00e6r\u00adke\u00adom\u00adr\u00e5\u00adde i&nbsp;2010 af vores van\u00addre\u00adven\u00adner. Udta\u00adlel\u00adser fra van\u00addre\u00aden\u00adtu\u00adsi\u00ada\u00adster:\u201eUdsig\u00adten over d\u00e6m\u00adnin\u00adgen fra Roteste\u00adin er fan\u00adta\u00adstisk. Du&nbsp;[\u2026]<\/p>\n","protected":false},"author":11,"featured_media":11668,"parent":17792,"menu_order":10054,"comment_status":"closed","ping_status":"closed","template":"","meta":{"_seopress_robots_primary_cat":"","_seopress_titles_title":"","_seopress_titles_desc":"","_seopress_robots_index":"","wp_typography_post_enhancements_disabled":false,"iawp_total_views":0,"footnotes":""},"hf_cat_page":[120],"class_list":["post-19081","page","type-page","status-publish","has-post-thumbnail"],"blocksy_meta":[],"_links":{"self":[{"href":"https:\/\/www.harzer-wandernadel.de\/da\/wp-json\/wp\/v2\/pages\/19081","targetHints":{"allow":["GET"]}}],"collection":[{"href":"https:\/\/www.harzer-wandernadel.de\/da\/wp-json\/wp\/v2\/pages"}],"about":[{"href":"https:\/\/www.harzer-wandernadel.de\/da\/wp-json\/wp\/v2\/types\/page"}],"author":[{"embeddable":true,"href":"https:\/\/www.harzer-wandernadel.de\/da\/wp-json\/wp\/v2\/users\/11"}],"replies":[{"embeddable":true,"href":"https:\/\/www.harzer-wandernadel.de\/da\/wp-json\/wp\/v2\/comments?post=19081"}],"version-history":[{"count":2,"href":"https:\/\/www.harzer-wandernadel.de\/da\/wp-json\/wp\/v2\/pages\/19081\/revisions"}],"predecessor-version":[{"id":24775,"href":"https:\/\/www.harzer-wandernadel.de\/da\/wp-json\/wp\/v2\/pages\/19081\/revisions\/24775"}],"up":[{"embeddable":true,"href":"https:\/\/www.harzer-wandernadel.de\/da\/wp-json\/wp\/v2\/pages\/17792"}],"wp:featuredmedia":[{"embeddable":true,"href":"https:\/\/www.harzer-wandernadel.de\/da\/wp-json\/wp\/v2\/media\/11668"}],"wp:attachment":[{"href":"https:\/\/www.harzer-wandernadel.de\/da\/wp-json\/wp\/v2\/media?parent=19081"}],"wp:term":[{"taxonomy":"hf_cat_page","embeddable":true,"href":"https:\/\/www.harzer-wandernadel.de\/da\/wp-json\/wp\/v2\/hf_cat_page?post=19081"}],"curies":[{"name":"wp","href":"https:\/\/api.w.org\/{rel}","templated":true}]}}