{"id":19074,"date":"2016-02-18T12:13:22","date_gmt":"2016-02-18T11:13:22","guid":{"rendered":"https:\/\/www.harzer-wandernadel.de\/stempelcentre\/oversigtskort\/stempelpunkt-72-la-viershoehe\/"},"modified":"2026-02-28T14:42:37","modified_gmt":"2026-02-28T13:42:37","slug":"stempelpunkt-72-la-viershoehe","status":"publish","type":"page","link":"https:\/\/www.harzer-wandernadel.de\/da\/stempelcentre\/oversigtskort\/stempelpunkt-72-la-viershoehe\/","title":{"rendered":"Stempelpunkt 72 \/ La Viersh\u00f6he"},"content":{"rendered":"\n<h2 class=\"wp-block-heading\">La Viersh\u00f6he (478&nbsp;meter over havets overflade) ligger over Bode-dalen, meget t\u00e6t p\u00e5 Hexentanzplatz.<\/h2>\n\n<div class=\"wp-block-stackable-image alignwide stk-block-image stk-block stk-89e1006\" data-block-id=\"89e1006\"><style>.stk-89e1006 {margin-top:3% !important;margin-bottom:3% !important;}<\/style><figure><span class=\"stk-img-wrapper stk-image--shape-stretch stk--has-lightbox\"><img decoding=\"async\" width=\"825\" height=\"550\" src=\"https:\/\/www.harzer-wandernadel.de\/wp-content\/uploads\/2016\/02\/La-Viersh\u00f6he.jpg\" class=\"attachment-full size-full wp-post-image\" alt srcset=\"https:\/\/www.harzer-wandernadel.de\/wp-content\/uploads\/2016\/02\/La-Viersh\u00f6he.jpg 825w, https:\/\/www.harzer-wandernadel.de\/wp-content\/uploads\/2016\/02\/La-Viersh\u00f6he-300x200.jpg 300w, https:\/\/www.harzer-wandernadel.de\/wp-content\/uploads\/2016\/02\/La-Viersh\u00f6he-768x512.jpg 768w, https:\/\/www.harzer-wandernadel.de\/wp-content\/uploads\/2016\/02\/La-Viersh\u00f6he-624x416.jpg 624w\" sizes=\"(max-width: 825px) 100vw, 825px\"><\/span><\/figure><\/div>\n\n<p>Fra La Viers\u00adh\u00f6he har du en ene\u00adst\u00e5\u00aden\u00adde udsigt over Bode-dalen og klip\u00adper\u00adne, der t\u00e5r\u00adner sig op bag den. De bizar\u00adre klip\u00adpe\u00adfor\u00adma\u00adtio\u00adner ses bedst i&nbsp;det tid\u00adli\u00adge for\u00ad\u00e5r, n\u00e5r den gr\u00f8n\u00adne vege\u00adta\u00adtion end\u00adnu ikke d\u00e6k\u00adker for udsig\u00adten. Hvis du s\u00e5 ser et par rov\u00adfug\u00adle kred\u00adse over kl\u00f8f\u00adten p\u00e5 jagt efter f\u00f8de, vil du for\u00adst\u00e5, hvor\u00adfor Bode-dalen blev erkl\u00e6\u00adret for natur\u00adre\u00adser\u00advat til\u00adba\u00adge i&nbsp;marts 1937.&nbsp;<\/p>\n\n<p>Bak\u00adkens navn er et min\u00adde om sko\u00adv\u00adfo\u00adge\u00adden La Viers, som var den h\u00f8jest ran\u00adge\u00adren\u00adde sko\u00adv\u00adfo\u00adged i&nbsp;Harzen i&nbsp;det 19. \u00e5rhund\u00adre\u00adde. La Viers kom mulig\u00advis fra en hugu\u00adenot-fami\u00adlie. Da han ofte gik p\u00e5 jagt i&nbsp;Bode-dalen, opda\u00adge\u00adde han tid\u00adligt land\u00adska\u00adbets sk\u00f8n\u00adhed og fore\u00adslog at anl\u00e6g\u00adge van\u00addre\u00adsti\u00ader for turister.&nbsp;<\/p>\n\n<p>Du kan n\u00e5 La Viers\u00adh\u00f6he fra Hexen\u00adtan\u00adz\u00adp\u00adlatz via en afm\u00e6r\u00adket sti, som ogs\u00e5 f\u00f8rer til <a href=\"https:\/\/www.harzer-wandernadel.de\/stempelstellen\/uebersichtskarte\/stempelstelle-70-prinzensicht-aussichtsturm\/\" data-type=\"page\" data-id=\"897\">Prin\u00adzen\u00adsi\u00adcht HWN 70<\/a> som en fort\u00ads\u00e6t\u00adtel\u00adse af vandreturen.<\/p>\n","protected":false},"excerpt":{"rendered":"<p>La Viers\u00adh\u00f6he (478&nbsp;meter over havets over\u00adfla\u00adde) lig\u00adger over Bode-dalen, meget t\u00e6t p\u00e5 Hexen\u00adtan\u00adz\u00adp\u00adlatz. Fra La Viers\u00adh\u00f6he har du en ene\u00adst\u00e5\u00aden\u00adde udsigt over Bode-dalen og klip\u00adper\u00adne, der t\u00e5r\u00adner sig op bag den. De bizar\u00adre klip\u00adpe\u00adfor\u00adma\u00adtio\u00adner ses bedst i&nbsp;det tid\u00adli\u00adge for\u00ad\u00e5r, n\u00e5r den gr\u00f8n\u00adne vege\u00adta\u00adtion end\u00adnu ikke d\u00e6k\u00adker for udsig\u00adten. Hvis du s\u00e5 ser et par rovfugle&nbsp;[\u2026]<\/p>\n","protected":false},"author":11,"featured_media":11731,"parent":17792,"menu_order":10072,"comment_status":"closed","ping_status":"closed","template":"","meta":{"_seopress_robots_primary_cat":"","_seopress_titles_title":"","_seopress_titles_desc":"","_seopress_robots_index":"","wp_typography_post_enhancements_disabled":false,"iawp_total_views":0,"footnotes":""},"hf_cat_page":[120],"class_list":["post-19074","page","type-page","status-publish","has-post-thumbnail"],"blocksy_meta":[],"_links":{"self":[{"href":"https:\/\/www.harzer-wandernadel.de\/da\/wp-json\/wp\/v2\/pages\/19074","targetHints":{"allow":["GET"]}}],"collection":[{"href":"https:\/\/www.harzer-wandernadel.de\/da\/wp-json\/wp\/v2\/pages"}],"about":[{"href":"https:\/\/www.harzer-wandernadel.de\/da\/wp-json\/wp\/v2\/types\/page"}],"author":[{"embeddable":true,"href":"https:\/\/www.harzer-wandernadel.de\/da\/wp-json\/wp\/v2\/users\/11"}],"replies":[{"embeddable":true,"href":"https:\/\/www.harzer-wandernadel.de\/da\/wp-json\/wp\/v2\/comments?post=19074"}],"version-history":[{"count":2,"href":"https:\/\/www.harzer-wandernadel.de\/da\/wp-json\/wp\/v2\/pages\/19074\/revisions"}],"predecessor-version":[{"id":24818,"href":"https:\/\/www.harzer-wandernadel.de\/da\/wp-json\/wp\/v2\/pages\/19074\/revisions\/24818"}],"up":[{"embeddable":true,"href":"https:\/\/www.harzer-wandernadel.de\/da\/wp-json\/wp\/v2\/pages\/17792"}],"wp:featuredmedia":[{"embeddable":true,"href":"https:\/\/www.harzer-wandernadel.de\/da\/wp-json\/wp\/v2\/media\/11731"}],"wp:attachment":[{"href":"https:\/\/www.harzer-wandernadel.de\/da\/wp-json\/wp\/v2\/media?parent=19074"}],"wp:term":[{"taxonomy":"hf_cat_page","embeddable":true,"href":"https:\/\/www.harzer-wandernadel.de\/da\/wp-json\/wp\/v2\/hf_cat_page?post=19074"}],"curies":[{"name":"wp","href":"https:\/\/api.w.org\/{rel}","templated":true}]}}