{"id":19021,"date":"2016-02-19T14:39:04","date_gmt":"2016-02-19T13:39:04","guid":{"rendered":"https:\/\/www.harzer-wandernadel.de\/stempelcentre\/oversigtskort\/stempelpunkt-157-kappellenfleck\/"},"modified":"2026-01-29T12:52:38","modified_gmt":"2026-01-29T11:52:38","slug":"stempelpunkt-157-kappellenfleck","status":"publish","type":"page","link":"https:\/\/www.harzer-wandernadel.de\/da\/stempelcentre\/oversigtskort\/stempelpunkt-157-kappellenfleck\/","title":{"rendered":"Stempelpunkt 157 \/ Kappellenfleck"},"content":{"rendered":"\n<h2 class=\"wp-block-heading\">Kapellenfleck ligger mellem Braunlage og Wieda, direkte p\u00e5 Kaiserweg.<\/h2>\n\n<div class=\"wp-block-stackable-image alignwide stk-block-image stk-block stk-89e1006\" data-block-id=\"89e1006\"><style>.stk-89e1006 {margin-top:3% !important;margin-bottom:3% !important;}<\/style><figure><span class=\"stk-img-wrapper stk-image--shape-stretch stk--has-lightbox\"><img decoding=\"async\" width=\"788\" height=\"525\" src=\"https:\/\/www.harzer-wandernadel.de\/wp-content\/uploads\/2016\/02\/Kapellenfleck.jpg\" class=\"attachment-full size-full wp-post-image\" alt srcset=\"https:\/\/www.harzer-wandernadel.de\/wp-content\/uploads\/2016\/02\/Kapellenfleck.jpg 788w, https:\/\/www.harzer-wandernadel.de\/wp-content\/uploads\/2016\/02\/Kapellenfleck-300x200.jpg 300w, https:\/\/www.harzer-wandernadel.de\/wp-content\/uploads\/2016\/02\/Kapellenfleck-768x512.jpg 768w, https:\/\/www.harzer-wandernadel.de\/wp-content\/uploads\/2016\/02\/Kapellenfleck-250x167.jpg 250w, https:\/\/www.harzer-wandernadel.de\/wp-content\/uploads\/2016\/02\/Kapellenfleck-624x416.jpg 624w\" sizes=\"(max-width: 788px) 100vw, 788px\"><\/span><\/figure><\/div>\n\n<p>If\u00f8l\u00adge et beva\u00adret doku\u00adment sk\u00e6n\u00adke\u00adde gre\u00adven af Scharz\u00adfeld i&nbsp;1297 et kapel i&nbsp;Harzen til kloste\u00adret Wal\u00adken\u00adri\u00aded. Under udgrav\u00adnin\u00adger i&nbsp;det 19. \u00e5rhund\u00adre\u00adde blev der afd\u00e6k\u00adket en kir\u00adke\u00adlig\u00adnen\u00adde grund\u00adplan p\u00e5 det sted, hvor kapel\u00adlet lig\u00adger i&nbsp;dag, og det er sand\u00adsyn\u00adlig\u00advis det omtal\u00adte&nbsp;kapel.&nbsp;<\/p>\n\n<p>Dagens van\u00addre\u00adsti g\u00e5r gen\u00adnem rester\u00adne af en vold og en gr\u00f8ft, som m\u00e5ske har h\u00f8rt til kapel\u00adlet. Kapel\u00adlet blev sand\u00adsyn\u00adlig\u00advis ogs\u00e5 brugt som raste\u00adplads for rej\u00adsen\u00adde, der led\u00adte efter et sted at sl\u00e5 lejr for nat\u00adten. Det er ogs\u00e5 muligt, at der her blev opret\u00adtet en omkl\u00e6d\u00adnings\u00adsta\u00adtion for de tr\u00e6k\u00addyrs\u00adhold, der kom op fra det syd\u00adli\u00adge Harzen.&nbsp;<\/p>\n\n<p>Fra sko\u00adv\u00adpar\u00adke\u00adrings\u00adplad\u00adsen \u201eLau\u00adse\u00adbu\u00adche\u201c p\u00e5 B27 under Braun\u00adla\u00adge f\u00f8rer Kai\u00adserweg direk\u00adte til Kapel\u00adlen\u00adfleck og vide\u00adre til&nbsp;Wieda.<\/p>\n","protected":false},"excerpt":{"rendered":"<p>Kapel\u00adlen\u00adfleck lig\u00adger mel\u00adlem Braun\u00adla\u00adge og Wie\u00adda, direk\u00adte p\u00e5 Kai\u00adserweg. If\u00f8l\u00adge et beva\u00adret doku\u00adment sk\u00e6n\u00adke\u00adde gre\u00adven af Scharz\u00adfeld i&nbsp;1297 et kapel i&nbsp;Harzen til kloste\u00adret Wal\u00adken\u00adri\u00aded. Under udgrav\u00adnin\u00adger i&nbsp;det 19. \u00e5rhund\u00adre\u00adde blev der afd\u00e6k\u00adket en kir\u00adke\u00adlig\u00adnen\u00adde grund\u00adplan p\u00e5 det sted, hvor kapel\u00adlet lig\u00adger i&nbsp;dag, og det er sand\u00adsyn\u00adlig\u00advis det omtal\u00adte&nbsp;kapel.&nbsp; Dagens van\u00addre\u00adsti g\u00e5r gen\u00adnem rester\u00adne af&nbsp;en&nbsp;[\u2026]<\/p>\n","protected":false},"author":11,"featured_media":12010,"parent":17792,"menu_order":10157,"comment_status":"closed","ping_status":"closed","template":"","meta":{"_seopress_robots_primary_cat":"","_seopress_titles_title":"","_seopress_titles_desc":"","_seopress_robots_index":"","wp_typography_post_enhancements_disabled":false,"iawp_total_views":0,"footnotes":""},"hf_cat_page":[120],"class_list":["post-19021","page","type-page","status-publish","has-post-thumbnail"],"blocksy_meta":[],"_links":{"self":[{"href":"https:\/\/www.harzer-wandernadel.de\/da\/wp-json\/wp\/v2\/pages\/19021","targetHints":{"allow":["GET"]}}],"collection":[{"href":"https:\/\/www.harzer-wandernadel.de\/da\/wp-json\/wp\/v2\/pages"}],"about":[{"href":"https:\/\/www.harzer-wandernadel.de\/da\/wp-json\/wp\/v2\/types\/page"}],"author":[{"embeddable":true,"href":"https:\/\/www.harzer-wandernadel.de\/da\/wp-json\/wp\/v2\/users\/11"}],"replies":[{"embeddable":true,"href":"https:\/\/www.harzer-wandernadel.de\/da\/wp-json\/wp\/v2\/comments?post=19021"}],"version-history":[{"count":1,"href":"https:\/\/www.harzer-wandernadel.de\/da\/wp-json\/wp\/v2\/pages\/19021\/revisions"}],"predecessor-version":[{"id":19022,"href":"https:\/\/www.harzer-wandernadel.de\/da\/wp-json\/wp\/v2\/pages\/19021\/revisions\/19022"}],"up":[{"embeddable":true,"href":"https:\/\/www.harzer-wandernadel.de\/da\/wp-json\/wp\/v2\/pages\/17792"}],"wp:featuredmedia":[{"embeddable":true,"href":"https:\/\/www.harzer-wandernadel.de\/da\/wp-json\/wp\/v2\/media\/12010"}],"wp:attachment":[{"href":"https:\/\/www.harzer-wandernadel.de\/da\/wp-json\/wp\/v2\/media?parent=19021"}],"wp:term":[{"taxonomy":"hf_cat_page","embeddable":true,"href":"https:\/\/www.harzer-wandernadel.de\/da\/wp-json\/wp\/v2\/hf_cat_page?post=19021"}],"curies":[{"name":"wp","href":"https:\/\/api.w.org\/{rel}","templated":true}]}}