{"id":19010,"date":"2016-02-19T14:35:43","date_gmt":"2016-02-19T13:35:43","guid":{"rendered":"https:\/\/www.harzer-wandernadel.de\/stempelcentre\/oversigtskort\/stempelpunkt-156-wurmberg-baude\/"},"modified":"2026-01-29T12:52:39","modified_gmt":"2026-01-29T11:52:39","slug":"stempelpunkt-156-wurmberg-baude","status":"publish","type":"page","link":"https:\/\/www.harzer-wandernadel.de\/da\/stempelcentre\/oversigtskort\/stempelpunkt-156-wurmberg-baude\/","title":{"rendered":"Stempelpunkt 156 \/ Wurmberg \u2013&nbsp;Baude"},"content":{"rendered":"\n<h2 class=\"wp-block-heading\">Wurmberg (971&nbsp;meter over havets overflade) er det h\u00f8jeste bjerg i&nbsp;delstaten Niedersachsen og det n\u00e6sth\u00f8jeste punkt i&nbsp;Harzen efter Brocken (1.141&nbsp;meter over havets overflade).<\/h2>\n\n<div class=\"wp-block-stackable-image alignwide stk-block-image stk-block stk-89e1006\" data-block-id=\"89e1006\"><style>.stk-89e1006 {margin-top:3% !important;margin-bottom:3% !important;}<\/style><figure><span class=\"stk-img-wrapper stk-image--shape-stretch stk--has-lightbox\"><img decoding=\"async\" width=\"788\" height=\"525\" src=\"https:\/\/www.harzer-wandernadel.de\/wp-content\/uploads\/2016\/02\/Wurmberg.jpg\" class=\"attachment-full size-full wp-post-image\" alt srcset=\"https:\/\/www.harzer-wandernadel.de\/wp-content\/uploads\/2016\/02\/Wurmberg.jpg 788w, https:\/\/www.harzer-wandernadel.de\/wp-content\/uploads\/2016\/02\/Wurmberg-300x200.jpg 300w, https:\/\/www.harzer-wandernadel.de\/wp-content\/uploads\/2016\/02\/Wurmberg-768x512.jpg 768w, https:\/\/www.harzer-wandernadel.de\/wp-content\/uploads\/2016\/02\/Wurmberg-250x167.jpg 250w, https:\/\/www.harzer-wandernadel.de\/wp-content\/uploads\/2016\/02\/Wurmberg-624x416.jpg 624w\" sizes=\"(max-width: 788px) 100vw, 788px\"><\/span><\/figure><\/div>\n\n<p>Wurm\u00adberg lig\u00adger uden for Harzen Natio\u00adnal\u00adpark 3&nbsp;km nord for Braun\u00adla\u00adge og 4,8&nbsp;km i&nbsp;luft\u00adlinje fra Bro\u00adck\u00adens top. Der\u00adi\u00admel\u00adlem lig\u00adger dalen Kal\u00adten Bode og gr\u00e6n\u00adsen til Sach\u00adsen-Anhalt eller, under den tyske deling, gr\u00e6n\u00adsen til&nbsp;DDR.&nbsp;<\/p>\n\n<p>Wurm\u00adbergs\u00adchan\u00adze blev byg\u00adget p\u00e5 top\u00adpen i&nbsp;1922 med et 30&nbsp;meter h\u00f8jt til\u00adl\u00f8b\u00adst\u00e5rn og en udsigts\u00adplat\u00adform. I&nbsp;1950 blev der byg\u00adget en hyt\u00adte ved siden af ski\u00adhop\u00adpet, det nuv\u00e6\u00adren\u00adde Wurm\u00adber\u00adgalm. Ski\u00adhop\u00adbak\u00adken blev revet ned i&nbsp;2014 p\u00e5 grund af struk\u00adtu\u00adrel\u00adle skader.&nbsp;<\/p>\n\n<p>Wurm\u00adberg-sv\u00e6\u00adve\u00adba\u00adnen har k\u00f8rt fra Braun\u00adla\u00adge til top\u00adpen siden 1963 og blev renove\u00adret i&nbsp;2001 som en helt gen\u00adnem\u00adg\u00e5\u00aden\u00adde sv\u00e6\u00adve\u00adba\u00adne \u2013 med mulig\u00adhed for at st\u00e5 af og p\u00e5 ved mel\u00adlem\u00adsta\u00adtio\u00adnen. Sv\u00e6\u00adve\u00adba\u00adnen er 2,8&nbsp;km lang og d\u00e6k\u00adker en h\u00f8j\u00adde\u00adfor\u00adskel p\u00e5 ca. 400&nbsp;meter. Den er i&nbsp;drift \u00e5ret rundt og trans\u00adpor\u00adte\u00adrer van\u00addre\u00adre, skil\u00f8\u00adbe\u00adre, moun\u00adtain\u00adbi\u00adke\u00adre og monster\u00adscoo\u00adte\u00adre op til toppen.&nbsp;<\/p>\n\n<div class=\"wp-block-buttons is-layout-flex wp-block-buttons-is-layout-flex\">\n<div class=\"wp-block-button\"><a class=\"wp-block-button__link wp-element-button\" href=\"https:\/\/www.wurmbergbaude.de\/wurmberg-restaurant.php\" target=\"_blank\" rel=\"noreferrer noopener\">Orme-mine\u00addrift<\/a><\/div>\n<\/div>\n\n<p>Wurm\u00adberg kan n\u00e5s via man\u00adge afm\u00e6r\u00adke\u00adde van\u00addre\u00adsti\u00ader fra de omkring\u00adlig\u00adgen\u00adde Harz-lands\u00adby\u00ader Braun\u00adla\u00adge, Schier\u00adke og Elend, men ogs\u00e5 fra K\u00f6nigskrug og Oder\u00adbr\u00fcck. Fri\u00adm\u00e6r\u00adke\u00adbok\u00adsen er pla\u00adce\u00adret p\u00e5 Wurm\u00adber\u00adgalm direk\u00adte p\u00e5 toppen.&nbsp;<\/p>\n\n<div class=\"wp-block-buttons is-layout-flex wp-block-buttons-is-layout-flex\">\n<div class=\"wp-block-button\"><a class=\"wp-block-button__link wp-element-button\" href=\"http:\/\/harzer-bergwald.de\/index.php\/wandertouren\/romantiktouren\/50-gipfelsturm-im-nationalpark-harz\">Tour tip Harzen bjergskov<\/a><\/div>\n<\/div>\n","protected":false},"excerpt":{"rendered":"<p>Wurm\u00adberg (971&nbsp;meter over havets over\u00adfla\u00adde) er det h\u00f8je\u00adste bjerg i&nbsp;del\u00adsta\u00adten Nie\u00adder\u00adsa\u00adch\u00adsen og det n\u00e6st\u00adh\u00f8\u00adje\u00adste punkt i&nbsp;Harzen efter Bro\u00adck\u00aden (1.141&nbsp;meter over havets over\u00adfla\u00adde). Wurm\u00adberg lig\u00adger uden for Harzen Natio\u00adnal\u00adpark 3&nbsp;km nord for Braun\u00adla\u00adge og 4,8&nbsp;km i&nbsp;luft\u00adlinje fra Bro\u00adck\u00adens top. Der\u00adi\u00admel\u00adlem lig\u00adger dalen Kal\u00adten Bode og gr\u00e6n\u00adsen til Sach\u00ad\u00adsen-Anhalt eller, under den tyske deling, gr\u00e6n\u00adsen til&nbsp;DDR.&nbsp; Wurmbergschanze&nbsp;[\u2026]<\/p>\n","protected":false},"author":11,"featured_media":12007,"parent":17792,"menu_order":10156,"comment_status":"closed","ping_status":"closed","template":"","meta":{"_seopress_robots_primary_cat":"","_seopress_titles_title":"","_seopress_titles_desc":"","_seopress_robots_index":"","wp_typography_post_enhancements_disabled":false,"iawp_total_views":1,"footnotes":""},"hf_cat_page":[120],"class_list":["post-19010","page","type-page","status-publish","has-post-thumbnail"],"blocksy_meta":[],"_links":{"self":[{"href":"https:\/\/www.harzer-wandernadel.de\/da\/wp-json\/wp\/v2\/pages\/19010","targetHints":{"allow":["GET"]}}],"collection":[{"href":"https:\/\/www.harzer-wandernadel.de\/da\/wp-json\/wp\/v2\/pages"}],"about":[{"href":"https:\/\/www.harzer-wandernadel.de\/da\/wp-json\/wp\/v2\/types\/page"}],"author":[{"embeddable":true,"href":"https:\/\/www.harzer-wandernadel.de\/da\/wp-json\/wp\/v2\/users\/11"}],"replies":[{"embeddable":true,"href":"https:\/\/www.harzer-wandernadel.de\/da\/wp-json\/wp\/v2\/comments?post=19010"}],"version-history":[{"count":1,"href":"https:\/\/www.harzer-wandernadel.de\/da\/wp-json\/wp\/v2\/pages\/19010\/revisions"}],"predecessor-version":[{"id":19012,"href":"https:\/\/www.harzer-wandernadel.de\/da\/wp-json\/wp\/v2\/pages\/19010\/revisions\/19012"}],"up":[{"embeddable":true,"href":"https:\/\/www.harzer-wandernadel.de\/da\/wp-json\/wp\/v2\/pages\/17792"}],"wp:featuredmedia":[{"embeddable":true,"href":"https:\/\/www.harzer-wandernadel.de\/da\/wp-json\/wp\/v2\/media\/12007"}],"wp:attachment":[{"href":"https:\/\/www.harzer-wandernadel.de\/da\/wp-json\/wp\/v2\/media?parent=19010"}],"wp:term":[{"taxonomy":"hf_cat_page","embeddable":true,"href":"https:\/\/www.harzer-wandernadel.de\/da\/wp-json\/wp\/v2\/hf_cat_page?post=19010"}],"curies":[{"name":"wp","href":"https:\/\/api.w.org\/{rel}","templated":true}]}}