{"id":19000,"date":"2016-02-19T14:45:31","date_gmt":"2016-02-19T13:45:31","guid":{"rendered":"https:\/\/www.harzer-wandernadel.de\/stempelcentre\/oversigtskort\/stempelpunkt-161-stephanshuette\/"},"modified":"2026-01-29T12:52:34","modified_gmt":"2026-01-29T11:52:34","slug":"stempelpunkt-161-stephanshuette","status":"publish","type":"page","link":"https:\/\/www.harzer-wandernadel.de\/da\/stempelcentre\/oversigtskort\/stempelpunkt-161-stephanshuette\/","title":{"rendered":"Stempelpunkt 161 \/ Stephansh\u00fctte"},"content":{"rendered":"\n<h2 class=\"wp-block-heading\">Stephansh\u00fctte (620&nbsp;meter over havets overflade) ligger mellem Ravensberg n\u00e6r Bad Sachsa og St\u00f6berhai over&nbsp;Wieda.<\/h2>\n\n<div class=\"wp-block-stackable-image alignwide stk-block-image stk-block stk-89e1006\" data-block-id=\"89e1006\"><style>.stk-89e1006 {margin-top:3% !important;margin-bottom:3% !important;}<\/style><figure><span class=\"stk-img-wrapper stk-image--shape-stretch stk--has-lightbox\"><img decoding=\"async\" width=\"960\" height=\"540\" src=\"https:\/\/www.harzer-wandernadel.de\/wp-content\/uploads\/2016\/02\/Stephansh\u00fctte.jpg\" class=\"attachment-full size-full wp-post-image\" alt srcset=\"https:\/\/www.harzer-wandernadel.de\/wp-content\/uploads\/2016\/02\/Stephansh\u00fctte.jpg 960w, https:\/\/www.harzer-wandernadel.de\/wp-content\/uploads\/2016\/02\/Stephansh\u00fctte-300x169.jpg 300w, https:\/\/www.harzer-wandernadel.de\/wp-content\/uploads\/2016\/02\/Stephansh\u00fctte-768x432.jpg 768w, https:\/\/www.harzer-wandernadel.de\/wp-content\/uploads\/2016\/02\/Stephansh\u00fctte-250x141.jpg 250w, https:\/\/www.harzer-wandernadel.de\/wp-content\/uploads\/2016\/02\/Stephansh\u00fctte-624x351.jpg 624w\" sizes=\"(max-width: 960px) 100vw, 960px\"><\/span><\/figure><\/div>\n\n<p>Hyt\u00adten er opkaldt efter Hein\u00adrich von Step\u00adhan (1831 \u2013 1897), der var gene\u00adral\u00adpost\u00adme\u00adster i&nbsp;det tyske kej\u00adser\u00adri\u00adge. Han var ophavs\u00admand til adskil\u00adli\u00adge for\u00adbed\u00adrin\u00adger af post\u00adsy\u00adste\u00admet, her\u00adun\u00adder opfin\u00addel\u00adsen af \u201epost\u00adkor\u00adtet\u201c. Step\u00adhan grund\u00adlag\u00adde \u201eVer\u00addens\u00adpost\u00adfor\u00ade\u00adnin\u00adgen\u201c i&nbsp;1874, som omfat\u00adte\u00adde Euro\u00adpa og sto\u00adre dele af Asi\u00aden, Afri\u00adka og Amerika.&nbsp;<\/p>\n\n<p>Hein\u00adrich von Step\u00adhan var g\u00e6st p\u00e5 Berg\u00adho\u00adtel Ravens\u00adberg i&nbsp;man\u00adge \u00e5r og n\u00f8d Harzens skove.<\/p>\n\n<div class=\"wp-block-buttons is-layout-flex wp-block-buttons-is-layout-flex\">\n<div class=\"wp-block-button\"><a class=\"wp-block-button__link wp-element-button\" href=\"https:\/\/ravensberg-baude.de\/\" target=\"_blank\" rel=\"noreferrer noopener\">Berg\u00adhof Ravensberg<\/a><\/div>\n<\/div>\n\n<p>Udgangs\u00adpunk\u00adtet er par\u00adke\u00adrings\u00adplad\u00adsen ved Drei\u00adher\u00adrenste\u00adin p\u00e5 Ravens\u00adbergstra\u00dfe. Der\u00adfra kan du n\u00e5 Step\u00adhans\u00adh\u00fct\u00adte uden st\u00f8r\u00adre stig\u00adnin\u00adger og fort\u00ads\u00e6t\u00adte van\u00addrin\u00adgen til St\u00f6\u00adber\u00adhai derfra.&nbsp;<\/p>\n","protected":false},"excerpt":{"rendered":"<p>Step\u00adhans\u00adh\u00fct\u00adte (620&nbsp;meter over havets over\u00adfla\u00adde) lig\u00adger mel\u00adlem Ravens\u00adberg n\u00e6r Bad Sachsa og St\u00f6\u00adber\u00adhai over&nbsp;Wie\u00adda. Hyt\u00adten er opkaldt efter Hein\u00adrich von Step\u00adhan (1831 \u2013 1897), der var gene\u00adral\u00adpost\u00adme\u00adster i&nbsp;det tyske kej\u00adser\u00adri\u00adge. Han var ophavs\u00admand til adskil\u00adli\u00adge for\u00adbed\u00adrin\u00adger af post\u00adsy\u00adste\u00admet, her\u00adun\u00adder opfin\u00addel\u00adsen af \u201epost\u00adkor\u00adtet\u201c. Step\u00adhan grund\u00adlag\u00adde \u201eVer\u00addens\u00adpost\u00adfor\u00ade\u00adnin\u00adgen\u201c i&nbsp;1874, som omfat\u00adte\u00adde Euro\u00adpa og sto\u00adre dele af Asi\u00aden, Afrika&nbsp;[\u2026]<\/p>\n","protected":false},"author":11,"featured_media":12025,"parent":17792,"menu_order":10161,"comment_status":"closed","ping_status":"closed","template":"","meta":{"_seopress_robots_primary_cat":"","_seopress_titles_title":"","_seopress_titles_desc":"","_seopress_robots_index":"","wp_typography_post_enhancements_disabled":false,"iawp_total_views":0,"footnotes":""},"hf_cat_page":[120],"class_list":["post-19000","page","type-page","status-publish","has-post-thumbnail"],"blocksy_meta":[],"_links":{"self":[{"href":"https:\/\/www.harzer-wandernadel.de\/da\/wp-json\/wp\/v2\/pages\/19000","targetHints":{"allow":["GET"]}}],"collection":[{"href":"https:\/\/www.harzer-wandernadel.de\/da\/wp-json\/wp\/v2\/pages"}],"about":[{"href":"https:\/\/www.harzer-wandernadel.de\/da\/wp-json\/wp\/v2\/types\/page"}],"author":[{"embeddable":true,"href":"https:\/\/www.harzer-wandernadel.de\/da\/wp-json\/wp\/v2\/users\/11"}],"replies":[{"embeddable":true,"href":"https:\/\/www.harzer-wandernadel.de\/da\/wp-json\/wp\/v2\/comments?post=19000"}],"version-history":[{"count":1,"href":"https:\/\/www.harzer-wandernadel.de\/da\/wp-json\/wp\/v2\/pages\/19000\/revisions"}],"predecessor-version":[{"id":19004,"href":"https:\/\/www.harzer-wandernadel.de\/da\/wp-json\/wp\/v2\/pages\/19000\/revisions\/19004"}],"up":[{"embeddable":true,"href":"https:\/\/www.harzer-wandernadel.de\/da\/wp-json\/wp\/v2\/pages\/17792"}],"wp:featuredmedia":[{"embeddable":true,"href":"https:\/\/www.harzer-wandernadel.de\/da\/wp-json\/wp\/v2\/media\/12025"}],"wp:attachment":[{"href":"https:\/\/www.harzer-wandernadel.de\/da\/wp-json\/wp\/v2\/media?parent=19000"}],"wp:term":[{"taxonomy":"hf_cat_page","embeddable":true,"href":"https:\/\/www.harzer-wandernadel.de\/da\/wp-json\/wp\/v2\/hf_cat_page?post=19000"}],"curies":[{"name":"wp","href":"https:\/\/api.w.org\/{rel}","templated":true}]}}