{"id":18987,"date":"2016-02-19T14:46:05","date_gmt":"2016-02-19T13:46:05","guid":{"rendered":"https:\/\/www.harzer-wandernadel.de\/stempelcentre\/oversigtskort\/stempelpunkt-162-kreuztalsklippe\/"},"modified":"2026-01-29T12:52:34","modified_gmt":"2026-01-29T11:52:34","slug":"stempelpunkt-162-kreuztalsklippe","status":"publish","type":"page","link":"https:\/\/www.harzer-wandernadel.de\/da\/stempelcentre\/oversigtskort\/stempelpunkt-162-kreuztalsklippe\/","title":{"rendered":"Stempelpunkt 162 \/ Kreuztalsklippe"},"content":{"rendered":"\n<h2 class=\"wp-block-heading\">Kreuztalsklippe er en klippeformation med et udsigtspunkt nord\u00f8st for det klimatiske kursted Wieda og til venstre for den lille flod&nbsp;Wieda.<\/h2>\n\n<div class=\"wp-block-stackable-image alignwide stk-block-image stk-block stk-89e1006\" data-block-id=\"89e1006\"><style>.stk-89e1006 {margin-top:3% !important;margin-bottom:3% !important;}<\/style><figure><span class=\"stk-img-wrapper stk-image--shape-stretch stk--has-lightbox\"><img decoding=\"async\" width=\"5376\" height=\"3024\" src=\"https:\/\/www.harzer-wandernadel.de\/wp-content\/uploads\/2016\/02\/HWN-Kreuztalsklippe.jpg\" class=\"attachment-full size-full wp-post-image\" alt srcset=\"https:\/\/www.harzer-wandernadel.de\/wp-content\/uploads\/2016\/02\/HWN-Kreuztalsklippe.jpg 5376w, https:\/\/www.harzer-wandernadel.de\/wp-content\/uploads\/2016\/02\/HWN-Kreuztalsklippe-300x169.jpg 300w, https:\/\/www.harzer-wandernadel.de\/wp-content\/uploads\/2016\/02\/HWN-Kreuztalsklippe-768x432.jpg 768w, https:\/\/www.harzer-wandernadel.de\/wp-content\/uploads\/2016\/02\/HWN-Kreuztalsklippe-1024x576.jpg 1024w, https:\/\/www.harzer-wandernadel.de\/wp-content\/uploads\/2016\/02\/HWN-Kreuztalsklippe-250x141.jpg 250w, https:\/\/www.harzer-wandernadel.de\/wp-content\/uploads\/2016\/02\/HWN-Kreuztalsklippe-624x351.jpg 624w\" sizes=\"(max-width: 5376px) 100vw, 5376px\"><\/span><\/figure><\/div>\n\n<p>Fra udsigts\u00adpunk\u00adtet kan du nyde en male\u00adrisk udsigt over Oberwie\u00adda og K\u00e4se\u00adberg med klok\u00adket\u00e5r\u00adnet, Kni\u00adck\u00ading og Zachariaskopf.<\/p>\n\n<p>I 1127 blev Wie\u00adda f\u00f8r\u00adste gang n\u00e6vnt som et smel\u00adte\u00adv\u00e6rk, der til\u00adh\u00f8r\u00adte kloste\u00adret Wal\u00adken\u00adri\u00aded, men ikke som en lands\u00adby. Efter ned\u00adk\u00e6m\u00adpel\u00adsen af bon\u00adde\u00adop\u00adstan\u00adden i&nbsp;1525 flyt\u00adte\u00adde opr\u00f8r\u00adske b\u00f8n\u00adder fra Th\u00fcrin\u00adgen til Harzen, hvor fri\u00adhe\u00adden i&nbsp;bjer\u00adge\u00adne garan\u00adte\u00adre\u00adde dem per\u00adson\u00adlig sik\u00adker\u00adhed.<br>Det f\u00f8r\u00adste bevis p\u00e5 et jerns\u00admel\u00adte\u00adv\u00e6rk i&nbsp;Wie\u00adda g\u00e5r til\u00adba\u00adge til 1562, hvis betyd\u00adning er t\u00e6t for\u00adbun\u00addet med udvin\u00addin\u00adgen af jer\u00adn\u00admalm fra Kir\u00adch\u00adberg-venen i&nbsp;Kasten\u00adtal-dalen. I&nbsp;begyn\u00addel\u00adsen af det 17. \u00e5rhund\u00adre\u00adde blev den den\u00adgang h\u00f8je\u00adste h\u00f8jovn i&nbsp;Brauns\u00adchweig-Blan\u00adken\u00adburg Harz-regio\u00adnen opf\u00f8rt med en h\u00f8j\u00adde p\u00e5 6,84&nbsp;meter.&nbsp;<\/p>\n\n<p>Den nuv\u00e6\u00adren\u00adde kir\u00adke blev ind\u00advi\u00adet i&nbsp;1778, og p\u00e5 sam\u00adme tid blev det frit\u00adst\u00e5\u00aden\u00adde klok\u00adket\u00e5rn opf\u00f8rt p\u00e5 K\u00e4se\u00adberg over\u00adfor, s\u00e5 klok\u00adker\u00adne kun\u00adne h\u00f8res i&nbsp;hele dalen.<\/p>\n\n<p>I det 19. \u00e5rhund\u00adre\u00adde emi\u00adgre\u00adre\u00adde man\u00adge men\u00adne\u00adsker fra Wie\u00adda til Ame\u00adri\u00adka, hvil\u00adket f\u00f8r\u00adte til, at h\u00f8jov\u00adnen, som var ble\u00advet renove\u00adret i&nbsp;mel\u00adlem\u00adti\u00adden, blev revet ned i&nbsp;1863. Arbej\u00adder\u00adne hjalp sig selv og drev et smel\u00adte\u00adv\u00e6rk som et pro\u00adduk\u00adtions\u00adkoo\u00adpe\u00adra\u00adtiv, som blev ber\u00f8mt for de Wie\u00adda-ovne, der blev byg\u00adget her, men som blev opl\u00f8st i&nbsp;1972.&nbsp;<\/p>\n\n<p>Wie\u00adda\u00ader H\u00fct\u00adte br\u00e6nd\u00adte n\u00e6sten helt ned i&nbsp;en stor brand den 23. juli 1973 og blev omdan\u00adnet til en kur\u00adpark med en ten\u00adnis\u00adhal fra&nbsp;1975.<\/p>\n\n<p>\u201eWie\u00adda Nati\u00advi\u00adty Sce\u00adne Christ\u00admas\u201c med utal\u00adli\u00adge jule\u00adtr\u00e6\u00ader og adskil\u00adli\u00adge kryb\u00adbe\u00adspils\u00adsta\u00adtio\u00adner invi\u00adte\u00adrer bes\u00f8\u00adgen\u00adde til \u201eNati\u00advi\u00adty Sce\u00adne Vil\u00adla\u00adge\u201c i&nbsp;alle fire adventsweekender.<\/p>\n\n<p>Fra Mit\u00adtelwie\u00adda kan du n\u00e5 Kreuztals\u00adklip\u00adpe fra bus\u00adstop\u00adpe\u00adste\u00addet via den afm\u00e6r\u00adke\u00adde vandresti.<\/p>\n","protected":false},"excerpt":{"rendered":"<p>Kreuztals\u00adklip\u00adpe er en klip\u00adpe\u00adfor\u00adma\u00adtion med et udsigts\u00adpunkt nor\u00add\u00f8st for det kli\u00adma\u00adti\u00adske kur\u00adsted Wie\u00adda og til ven\u00adstre for den lil\u00adle flod&nbsp;Wie\u00adda. Fra udsigts\u00adpunk\u00adtet kan du nyde en male\u00adrisk udsigt over Oberwie\u00adda og K\u00e4se\u00adberg med klok\u00adket\u00e5r\u00adnet, Kni\u00adck\u00ading og Zacha\u00adri\u00ada\u00adskopf. I&nbsp;1127 blev Wie\u00adda f\u00f8r\u00adste gang n\u00e6vnt som et smel\u00adte\u00adv\u00e6rk, der til\u00adh\u00f8r\u00adte kloste\u00adret Wal\u00adken\u00adri\u00aded, men ikke som&nbsp;en&nbsp;[\u2026]<\/p>\n","protected":false},"author":11,"featured_media":12028,"parent":17792,"menu_order":10162,"comment_status":"closed","ping_status":"closed","template":"","meta":{"_seopress_robots_primary_cat":"","_seopress_titles_title":"","_seopress_titles_desc":"","_seopress_robots_index":"","wp_typography_post_enhancements_disabled":false,"iawp_total_views":0,"footnotes":""},"hf_cat_page":[120],"class_list":["post-18987","page","type-page","status-publish","has-post-thumbnail"],"blocksy_meta":[],"_links":{"self":[{"href":"https:\/\/www.harzer-wandernadel.de\/da\/wp-json\/wp\/v2\/pages\/18987","targetHints":{"allow":["GET"]}}],"collection":[{"href":"https:\/\/www.harzer-wandernadel.de\/da\/wp-json\/wp\/v2\/pages"}],"about":[{"href":"https:\/\/www.harzer-wandernadel.de\/da\/wp-json\/wp\/v2\/types\/page"}],"author":[{"embeddable":true,"href":"https:\/\/www.harzer-wandernadel.de\/da\/wp-json\/wp\/v2\/users\/11"}],"replies":[{"embeddable":true,"href":"https:\/\/www.harzer-wandernadel.de\/da\/wp-json\/wp\/v2\/comments?post=18987"}],"version-history":[{"count":1,"href":"https:\/\/www.harzer-wandernadel.de\/da\/wp-json\/wp\/v2\/pages\/18987\/revisions"}],"predecessor-version":[{"id":18989,"href":"https:\/\/www.harzer-wandernadel.de\/da\/wp-json\/wp\/v2\/pages\/18987\/revisions\/18989"}],"up":[{"embeddable":true,"href":"https:\/\/www.harzer-wandernadel.de\/da\/wp-json\/wp\/v2\/pages\/17792"}],"wp:featuredmedia":[{"embeddable":true,"href":"https:\/\/www.harzer-wandernadel.de\/da\/wp-json\/wp\/v2\/media\/12028"}],"wp:attachment":[{"href":"https:\/\/www.harzer-wandernadel.de\/da\/wp-json\/wp\/v2\/media?parent=18987"}],"wp:term":[{"taxonomy":"hf_cat_page","embeddable":true,"href":"https:\/\/www.harzer-wandernadel.de\/da\/wp-json\/wp\/v2\/hf_cat_page?post=18987"}],"curies":[{"name":"wp","href":"https:\/\/api.w.org\/{rel}","templated":true}]}}